{"id":2903,"date":"2023-06-19T09:35:33","date_gmt":"2023-06-19T09:35:33","guid":{"rendered":"https:\/\/itc.foxdeveloper.org\/product\/delta\/"},"modified":"2023-06-19T09:35:33","modified_gmt":"2023-06-19T09:35:33","slug":"delta","status":"publish","type":"product","link":"https:\/\/itc.foxdeveloper.org\/fr\/produit\/delta\/","title":{"rendered":"Delta"},"content":{"rendered":"<p>D\u00e9couvrez la beaut\u00e9 captivante de Delta, un chef-d&rsquo;\u0153uvre tiss\u00e9 \u00e0 la main en 91 % PP et 9 % polyester. Avec son apparence forte et ses lignes incorpor\u00e9es, ce tapis domestique lourd respire l&rsquo;\u00e9l\u00e9gance. Disponible dans des tailles de tapis standard et sur mesure jusqu&rsquo;\u00e0 une largeur maximale de 400 cm, Delta offre une grande polyvalence. Rehaussez votre escalier avec l&rsquo;allure enchanteresse de Delta, qui est \u00e9galement disponible pour les rev\u00eatements d&rsquo;escalier. Lib\u00e9rez l&rsquo;allure intemporelle de Delta et transformez votre espace gr\u00e2ce \u00e0 sa pr\u00e9sence captivante. Delta est \u00e9galement disponible avec un rev\u00eatement en gel qui convient parfaitement pour l&rsquo;ext\u00e9rieur.<\/p>\n","protected":false},"excerpt":{"rendered":"<p>D\u00e9couvrez la beaut\u00e9 captivante de Delta, un chef-d&rsquo;\u0153uvre tiss\u00e9 \u00e0 la main en 91 % PP et 9 % polyester. Avec son apparence forte et ses lignes incorpor\u00e9es, ce tapis domestique lourd respire l&rsquo;\u00e9l\u00e9gance. Disponible dans des tailles de tapis standard et sur mesure jusqu&rsquo;\u00e0 une largeur maximale de 400 cm, Delta offre une grande [&hellip;]<\/p>\n","protected":false},"featured_media":0,"template":"","meta":{"_acf_changed":false},"product_cat":[407],"product_tag":[],"acf":[],"yoast_head":"<!-- This site is optimized with the Yoast SEO plugin v22.5 - https:\/\/yoast.com\/wordpress\/plugins\/seo\/ -->\n<title>Delta - ITC<\/title>\n<meta name=\"robots\" content=\"index, follow, max-snippet:-1, max-image-preview:large, max-video-preview:-1\" \/>\n<link rel=\"canonical\" href=\"https:\/\/itc.foxdeveloper.org\/fr\/produit\/delta\/\" \/>\n<meta property=\"og:locale\" content=\"fr_FR\" \/>\n<meta property=\"og:type\" content=\"article\" \/>\n<meta property=\"og:title\" content=\"Delta - ITC\" \/>\n<meta property=\"og:description\" content=\"D\u00e9couvrez la beaut\u00e9 captivante de Delta, un chef-d&rsquo;\u0153uvre tiss\u00e9 \u00e0 la main en 91 % PP et 9 % polyester. Avec son apparence forte et ses lignes incorpor\u00e9es, ce tapis domestique lourd respire l&rsquo;\u00e9l\u00e9gance. Disponible dans des tailles de tapis standard et sur mesure jusqu&rsquo;\u00e0 une largeur maximale de 400 cm, Delta offre une grande [&hellip;]\" \/>\n<meta property=\"og:url\" content=\"https:\/\/itc.foxdeveloper.org\/fr\/produit\/delta\/\" \/>\n<meta property=\"og:site_name\" content=\"ITC\" \/>\n<meta name=\"twitter:card\" content=\"summary_large_image\" \/>\n<meta name=\"twitter:label1\" content=\"Est. reading time\" \/>\n\t<meta name=\"twitter:data1\" content=\"1 minute\" \/>\n<script type=\"application\/ld+json\" class=\"yoast-schema-graph\">{\"@context\":\"https:\/\/schema.org\",\"@graph\":[{\"@type\":\"WebPage\",\"@id\":\"https:\/\/itc.foxdeveloper.org\/fr\/produit\/delta\/\",\"url\":\"https:\/\/itc.foxdeveloper.org\/fr\/produit\/delta\/\",\"name\":\"Delta - ITC\",\"isPartOf\":{\"@id\":\"https:\/\/itc.foxdeveloper.org\/fr\/#website\"},\"datePublished\":\"2023-06-19T09:35:33+00:00\",\"dateModified\":\"2023-06-19T09:35:33+00:00\",\"breadcrumb\":{\"@id\":\"https:\/\/itc.foxdeveloper.org\/fr\/produit\/delta\/#breadcrumb\"},\"inLanguage\":\"fr-FR\",\"potentialAction\":[{\"@type\":\"ReadAction\",\"target\":[\"https:\/\/itc.foxdeveloper.org\/fr\/produit\/delta\/\"]}]},{\"@type\":\"BreadcrumbList\",\"@id\":\"https:\/\/itc.foxdeveloper.org\/fr\/produit\/delta\/#breadcrumb\",\"itemListElement\":[{\"@type\":\"ListItem\",\"position\":1,\"name\":\"Home\",\"item\":\"https:\/\/itc.foxdeveloper.org\/fr\/accueil\/\"},{\"@type\":\"ListItem\",\"position\":2,\"name\":\"Tous les produits\",\"item\":\"https:\/\/itc.foxdeveloper.org\/tous-les-produits\/\"},{\"@type\":\"ListItem\",\"position\":3,\"name\":\"Delta\"}]},{\"@type\":\"WebSite\",\"@id\":\"https:\/\/itc.foxdeveloper.org\/fr\/#website\",\"url\":\"https:\/\/itc.foxdeveloper.org\/fr\/\",\"name\":\"ITC\",\"description\":\"\",\"potentialAction\":[{\"@type\":\"SearchAction\",\"target\":{\"@type\":\"EntryPoint\",\"urlTemplate\":\"https:\/\/itc.foxdeveloper.org\/fr\/?s={search_term_string}\"},\"query-input\":\"required name=search_term_string\"}],\"inLanguage\":\"fr-FR\"}]}<\/script>\n<!-- \/ Yoast SEO plugin. -->","yoast_head_json":{"title":"Delta - ITC","robots":{"index":"index","follow":"follow","max-snippet":"max-snippet:-1","max-image-preview":"max-image-preview:large","max-video-preview":"max-video-preview:-1"},"canonical":"https:\/\/itc.foxdeveloper.org\/fr\/produit\/delta\/","og_locale":"fr_FR","og_type":"article","og_title":"Delta - ITC","og_description":"D\u00e9couvrez la beaut\u00e9 captivante de Delta, un chef-d&rsquo;\u0153uvre tiss\u00e9 \u00e0 la main en 91 % PP et 9 % polyester. Avec son apparence forte et ses lignes incorpor\u00e9es, ce tapis domestique lourd respire l&rsquo;\u00e9l\u00e9gance. Disponible dans des tailles de tapis standard et sur mesure jusqu&rsquo;\u00e0 une largeur maximale de 400 cm, Delta offre une grande [&hellip;]","og_url":"https:\/\/itc.foxdeveloper.org\/fr\/produit\/delta\/","og_site_name":"ITC","twitter_card":"summary_large_image","twitter_misc":{"Est. reading time":"1 minute"},"schema":{"@context":"https:\/\/schema.org","@graph":[{"@type":"WebPage","@id":"https:\/\/itc.foxdeveloper.org\/fr\/produit\/delta\/","url":"https:\/\/itc.foxdeveloper.org\/fr\/produit\/delta\/","name":"Delta - ITC","isPartOf":{"@id":"https:\/\/itc.foxdeveloper.org\/fr\/#website"},"datePublished":"2023-06-19T09:35:33+00:00","dateModified":"2023-06-19T09:35:33+00:00","breadcrumb":{"@id":"https:\/\/itc.foxdeveloper.org\/fr\/produit\/delta\/#breadcrumb"},"inLanguage":"fr-FR","potentialAction":[{"@type":"ReadAction","target":["https:\/\/itc.foxdeveloper.org\/fr\/produit\/delta\/"]}]},{"@type":"BreadcrumbList","@id":"https:\/\/itc.foxdeveloper.org\/fr\/produit\/delta\/#breadcrumb","itemListElement":[{"@type":"ListItem","position":1,"name":"Home","item":"https:\/\/itc.foxdeveloper.org\/fr\/accueil\/"},{"@type":"ListItem","position":2,"name":"Tous les produits","item":"https:\/\/itc.foxdeveloper.org\/tous-les-produits\/"},{"@type":"ListItem","position":3,"name":"Delta"}]},{"@type":"WebSite","@id":"https:\/\/itc.foxdeveloper.org\/fr\/#website","url":"https:\/\/itc.foxdeveloper.org\/fr\/","name":"ITC","description":"","potentialAction":[{"@type":"SearchAction","target":{"@type":"EntryPoint","urlTemplate":"https:\/\/itc.foxdeveloper.org\/fr\/?s={search_term_string}"},"query-input":"required name=search_term_string"}],"inLanguage":"fr-FR"}]}},"_links":{"self":[{"href":"https:\/\/itc.foxdeveloper.org\/fr\/wp-json\/wp\/v2\/product\/2903"}],"collection":[{"href":"https:\/\/itc.foxdeveloper.org\/fr\/wp-json\/wp\/v2\/product"}],"about":[{"href":"https:\/\/itc.foxdeveloper.org\/fr\/wp-json\/wp\/v2\/types\/product"}],"wp:attachment":[{"href":"https:\/\/itc.foxdeveloper.org\/fr\/wp-json\/wp\/v2\/media?parent=2903"}],"wp:term":[{"taxonomy":"product_cat","embeddable":true,"href":"https:\/\/itc.foxdeveloper.org\/fr\/wp-json\/wp\/v2\/product_cat?post=2903"},{"taxonomy":"product_tag","embeddable":true,"href":"https:\/\/itc.foxdeveloper.org\/fr\/wp-json\/wp\/v2\/product_tag?post=2903"}],"curies":[{"name":"wp","href":"https:\/\/api.w.org\/{rel}","templated":true}]}}