{"id":2847,"date":"2023-06-26T13:17:54","date_gmt":"2023-06-26T13:17:54","guid":{"rendered":"https:\/\/itc.foxdeveloper.org\/product\/ombre\/"},"modified":"2024-02-19T08:36:30","modified_gmt":"2024-02-19T08:36:30","slug":"ombre","status":"publish","type":"product","link":"https:\/\/itc.foxdeveloper.org\/fr\/produit\/ombre\/","title":{"rendered":"Ombre"},"content":{"rendered":"<p>D\u00e9couvrez Shadow, notre collection exceptionnelle de tapis d&rsquo;expression qui vous laissera bouche b\u00e9e. M\u00e9ticuleusement confectionn\u00e9 avec un art exquis, chaque tapis de la collection Shadow pr\u00e9sente des motifs ombr\u00e9s aux tons gradu\u00e9s, ajoutant une touche captivante \u00e0 votre espace. Fabriqu\u00e9s \u00e0 partir d&rsquo;un luxueux m\u00e9lange de viscose et de laine, ces tapis offrent une combinaison parfaite de douceur et de durabilit\u00e9. Gr\u00e2ce \u00e0 leur qualit\u00e9 de fabrication exceptionnelle et \u00e0 leur design unique, les tapis Shadow cr\u00e9ent un point de mire remarquable dans n&rsquo;importe quelle pi\u00e8ce, mettant en valeur votre go\u00fbt et votre style irr\u00e9prochables. Rehaussez votre int\u00e9rieur avec la beaut\u00e9 et la sophistication in\u00e9gal\u00e9es de la collection Shadow, et laissez vos sols s&rsquo;imposer.<\/p>\n","protected":false},"excerpt":{"rendered":"<p>D\u00e9couvrez Shadow, notre collection exceptionnelle de tapis d&rsquo;expression qui vous laissera bouche b\u00e9e. M\u00e9ticuleusement confectionn\u00e9 avec un art exquis, chaque tapis de la collection Shadow pr\u00e9sente des motifs ombr\u00e9s aux tons gradu\u00e9s, ajoutant une touche captivante \u00e0 votre espace. Fabriqu\u00e9s \u00e0 partir d&rsquo;un luxueux m\u00e9lange de viscose et de laine, ces tapis offrent une combinaison [&hellip;]<\/p>\n","protected":false},"featured_media":0,"template":"","meta":{"_acf_changed":false},"product_cat":[555],"product_tag":[],"acf":[],"yoast_head":"<!-- This site is optimized with the Yoast SEO plugin v22.5 - https:\/\/yoast.com\/wordpress\/plugins\/seo\/ -->\n<title>Ombre - ITC<\/title>\n<meta name=\"robots\" content=\"index, follow, max-snippet:-1, max-image-preview:large, max-video-preview:-1\" \/>\n<link rel=\"canonical\" href=\"https:\/\/itc.foxdeveloper.org\/fr\/produit\/ombre\/\" \/>\n<meta property=\"og:locale\" content=\"fr_FR\" \/>\n<meta property=\"og:type\" content=\"article\" \/>\n<meta property=\"og:title\" content=\"Ombre - ITC\" \/>\n<meta property=\"og:description\" content=\"D\u00e9couvrez Shadow, notre collection exceptionnelle de tapis d&rsquo;expression qui vous laissera bouche b\u00e9e. M\u00e9ticuleusement confectionn\u00e9 avec un art exquis, chaque tapis de la collection Shadow pr\u00e9sente des motifs ombr\u00e9s aux tons gradu\u00e9s, ajoutant une touche captivante \u00e0 votre espace. Fabriqu\u00e9s \u00e0 partir d&rsquo;un luxueux m\u00e9lange de viscose et de laine, ces tapis offrent une combinaison [&hellip;]\" \/>\n<meta property=\"og:url\" content=\"https:\/\/itc.foxdeveloper.org\/fr\/produit\/ombre\/\" \/>\n<meta property=\"og:site_name\" content=\"ITC\" \/>\n<meta property=\"article:modified_time\" content=\"2024-02-19T08:36:30+00:00\" \/>\n<meta name=\"twitter:card\" content=\"summary_large_image\" \/>\n<meta name=\"twitter:label1\" content=\"Est. reading time\" \/>\n\t<meta name=\"twitter:data1\" content=\"1 minute\" \/>\n<script type=\"application\/ld+json\" class=\"yoast-schema-graph\">{\"@context\":\"https:\/\/schema.org\",\"@graph\":[{\"@type\":\"WebPage\",\"@id\":\"https:\/\/itc.foxdeveloper.org\/fr\/produit\/ombre\/\",\"url\":\"https:\/\/itc.foxdeveloper.org\/fr\/produit\/ombre\/\",\"name\":\"Ombre - ITC\",\"isPartOf\":{\"@id\":\"https:\/\/itc.foxdeveloper.org\/fr\/#website\"},\"datePublished\":\"2023-06-26T13:17:54+00:00\",\"dateModified\":\"2024-02-19T08:36:30+00:00\",\"breadcrumb\":{\"@id\":\"https:\/\/itc.foxdeveloper.org\/fr\/produit\/ombre\/#breadcrumb\"},\"inLanguage\":\"fr-FR\",\"potentialAction\":[{\"@type\":\"ReadAction\",\"target\":[\"https:\/\/itc.foxdeveloper.org\/fr\/produit\/ombre\/\"]}]},{\"@type\":\"BreadcrumbList\",\"@id\":\"https:\/\/itc.foxdeveloper.org\/fr\/produit\/ombre\/#breadcrumb\",\"itemListElement\":[{\"@type\":\"ListItem\",\"position\":1,\"name\":\"Home\",\"item\":\"https:\/\/itc.foxdeveloper.org\/fr\/accueil\/\"},{\"@type\":\"ListItem\",\"position\":2,\"name\":\"Tous les produits\",\"item\":\"https:\/\/itc.foxdeveloper.org\/tous-les-produits\/\"},{\"@type\":\"ListItem\",\"position\":3,\"name\":\"Tapis de sol\",\"item\":\"https:\/\/itc.foxdeveloper.org\/fr\/categorie-produit\/tapis-de-sol\/\"},{\"@type\":\"ListItem\",\"position\":4,\"name\":\"Ombre\"}]},{\"@type\":\"WebSite\",\"@id\":\"https:\/\/itc.foxdeveloper.org\/fr\/#website\",\"url\":\"https:\/\/itc.foxdeveloper.org\/fr\/\",\"name\":\"ITC\",\"description\":\"\",\"potentialAction\":[{\"@type\":\"SearchAction\",\"target\":{\"@type\":\"EntryPoint\",\"urlTemplate\":\"https:\/\/itc.foxdeveloper.org\/fr\/?s={search_term_string}\"},\"query-input\":\"required name=search_term_string\"}],\"inLanguage\":\"fr-FR\"}]}<\/script>\n<!-- \/ Yoast SEO plugin. -->","yoast_head_json":{"title":"Ombre - ITC","robots":{"index":"index","follow":"follow","max-snippet":"max-snippet:-1","max-image-preview":"max-image-preview:large","max-video-preview":"max-video-preview:-1"},"canonical":"https:\/\/itc.foxdeveloper.org\/fr\/produit\/ombre\/","og_locale":"fr_FR","og_type":"article","og_title":"Ombre - ITC","og_description":"D\u00e9couvrez Shadow, notre collection exceptionnelle de tapis d&rsquo;expression qui vous laissera bouche b\u00e9e. M\u00e9ticuleusement confectionn\u00e9 avec un art exquis, chaque tapis de la collection Shadow pr\u00e9sente des motifs ombr\u00e9s aux tons gradu\u00e9s, ajoutant une touche captivante \u00e0 votre espace. Fabriqu\u00e9s \u00e0 partir d&rsquo;un luxueux m\u00e9lange de viscose et de laine, ces tapis offrent une combinaison [&hellip;]","og_url":"https:\/\/itc.foxdeveloper.org\/fr\/produit\/ombre\/","og_site_name":"ITC","article_modified_time":"2024-02-19T08:36:30+00:00","twitter_card":"summary_large_image","twitter_misc":{"Est. reading time":"1 minute"},"schema":{"@context":"https:\/\/schema.org","@graph":[{"@type":"WebPage","@id":"https:\/\/itc.foxdeveloper.org\/fr\/produit\/ombre\/","url":"https:\/\/itc.foxdeveloper.org\/fr\/produit\/ombre\/","name":"Ombre - ITC","isPartOf":{"@id":"https:\/\/itc.foxdeveloper.org\/fr\/#website"},"datePublished":"2023-06-26T13:17:54+00:00","dateModified":"2024-02-19T08:36:30+00:00","breadcrumb":{"@id":"https:\/\/itc.foxdeveloper.org\/fr\/produit\/ombre\/#breadcrumb"},"inLanguage":"fr-FR","potentialAction":[{"@type":"ReadAction","target":["https:\/\/itc.foxdeveloper.org\/fr\/produit\/ombre\/"]}]},{"@type":"BreadcrumbList","@id":"https:\/\/itc.foxdeveloper.org\/fr\/produit\/ombre\/#breadcrumb","itemListElement":[{"@type":"ListItem","position":1,"name":"Home","item":"https:\/\/itc.foxdeveloper.org\/fr\/accueil\/"},{"@type":"ListItem","position":2,"name":"Tous les produits","item":"https:\/\/itc.foxdeveloper.org\/tous-les-produits\/"},{"@type":"ListItem","position":3,"name":"Tapis de sol","item":"https:\/\/itc.foxdeveloper.org\/fr\/categorie-produit\/tapis-de-sol\/"},{"@type":"ListItem","position":4,"name":"Ombre"}]},{"@type":"WebSite","@id":"https:\/\/itc.foxdeveloper.org\/fr\/#website","url":"https:\/\/itc.foxdeveloper.org\/fr\/","name":"ITC","description":"","potentialAction":[{"@type":"SearchAction","target":{"@type":"EntryPoint","urlTemplate":"https:\/\/itc.foxdeveloper.org\/fr\/?s={search_term_string}"},"query-input":"required name=search_term_string"}],"inLanguage":"fr-FR"}]}},"_links":{"self":[{"href":"https:\/\/itc.foxdeveloper.org\/fr\/wp-json\/wp\/v2\/product\/2847"}],"collection":[{"href":"https:\/\/itc.foxdeveloper.org\/fr\/wp-json\/wp\/v2\/product"}],"about":[{"href":"https:\/\/itc.foxdeveloper.org\/fr\/wp-json\/wp\/v2\/types\/product"}],"wp:attachment":[{"href":"https:\/\/itc.foxdeveloper.org\/fr\/wp-json\/wp\/v2\/media?parent=2847"}],"wp:term":[{"taxonomy":"product_cat","embeddable":true,"href":"https:\/\/itc.foxdeveloper.org\/fr\/wp-json\/wp\/v2\/product_cat?post=2847"},{"taxonomy":"product_tag","embeddable":true,"href":"https:\/\/itc.foxdeveloper.org\/fr\/wp-json\/wp\/v2\/product_tag?post=2847"}],"curies":[{"name":"wp","href":"https:\/\/api.w.org\/{rel}","templated":true}]}}