{"id":2845,"date":"2023-06-19T09:40:37","date_gmt":"2023-06-19T09:40:37","guid":{"rendered":"https:\/\/itc.foxdeveloper.org\/product\/lima\/"},"modified":"2024-02-19T08:36:28","modified_gmt":"2024-02-19T08:36:28","slug":"lima","status":"publish","type":"product","link":"https:\/\/itc.foxdeveloper.org\/fr\/produit\/lima\/","title":{"rendered":"Lima"},"content":{"rendered":"<p>Lima offre praticit\u00e9 et style avec une finition en ruban coordonn\u00e9. Fabriqu\u00e9 \u00e0 partir d&rsquo;une composition tiss\u00e9e \u00e0 plat et d&rsquo;un velours 100 % jute, Lima pr\u00e9sente une faible hauteur de poils d&rsquo;environ 2 mm et une \u00e9paisseur totale d&rsquo;environ 4 mm. Avec une classification domestique lourde et commerciale g\u00e9n\u00e9rale, Lima offre durabilit\u00e9 et performance. Profitez des propri\u00e9t\u00e9s antistatiques et du support en feutre de Lima, adapt\u00e9 aux escaliers et personnalisable selon vos besoins.<\/p>\n","protected":false},"excerpt":{"rendered":"<p>Lima offre praticit\u00e9 et style avec une finition en ruban coordonn\u00e9. Fabriqu\u00e9 \u00e0 partir d&rsquo;une composition tiss\u00e9e \u00e0 plat et d&rsquo;un velours 100 % jute, Lima pr\u00e9sente une faible hauteur de poils d&rsquo;environ 2 mm et une \u00e9paisseur totale d&rsquo;environ 4 mm. Avec une classification domestique lourde et commerciale g\u00e9n\u00e9rale, Lima offre durabilit\u00e9 et performance. [&hellip;]<\/p>\n","protected":false},"featured_media":0,"template":"","meta":{"_acf_changed":false},"product_cat":[407],"product_tag":[],"acf":[],"yoast_head":"<!-- This site is optimized with the Yoast SEO plugin v22.5 - https:\/\/yoast.com\/wordpress\/plugins\/seo\/ -->\n<title>Lima - ITC<\/title>\n<meta name=\"robots\" content=\"index, follow, max-snippet:-1, max-image-preview:large, max-video-preview:-1\" \/>\n<link rel=\"canonical\" href=\"https:\/\/itc.foxdeveloper.org\/fr\/produit\/lima\/\" \/>\n<meta property=\"og:locale\" content=\"fr_FR\" \/>\n<meta property=\"og:type\" content=\"article\" \/>\n<meta property=\"og:title\" content=\"Lima - ITC\" \/>\n<meta property=\"og:description\" content=\"Lima offre praticit\u00e9 et style avec une finition en ruban coordonn\u00e9. Fabriqu\u00e9 \u00e0 partir d&rsquo;une composition tiss\u00e9e \u00e0 plat et d&rsquo;un velours 100 % jute, Lima pr\u00e9sente une faible hauteur de poils d&rsquo;environ 2 mm et une \u00e9paisseur totale d&rsquo;environ 4 mm. Avec une classification domestique lourde et commerciale g\u00e9n\u00e9rale, Lima offre durabilit\u00e9 et performance. [&hellip;]\" \/>\n<meta property=\"og:url\" content=\"https:\/\/itc.foxdeveloper.org\/fr\/produit\/lima\/\" \/>\n<meta property=\"og:site_name\" content=\"ITC\" \/>\n<meta property=\"article:modified_time\" content=\"2024-02-19T08:36:28+00:00\" \/>\n<meta name=\"twitter:card\" content=\"summary_large_image\" \/>\n<script type=\"application\/ld+json\" class=\"yoast-schema-graph\">{\"@context\":\"https:\/\/schema.org\",\"@graph\":[{\"@type\":\"WebPage\",\"@id\":\"https:\/\/itc.foxdeveloper.org\/fr\/produit\/lima\/\",\"url\":\"https:\/\/itc.foxdeveloper.org\/fr\/produit\/lima\/\",\"name\":\"Lima - ITC\",\"isPartOf\":{\"@id\":\"https:\/\/itc.foxdeveloper.org\/fr\/#website\"},\"datePublished\":\"2023-06-19T09:40:37+00:00\",\"dateModified\":\"2024-02-19T08:36:28+00:00\",\"breadcrumb\":{\"@id\":\"https:\/\/itc.foxdeveloper.org\/fr\/produit\/lima\/#breadcrumb\"},\"inLanguage\":\"fr-FR\",\"potentialAction\":[{\"@type\":\"ReadAction\",\"target\":[\"https:\/\/itc.foxdeveloper.org\/fr\/produit\/lima\/\"]}]},{\"@type\":\"BreadcrumbList\",\"@id\":\"https:\/\/itc.foxdeveloper.org\/fr\/produit\/lima\/#breadcrumb\",\"itemListElement\":[{\"@type\":\"ListItem\",\"position\":1,\"name\":\"Home\",\"item\":\"https:\/\/itc.foxdeveloper.org\/fr\/accueil\/\"},{\"@type\":\"ListItem\",\"position\":2,\"name\":\"Tous les produits\",\"item\":\"https:\/\/itc.foxdeveloper.org\/tous-les-produits\/\"},{\"@type\":\"ListItem\",\"position\":3,\"name\":\"Lame de fond\",\"item\":\"https:\/\/itc.foxdeveloper.org\/fr\/categorie-produit\/lame-de-fond\/\"},{\"@type\":\"ListItem\",\"position\":4,\"name\":\"Lima\"}]},{\"@type\":\"WebSite\",\"@id\":\"https:\/\/itc.foxdeveloper.org\/fr\/#website\",\"url\":\"https:\/\/itc.foxdeveloper.org\/fr\/\",\"name\":\"ITC\",\"description\":\"\",\"potentialAction\":[{\"@type\":\"SearchAction\",\"target\":{\"@type\":\"EntryPoint\",\"urlTemplate\":\"https:\/\/itc.foxdeveloper.org\/fr\/?s={search_term_string}\"},\"query-input\":\"required name=search_term_string\"}],\"inLanguage\":\"fr-FR\"}]}<\/script>\n<!-- \/ Yoast SEO plugin. -->","yoast_head_json":{"title":"Lima - ITC","robots":{"index":"index","follow":"follow","max-snippet":"max-snippet:-1","max-image-preview":"max-image-preview:large","max-video-preview":"max-video-preview:-1"},"canonical":"https:\/\/itc.foxdeveloper.org\/fr\/produit\/lima\/","og_locale":"fr_FR","og_type":"article","og_title":"Lima - ITC","og_description":"Lima offre praticit\u00e9 et style avec une finition en ruban coordonn\u00e9. Fabriqu\u00e9 \u00e0 partir d&rsquo;une composition tiss\u00e9e \u00e0 plat et d&rsquo;un velours 100 % jute, Lima pr\u00e9sente une faible hauteur de poils d&rsquo;environ 2 mm et une \u00e9paisseur totale d&rsquo;environ 4 mm. Avec une classification domestique lourde et commerciale g\u00e9n\u00e9rale, Lima offre durabilit\u00e9 et performance. [&hellip;]","og_url":"https:\/\/itc.foxdeveloper.org\/fr\/produit\/lima\/","og_site_name":"ITC","article_modified_time":"2024-02-19T08:36:28+00:00","twitter_card":"summary_large_image","schema":{"@context":"https:\/\/schema.org","@graph":[{"@type":"WebPage","@id":"https:\/\/itc.foxdeveloper.org\/fr\/produit\/lima\/","url":"https:\/\/itc.foxdeveloper.org\/fr\/produit\/lima\/","name":"Lima - ITC","isPartOf":{"@id":"https:\/\/itc.foxdeveloper.org\/fr\/#website"},"datePublished":"2023-06-19T09:40:37+00:00","dateModified":"2024-02-19T08:36:28+00:00","breadcrumb":{"@id":"https:\/\/itc.foxdeveloper.org\/fr\/produit\/lima\/#breadcrumb"},"inLanguage":"fr-FR","potentialAction":[{"@type":"ReadAction","target":["https:\/\/itc.foxdeveloper.org\/fr\/produit\/lima\/"]}]},{"@type":"BreadcrumbList","@id":"https:\/\/itc.foxdeveloper.org\/fr\/produit\/lima\/#breadcrumb","itemListElement":[{"@type":"ListItem","position":1,"name":"Home","item":"https:\/\/itc.foxdeveloper.org\/fr\/accueil\/"},{"@type":"ListItem","position":2,"name":"Tous les produits","item":"https:\/\/itc.foxdeveloper.org\/tous-les-produits\/"},{"@type":"ListItem","position":3,"name":"Lame de fond","item":"https:\/\/itc.foxdeveloper.org\/fr\/categorie-produit\/lame-de-fond\/"},{"@type":"ListItem","position":4,"name":"Lima"}]},{"@type":"WebSite","@id":"https:\/\/itc.foxdeveloper.org\/fr\/#website","url":"https:\/\/itc.foxdeveloper.org\/fr\/","name":"ITC","description":"","potentialAction":[{"@type":"SearchAction","target":{"@type":"EntryPoint","urlTemplate":"https:\/\/itc.foxdeveloper.org\/fr\/?s={search_term_string}"},"query-input":"required name=search_term_string"}],"inLanguage":"fr-FR"}]}},"_links":{"self":[{"href":"https:\/\/itc.foxdeveloper.org\/fr\/wp-json\/wp\/v2\/product\/2845"}],"collection":[{"href":"https:\/\/itc.foxdeveloper.org\/fr\/wp-json\/wp\/v2\/product"}],"about":[{"href":"https:\/\/itc.foxdeveloper.org\/fr\/wp-json\/wp\/v2\/types\/product"}],"wp:attachment":[{"href":"https:\/\/itc.foxdeveloper.org\/fr\/wp-json\/wp\/v2\/media?parent=2845"}],"wp:term":[{"taxonomy":"product_cat","embeddable":true,"href":"https:\/\/itc.foxdeveloper.org\/fr\/wp-json\/wp\/v2\/product_cat?post=2845"},{"taxonomy":"product_tag","embeddable":true,"href":"https:\/\/itc.foxdeveloper.org\/fr\/wp-json\/wp\/v2\/product_tag?post=2845"}],"curies":[{"name":"wp","href":"https:\/\/api.w.org\/{rel}","templated":true}]}}