{"id":2805,"date":"2023-06-19T09:41:16","date_gmt":"2023-06-19T09:41:16","guid":{"rendered":"https:\/\/itc.foxdeveloper.org\/product\/petite-boucle\/"},"modified":"2024-02-19T08:36:29","modified_gmt":"2024-02-19T08:36:29","slug":"petite-boucle","status":"publish","type":"product","link":"https:\/\/itc.foxdeveloper.org\/fr\/produit\/petite-boucle\/","title":{"rendered":"Petite boucle"},"content":{"rendered":"<p>Voici Small Boucle, notre superbe collection de tapis en sisal qui offre une qualit\u00e9 nervur\u00e9e finement tiss\u00e9e. Avec sa texture complexe et son motif nervur\u00e9 subtil, Small Boucle apporte sophistication et attrait intemporel \u00e0 votre espace. Fabriqu\u00e9s \u00e0 partir de fibres de sisal de premi\u00e8re qualit\u00e9, ces tapis allient une beaut\u00e9 naturelle \u00e0 une durabilit\u00e9 exceptionnelle, ce qui les rend id\u00e9aux pour les zones tr\u00e8s fr\u00e9quent\u00e9es et en fait un choix parfait pour les environnements r\u00e9sidentiels et commerciaux. Le tissage en petites boucles ajoute une touche d&rsquo;\u00e9l\u00e9gance et d&rsquo;int\u00e9r\u00eat visuel, rehaussant l&rsquo;esth\u00e9tique g\u00e9n\u00e9rale de n&rsquo;importe quelle pi\u00e8ce. Disponible dans une gamme de couleurs exquises, Small Boucle vous permet de cr\u00e9er une atmosph\u00e8re harmonieuse et accueillante qui refl\u00e8te votre style personnel. Le charme raffin\u00e9 et la qualit\u00e9 durable des tapis en sisal Small Boucle rehaussent votre espace.<\/p>\n","protected":false},"excerpt":{"rendered":"<p>Voici Small Boucle, notre superbe collection de tapis en sisal qui offre une qualit\u00e9 nervur\u00e9e finement tiss\u00e9e. Avec sa texture complexe et son motif nervur\u00e9 subtil, Small Boucle apporte sophistication et attrait intemporel \u00e0 votre espace. Fabriqu\u00e9s \u00e0 partir de fibres de sisal de premi\u00e8re qualit\u00e9, ces tapis allient une beaut\u00e9 naturelle \u00e0 une durabilit\u00e9 [&hellip;]<\/p>\n","protected":false},"featured_media":0,"template":"","meta":{"_acf_changed":false},"product_cat":[529],"product_tag":[],"acf":[],"yoast_head":"<!-- This site is optimized with the Yoast SEO plugin v22.5 - https:\/\/yoast.com\/wordpress\/plugins\/seo\/ -->\n<title>Petite boucle - ITC<\/title>\n<meta name=\"robots\" content=\"index, follow, max-snippet:-1, max-image-preview:large, max-video-preview:-1\" \/>\n<link rel=\"canonical\" href=\"https:\/\/itc.foxdeveloper.org\/fr\/produit\/petite-boucle\/\" \/>\n<meta property=\"og:locale\" content=\"fr_FR\" \/>\n<meta property=\"og:type\" content=\"article\" \/>\n<meta property=\"og:title\" content=\"Petite boucle - ITC\" \/>\n<meta property=\"og:description\" content=\"Voici Small Boucle, notre superbe collection de tapis en sisal qui offre une qualit\u00e9 nervur\u00e9e finement tiss\u00e9e. Avec sa texture complexe et son motif nervur\u00e9 subtil, Small Boucle apporte sophistication et attrait intemporel \u00e0 votre espace. Fabriqu\u00e9s \u00e0 partir de fibres de sisal de premi\u00e8re qualit\u00e9, ces tapis allient une beaut\u00e9 naturelle \u00e0 une durabilit\u00e9 [&hellip;]\" \/>\n<meta property=\"og:url\" content=\"https:\/\/itc.foxdeveloper.org\/fr\/produit\/petite-boucle\/\" \/>\n<meta property=\"og:site_name\" content=\"ITC\" \/>\n<meta property=\"article:modified_time\" content=\"2024-02-19T08:36:29+00:00\" \/>\n<meta name=\"twitter:card\" content=\"summary_large_image\" \/>\n<meta name=\"twitter:label1\" content=\"Est. reading time\" \/>\n\t<meta name=\"twitter:data1\" content=\"1 minute\" \/>\n<script type=\"application\/ld+json\" class=\"yoast-schema-graph\">{\"@context\":\"https:\/\/schema.org\",\"@graph\":[{\"@type\":\"WebPage\",\"@id\":\"https:\/\/itc.foxdeveloper.org\/fr\/produit\/petite-boucle\/\",\"url\":\"https:\/\/itc.foxdeveloper.org\/fr\/produit\/petite-boucle\/\",\"name\":\"Petite boucle - ITC\",\"isPartOf\":{\"@id\":\"https:\/\/itc.foxdeveloper.org\/fr\/#website\"},\"datePublished\":\"2023-06-19T09:41:16+00:00\",\"dateModified\":\"2024-02-19T08:36:29+00:00\",\"breadcrumb\":{\"@id\":\"https:\/\/itc.foxdeveloper.org\/fr\/produit\/petite-boucle\/#breadcrumb\"},\"inLanguage\":\"fr-FR\",\"potentialAction\":[{\"@type\":\"ReadAction\",\"target\":[\"https:\/\/itc.foxdeveloper.org\/fr\/produit\/petite-boucle\/\"]}]},{\"@type\":\"BreadcrumbList\",\"@id\":\"https:\/\/itc.foxdeveloper.org\/fr\/produit\/petite-boucle\/#breadcrumb\",\"itemListElement\":[{\"@type\":\"ListItem\",\"position\":1,\"name\":\"Home\",\"item\":\"https:\/\/itc.foxdeveloper.org\/fr\/accueil\/\"},{\"@type\":\"ListItem\",\"position\":2,\"name\":\"Tous les produits\",\"item\":\"https:\/\/itc.foxdeveloper.org\/tous-les-produits\/\"},{\"@type\":\"ListItem\",\"position\":3,\"name\":\"Sisal\",\"item\":\"https:\/\/itc.foxdeveloper.org\/fr\/categorie-produit\/sisal-fr\/\"},{\"@type\":\"ListItem\",\"position\":4,\"name\":\"Petite boucle\"}]},{\"@type\":\"WebSite\",\"@id\":\"https:\/\/itc.foxdeveloper.org\/fr\/#website\",\"url\":\"https:\/\/itc.foxdeveloper.org\/fr\/\",\"name\":\"ITC\",\"description\":\"\",\"potentialAction\":[{\"@type\":\"SearchAction\",\"target\":{\"@type\":\"EntryPoint\",\"urlTemplate\":\"https:\/\/itc.foxdeveloper.org\/fr\/?s={search_term_string}\"},\"query-input\":\"required name=search_term_string\"}],\"inLanguage\":\"fr-FR\"}]}<\/script>\n<!-- \/ Yoast SEO plugin. -->","yoast_head_json":{"title":"Petite boucle - ITC","robots":{"index":"index","follow":"follow","max-snippet":"max-snippet:-1","max-image-preview":"max-image-preview:large","max-video-preview":"max-video-preview:-1"},"canonical":"https:\/\/itc.foxdeveloper.org\/fr\/produit\/petite-boucle\/","og_locale":"fr_FR","og_type":"article","og_title":"Petite boucle - ITC","og_description":"Voici Small Boucle, notre superbe collection de tapis en sisal qui offre une qualit\u00e9 nervur\u00e9e finement tiss\u00e9e. Avec sa texture complexe et son motif nervur\u00e9 subtil, Small Boucle apporte sophistication et attrait intemporel \u00e0 votre espace. Fabriqu\u00e9s \u00e0 partir de fibres de sisal de premi\u00e8re qualit\u00e9, ces tapis allient une beaut\u00e9 naturelle \u00e0 une durabilit\u00e9 [&hellip;]","og_url":"https:\/\/itc.foxdeveloper.org\/fr\/produit\/petite-boucle\/","og_site_name":"ITC","article_modified_time":"2024-02-19T08:36:29+00:00","twitter_card":"summary_large_image","twitter_misc":{"Est. reading time":"1 minute"},"schema":{"@context":"https:\/\/schema.org","@graph":[{"@type":"WebPage","@id":"https:\/\/itc.foxdeveloper.org\/fr\/produit\/petite-boucle\/","url":"https:\/\/itc.foxdeveloper.org\/fr\/produit\/petite-boucle\/","name":"Petite boucle - ITC","isPartOf":{"@id":"https:\/\/itc.foxdeveloper.org\/fr\/#website"},"datePublished":"2023-06-19T09:41:16+00:00","dateModified":"2024-02-19T08:36:29+00:00","breadcrumb":{"@id":"https:\/\/itc.foxdeveloper.org\/fr\/produit\/petite-boucle\/#breadcrumb"},"inLanguage":"fr-FR","potentialAction":[{"@type":"ReadAction","target":["https:\/\/itc.foxdeveloper.org\/fr\/produit\/petite-boucle\/"]}]},{"@type":"BreadcrumbList","@id":"https:\/\/itc.foxdeveloper.org\/fr\/produit\/petite-boucle\/#breadcrumb","itemListElement":[{"@type":"ListItem","position":1,"name":"Home","item":"https:\/\/itc.foxdeveloper.org\/fr\/accueil\/"},{"@type":"ListItem","position":2,"name":"Tous les produits","item":"https:\/\/itc.foxdeveloper.org\/tous-les-produits\/"},{"@type":"ListItem","position":3,"name":"Sisal","item":"https:\/\/itc.foxdeveloper.org\/fr\/categorie-produit\/sisal-fr\/"},{"@type":"ListItem","position":4,"name":"Petite boucle"}]},{"@type":"WebSite","@id":"https:\/\/itc.foxdeveloper.org\/fr\/#website","url":"https:\/\/itc.foxdeveloper.org\/fr\/","name":"ITC","description":"","potentialAction":[{"@type":"SearchAction","target":{"@type":"EntryPoint","urlTemplate":"https:\/\/itc.foxdeveloper.org\/fr\/?s={search_term_string}"},"query-input":"required name=search_term_string"}],"inLanguage":"fr-FR"}]}},"_links":{"self":[{"href":"https:\/\/itc.foxdeveloper.org\/fr\/wp-json\/wp\/v2\/product\/2805"}],"collection":[{"href":"https:\/\/itc.foxdeveloper.org\/fr\/wp-json\/wp\/v2\/product"}],"about":[{"href":"https:\/\/itc.foxdeveloper.org\/fr\/wp-json\/wp\/v2\/types\/product"}],"wp:attachment":[{"href":"https:\/\/itc.foxdeveloper.org\/fr\/wp-json\/wp\/v2\/media?parent=2805"}],"wp:term":[{"taxonomy":"product_cat","embeddable":true,"href":"https:\/\/itc.foxdeveloper.org\/fr\/wp-json\/wp\/v2\/product_cat?post=2805"},{"taxonomy":"product_tag","embeddable":true,"href":"https:\/\/itc.foxdeveloper.org\/fr\/wp-json\/wp\/v2\/product_tag?post=2805"}],"curies":[{"name":"wp","href":"https:\/\/api.w.org\/{rel}","templated":true}]}}