{"id":2800,"date":"2023-06-19T09:41:36","date_gmt":"2023-06-19T09:41:36","guid":{"rendered":"https:\/\/itc.foxdeveloper.org\/product\/tigra\/"},"modified":"2023-06-19T09:41:36","modified_gmt":"2023-06-19T09:41:36","slug":"tigra","status":"publish","type":"product","link":"https:\/\/itc.foxdeveloper.org\/fr\/produit\/tigra\/","title":{"rendered":"Tigra"},"content":{"rendered":"<p>Voici Tigra, notre collection exceptionnelle de tapis en sisal qui red\u00e9finit le confort gr\u00e2ce \u00e0 sa douceur unique, bien qu&rsquo;elle soit fabriqu\u00e9e \u00e0 partir de fibres de sisal naturelles. Combinant le meilleur des deux mondes, Tigra offre la durabilit\u00e9 et l&rsquo;attrait naturel du sisal tout en procurant une sensation remarquablement douce et luxueuse sous les pieds. Gr\u00e2ce \u00e0 sa construction innovante, Tigra apporte une touche de douceur et une ambiance chaleureuse \u00e0 votre espace. Les fibres de sisal sont m\u00e9ticuleusement tiss\u00e9es pour cr\u00e9er un m\u00e9lange harmonieux de durabilit\u00e9 et de confort, ce qui fait de Tigra un choix id\u00e9al pour ceux qui recherchent un sisal plus doux. Disponible dans une gamme de couleurs et de textures \u00e9l\u00e9gantes, Tigra vous permet de rehausser votre int\u00e9rieur d&rsquo;une touche de beaut\u00e9 naturelle sans compromettre le confort.<\/p>\n","protected":false},"excerpt":{"rendered":"<p>Voici Tigra, notre collection exceptionnelle de tapis en sisal qui red\u00e9finit le confort gr\u00e2ce \u00e0 sa douceur unique, bien qu&rsquo;elle soit fabriqu\u00e9e \u00e0 partir de fibres de sisal naturelles. Combinant le meilleur des deux mondes, Tigra offre la durabilit\u00e9 et l&rsquo;attrait naturel du sisal tout en procurant une sensation remarquablement douce et luxueuse sous les [&hellip;]<\/p>\n","protected":false},"featured_media":0,"template":"","meta":{"_acf_changed":false},"product_cat":[529],"product_tag":[],"acf":[],"yoast_head":"<!-- This site is optimized with the Yoast SEO plugin v22.5 - https:\/\/yoast.com\/wordpress\/plugins\/seo\/ -->\n<title>Tigra - ITC<\/title>\n<meta name=\"robots\" content=\"index, follow, max-snippet:-1, max-image-preview:large, max-video-preview:-1\" \/>\n<link rel=\"canonical\" href=\"https:\/\/itc.foxdeveloper.org\/fr\/produit\/tigra\/\" \/>\n<meta property=\"og:locale\" content=\"fr_FR\" \/>\n<meta property=\"og:type\" content=\"article\" \/>\n<meta property=\"og:title\" content=\"Tigra - ITC\" \/>\n<meta property=\"og:description\" content=\"Voici Tigra, notre collection exceptionnelle de tapis en sisal qui red\u00e9finit le confort gr\u00e2ce \u00e0 sa douceur unique, bien qu&rsquo;elle soit fabriqu\u00e9e \u00e0 partir de fibres de sisal naturelles. Combinant le meilleur des deux mondes, Tigra offre la durabilit\u00e9 et l&rsquo;attrait naturel du sisal tout en procurant une sensation remarquablement douce et luxueuse sous les [&hellip;]\" \/>\n<meta property=\"og:url\" content=\"https:\/\/itc.foxdeveloper.org\/fr\/produit\/tigra\/\" \/>\n<meta property=\"og:site_name\" content=\"ITC\" \/>\n<meta name=\"twitter:card\" content=\"summary_large_image\" \/>\n<meta name=\"twitter:label1\" content=\"Est. reading time\" \/>\n\t<meta name=\"twitter:data1\" content=\"1 minute\" \/>\n<script type=\"application\/ld+json\" class=\"yoast-schema-graph\">{\"@context\":\"https:\/\/schema.org\",\"@graph\":[{\"@type\":\"WebPage\",\"@id\":\"https:\/\/itc.foxdeveloper.org\/fr\/produit\/tigra\/\",\"url\":\"https:\/\/itc.foxdeveloper.org\/fr\/produit\/tigra\/\",\"name\":\"Tigra - ITC\",\"isPartOf\":{\"@id\":\"https:\/\/itc.foxdeveloper.org\/fr\/#website\"},\"datePublished\":\"2023-06-19T09:41:36+00:00\",\"dateModified\":\"2023-06-19T09:41:36+00:00\",\"breadcrumb\":{\"@id\":\"https:\/\/itc.foxdeveloper.org\/fr\/produit\/tigra\/#breadcrumb\"},\"inLanguage\":\"fr-FR\",\"potentialAction\":[{\"@type\":\"ReadAction\",\"target\":[\"https:\/\/itc.foxdeveloper.org\/fr\/produit\/tigra\/\"]}]},{\"@type\":\"BreadcrumbList\",\"@id\":\"https:\/\/itc.foxdeveloper.org\/fr\/produit\/tigra\/#breadcrumb\",\"itemListElement\":[{\"@type\":\"ListItem\",\"position\":1,\"name\":\"Home\",\"item\":\"https:\/\/itc.foxdeveloper.org\/fr\/accueil\/\"},{\"@type\":\"ListItem\",\"position\":2,\"name\":\"Tous les produits\",\"item\":\"https:\/\/itc.foxdeveloper.org\/tous-les-produits\/\"},{\"@type\":\"ListItem\",\"position\":3,\"name\":\"Tigra\"}]},{\"@type\":\"WebSite\",\"@id\":\"https:\/\/itc.foxdeveloper.org\/fr\/#website\",\"url\":\"https:\/\/itc.foxdeveloper.org\/fr\/\",\"name\":\"ITC\",\"description\":\"\",\"potentialAction\":[{\"@type\":\"SearchAction\",\"target\":{\"@type\":\"EntryPoint\",\"urlTemplate\":\"https:\/\/itc.foxdeveloper.org\/fr\/?s={search_term_string}\"},\"query-input\":\"required name=search_term_string\"}],\"inLanguage\":\"fr-FR\"}]}<\/script>\n<!-- \/ Yoast SEO plugin. -->","yoast_head_json":{"title":"Tigra - ITC","robots":{"index":"index","follow":"follow","max-snippet":"max-snippet:-1","max-image-preview":"max-image-preview:large","max-video-preview":"max-video-preview:-1"},"canonical":"https:\/\/itc.foxdeveloper.org\/fr\/produit\/tigra\/","og_locale":"fr_FR","og_type":"article","og_title":"Tigra - ITC","og_description":"Voici Tigra, notre collection exceptionnelle de tapis en sisal qui red\u00e9finit le confort gr\u00e2ce \u00e0 sa douceur unique, bien qu&rsquo;elle soit fabriqu\u00e9e \u00e0 partir de fibres de sisal naturelles. Combinant le meilleur des deux mondes, Tigra offre la durabilit\u00e9 et l&rsquo;attrait naturel du sisal tout en procurant une sensation remarquablement douce et luxueuse sous les [&hellip;]","og_url":"https:\/\/itc.foxdeveloper.org\/fr\/produit\/tigra\/","og_site_name":"ITC","twitter_card":"summary_large_image","twitter_misc":{"Est. reading time":"1 minute"},"schema":{"@context":"https:\/\/schema.org","@graph":[{"@type":"WebPage","@id":"https:\/\/itc.foxdeveloper.org\/fr\/produit\/tigra\/","url":"https:\/\/itc.foxdeveloper.org\/fr\/produit\/tigra\/","name":"Tigra - ITC","isPartOf":{"@id":"https:\/\/itc.foxdeveloper.org\/fr\/#website"},"datePublished":"2023-06-19T09:41:36+00:00","dateModified":"2023-06-19T09:41:36+00:00","breadcrumb":{"@id":"https:\/\/itc.foxdeveloper.org\/fr\/produit\/tigra\/#breadcrumb"},"inLanguage":"fr-FR","potentialAction":[{"@type":"ReadAction","target":["https:\/\/itc.foxdeveloper.org\/fr\/produit\/tigra\/"]}]},{"@type":"BreadcrumbList","@id":"https:\/\/itc.foxdeveloper.org\/fr\/produit\/tigra\/#breadcrumb","itemListElement":[{"@type":"ListItem","position":1,"name":"Home","item":"https:\/\/itc.foxdeveloper.org\/fr\/accueil\/"},{"@type":"ListItem","position":2,"name":"Tous les produits","item":"https:\/\/itc.foxdeveloper.org\/tous-les-produits\/"},{"@type":"ListItem","position":3,"name":"Tigra"}]},{"@type":"WebSite","@id":"https:\/\/itc.foxdeveloper.org\/fr\/#website","url":"https:\/\/itc.foxdeveloper.org\/fr\/","name":"ITC","description":"","potentialAction":[{"@type":"SearchAction","target":{"@type":"EntryPoint","urlTemplate":"https:\/\/itc.foxdeveloper.org\/fr\/?s={search_term_string}"},"query-input":"required name=search_term_string"}],"inLanguage":"fr-FR"}]}},"_links":{"self":[{"href":"https:\/\/itc.foxdeveloper.org\/fr\/wp-json\/wp\/v2\/product\/2800"}],"collection":[{"href":"https:\/\/itc.foxdeveloper.org\/fr\/wp-json\/wp\/v2\/product"}],"about":[{"href":"https:\/\/itc.foxdeveloper.org\/fr\/wp-json\/wp\/v2\/types\/product"}],"wp:attachment":[{"href":"https:\/\/itc.foxdeveloper.org\/fr\/wp-json\/wp\/v2\/media?parent=2800"}],"wp:term":[{"taxonomy":"product_cat","embeddable":true,"href":"https:\/\/itc.foxdeveloper.org\/fr\/wp-json\/wp\/v2\/product_cat?post=2800"},{"taxonomy":"product_tag","embeddable":true,"href":"https:\/\/itc.foxdeveloper.org\/fr\/wp-json\/wp\/v2\/product_tag?post=2800"}],"curies":[{"name":"wp","href":"https:\/\/api.w.org\/{rel}","templated":true}]}}