{"id":2728,"date":"2023-06-19T09:34:35","date_gmt":"2023-06-19T09:34:35","guid":{"rendered":"https:\/\/itc.foxdeveloper.org\/product\/cabernet\/"},"modified":"2023-06-19T09:34:35","modified_gmt":"2023-06-19T09:34:35","slug":"cabernet","status":"publish","type":"product","link":"https:\/\/itc.foxdeveloper.org\/fr\/produit\/cabernet\/","title":{"rendered":"Cabernet"},"content":{"rendered":"<p>D\u00e9couvrez la beaut\u00e9 luxueuse de Cabernet, un tapis 100 % nylon. Avec son toucher \u00e9pais et doux, cette moquette domestique de luxe est disponible en 400 ou 500 cm de large. Il est \u00e9galement antistatique et peut \u00eatre utilis\u00e9 pour recouvrir les escaliers, ajoutant ainsi une touche de sophistication \u00e0 votre maison. \u00c9levez votre espace avec l&rsquo;\u00e9l\u00e9gance intemporelle de Cabernet.<\/p>\n","protected":false},"excerpt":{"rendered":"<p>D\u00e9couvrez la beaut\u00e9 luxueuse de Cabernet, un tapis 100 % nylon. Avec son toucher \u00e9pais et doux, cette moquette domestique de luxe est disponible en 400 ou 500 cm de large. Il est \u00e9galement antistatique et peut \u00eatre utilis\u00e9 pour recouvrir les escaliers, ajoutant ainsi une touche de sophistication \u00e0 votre maison. \u00c9levez votre espace [&hellip;]<\/p>\n","protected":false},"featured_media":0,"template":"","meta":{"_acf_changed":false},"product_cat":[407],"product_tag":[],"acf":[],"yoast_head":"<!-- This site is optimized with the Yoast SEO plugin v22.5 - https:\/\/yoast.com\/wordpress\/plugins\/seo\/ -->\n<title>Cabernet - ITC<\/title>\n<meta name=\"robots\" content=\"index, follow, max-snippet:-1, max-image-preview:large, max-video-preview:-1\" \/>\n<link rel=\"canonical\" href=\"https:\/\/itc.foxdeveloper.org\/fr\/produit\/cabernet\/\" \/>\n<meta property=\"og:locale\" content=\"fr_FR\" \/>\n<meta property=\"og:type\" content=\"article\" \/>\n<meta property=\"og:title\" content=\"Cabernet - ITC\" \/>\n<meta property=\"og:description\" content=\"D\u00e9couvrez la beaut\u00e9 luxueuse de Cabernet, un tapis 100 % nylon. Avec son toucher \u00e9pais et doux, cette moquette domestique de luxe est disponible en 400 ou 500 cm de large. Il est \u00e9galement antistatique et peut \u00eatre utilis\u00e9 pour recouvrir les escaliers, ajoutant ainsi une touche de sophistication \u00e0 votre maison. \u00c9levez votre espace [&hellip;]\" \/>\n<meta property=\"og:url\" content=\"https:\/\/itc.foxdeveloper.org\/fr\/produit\/cabernet\/\" \/>\n<meta property=\"og:site_name\" content=\"ITC\" \/>\n<meta name=\"twitter:card\" content=\"summary_large_image\" \/>\n<script type=\"application\/ld+json\" class=\"yoast-schema-graph\">{\"@context\":\"https:\/\/schema.org\",\"@graph\":[{\"@type\":\"WebPage\",\"@id\":\"https:\/\/itc.foxdeveloper.org\/fr\/produit\/cabernet\/\",\"url\":\"https:\/\/itc.foxdeveloper.org\/fr\/produit\/cabernet\/\",\"name\":\"Cabernet - ITC\",\"isPartOf\":{\"@id\":\"https:\/\/itc.foxdeveloper.org\/fr\/#website\"},\"datePublished\":\"2023-06-19T09:34:35+00:00\",\"dateModified\":\"2023-06-19T09:34:35+00:00\",\"breadcrumb\":{\"@id\":\"https:\/\/itc.foxdeveloper.org\/fr\/produit\/cabernet\/#breadcrumb\"},\"inLanguage\":\"fr-FR\",\"potentialAction\":[{\"@type\":\"ReadAction\",\"target\":[\"https:\/\/itc.foxdeveloper.org\/fr\/produit\/cabernet\/\"]}]},{\"@type\":\"BreadcrumbList\",\"@id\":\"https:\/\/itc.foxdeveloper.org\/fr\/produit\/cabernet\/#breadcrumb\",\"itemListElement\":[{\"@type\":\"ListItem\",\"position\":1,\"name\":\"Home\",\"item\":\"https:\/\/itc.foxdeveloper.org\/fr\/accueil\/\"},{\"@type\":\"ListItem\",\"position\":2,\"name\":\"Tous les produits\",\"item\":\"https:\/\/itc.foxdeveloper.org\/tous-les-produits\/\"},{\"@type\":\"ListItem\",\"position\":3,\"name\":\"Cabernet\"}]},{\"@type\":\"WebSite\",\"@id\":\"https:\/\/itc.foxdeveloper.org\/fr\/#website\",\"url\":\"https:\/\/itc.foxdeveloper.org\/fr\/\",\"name\":\"ITC\",\"description\":\"\",\"potentialAction\":[{\"@type\":\"SearchAction\",\"target\":{\"@type\":\"EntryPoint\",\"urlTemplate\":\"https:\/\/itc.foxdeveloper.org\/fr\/?s={search_term_string}\"},\"query-input\":\"required name=search_term_string\"}],\"inLanguage\":\"fr-FR\"}]}<\/script>\n<!-- \/ Yoast SEO plugin. -->","yoast_head_json":{"title":"Cabernet - ITC","robots":{"index":"index","follow":"follow","max-snippet":"max-snippet:-1","max-image-preview":"max-image-preview:large","max-video-preview":"max-video-preview:-1"},"canonical":"https:\/\/itc.foxdeveloper.org\/fr\/produit\/cabernet\/","og_locale":"fr_FR","og_type":"article","og_title":"Cabernet - ITC","og_description":"D\u00e9couvrez la beaut\u00e9 luxueuse de Cabernet, un tapis 100 % nylon. Avec son toucher \u00e9pais et doux, cette moquette domestique de luxe est disponible en 400 ou 500 cm de large. Il est \u00e9galement antistatique et peut \u00eatre utilis\u00e9 pour recouvrir les escaliers, ajoutant ainsi une touche de sophistication \u00e0 votre maison. \u00c9levez votre espace [&hellip;]","og_url":"https:\/\/itc.foxdeveloper.org\/fr\/produit\/cabernet\/","og_site_name":"ITC","twitter_card":"summary_large_image","schema":{"@context":"https:\/\/schema.org","@graph":[{"@type":"WebPage","@id":"https:\/\/itc.foxdeveloper.org\/fr\/produit\/cabernet\/","url":"https:\/\/itc.foxdeveloper.org\/fr\/produit\/cabernet\/","name":"Cabernet - ITC","isPartOf":{"@id":"https:\/\/itc.foxdeveloper.org\/fr\/#website"},"datePublished":"2023-06-19T09:34:35+00:00","dateModified":"2023-06-19T09:34:35+00:00","breadcrumb":{"@id":"https:\/\/itc.foxdeveloper.org\/fr\/produit\/cabernet\/#breadcrumb"},"inLanguage":"fr-FR","potentialAction":[{"@type":"ReadAction","target":["https:\/\/itc.foxdeveloper.org\/fr\/produit\/cabernet\/"]}]},{"@type":"BreadcrumbList","@id":"https:\/\/itc.foxdeveloper.org\/fr\/produit\/cabernet\/#breadcrumb","itemListElement":[{"@type":"ListItem","position":1,"name":"Home","item":"https:\/\/itc.foxdeveloper.org\/fr\/accueil\/"},{"@type":"ListItem","position":2,"name":"Tous les produits","item":"https:\/\/itc.foxdeveloper.org\/tous-les-produits\/"},{"@type":"ListItem","position":3,"name":"Cabernet"}]},{"@type":"WebSite","@id":"https:\/\/itc.foxdeveloper.org\/fr\/#website","url":"https:\/\/itc.foxdeveloper.org\/fr\/","name":"ITC","description":"","potentialAction":[{"@type":"SearchAction","target":{"@type":"EntryPoint","urlTemplate":"https:\/\/itc.foxdeveloper.org\/fr\/?s={search_term_string}"},"query-input":"required name=search_term_string"}],"inLanguage":"fr-FR"}]}},"_links":{"self":[{"href":"https:\/\/itc.foxdeveloper.org\/fr\/wp-json\/wp\/v2\/product\/2728"}],"collection":[{"href":"https:\/\/itc.foxdeveloper.org\/fr\/wp-json\/wp\/v2\/product"}],"about":[{"href":"https:\/\/itc.foxdeveloper.org\/fr\/wp-json\/wp\/v2\/types\/product"}],"wp:attachment":[{"href":"https:\/\/itc.foxdeveloper.org\/fr\/wp-json\/wp\/v2\/media?parent=2728"}],"wp:term":[{"taxonomy":"product_cat","embeddable":true,"href":"https:\/\/itc.foxdeveloper.org\/fr\/wp-json\/wp\/v2\/product_cat?post=2728"},{"taxonomy":"product_tag","embeddable":true,"href":"https:\/\/itc.foxdeveloper.org\/fr\/wp-json\/wp\/v2\/product_tag?post=2728"}],"curies":[{"name":"wp","href":"https:\/\/api.w.org\/{rel}","templated":true}]}}