{"id":2727,"date":"2023-05-02T18:37:28","date_gmt":"2023-05-02T18:37:28","guid":{"rendered":"https:\/\/itc.foxdeveloper.org\/product\/cannes\/"},"modified":"2023-05-02T18:37:28","modified_gmt":"2023-05-02T18:37:28","slug":"cannes","status":"publish","type":"product","link":"https:\/\/itc.foxdeveloper.org\/fr\/produit\/cannes\/","title":{"rendered":"Cannes"},"content":{"rendered":"<p>Fabriqu\u00e9 en nylon de haute qualit\u00e9, ce tapis offre un velours profond qui rivalise avec l&rsquo;aspect et le toucher de la soie pure. Mais cela ne s&rsquo;arr\u00eate pas l\u00e0. Avec une r\u00e9sistance remarquable, des propri\u00e9t\u00e9s anti-peluches, une durabilit\u00e9 exceptionnelle et une r\u00e9sistance aux taches, Cannes allie l&rsquo;\u00e9l\u00e9gance \u00e0 la praticit\u00e9. Sa r\u00e9sistance \u00e0 l&rsquo;eau et l&rsquo;aspect impeccable de ses fibres en font un choix exceptionnel pour les applications commerciales et domestiques lourdes. Offrez-vous l&rsquo;opulence sans faire de compromis sur les performances.<\/p>\n","protected":false},"excerpt":{"rendered":"<p>Fabriqu\u00e9 en nylon de haute qualit\u00e9, ce tapis offre un velours profond qui rivalise avec l&rsquo;aspect et le toucher de la soie pure. Mais cela ne s&rsquo;arr\u00eate pas l\u00e0. Avec une r\u00e9sistance remarquable, des propri\u00e9t\u00e9s anti-peluches, une durabilit\u00e9 exceptionnelle et une r\u00e9sistance aux taches, Cannes allie l&rsquo;\u00e9l\u00e9gance \u00e0 la praticit\u00e9. Sa r\u00e9sistance \u00e0 l&rsquo;eau et [&hellip;]<\/p>\n","protected":false},"featured_media":0,"template":"","meta":{"_acf_changed":false},"product_cat":[407],"product_tag":[],"acf":[],"yoast_head":"<!-- This site is optimized with the Yoast SEO plugin v22.5 - https:\/\/yoast.com\/wordpress\/plugins\/seo\/ -->\n<title>Cannes - ITC<\/title>\n<meta name=\"robots\" content=\"index, follow, max-snippet:-1, max-image-preview:large, max-video-preview:-1\" \/>\n<link rel=\"canonical\" href=\"https:\/\/itc.foxdeveloper.org\/fr\/produit\/cannes\/\" \/>\n<meta property=\"og:locale\" content=\"fr_FR\" \/>\n<meta property=\"og:type\" content=\"article\" \/>\n<meta property=\"og:title\" content=\"Cannes - ITC\" \/>\n<meta property=\"og:description\" content=\"Fabriqu\u00e9 en nylon de haute qualit\u00e9, ce tapis offre un velours profond qui rivalise avec l&rsquo;aspect et le toucher de la soie pure. Mais cela ne s&rsquo;arr\u00eate pas l\u00e0. Avec une r\u00e9sistance remarquable, des propri\u00e9t\u00e9s anti-peluches, une durabilit\u00e9 exceptionnelle et une r\u00e9sistance aux taches, Cannes allie l&rsquo;\u00e9l\u00e9gance \u00e0 la praticit\u00e9. Sa r\u00e9sistance \u00e0 l&rsquo;eau et [&hellip;]\" \/>\n<meta property=\"og:url\" content=\"https:\/\/itc.foxdeveloper.org\/fr\/produit\/cannes\/\" \/>\n<meta property=\"og:site_name\" content=\"ITC\" \/>\n<meta name=\"twitter:card\" content=\"summary_large_image\" \/>\n<script type=\"application\/ld+json\" class=\"yoast-schema-graph\">{\"@context\":\"https:\/\/schema.org\",\"@graph\":[{\"@type\":\"WebPage\",\"@id\":\"https:\/\/itc.foxdeveloper.org\/fr\/produit\/cannes\/\",\"url\":\"https:\/\/itc.foxdeveloper.org\/fr\/produit\/cannes\/\",\"name\":\"Cannes - ITC\",\"isPartOf\":{\"@id\":\"https:\/\/itc.foxdeveloper.org\/fr\/#website\"},\"datePublished\":\"2023-05-02T18:37:28+00:00\",\"dateModified\":\"2023-05-02T18:37:28+00:00\",\"breadcrumb\":{\"@id\":\"https:\/\/itc.foxdeveloper.org\/fr\/produit\/cannes\/#breadcrumb\"},\"inLanguage\":\"fr-FR\",\"potentialAction\":[{\"@type\":\"ReadAction\",\"target\":[\"https:\/\/itc.foxdeveloper.org\/fr\/produit\/cannes\/\"]}]},{\"@type\":\"BreadcrumbList\",\"@id\":\"https:\/\/itc.foxdeveloper.org\/fr\/produit\/cannes\/#breadcrumb\",\"itemListElement\":[{\"@type\":\"ListItem\",\"position\":1,\"name\":\"Home\",\"item\":\"https:\/\/itc.foxdeveloper.org\/fr\/accueil\/\"},{\"@type\":\"ListItem\",\"position\":2,\"name\":\"Tous les produits\",\"item\":\"https:\/\/itc.foxdeveloper.org\/tous-les-produits\/\"},{\"@type\":\"ListItem\",\"position\":3,\"name\":\"Cannes\"}]},{\"@type\":\"WebSite\",\"@id\":\"https:\/\/itc.foxdeveloper.org\/fr\/#website\",\"url\":\"https:\/\/itc.foxdeveloper.org\/fr\/\",\"name\":\"ITC\",\"description\":\"\",\"potentialAction\":[{\"@type\":\"SearchAction\",\"target\":{\"@type\":\"EntryPoint\",\"urlTemplate\":\"https:\/\/itc.foxdeveloper.org\/fr\/?s={search_term_string}\"},\"query-input\":\"required name=search_term_string\"}],\"inLanguage\":\"fr-FR\"}]}<\/script>\n<!-- \/ Yoast SEO plugin. -->","yoast_head_json":{"title":"Cannes - ITC","robots":{"index":"index","follow":"follow","max-snippet":"max-snippet:-1","max-image-preview":"max-image-preview:large","max-video-preview":"max-video-preview:-1"},"canonical":"https:\/\/itc.foxdeveloper.org\/fr\/produit\/cannes\/","og_locale":"fr_FR","og_type":"article","og_title":"Cannes - ITC","og_description":"Fabriqu\u00e9 en nylon de haute qualit\u00e9, ce tapis offre un velours profond qui rivalise avec l&rsquo;aspect et le toucher de la soie pure. Mais cela ne s&rsquo;arr\u00eate pas l\u00e0. Avec une r\u00e9sistance remarquable, des propri\u00e9t\u00e9s anti-peluches, une durabilit\u00e9 exceptionnelle et une r\u00e9sistance aux taches, Cannes allie l&rsquo;\u00e9l\u00e9gance \u00e0 la praticit\u00e9. Sa r\u00e9sistance \u00e0 l&rsquo;eau et [&hellip;]","og_url":"https:\/\/itc.foxdeveloper.org\/fr\/produit\/cannes\/","og_site_name":"ITC","twitter_card":"summary_large_image","schema":{"@context":"https:\/\/schema.org","@graph":[{"@type":"WebPage","@id":"https:\/\/itc.foxdeveloper.org\/fr\/produit\/cannes\/","url":"https:\/\/itc.foxdeveloper.org\/fr\/produit\/cannes\/","name":"Cannes - ITC","isPartOf":{"@id":"https:\/\/itc.foxdeveloper.org\/fr\/#website"},"datePublished":"2023-05-02T18:37:28+00:00","dateModified":"2023-05-02T18:37:28+00:00","breadcrumb":{"@id":"https:\/\/itc.foxdeveloper.org\/fr\/produit\/cannes\/#breadcrumb"},"inLanguage":"fr-FR","potentialAction":[{"@type":"ReadAction","target":["https:\/\/itc.foxdeveloper.org\/fr\/produit\/cannes\/"]}]},{"@type":"BreadcrumbList","@id":"https:\/\/itc.foxdeveloper.org\/fr\/produit\/cannes\/#breadcrumb","itemListElement":[{"@type":"ListItem","position":1,"name":"Home","item":"https:\/\/itc.foxdeveloper.org\/fr\/accueil\/"},{"@type":"ListItem","position":2,"name":"Tous les produits","item":"https:\/\/itc.foxdeveloper.org\/tous-les-produits\/"},{"@type":"ListItem","position":3,"name":"Cannes"}]},{"@type":"WebSite","@id":"https:\/\/itc.foxdeveloper.org\/fr\/#website","url":"https:\/\/itc.foxdeveloper.org\/fr\/","name":"ITC","description":"","potentialAction":[{"@type":"SearchAction","target":{"@type":"EntryPoint","urlTemplate":"https:\/\/itc.foxdeveloper.org\/fr\/?s={search_term_string}"},"query-input":"required name=search_term_string"}],"inLanguage":"fr-FR"}]}},"_links":{"self":[{"href":"https:\/\/itc.foxdeveloper.org\/fr\/wp-json\/wp\/v2\/product\/2727"}],"collection":[{"href":"https:\/\/itc.foxdeveloper.org\/fr\/wp-json\/wp\/v2\/product"}],"about":[{"href":"https:\/\/itc.foxdeveloper.org\/fr\/wp-json\/wp\/v2\/types\/product"}],"wp:attachment":[{"href":"https:\/\/itc.foxdeveloper.org\/fr\/wp-json\/wp\/v2\/media?parent=2727"}],"wp:term":[{"taxonomy":"product_cat","embeddable":true,"href":"https:\/\/itc.foxdeveloper.org\/fr\/wp-json\/wp\/v2\/product_cat?post=2727"},{"taxonomy":"product_tag","embeddable":true,"href":"https:\/\/itc.foxdeveloper.org\/fr\/wp-json\/wp\/v2\/product_tag?post=2727"}],"curies":[{"name":"wp","href":"https:\/\/api.w.org\/{rel}","templated":true}]}}