{"id":2692,"date":"2023-06-19T09:39:43","date_gmt":"2023-06-19T09:39:43","guid":{"rendered":"https:\/\/itc.foxdeveloper.org\/product\/elbe\/"},"modified":"2023-06-19T09:39:43","modified_gmt":"2023-06-19T09:39:43","slug":"elbe","status":"publish","type":"product","link":"https:\/\/itc.foxdeveloper.org\/fr\/produit\/elbe\/","title":{"rendered":"Elbe"},"content":{"rendered":"<p>Plongez dans la beaut\u00e9 captivante d&rsquo;Elba, un chef-d&rsquo;\u0153uvre tiss\u00e9 \u00e0 la main en 100 % laine. Avec ses propri\u00e9t\u00e9s antistatiques, ses motifs uniques et son aspect intemporel, cette moquette domestique lourde conf\u00e8re une dimension artistique \u00e0 tout espace. Disponible dans toutes les tailles avec une largeur de 500 cm, Elba est parfait pour les adaptations personnalis\u00e9es. Rehaussez votre escalier avec l&rsquo;allure enchanteresse d&rsquo;Elba, qui est \u00e9galement disponible pour les rev\u00eatements d&rsquo;escalier. Transformez votre espace avec la beaut\u00e9 in\u00e9gal\u00e9e de l&rsquo;Elbe.<\/p>\n","protected":false},"excerpt":{"rendered":"<p>Plongez dans la beaut\u00e9 captivante d&rsquo;Elba, un chef-d&rsquo;\u0153uvre tiss\u00e9 \u00e0 la main en 100 % laine. Avec ses propri\u00e9t\u00e9s antistatiques, ses motifs uniques et son aspect intemporel, cette moquette domestique lourde conf\u00e8re une dimension artistique \u00e0 tout espace. Disponible dans toutes les tailles avec une largeur de 500 cm, Elba est parfait pour les adaptations [&hellip;]<\/p>\n","protected":false},"featured_media":0,"template":"","meta":{"_acf_changed":false},"product_cat":[407],"product_tag":[],"acf":[],"yoast_head":"<!-- This site is optimized with the Yoast SEO plugin v22.5 - https:\/\/yoast.com\/wordpress\/plugins\/seo\/ -->\n<title>Elbe - ITC<\/title>\n<meta name=\"robots\" content=\"index, follow, max-snippet:-1, max-image-preview:large, max-video-preview:-1\" \/>\n<link rel=\"canonical\" href=\"https:\/\/itc.foxdeveloper.org\/fr\/produit\/elbe\/\" \/>\n<meta property=\"og:locale\" content=\"fr_FR\" \/>\n<meta property=\"og:type\" content=\"article\" \/>\n<meta property=\"og:title\" content=\"Elbe - ITC\" \/>\n<meta property=\"og:description\" content=\"Plongez dans la beaut\u00e9 captivante d&rsquo;Elba, un chef-d&rsquo;\u0153uvre tiss\u00e9 \u00e0 la main en 100 % laine. Avec ses propri\u00e9t\u00e9s antistatiques, ses motifs uniques et son aspect intemporel, cette moquette domestique lourde conf\u00e8re une dimension artistique \u00e0 tout espace. Disponible dans toutes les tailles avec une largeur de 500 cm, Elba est parfait pour les adaptations [&hellip;]\" \/>\n<meta property=\"og:url\" content=\"https:\/\/itc.foxdeveloper.org\/fr\/produit\/elbe\/\" \/>\n<meta property=\"og:site_name\" content=\"ITC\" \/>\n<meta name=\"twitter:card\" content=\"summary_large_image\" \/>\n<script type=\"application\/ld+json\" class=\"yoast-schema-graph\">{\"@context\":\"https:\/\/schema.org\",\"@graph\":[{\"@type\":\"WebPage\",\"@id\":\"https:\/\/itc.foxdeveloper.org\/fr\/produit\/elbe\/\",\"url\":\"https:\/\/itc.foxdeveloper.org\/fr\/produit\/elbe\/\",\"name\":\"Elbe - ITC\",\"isPartOf\":{\"@id\":\"https:\/\/itc.foxdeveloper.org\/fr\/#website\"},\"datePublished\":\"2023-06-19T09:39:43+00:00\",\"dateModified\":\"2023-06-19T09:39:43+00:00\",\"breadcrumb\":{\"@id\":\"https:\/\/itc.foxdeveloper.org\/fr\/produit\/elbe\/#breadcrumb\"},\"inLanguage\":\"fr-FR\",\"potentialAction\":[{\"@type\":\"ReadAction\",\"target\":[\"https:\/\/itc.foxdeveloper.org\/fr\/produit\/elbe\/\"]}]},{\"@type\":\"BreadcrumbList\",\"@id\":\"https:\/\/itc.foxdeveloper.org\/fr\/produit\/elbe\/#breadcrumb\",\"itemListElement\":[{\"@type\":\"ListItem\",\"position\":1,\"name\":\"Home\",\"item\":\"https:\/\/itc.foxdeveloper.org\/fr\/accueil\/\"},{\"@type\":\"ListItem\",\"position\":2,\"name\":\"Tous les produits\",\"item\":\"https:\/\/itc.foxdeveloper.org\/tous-les-produits\/\"},{\"@type\":\"ListItem\",\"position\":3,\"name\":\"Elbe\"}]},{\"@type\":\"WebSite\",\"@id\":\"https:\/\/itc.foxdeveloper.org\/fr\/#website\",\"url\":\"https:\/\/itc.foxdeveloper.org\/fr\/\",\"name\":\"ITC\",\"description\":\"\",\"potentialAction\":[{\"@type\":\"SearchAction\",\"target\":{\"@type\":\"EntryPoint\",\"urlTemplate\":\"https:\/\/itc.foxdeveloper.org\/fr\/?s={search_term_string}\"},\"query-input\":\"required name=search_term_string\"}],\"inLanguage\":\"fr-FR\"}]}<\/script>\n<!-- \/ Yoast SEO plugin. -->","yoast_head_json":{"title":"Elbe - ITC","robots":{"index":"index","follow":"follow","max-snippet":"max-snippet:-1","max-image-preview":"max-image-preview:large","max-video-preview":"max-video-preview:-1"},"canonical":"https:\/\/itc.foxdeveloper.org\/fr\/produit\/elbe\/","og_locale":"fr_FR","og_type":"article","og_title":"Elbe - ITC","og_description":"Plongez dans la beaut\u00e9 captivante d&rsquo;Elba, un chef-d&rsquo;\u0153uvre tiss\u00e9 \u00e0 la main en 100 % laine. Avec ses propri\u00e9t\u00e9s antistatiques, ses motifs uniques et son aspect intemporel, cette moquette domestique lourde conf\u00e8re une dimension artistique \u00e0 tout espace. Disponible dans toutes les tailles avec une largeur de 500 cm, Elba est parfait pour les adaptations [&hellip;]","og_url":"https:\/\/itc.foxdeveloper.org\/fr\/produit\/elbe\/","og_site_name":"ITC","twitter_card":"summary_large_image","schema":{"@context":"https:\/\/schema.org","@graph":[{"@type":"WebPage","@id":"https:\/\/itc.foxdeveloper.org\/fr\/produit\/elbe\/","url":"https:\/\/itc.foxdeveloper.org\/fr\/produit\/elbe\/","name":"Elbe - ITC","isPartOf":{"@id":"https:\/\/itc.foxdeveloper.org\/fr\/#website"},"datePublished":"2023-06-19T09:39:43+00:00","dateModified":"2023-06-19T09:39:43+00:00","breadcrumb":{"@id":"https:\/\/itc.foxdeveloper.org\/fr\/produit\/elbe\/#breadcrumb"},"inLanguage":"fr-FR","potentialAction":[{"@type":"ReadAction","target":["https:\/\/itc.foxdeveloper.org\/fr\/produit\/elbe\/"]}]},{"@type":"BreadcrumbList","@id":"https:\/\/itc.foxdeveloper.org\/fr\/produit\/elbe\/#breadcrumb","itemListElement":[{"@type":"ListItem","position":1,"name":"Home","item":"https:\/\/itc.foxdeveloper.org\/fr\/accueil\/"},{"@type":"ListItem","position":2,"name":"Tous les produits","item":"https:\/\/itc.foxdeveloper.org\/tous-les-produits\/"},{"@type":"ListItem","position":3,"name":"Elbe"}]},{"@type":"WebSite","@id":"https:\/\/itc.foxdeveloper.org\/fr\/#website","url":"https:\/\/itc.foxdeveloper.org\/fr\/","name":"ITC","description":"","potentialAction":[{"@type":"SearchAction","target":{"@type":"EntryPoint","urlTemplate":"https:\/\/itc.foxdeveloper.org\/fr\/?s={search_term_string}"},"query-input":"required name=search_term_string"}],"inLanguage":"fr-FR"}]}},"_links":{"self":[{"href":"https:\/\/itc.foxdeveloper.org\/fr\/wp-json\/wp\/v2\/product\/2692"}],"collection":[{"href":"https:\/\/itc.foxdeveloper.org\/fr\/wp-json\/wp\/v2\/product"}],"about":[{"href":"https:\/\/itc.foxdeveloper.org\/fr\/wp-json\/wp\/v2\/types\/product"}],"wp:attachment":[{"href":"https:\/\/itc.foxdeveloper.org\/fr\/wp-json\/wp\/v2\/media?parent=2692"}],"wp:term":[{"taxonomy":"product_cat","embeddable":true,"href":"https:\/\/itc.foxdeveloper.org\/fr\/wp-json\/wp\/v2\/product_cat?post=2692"},{"taxonomy":"product_tag","embeddable":true,"href":"https:\/\/itc.foxdeveloper.org\/fr\/wp-json\/wp\/v2\/product_tag?post=2692"}],"curies":[{"name":"wp","href":"https:\/\/api.w.org\/{rel}","templated":true}]}}