{"id":2676,"date":"2023-06-19T09:34:20","date_gmt":"2023-06-19T09:34:20","guid":{"rendered":"https:\/\/itc.foxdeveloper.org\/product\/bellagio\/"},"modified":"2023-06-19T09:34:20","modified_gmt":"2023-06-19T09:34:20","slug":"bellagio","status":"publish","type":"product","link":"https:\/\/itc.foxdeveloper.org\/fr\/produit\/bellagio\/","title":{"rendered":"Bellagio"},"content":{"rendered":"<p>D\u00e9couvrez le luxe \u00e0 l&rsquo;\u00e9tat pur avec le Bellagio, un tapis tuft\u00e9 compos\u00e9 \u00e0 100 % de microfibres. Son aspect \u00e9pur\u00e9 et sa texture douce en font un choix magnifique pour n&rsquo;importe quelle pi\u00e8ce. Disponible en 400 ou 500 cm de large, le Bellagio est parfait pour les adaptations personnalis\u00e9es. Il convient \u00e9galement pour les rev\u00eatements d&rsquo;escalier, ajoutant de l&rsquo;\u00e9l\u00e9gance \u00e0 chaque pas. \u00c9levez votre espace avec le Bellagio et offrez-vous l&rsquo;incarnation du confort et du style.<\/p>\n","protected":false},"excerpt":{"rendered":"<p>D\u00e9couvrez le luxe \u00e0 l&rsquo;\u00e9tat pur avec le Bellagio, un tapis tuft\u00e9 compos\u00e9 \u00e0 100 % de microfibres. Son aspect \u00e9pur\u00e9 et sa texture douce en font un choix magnifique pour n&rsquo;importe quelle pi\u00e8ce. Disponible en 400 ou 500 cm de large, le Bellagio est parfait pour les adaptations personnalis\u00e9es. Il convient \u00e9galement pour les [&hellip;]<\/p>\n","protected":false},"featured_media":0,"template":"","meta":{"_acf_changed":false},"product_cat":[407],"product_tag":[],"acf":[],"yoast_head":"<!-- This site is optimized with the Yoast SEO plugin v22.5 - https:\/\/yoast.com\/wordpress\/plugins\/seo\/ -->\n<title>Bellagio - ITC<\/title>\n<meta name=\"robots\" content=\"index, follow, max-snippet:-1, max-image-preview:large, max-video-preview:-1\" \/>\n<link rel=\"canonical\" href=\"https:\/\/itc.foxdeveloper.org\/fr\/produit\/bellagio\/\" \/>\n<meta property=\"og:locale\" content=\"fr_FR\" \/>\n<meta property=\"og:type\" content=\"article\" \/>\n<meta property=\"og:title\" content=\"Bellagio - ITC\" \/>\n<meta property=\"og:description\" content=\"D\u00e9couvrez le luxe \u00e0 l&rsquo;\u00e9tat pur avec le Bellagio, un tapis tuft\u00e9 compos\u00e9 \u00e0 100 % de microfibres. Son aspect \u00e9pur\u00e9 et sa texture douce en font un choix magnifique pour n&rsquo;importe quelle pi\u00e8ce. Disponible en 400 ou 500 cm de large, le Bellagio est parfait pour les adaptations personnalis\u00e9es. Il convient \u00e9galement pour les [&hellip;]\" \/>\n<meta property=\"og:url\" content=\"https:\/\/itc.foxdeveloper.org\/fr\/produit\/bellagio\/\" \/>\n<meta property=\"og:site_name\" content=\"ITC\" \/>\n<meta name=\"twitter:card\" content=\"summary_large_image\" \/>\n<script type=\"application\/ld+json\" class=\"yoast-schema-graph\">{\"@context\":\"https:\/\/schema.org\",\"@graph\":[{\"@type\":\"WebPage\",\"@id\":\"https:\/\/itc.foxdeveloper.org\/fr\/produit\/bellagio\/\",\"url\":\"https:\/\/itc.foxdeveloper.org\/fr\/produit\/bellagio\/\",\"name\":\"Bellagio - ITC\",\"isPartOf\":{\"@id\":\"https:\/\/itc.foxdeveloper.org\/fr\/#website\"},\"datePublished\":\"2023-06-19T09:34:20+00:00\",\"dateModified\":\"2023-06-19T09:34:20+00:00\",\"breadcrumb\":{\"@id\":\"https:\/\/itc.foxdeveloper.org\/fr\/produit\/bellagio\/#breadcrumb\"},\"inLanguage\":\"fr-FR\",\"potentialAction\":[{\"@type\":\"ReadAction\",\"target\":[\"https:\/\/itc.foxdeveloper.org\/fr\/produit\/bellagio\/\"]}]},{\"@type\":\"BreadcrumbList\",\"@id\":\"https:\/\/itc.foxdeveloper.org\/fr\/produit\/bellagio\/#breadcrumb\",\"itemListElement\":[{\"@type\":\"ListItem\",\"position\":1,\"name\":\"Home\",\"item\":\"https:\/\/itc.foxdeveloper.org\/fr\/accueil\/\"},{\"@type\":\"ListItem\",\"position\":2,\"name\":\"Tous les produits\",\"item\":\"https:\/\/itc.foxdeveloper.org\/tous-les-produits\/\"},{\"@type\":\"ListItem\",\"position\":3,\"name\":\"Bellagio\"}]},{\"@type\":\"WebSite\",\"@id\":\"https:\/\/itc.foxdeveloper.org\/fr\/#website\",\"url\":\"https:\/\/itc.foxdeveloper.org\/fr\/\",\"name\":\"ITC\",\"description\":\"\",\"potentialAction\":[{\"@type\":\"SearchAction\",\"target\":{\"@type\":\"EntryPoint\",\"urlTemplate\":\"https:\/\/itc.foxdeveloper.org\/fr\/?s={search_term_string}\"},\"query-input\":\"required name=search_term_string\"}],\"inLanguage\":\"fr-FR\"}]}<\/script>\n<!-- \/ Yoast SEO plugin. -->","yoast_head_json":{"title":"Bellagio - ITC","robots":{"index":"index","follow":"follow","max-snippet":"max-snippet:-1","max-image-preview":"max-image-preview:large","max-video-preview":"max-video-preview:-1"},"canonical":"https:\/\/itc.foxdeveloper.org\/fr\/produit\/bellagio\/","og_locale":"fr_FR","og_type":"article","og_title":"Bellagio - ITC","og_description":"D\u00e9couvrez le luxe \u00e0 l&rsquo;\u00e9tat pur avec le Bellagio, un tapis tuft\u00e9 compos\u00e9 \u00e0 100 % de microfibres. Son aspect \u00e9pur\u00e9 et sa texture douce en font un choix magnifique pour n&rsquo;importe quelle pi\u00e8ce. Disponible en 400 ou 500 cm de large, le Bellagio est parfait pour les adaptations personnalis\u00e9es. Il convient \u00e9galement pour les [&hellip;]","og_url":"https:\/\/itc.foxdeveloper.org\/fr\/produit\/bellagio\/","og_site_name":"ITC","twitter_card":"summary_large_image","schema":{"@context":"https:\/\/schema.org","@graph":[{"@type":"WebPage","@id":"https:\/\/itc.foxdeveloper.org\/fr\/produit\/bellagio\/","url":"https:\/\/itc.foxdeveloper.org\/fr\/produit\/bellagio\/","name":"Bellagio - ITC","isPartOf":{"@id":"https:\/\/itc.foxdeveloper.org\/fr\/#website"},"datePublished":"2023-06-19T09:34:20+00:00","dateModified":"2023-06-19T09:34:20+00:00","breadcrumb":{"@id":"https:\/\/itc.foxdeveloper.org\/fr\/produit\/bellagio\/#breadcrumb"},"inLanguage":"fr-FR","potentialAction":[{"@type":"ReadAction","target":["https:\/\/itc.foxdeveloper.org\/fr\/produit\/bellagio\/"]}]},{"@type":"BreadcrumbList","@id":"https:\/\/itc.foxdeveloper.org\/fr\/produit\/bellagio\/#breadcrumb","itemListElement":[{"@type":"ListItem","position":1,"name":"Home","item":"https:\/\/itc.foxdeveloper.org\/fr\/accueil\/"},{"@type":"ListItem","position":2,"name":"Tous les produits","item":"https:\/\/itc.foxdeveloper.org\/tous-les-produits\/"},{"@type":"ListItem","position":3,"name":"Bellagio"}]},{"@type":"WebSite","@id":"https:\/\/itc.foxdeveloper.org\/fr\/#website","url":"https:\/\/itc.foxdeveloper.org\/fr\/","name":"ITC","description":"","potentialAction":[{"@type":"SearchAction","target":{"@type":"EntryPoint","urlTemplate":"https:\/\/itc.foxdeveloper.org\/fr\/?s={search_term_string}"},"query-input":"required name=search_term_string"}],"inLanguage":"fr-FR"}]}},"_links":{"self":[{"href":"https:\/\/itc.foxdeveloper.org\/fr\/wp-json\/wp\/v2\/product\/2676"}],"collection":[{"href":"https:\/\/itc.foxdeveloper.org\/fr\/wp-json\/wp\/v2\/product"}],"about":[{"href":"https:\/\/itc.foxdeveloper.org\/fr\/wp-json\/wp\/v2\/types\/product"}],"wp:attachment":[{"href":"https:\/\/itc.foxdeveloper.org\/fr\/wp-json\/wp\/v2\/media?parent=2676"}],"wp:term":[{"taxonomy":"product_cat","embeddable":true,"href":"https:\/\/itc.foxdeveloper.org\/fr\/wp-json\/wp\/v2\/product_cat?post=2676"},{"taxonomy":"product_tag","embeddable":true,"href":"https:\/\/itc.foxdeveloper.org\/fr\/wp-json\/wp\/v2\/product_tag?post=2676"}],"curies":[{"name":"wp","href":"https:\/\/api.w.org\/{rel}","templated":true}]}}