{"id":2542,"date":"2023-06-19T09:39:34","date_gmt":"2023-06-19T09:39:34","guid":{"rendered":"https:\/\/itc.foxdeveloper.org\/product\/eco-velvet\/"},"modified":"2023-06-19T09:39:34","modified_gmt":"2023-06-19T09:39:34","slug":"eco-velvet","status":"publish","type":"product","link":"https:\/\/itc.foxdeveloper.org\/fr\/produit\/eco-velvet\/","title":{"rendered":"Eco-Velvet"},"content":{"rendered":"<p>D\u00e9couvrez l&rsquo;allure luxueuse d&rsquo;Eco-Velvet, un tapis de velours tiss\u00e9 \u00e0 la main \u00e0 partir de laine n\u00e9o-z\u00e9landaise non teint\u00e9e 100 % naturelle. Parfait pour un usage domestique et commercial intensif, il offre une finition douce, lisse et durable, cr\u00e9ant un aspect \u00e9l\u00e9gant et raffin\u00e9. Avec des tapis sur mesure disponibles dans des dimensions personnalis\u00e9es jusqu&rsquo;\u00e0 une largeur maximale de 500 cm, Eco-Velvet offre des possibilit\u00e9s illimit\u00e9es pour rehausser votre espace d&rsquo;une beaut\u00e9 intemporelle.<\/p>\n","protected":false},"excerpt":{"rendered":"<p>D\u00e9couvrez l&rsquo;allure luxueuse d&rsquo;Eco-Velvet, un tapis de velours tiss\u00e9 \u00e0 la main \u00e0 partir de laine n\u00e9o-z\u00e9landaise non teint\u00e9e 100 % naturelle. Parfait pour un usage domestique et commercial intensif, il offre une finition douce, lisse et durable, cr\u00e9ant un aspect \u00e9l\u00e9gant et raffin\u00e9. Avec des tapis sur mesure disponibles dans des dimensions personnalis\u00e9es jusqu&rsquo;\u00e0 [&hellip;]<\/p>\n","protected":false},"featured_media":0,"template":"","meta":{"_acf_changed":false},"product_cat":[407],"product_tag":[],"acf":[],"yoast_head":"<!-- This site is optimized with the Yoast SEO plugin v22.5 - https:\/\/yoast.com\/wordpress\/plugins\/seo\/ -->\n<title>Eco-Velvet - ITC<\/title>\n<meta name=\"robots\" content=\"index, follow, max-snippet:-1, max-image-preview:large, max-video-preview:-1\" \/>\n<link rel=\"canonical\" href=\"https:\/\/itc.foxdeveloper.org\/fr\/produit\/eco-velvet\/\" \/>\n<meta property=\"og:locale\" content=\"fr_FR\" \/>\n<meta property=\"og:type\" content=\"article\" \/>\n<meta property=\"og:title\" content=\"Eco-Velvet - ITC\" \/>\n<meta property=\"og:description\" content=\"D\u00e9couvrez l&rsquo;allure luxueuse d&rsquo;Eco-Velvet, un tapis de velours tiss\u00e9 \u00e0 la main \u00e0 partir de laine n\u00e9o-z\u00e9landaise non teint\u00e9e 100 % naturelle. Parfait pour un usage domestique et commercial intensif, il offre une finition douce, lisse et durable, cr\u00e9ant un aspect \u00e9l\u00e9gant et raffin\u00e9. Avec des tapis sur mesure disponibles dans des dimensions personnalis\u00e9es jusqu&rsquo;\u00e0 [&hellip;]\" \/>\n<meta property=\"og:url\" content=\"https:\/\/itc.foxdeveloper.org\/fr\/produit\/eco-velvet\/\" \/>\n<meta property=\"og:site_name\" content=\"ITC\" \/>\n<meta name=\"twitter:card\" content=\"summary_large_image\" \/>\n<script type=\"application\/ld+json\" class=\"yoast-schema-graph\">{\"@context\":\"https:\/\/schema.org\",\"@graph\":[{\"@type\":\"WebPage\",\"@id\":\"https:\/\/itc.foxdeveloper.org\/fr\/produit\/eco-velvet\/\",\"url\":\"https:\/\/itc.foxdeveloper.org\/fr\/produit\/eco-velvet\/\",\"name\":\"Eco-Velvet - ITC\",\"isPartOf\":{\"@id\":\"https:\/\/itc.foxdeveloper.org\/fr\/#website\"},\"datePublished\":\"2023-06-19T09:39:34+00:00\",\"dateModified\":\"2023-06-19T09:39:34+00:00\",\"breadcrumb\":{\"@id\":\"https:\/\/itc.foxdeveloper.org\/fr\/produit\/eco-velvet\/#breadcrumb\"},\"inLanguage\":\"fr-FR\",\"potentialAction\":[{\"@type\":\"ReadAction\",\"target\":[\"https:\/\/itc.foxdeveloper.org\/fr\/produit\/eco-velvet\/\"]}]},{\"@type\":\"BreadcrumbList\",\"@id\":\"https:\/\/itc.foxdeveloper.org\/fr\/produit\/eco-velvet\/#breadcrumb\",\"itemListElement\":[{\"@type\":\"ListItem\",\"position\":1,\"name\":\"Home\",\"item\":\"https:\/\/itc.foxdeveloper.org\/fr\/accueil\/\"},{\"@type\":\"ListItem\",\"position\":2,\"name\":\"Tous les produits\",\"item\":\"https:\/\/itc.foxdeveloper.org\/tous-les-produits\/\"},{\"@type\":\"ListItem\",\"position\":3,\"name\":\"Eco-Velvet\"}]},{\"@type\":\"WebSite\",\"@id\":\"https:\/\/itc.foxdeveloper.org\/fr\/#website\",\"url\":\"https:\/\/itc.foxdeveloper.org\/fr\/\",\"name\":\"ITC\",\"description\":\"\",\"potentialAction\":[{\"@type\":\"SearchAction\",\"target\":{\"@type\":\"EntryPoint\",\"urlTemplate\":\"https:\/\/itc.foxdeveloper.org\/fr\/?s={search_term_string}\"},\"query-input\":\"required name=search_term_string\"}],\"inLanguage\":\"fr-FR\"}]}<\/script>\n<!-- \/ Yoast SEO plugin. -->","yoast_head_json":{"title":"Eco-Velvet - ITC","robots":{"index":"index","follow":"follow","max-snippet":"max-snippet:-1","max-image-preview":"max-image-preview:large","max-video-preview":"max-video-preview:-1"},"canonical":"https:\/\/itc.foxdeveloper.org\/fr\/produit\/eco-velvet\/","og_locale":"fr_FR","og_type":"article","og_title":"Eco-Velvet - ITC","og_description":"D\u00e9couvrez l&rsquo;allure luxueuse d&rsquo;Eco-Velvet, un tapis de velours tiss\u00e9 \u00e0 la main \u00e0 partir de laine n\u00e9o-z\u00e9landaise non teint\u00e9e 100 % naturelle. Parfait pour un usage domestique et commercial intensif, il offre une finition douce, lisse et durable, cr\u00e9ant un aspect \u00e9l\u00e9gant et raffin\u00e9. Avec des tapis sur mesure disponibles dans des dimensions personnalis\u00e9es jusqu&rsquo;\u00e0 [&hellip;]","og_url":"https:\/\/itc.foxdeveloper.org\/fr\/produit\/eco-velvet\/","og_site_name":"ITC","twitter_card":"summary_large_image","schema":{"@context":"https:\/\/schema.org","@graph":[{"@type":"WebPage","@id":"https:\/\/itc.foxdeveloper.org\/fr\/produit\/eco-velvet\/","url":"https:\/\/itc.foxdeveloper.org\/fr\/produit\/eco-velvet\/","name":"Eco-Velvet - ITC","isPartOf":{"@id":"https:\/\/itc.foxdeveloper.org\/fr\/#website"},"datePublished":"2023-06-19T09:39:34+00:00","dateModified":"2023-06-19T09:39:34+00:00","breadcrumb":{"@id":"https:\/\/itc.foxdeveloper.org\/fr\/produit\/eco-velvet\/#breadcrumb"},"inLanguage":"fr-FR","potentialAction":[{"@type":"ReadAction","target":["https:\/\/itc.foxdeveloper.org\/fr\/produit\/eco-velvet\/"]}]},{"@type":"BreadcrumbList","@id":"https:\/\/itc.foxdeveloper.org\/fr\/produit\/eco-velvet\/#breadcrumb","itemListElement":[{"@type":"ListItem","position":1,"name":"Home","item":"https:\/\/itc.foxdeveloper.org\/fr\/accueil\/"},{"@type":"ListItem","position":2,"name":"Tous les produits","item":"https:\/\/itc.foxdeveloper.org\/tous-les-produits\/"},{"@type":"ListItem","position":3,"name":"Eco-Velvet"}]},{"@type":"WebSite","@id":"https:\/\/itc.foxdeveloper.org\/fr\/#website","url":"https:\/\/itc.foxdeveloper.org\/fr\/","name":"ITC","description":"","potentialAction":[{"@type":"SearchAction","target":{"@type":"EntryPoint","urlTemplate":"https:\/\/itc.foxdeveloper.org\/fr\/?s={search_term_string}"},"query-input":"required name=search_term_string"}],"inLanguage":"fr-FR"}]}},"_links":{"self":[{"href":"https:\/\/itc.foxdeveloper.org\/fr\/wp-json\/wp\/v2\/product\/2542"}],"collection":[{"href":"https:\/\/itc.foxdeveloper.org\/fr\/wp-json\/wp\/v2\/product"}],"about":[{"href":"https:\/\/itc.foxdeveloper.org\/fr\/wp-json\/wp\/v2\/types\/product"}],"wp:attachment":[{"href":"https:\/\/itc.foxdeveloper.org\/fr\/wp-json\/wp\/v2\/media?parent=2542"}],"wp:term":[{"taxonomy":"product_cat","embeddable":true,"href":"https:\/\/itc.foxdeveloper.org\/fr\/wp-json\/wp\/v2\/product_cat?post=2542"},{"taxonomy":"product_tag","embeddable":true,"href":"https:\/\/itc.foxdeveloper.org\/fr\/wp-json\/wp\/v2\/product_tag?post=2542"}],"curies":[{"name":"wp","href":"https:\/\/api.w.org\/{rel}","templated":true}]}}