{"id":2516,"date":"2023-06-19T09:35:11","date_gmt":"2023-06-19T09:35:11","guid":{"rendered":"https:\/\/itc.foxdeveloper.org\/product\/chamonix\/"},"modified":"2023-06-19T09:35:11","modified_gmt":"2023-06-19T09:35:11","slug":"chamonix","status":"publish","type":"product","link":"https:\/\/itc.foxdeveloper.org\/fr\/produit\/chamonix\/","title":{"rendered":"Chamonix"},"content":{"rendered":"<p>D\u00e9couvrez le luxe \u00e0 l&rsquo;\u00e9tat pur \u00e0 Chamonix. Fabriqu\u00e9 \u00e0 partir de nylon de haute qualit\u00e9, ce tapis offre une brillance iris\u00e9e \u00e9tonnante et une sensation de douceur sous les pieds. Avec une r\u00e9sistance remarquable, des propri\u00e9t\u00e9s anti-peluches, une durabilit\u00e9 exceptionnelle et une r\u00e9sistance aux taches, Chamonix allie l&rsquo;\u00e9l\u00e9gance \u00e0 la praticit\u00e9. Adapt\u00e9 aux environnements commerciaux et domestiques lourds, il apporte une opulence et des performances in\u00e9gal\u00e9es \u00e0 tout espace.<\/p>\n","protected":false},"excerpt":{"rendered":"<p>D\u00e9couvrez le luxe \u00e0 l&rsquo;\u00e9tat pur \u00e0 Chamonix. Fabriqu\u00e9 \u00e0 partir de nylon de haute qualit\u00e9, ce tapis offre une brillance iris\u00e9e \u00e9tonnante et une sensation de douceur sous les pieds. Avec une r\u00e9sistance remarquable, des propri\u00e9t\u00e9s anti-peluches, une durabilit\u00e9 exceptionnelle et une r\u00e9sistance aux taches, Chamonix allie l&rsquo;\u00e9l\u00e9gance \u00e0 la praticit\u00e9. Adapt\u00e9 aux environnements [&hellip;]<\/p>\n","protected":false},"featured_media":0,"template":"","meta":{"_acf_changed":false},"product_cat":[407],"product_tag":[],"acf":[],"yoast_head":"<!-- This site is optimized with the Yoast SEO plugin v22.5 - https:\/\/yoast.com\/wordpress\/plugins\/seo\/ -->\n<title>Chamonix - ITC<\/title>\n<meta name=\"robots\" content=\"index, follow, max-snippet:-1, max-image-preview:large, max-video-preview:-1\" \/>\n<link rel=\"canonical\" href=\"https:\/\/itc.foxdeveloper.org\/fr\/produit\/chamonix\/\" \/>\n<meta property=\"og:locale\" content=\"fr_FR\" \/>\n<meta property=\"og:type\" content=\"article\" \/>\n<meta property=\"og:title\" content=\"Chamonix - ITC\" \/>\n<meta property=\"og:description\" content=\"D\u00e9couvrez le luxe \u00e0 l&rsquo;\u00e9tat pur \u00e0 Chamonix. Fabriqu\u00e9 \u00e0 partir de nylon de haute qualit\u00e9, ce tapis offre une brillance iris\u00e9e \u00e9tonnante et une sensation de douceur sous les pieds. Avec une r\u00e9sistance remarquable, des propri\u00e9t\u00e9s anti-peluches, une durabilit\u00e9 exceptionnelle et une r\u00e9sistance aux taches, Chamonix allie l&rsquo;\u00e9l\u00e9gance \u00e0 la praticit\u00e9. Adapt\u00e9 aux environnements [&hellip;]\" \/>\n<meta property=\"og:url\" content=\"https:\/\/itc.foxdeveloper.org\/fr\/produit\/chamonix\/\" \/>\n<meta property=\"og:site_name\" content=\"ITC\" \/>\n<meta name=\"twitter:card\" content=\"summary_large_image\" \/>\n<script type=\"application\/ld+json\" class=\"yoast-schema-graph\">{\"@context\":\"https:\/\/schema.org\",\"@graph\":[{\"@type\":\"WebPage\",\"@id\":\"https:\/\/itc.foxdeveloper.org\/fr\/produit\/chamonix\/\",\"url\":\"https:\/\/itc.foxdeveloper.org\/fr\/produit\/chamonix\/\",\"name\":\"Chamonix - ITC\",\"isPartOf\":{\"@id\":\"https:\/\/itc.foxdeveloper.org\/fr\/#website\"},\"datePublished\":\"2023-06-19T09:35:11+00:00\",\"dateModified\":\"2023-06-19T09:35:11+00:00\",\"breadcrumb\":{\"@id\":\"https:\/\/itc.foxdeveloper.org\/fr\/produit\/chamonix\/#breadcrumb\"},\"inLanguage\":\"fr-FR\",\"potentialAction\":[{\"@type\":\"ReadAction\",\"target\":[\"https:\/\/itc.foxdeveloper.org\/fr\/produit\/chamonix\/\"]}]},{\"@type\":\"BreadcrumbList\",\"@id\":\"https:\/\/itc.foxdeveloper.org\/fr\/produit\/chamonix\/#breadcrumb\",\"itemListElement\":[{\"@type\":\"ListItem\",\"position\":1,\"name\":\"Home\",\"item\":\"https:\/\/itc.foxdeveloper.org\/fr\/accueil\/\"},{\"@type\":\"ListItem\",\"position\":2,\"name\":\"Tous les produits\",\"item\":\"https:\/\/itc.foxdeveloper.org\/tous-les-produits\/\"},{\"@type\":\"ListItem\",\"position\":3,\"name\":\"Chamonix\"}]},{\"@type\":\"WebSite\",\"@id\":\"https:\/\/itc.foxdeveloper.org\/fr\/#website\",\"url\":\"https:\/\/itc.foxdeveloper.org\/fr\/\",\"name\":\"ITC\",\"description\":\"\",\"potentialAction\":[{\"@type\":\"SearchAction\",\"target\":{\"@type\":\"EntryPoint\",\"urlTemplate\":\"https:\/\/itc.foxdeveloper.org\/fr\/?s={search_term_string}\"},\"query-input\":\"required name=search_term_string\"}],\"inLanguage\":\"fr-FR\"}]}<\/script>\n<!-- \/ Yoast SEO plugin. -->","yoast_head_json":{"title":"Chamonix - ITC","robots":{"index":"index","follow":"follow","max-snippet":"max-snippet:-1","max-image-preview":"max-image-preview:large","max-video-preview":"max-video-preview:-1"},"canonical":"https:\/\/itc.foxdeveloper.org\/fr\/produit\/chamonix\/","og_locale":"fr_FR","og_type":"article","og_title":"Chamonix - ITC","og_description":"D\u00e9couvrez le luxe \u00e0 l&rsquo;\u00e9tat pur \u00e0 Chamonix. Fabriqu\u00e9 \u00e0 partir de nylon de haute qualit\u00e9, ce tapis offre une brillance iris\u00e9e \u00e9tonnante et une sensation de douceur sous les pieds. Avec une r\u00e9sistance remarquable, des propri\u00e9t\u00e9s anti-peluches, une durabilit\u00e9 exceptionnelle et une r\u00e9sistance aux taches, Chamonix allie l&rsquo;\u00e9l\u00e9gance \u00e0 la praticit\u00e9. Adapt\u00e9 aux environnements [&hellip;]","og_url":"https:\/\/itc.foxdeveloper.org\/fr\/produit\/chamonix\/","og_site_name":"ITC","twitter_card":"summary_large_image","schema":{"@context":"https:\/\/schema.org","@graph":[{"@type":"WebPage","@id":"https:\/\/itc.foxdeveloper.org\/fr\/produit\/chamonix\/","url":"https:\/\/itc.foxdeveloper.org\/fr\/produit\/chamonix\/","name":"Chamonix - ITC","isPartOf":{"@id":"https:\/\/itc.foxdeveloper.org\/fr\/#website"},"datePublished":"2023-06-19T09:35:11+00:00","dateModified":"2023-06-19T09:35:11+00:00","breadcrumb":{"@id":"https:\/\/itc.foxdeveloper.org\/fr\/produit\/chamonix\/#breadcrumb"},"inLanguage":"fr-FR","potentialAction":[{"@type":"ReadAction","target":["https:\/\/itc.foxdeveloper.org\/fr\/produit\/chamonix\/"]}]},{"@type":"BreadcrumbList","@id":"https:\/\/itc.foxdeveloper.org\/fr\/produit\/chamonix\/#breadcrumb","itemListElement":[{"@type":"ListItem","position":1,"name":"Home","item":"https:\/\/itc.foxdeveloper.org\/fr\/accueil\/"},{"@type":"ListItem","position":2,"name":"Tous les produits","item":"https:\/\/itc.foxdeveloper.org\/tous-les-produits\/"},{"@type":"ListItem","position":3,"name":"Chamonix"}]},{"@type":"WebSite","@id":"https:\/\/itc.foxdeveloper.org\/fr\/#website","url":"https:\/\/itc.foxdeveloper.org\/fr\/","name":"ITC","description":"","potentialAction":[{"@type":"SearchAction","target":{"@type":"EntryPoint","urlTemplate":"https:\/\/itc.foxdeveloper.org\/fr\/?s={search_term_string}"},"query-input":"required name=search_term_string"}],"inLanguage":"fr-FR"}]}},"_links":{"self":[{"href":"https:\/\/itc.foxdeveloper.org\/fr\/wp-json\/wp\/v2\/product\/2516"}],"collection":[{"href":"https:\/\/itc.foxdeveloper.org\/fr\/wp-json\/wp\/v2\/product"}],"about":[{"href":"https:\/\/itc.foxdeveloper.org\/fr\/wp-json\/wp\/v2\/types\/product"}],"wp:attachment":[{"href":"https:\/\/itc.foxdeveloper.org\/fr\/wp-json\/wp\/v2\/media?parent=2516"}],"wp:term":[{"taxonomy":"product_cat","embeddable":true,"href":"https:\/\/itc.foxdeveloper.org\/fr\/wp-json\/wp\/v2\/product_cat?post=2516"},{"taxonomy":"product_tag","embeddable":true,"href":"https:\/\/itc.foxdeveloper.org\/fr\/wp-json\/wp\/v2\/product_tag?post=2516"}],"curies":[{"name":"wp","href":"https:\/\/api.w.org\/{rel}","templated":true}]}}