{"id":2472,"date":"2023-06-19T09:34:48","date_gmt":"2023-06-19T09:34:48","guid":{"rendered":"https:\/\/itc.foxdeveloper.org\/product\/chablis\/"},"modified":"2023-06-19T09:34:48","modified_gmt":"2023-06-19T09:34:48","slug":"chablis","status":"publish","type":"product","link":"https:\/\/itc.foxdeveloper.org\/fr\/produit\/chablis\/","title":{"rendered":"Chablis"},"content":{"rendered":"<p>Entrez dans le royaume de la sophistication avec notre tapis en nylon luxueux et contemporain. Con\u00e7u avec une brillance \u00e9l\u00e9gante rappelant la soie, ce tapis incarne une esth\u00e9tique \u00e0 la mode o\u00f9 convergent le style, le design et la praticit\u00e9. Avec sa classification domestique et commerciale, il s&rsquo;adapte parfaitement \u00e0 un large \u00e9ventail de lieux. Rehaussez votre espace avec un tapis qui allie sans effort un style moderne \u00e0 une fonctionnalit\u00e9 durable.<\/p>\n","protected":false},"excerpt":{"rendered":"<p>Entrez dans le royaume de la sophistication avec notre tapis en nylon luxueux et contemporain. Con\u00e7u avec une brillance \u00e9l\u00e9gante rappelant la soie, ce tapis incarne une esth\u00e9tique \u00e0 la mode o\u00f9 convergent le style, le design et la praticit\u00e9. Avec sa classification domestique et commerciale, il s&rsquo;adapte parfaitement \u00e0 un large \u00e9ventail de lieux. [&hellip;]<\/p>\n","protected":false},"featured_media":0,"template":"","meta":{"_acf_changed":false},"product_cat":[407],"product_tag":[],"acf":[],"yoast_head":"<!-- This site is optimized with the Yoast SEO plugin v22.5 - https:\/\/yoast.com\/wordpress\/plugins\/seo\/ -->\n<title>Chablis - ITC<\/title>\n<meta name=\"robots\" content=\"index, follow, max-snippet:-1, max-image-preview:large, max-video-preview:-1\" \/>\n<link rel=\"canonical\" href=\"https:\/\/itc.foxdeveloper.org\/fr\/produit\/chablis\/\" \/>\n<meta property=\"og:locale\" content=\"fr_FR\" \/>\n<meta property=\"og:type\" content=\"article\" \/>\n<meta property=\"og:title\" content=\"Chablis - ITC\" \/>\n<meta property=\"og:description\" content=\"Entrez dans le royaume de la sophistication avec notre tapis en nylon luxueux et contemporain. Con\u00e7u avec une brillance \u00e9l\u00e9gante rappelant la soie, ce tapis incarne une esth\u00e9tique \u00e0 la mode o\u00f9 convergent le style, le design et la praticit\u00e9. Avec sa classification domestique et commerciale, il s&rsquo;adapte parfaitement \u00e0 un large \u00e9ventail de lieux. [&hellip;]\" \/>\n<meta property=\"og:url\" content=\"https:\/\/itc.foxdeveloper.org\/fr\/produit\/chablis\/\" \/>\n<meta property=\"og:site_name\" content=\"ITC\" \/>\n<meta name=\"twitter:card\" content=\"summary_large_image\" \/>\n<script type=\"application\/ld+json\" class=\"yoast-schema-graph\">{\"@context\":\"https:\/\/schema.org\",\"@graph\":[{\"@type\":\"WebPage\",\"@id\":\"https:\/\/itc.foxdeveloper.org\/fr\/produit\/chablis\/\",\"url\":\"https:\/\/itc.foxdeveloper.org\/fr\/produit\/chablis\/\",\"name\":\"Chablis - ITC\",\"isPartOf\":{\"@id\":\"https:\/\/itc.foxdeveloper.org\/fr\/#website\"},\"datePublished\":\"2023-06-19T09:34:48+00:00\",\"dateModified\":\"2023-06-19T09:34:48+00:00\",\"breadcrumb\":{\"@id\":\"https:\/\/itc.foxdeveloper.org\/fr\/produit\/chablis\/#breadcrumb\"},\"inLanguage\":\"fr-FR\",\"potentialAction\":[{\"@type\":\"ReadAction\",\"target\":[\"https:\/\/itc.foxdeveloper.org\/fr\/produit\/chablis\/\"]}]},{\"@type\":\"BreadcrumbList\",\"@id\":\"https:\/\/itc.foxdeveloper.org\/fr\/produit\/chablis\/#breadcrumb\",\"itemListElement\":[{\"@type\":\"ListItem\",\"position\":1,\"name\":\"Home\",\"item\":\"https:\/\/itc.foxdeveloper.org\/fr\/accueil\/\"},{\"@type\":\"ListItem\",\"position\":2,\"name\":\"Tous les produits\",\"item\":\"https:\/\/itc.foxdeveloper.org\/tous-les-produits\/\"},{\"@type\":\"ListItem\",\"position\":3,\"name\":\"Chablis\"}]},{\"@type\":\"WebSite\",\"@id\":\"https:\/\/itc.foxdeveloper.org\/fr\/#website\",\"url\":\"https:\/\/itc.foxdeveloper.org\/fr\/\",\"name\":\"ITC\",\"description\":\"\",\"potentialAction\":[{\"@type\":\"SearchAction\",\"target\":{\"@type\":\"EntryPoint\",\"urlTemplate\":\"https:\/\/itc.foxdeveloper.org\/fr\/?s={search_term_string}\"},\"query-input\":\"required name=search_term_string\"}],\"inLanguage\":\"fr-FR\"}]}<\/script>\n<!-- \/ Yoast SEO plugin. -->","yoast_head_json":{"title":"Chablis - ITC","robots":{"index":"index","follow":"follow","max-snippet":"max-snippet:-1","max-image-preview":"max-image-preview:large","max-video-preview":"max-video-preview:-1"},"canonical":"https:\/\/itc.foxdeveloper.org\/fr\/produit\/chablis\/","og_locale":"fr_FR","og_type":"article","og_title":"Chablis - ITC","og_description":"Entrez dans le royaume de la sophistication avec notre tapis en nylon luxueux et contemporain. Con\u00e7u avec une brillance \u00e9l\u00e9gante rappelant la soie, ce tapis incarne une esth\u00e9tique \u00e0 la mode o\u00f9 convergent le style, le design et la praticit\u00e9. Avec sa classification domestique et commerciale, il s&rsquo;adapte parfaitement \u00e0 un large \u00e9ventail de lieux. [&hellip;]","og_url":"https:\/\/itc.foxdeveloper.org\/fr\/produit\/chablis\/","og_site_name":"ITC","twitter_card":"summary_large_image","schema":{"@context":"https:\/\/schema.org","@graph":[{"@type":"WebPage","@id":"https:\/\/itc.foxdeveloper.org\/fr\/produit\/chablis\/","url":"https:\/\/itc.foxdeveloper.org\/fr\/produit\/chablis\/","name":"Chablis - ITC","isPartOf":{"@id":"https:\/\/itc.foxdeveloper.org\/fr\/#website"},"datePublished":"2023-06-19T09:34:48+00:00","dateModified":"2023-06-19T09:34:48+00:00","breadcrumb":{"@id":"https:\/\/itc.foxdeveloper.org\/fr\/produit\/chablis\/#breadcrumb"},"inLanguage":"fr-FR","potentialAction":[{"@type":"ReadAction","target":["https:\/\/itc.foxdeveloper.org\/fr\/produit\/chablis\/"]}]},{"@type":"BreadcrumbList","@id":"https:\/\/itc.foxdeveloper.org\/fr\/produit\/chablis\/#breadcrumb","itemListElement":[{"@type":"ListItem","position":1,"name":"Home","item":"https:\/\/itc.foxdeveloper.org\/fr\/accueil\/"},{"@type":"ListItem","position":2,"name":"Tous les produits","item":"https:\/\/itc.foxdeveloper.org\/tous-les-produits\/"},{"@type":"ListItem","position":3,"name":"Chablis"}]},{"@type":"WebSite","@id":"https:\/\/itc.foxdeveloper.org\/fr\/#website","url":"https:\/\/itc.foxdeveloper.org\/fr\/","name":"ITC","description":"","potentialAction":[{"@type":"SearchAction","target":{"@type":"EntryPoint","urlTemplate":"https:\/\/itc.foxdeveloper.org\/fr\/?s={search_term_string}"},"query-input":"required name=search_term_string"}],"inLanguage":"fr-FR"}]}},"_links":{"self":[{"href":"https:\/\/itc.foxdeveloper.org\/fr\/wp-json\/wp\/v2\/product\/2472"}],"collection":[{"href":"https:\/\/itc.foxdeveloper.org\/fr\/wp-json\/wp\/v2\/product"}],"about":[{"href":"https:\/\/itc.foxdeveloper.org\/fr\/wp-json\/wp\/v2\/types\/product"}],"wp:attachment":[{"href":"https:\/\/itc.foxdeveloper.org\/fr\/wp-json\/wp\/v2\/media?parent=2472"}],"wp:term":[{"taxonomy":"product_cat","embeddable":true,"href":"https:\/\/itc.foxdeveloper.org\/fr\/wp-json\/wp\/v2\/product_cat?post=2472"},{"taxonomy":"product_tag","embeddable":true,"href":"https:\/\/itc.foxdeveloper.org\/fr\/wp-json\/wp\/v2\/product_tag?post=2472"}],"curies":[{"name":"wp","href":"https:\/\/api.w.org\/{rel}","templated":true}]}}