{"id":2334,"date":"2023-06-05T13:52:05","date_gmt":"2023-06-05T13:52:05","guid":{"rendered":"https:\/\/itc.foxdeveloper.org\/a-propos-de\/"},"modified":"2024-02-19T08:31:45","modified_gmt":"2024-02-19T08:31:45","slug":"a-propos-de","status":"publish","type":"page","link":"https:\/\/itc.foxdeveloper.org\/fr\/a-propos-de\/","title":{"rendered":"A propos de"},"content":{"rendered":"\t\t<div data-elementor-type=\"wp-page\" data-elementor-id=\"2334\" class=\"elementor elementor-2334 elementor-452\" data-elementor-post-type=\"page\">\n\t\t\t\t<div data-dce-background-image-url=\"https:\/\/itc.foxdeveloper.org\/wp-content\/uploads\/2023\/05\/itc_product_-16.jpg\" class=\"elementor-element elementor-element-9c00702 e-flex e-con-boxed e-con e-parent\" data-id=\"9c00702\" data-element_type=\"container\" data-settings=\"{&quot;background_background&quot;:&quot;classic&quot;}\">\n\t\t\t\t\t<div class=\"e-con-inner\">\n\t\t\t\t\t<\/div>\n\t\t\t\t<\/div>\n\t\t<div class=\"elementor-element elementor-element-3f6ed986 e-flex e-con-boxed e-con e-parent\" data-id=\"3f6ed986\" data-element_type=\"container\">\n\t\t\t\t\t<div class=\"e-con-inner\">\n\t\t<div class=\"elementor-element elementor-element-7f4d560c e-con-full e-flex e-con e-parent\" data-id=\"7f4d560c\" data-element_type=\"container\">\n\t\t\t\t<div class=\"elementor-element elementor-element-2e11a61 elementor-widget__width-inherit elementor-widget elementor-widget-heading\" data-id=\"2e11a61\" data-element_type=\"widget\" data-widget_type=\"heading.default\">\n\t\t\t\t<div class=\"elementor-widget-container\">\n\t\t\t<h2 class=\"elementor-heading-title elementor-size-default\">A propos de<\/h2>\t\t<\/div>\n\t\t\t\t<\/div>\n\t\t\t\t<div class=\"elementor-element elementor-element-5f1c4cb5 elementor-widget elementor-widget-text-editor\" data-id=\"5f1c4cb5\" data-element_type=\"widget\" data-widget_type=\"text-editor.default\">\n\t\t\t\t<div class=\"elementor-widget-container\">\n\t\t\t\t\t\t\t<p>Depuis plus de cinq d\u00e9cennies, nous nous sommes donn\u00e9 pour mission de donner acc\u00e8s \u00e0 des moquettes merveilleusement fabriqu\u00e9es, tiss\u00e9es et con\u00e7ues \u00e0 des personnes du monde entier. Qu&rsquo;il s&rsquo;agisse d&rsquo;une entreprise, d&rsquo;une maison ou d&rsquo;un espace public, le CCI propose des produits luxueux pour tous les espaces.<\/p>\n<\/p>\n<p>Fond\u00e9e en 1968, notre soci\u00e9t\u00e9 est rapidement devenue un leader sur le march\u00e9 des moquettes de luxe. Ce succ\u00e8s nous a permis de collaborer avec un large \u00e9ventail de personnes, d&rsquo;entreprises et d&rsquo;organisations, en mettant notre expertise au service de la cr\u00e9ativit\u00e9, de l&rsquo;esth\u00e9tique et de l&rsquo;innovation dans le domaine des rev\u00eatements de sol. Nos produits sont privil\u00e9gi\u00e9s par les d\u00e9corateurs d&rsquo;int\u00e9rieur, les architectes et les entrepreneurs lorsqu&rsquo;ils se lancent dans leurs projets.<\/p>\n<\/p>\n<p>Avec une large gamme de produits de rev\u00eatement de sol, nous comprenons que chaque client a son propre style et ses propres pr\u00e9f\u00e9rences. Du sisal et du coco \u00e0 la laine de Nouvelle-Z\u00e9lande, en passant par la soie, la viscose, le bananier et les fibres de bambou, nos tapis et moquettes tiss\u00e9s naturellement ne manqueront pas de vous inspirer. Explorez notre superbe gamme de produits et d\u00e9couvrez la solution de rev\u00eatement de sol id\u00e9ale pour votre projet.<\/p>\n\t\t\t\t\t\t<\/div>\n\t\t\t\t<\/div>\n\t\t\t\t<\/div>\n\t\t<div class=\"elementor-element elementor-element-430db04a e-con-full e-flex e-con e-parent\" data-id=\"430db04a\" data-element_type=\"container\">\n\t\t\t\t<div class=\"elementor-element elementor-element-407b9207 dce_masking-none elementor-widget elementor-widget-image\" data-id=\"407b9207\" data-element_type=\"widget\" data-widget_type=\"image.default\">\n\t\t\t\t<div class=\"elementor-widget-container\">\n\t\t\t\t\t\t\t\t\t\t\t\t\t<img fetchpriority=\"high\" decoding=\"async\" width=\"1072\" height=\"1145\" src=\"https:\/\/itc.foxdeveloper.org\/wp-content\/uploads\/2023\/05\/image2x.jpg\" class=\"attachment-full size-full wp-image-114\" alt=\"\" srcset=\"https:\/\/itc.foxdeveloper.org\/wp-content\/uploads\/2023\/05\/image2x.jpg 1072w, https:\/\/itc.foxdeveloper.org\/wp-content\/uploads\/2023\/05\/image2x-281x300.jpg 281w, https:\/\/itc.foxdeveloper.org\/wp-content\/uploads\/2023\/05\/image2x-959x1024.jpg 959w, https:\/\/itc.foxdeveloper.org\/wp-content\/uploads\/2023\/05\/image2x-768x820.jpg 768w, https:\/\/itc.foxdeveloper.org\/wp-content\/uploads\/2023\/05\/image2x-600x641.jpg 600w\" sizes=\"(max-width: 1072px) 100vw, 1072px\" \/>\t\t\t\t\t\t\t\t\t\t\t\t\t<\/div>\n\t\t\t\t<\/div>\n\t\t\t\t<\/div>\n\t\t\t\t\t<\/div>\n\t\t\t\t<\/div>\n\t\t\t\t<\/div>\n\t\t","protected":false},"excerpt":{"rendered":"<p>A propos de Depuis plus de cinq d\u00e9cennies, nous nous sommes donn\u00e9 pour mission de donner acc\u00e8s \u00e0 des moquettes merveilleusement fabriqu\u00e9es, tiss\u00e9es et con\u00e7ues \u00e0 des personnes du monde entier. Qu&rsquo;il s&rsquo;agisse d&rsquo;une entreprise, d&rsquo;une maison ou d&rsquo;un espace public, le CCI propose des produits luxueux pour tous les espaces. Fond\u00e9e en 1968, notre [&hellip;]<\/p>\n","protected":false},"author":1,"featured_media":0,"parent":0,"menu_order":0,"comment_status":"closed","ping_status":"closed","template":"elementor_header_footer","meta":{"_acf_changed":false,"footnotes":""},"acf":[],"yoast_head":"<!-- This site is optimized with the Yoast SEO plugin v22.5 - https:\/\/yoast.com\/wordpress\/plugins\/seo\/ -->\n<title>A propos de - ITC<\/title>\n<meta name=\"robots\" content=\"index, follow, max-snippet:-1, max-image-preview:large, max-video-preview:-1\" \/>\n<link rel=\"canonical\" href=\"https:\/\/itc.foxdeveloper.org\/fr\/a-propos-de\/\" \/>\n<meta property=\"og:locale\" content=\"fr_FR\" \/>\n<meta property=\"og:type\" content=\"article\" \/>\n<meta property=\"og:title\" content=\"A propos de - ITC\" \/>\n<meta property=\"og:description\" content=\"A propos de Depuis plus de cinq d\u00e9cennies, nous nous sommes donn\u00e9 pour mission de donner acc\u00e8s \u00e0 des moquettes merveilleusement fabriqu\u00e9es, tiss\u00e9es et con\u00e7ues \u00e0 des personnes du monde entier. Qu&rsquo;il s&rsquo;agisse d&rsquo;une entreprise, d&rsquo;une maison ou d&rsquo;un espace public, le CCI propose des produits luxueux pour tous les espaces. Fond\u00e9e en 1968, notre [&hellip;]\" \/>\n<meta property=\"og:url\" content=\"https:\/\/itc.foxdeveloper.org\/fr\/a-propos-de\/\" \/>\n<meta property=\"og:site_name\" content=\"ITC\" \/>\n<meta property=\"article:modified_time\" content=\"2024-02-19T08:31:45+00:00\" \/>\n<meta property=\"og:image\" content=\"https:\/\/itc.foxdeveloper.org\/wp-content\/uploads\/2023\/05\/image2x.jpg\" \/>\n<meta name=\"twitter:card\" content=\"summary_large_image\" \/>\n<meta name=\"twitter:label1\" content=\"Est. reading time\" \/>\n\t<meta name=\"twitter:data1\" content=\"1 minute\" \/>\n<script type=\"application\/ld+json\" class=\"yoast-schema-graph\">{\"@context\":\"https:\/\/schema.org\",\"@graph\":[{\"@type\":\"WebPage\",\"@id\":\"https:\/\/itc.foxdeveloper.org\/fr\/a-propos-de\/\",\"url\":\"https:\/\/itc.foxdeveloper.org\/fr\/a-propos-de\/\",\"name\":\"A propos de - ITC\",\"isPartOf\":{\"@id\":\"https:\/\/itc.foxdeveloper.org\/fr\/#website\"},\"primaryImageOfPage\":{\"@id\":\"https:\/\/itc.foxdeveloper.org\/fr\/a-propos-de\/#primaryimage\"},\"image\":{\"@id\":\"https:\/\/itc.foxdeveloper.org\/fr\/a-propos-de\/#primaryimage\"},\"thumbnailUrl\":\"https:\/\/itc.foxdeveloper.org\/wp-content\/uploads\/2023\/05\/image2x.jpg\",\"datePublished\":\"2023-06-05T13:52:05+00:00\",\"dateModified\":\"2024-02-19T08:31:45+00:00\",\"breadcrumb\":{\"@id\":\"https:\/\/itc.foxdeveloper.org\/fr\/a-propos-de\/#breadcrumb\"},\"inLanguage\":\"fr-FR\",\"potentialAction\":[{\"@type\":\"ReadAction\",\"target\":[\"https:\/\/itc.foxdeveloper.org\/fr\/a-propos-de\/\"]}]},{\"@type\":\"ImageObject\",\"inLanguage\":\"fr-FR\",\"@id\":\"https:\/\/itc.foxdeveloper.org\/fr\/a-propos-de\/#primaryimage\",\"url\":\"https:\/\/itc.foxdeveloper.org\/wp-content\/uploads\/2023\/05\/image2x.jpg\",\"contentUrl\":\"https:\/\/itc.foxdeveloper.org\/wp-content\/uploads\/2023\/05\/image2x.jpg\"},{\"@type\":\"BreadcrumbList\",\"@id\":\"https:\/\/itc.foxdeveloper.org\/fr\/a-propos-de\/#breadcrumb\",\"itemListElement\":[{\"@type\":\"ListItem\",\"position\":1,\"name\":\"Home\",\"item\":\"https:\/\/itc.foxdeveloper.org\/fr\/accueil\/\"},{\"@type\":\"ListItem\",\"position\":2,\"name\":\"A propos de\"}]},{\"@type\":\"WebSite\",\"@id\":\"https:\/\/itc.foxdeveloper.org\/fr\/#website\",\"url\":\"https:\/\/itc.foxdeveloper.org\/fr\/\",\"name\":\"ITC\",\"description\":\"\",\"potentialAction\":[{\"@type\":\"SearchAction\",\"target\":{\"@type\":\"EntryPoint\",\"urlTemplate\":\"https:\/\/itc.foxdeveloper.org\/fr\/?s={search_term_string}\"},\"query-input\":\"required name=search_term_string\"}],\"inLanguage\":\"fr-FR\"}]}<\/script>\n<!-- \/ Yoast SEO plugin. -->","yoast_head_json":{"title":"A propos de - ITC","robots":{"index":"index","follow":"follow","max-snippet":"max-snippet:-1","max-image-preview":"max-image-preview:large","max-video-preview":"max-video-preview:-1"},"canonical":"https:\/\/itc.foxdeveloper.org\/fr\/a-propos-de\/","og_locale":"fr_FR","og_type":"article","og_title":"A propos de - ITC","og_description":"A propos de Depuis plus de cinq d\u00e9cennies, nous nous sommes donn\u00e9 pour mission de donner acc\u00e8s \u00e0 des moquettes merveilleusement fabriqu\u00e9es, tiss\u00e9es et con\u00e7ues \u00e0 des personnes du monde entier. Qu&rsquo;il s&rsquo;agisse d&rsquo;une entreprise, d&rsquo;une maison ou d&rsquo;un espace public, le CCI propose des produits luxueux pour tous les espaces. Fond\u00e9e en 1968, notre [&hellip;]","og_url":"https:\/\/itc.foxdeveloper.org\/fr\/a-propos-de\/","og_site_name":"ITC","article_modified_time":"2024-02-19T08:31:45+00:00","og_image":[{"url":"https:\/\/itc.foxdeveloper.org\/wp-content\/uploads\/2023\/05\/image2x.jpg"}],"twitter_card":"summary_large_image","twitter_misc":{"Est. reading time":"1 minute"},"schema":{"@context":"https:\/\/schema.org","@graph":[{"@type":"WebPage","@id":"https:\/\/itc.foxdeveloper.org\/fr\/a-propos-de\/","url":"https:\/\/itc.foxdeveloper.org\/fr\/a-propos-de\/","name":"A propos de - ITC","isPartOf":{"@id":"https:\/\/itc.foxdeveloper.org\/fr\/#website"},"primaryImageOfPage":{"@id":"https:\/\/itc.foxdeveloper.org\/fr\/a-propos-de\/#primaryimage"},"image":{"@id":"https:\/\/itc.foxdeveloper.org\/fr\/a-propos-de\/#primaryimage"},"thumbnailUrl":"https:\/\/itc.foxdeveloper.org\/wp-content\/uploads\/2023\/05\/image2x.jpg","datePublished":"2023-06-05T13:52:05+00:00","dateModified":"2024-02-19T08:31:45+00:00","breadcrumb":{"@id":"https:\/\/itc.foxdeveloper.org\/fr\/a-propos-de\/#breadcrumb"},"inLanguage":"fr-FR","potentialAction":[{"@type":"ReadAction","target":["https:\/\/itc.foxdeveloper.org\/fr\/a-propos-de\/"]}]},{"@type":"ImageObject","inLanguage":"fr-FR","@id":"https:\/\/itc.foxdeveloper.org\/fr\/a-propos-de\/#primaryimage","url":"https:\/\/itc.foxdeveloper.org\/wp-content\/uploads\/2023\/05\/image2x.jpg","contentUrl":"https:\/\/itc.foxdeveloper.org\/wp-content\/uploads\/2023\/05\/image2x.jpg"},{"@type":"BreadcrumbList","@id":"https:\/\/itc.foxdeveloper.org\/fr\/a-propos-de\/#breadcrumb","itemListElement":[{"@type":"ListItem","position":1,"name":"Home","item":"https:\/\/itc.foxdeveloper.org\/fr\/accueil\/"},{"@type":"ListItem","position":2,"name":"A propos de"}]},{"@type":"WebSite","@id":"https:\/\/itc.foxdeveloper.org\/fr\/#website","url":"https:\/\/itc.foxdeveloper.org\/fr\/","name":"ITC","description":"","potentialAction":[{"@type":"SearchAction","target":{"@type":"EntryPoint","urlTemplate":"https:\/\/itc.foxdeveloper.org\/fr\/?s={search_term_string}"},"query-input":"required name=search_term_string"}],"inLanguage":"fr-FR"}]}},"_links":{"self":[{"href":"https:\/\/itc.foxdeveloper.org\/fr\/wp-json\/wp\/v2\/pages\/2334"}],"collection":[{"href":"https:\/\/itc.foxdeveloper.org\/fr\/wp-json\/wp\/v2\/pages"}],"about":[{"href":"https:\/\/itc.foxdeveloper.org\/fr\/wp-json\/wp\/v2\/types\/page"}],"author":[{"embeddable":true,"href":"https:\/\/itc.foxdeveloper.org\/fr\/wp-json\/wp\/v2\/users\/1"}],"replies":[{"embeddable":true,"href":"https:\/\/itc.foxdeveloper.org\/fr\/wp-json\/wp\/v2\/comments?post=2334"}],"version-history":[{"count":1,"href":"https:\/\/itc.foxdeveloper.org\/fr\/wp-json\/wp\/v2\/pages\/2334\/revisions"}],"predecessor-version":[{"id":2369,"href":"https:\/\/itc.foxdeveloper.org\/fr\/wp-json\/wp\/v2\/pages\/2334\/revisions\/2369"}],"wp:attachment":[{"href":"https:\/\/itc.foxdeveloper.org\/fr\/wp-json\/wp\/v2\/media?parent=2334"}],"curies":[{"name":"wp","href":"https:\/\/api.w.org\/{rel}","templated":true}]}}