{"id":2215,"date":"2023-06-19T09:41:03","date_gmt":"2023-06-19T09:41:03","guid":{"rendered":"https:\/\/itc.foxdeveloper.org\/product\/toskana\/"},"modified":"2024-03-26T11:49:33","modified_gmt":"2024-03-26T11:49:33","slug":"toskanische","status":"publish","type":"product","link":"https:\/\/itc.foxdeveloper.org\/de\/produkt\/toskanische\/","title":{"rendered":"Toskana"},"content":{"rendered":"<p>Der Toscane ist ein handgewebtes Produkt aus 70% Pet und 30% Wolle. Toscane bietet eine einzigartige Kombination aus Langlebigkeit und Weichheit der Naturfasern. Aufgrund der Fleckenbest\u00e4ndigkeit, der Lichtechtheit und der einfachen Pflege ist Toscane eine praktische Wahl f\u00fcr stark frequentierte Bereiche. Der Zusatz von Wolle verleiht den Teppichen einen Hauch von Luxus, W\u00e4rme und nat\u00fcrlicher Widerstandsf\u00e4higkeit. Diese Mischung schafft eine vielseitige und nachhaltige Option, die die besten Eigenschaften beider Materialien vereint. Ma\u00dfgefertigte Teppiche k\u00f6nnen in jeder Gr\u00f6\u00dfe bis zu einer maximalen Breite von 500 cm bestellt werden.<\/p>\n","protected":false},"excerpt":{"rendered":"<p>Der Toscane ist ein handgewebtes Produkt aus 70% Pet und 30% Wolle. Toscane bietet eine einzigartige Kombination aus Langlebigkeit und Weichheit der Naturfasern. Aufgrund der Fleckenbest\u00e4ndigkeit, der Lichtechtheit und der einfachen Pflege ist Toscane eine praktische Wahl f\u00fcr stark frequentierte Bereiche. Der Zusatz von Wolle verleiht den Teppichen einen Hauch von Luxus, W\u00e4rme und nat\u00fcrlicher [&hellip;]<\/p>\n","protected":false},"featured_media":0,"template":"","meta":{"_acf_changed":false},"product_cat":[222],"product_tag":[],"acf":[],"yoast_head":"<!-- This site is optimized with the Yoast SEO plugin v22.5 - https:\/\/yoast.com\/wordpress\/plugins\/seo\/ -->\n<title>Toskana - ITC<\/title>\n<meta name=\"robots\" content=\"index, follow, max-snippet:-1, max-image-preview:large, max-video-preview:-1\" \/>\n<link rel=\"canonical\" href=\"https:\/\/itc.foxdeveloper.org\/de\/produkt\/toskanische\/\" \/>\n<meta property=\"og:locale\" content=\"de_DE\" \/>\n<meta property=\"og:type\" content=\"article\" \/>\n<meta property=\"og:title\" content=\"Toskana - ITC\" \/>\n<meta property=\"og:description\" content=\"Der Toscane ist ein handgewebtes Produkt aus 70% Pet und 30% Wolle. Toscane bietet eine einzigartige Kombination aus Langlebigkeit und Weichheit der Naturfasern. Aufgrund der Fleckenbest\u00e4ndigkeit, der Lichtechtheit und der einfachen Pflege ist Toscane eine praktische Wahl f\u00fcr stark frequentierte Bereiche. Der Zusatz von Wolle verleiht den Teppichen einen Hauch von Luxus, W\u00e4rme und nat\u00fcrlicher [&hellip;]\" \/>\n<meta property=\"og:url\" content=\"https:\/\/itc.foxdeveloper.org\/de\/produkt\/toskanische\/\" \/>\n<meta property=\"og:site_name\" content=\"ITC\" \/>\n<meta property=\"article:modified_time\" content=\"2024-03-26T11:49:33+00:00\" \/>\n<meta name=\"twitter:card\" content=\"summary_large_image\" \/>\n<script type=\"application\/ld+json\" class=\"yoast-schema-graph\">{\"@context\":\"https:\/\/schema.org\",\"@graph\":[{\"@type\":\"WebPage\",\"@id\":\"https:\/\/itc.foxdeveloper.org\/de\/produkt\/toskanische\/\",\"url\":\"https:\/\/itc.foxdeveloper.org\/de\/produkt\/toskanische\/\",\"name\":\"Toskana - ITC\",\"isPartOf\":{\"@id\":\"https:\/\/itc.foxdeveloper.org\/de\/#website\"},\"datePublished\":\"2023-06-19T09:41:03+00:00\",\"dateModified\":\"2024-03-26T11:49:33+00:00\",\"breadcrumb\":{\"@id\":\"https:\/\/itc.foxdeveloper.org\/de\/produkt\/toskanische\/#breadcrumb\"},\"inLanguage\":\"de-DE\",\"potentialAction\":[{\"@type\":\"ReadAction\",\"target\":[\"https:\/\/itc.foxdeveloper.org\/de\/produkt\/toskanische\/\"]}]},{\"@type\":\"BreadcrumbList\",\"@id\":\"https:\/\/itc.foxdeveloper.org\/de\/produkt\/toskanische\/#breadcrumb\",\"itemListElement\":[{\"@type\":\"ListItem\",\"position\":1,\"name\":\"Home\",\"item\":\"https:\/\/itc.foxdeveloper.org\/de\/\"},{\"@type\":\"ListItem\",\"position\":2,\"name\":\"Alle Produkte\",\"item\":\"https:\/\/itc.foxdeveloper.org\/de\/shop\/\"},{\"@type\":\"ListItem\",\"position\":3,\"name\":\"Breitflor\",\"item\":\"https:\/\/itc.foxdeveloper.org\/de\/produkt-kategorie\/breitflor\/\"},{\"@type\":\"ListItem\",\"position\":4,\"name\":\"Toskana\"}]},{\"@type\":\"WebSite\",\"@id\":\"https:\/\/itc.foxdeveloper.org\/de\/#website\",\"url\":\"https:\/\/itc.foxdeveloper.org\/de\/\",\"name\":\"ITC\",\"description\":\"\",\"potentialAction\":[{\"@type\":\"SearchAction\",\"target\":{\"@type\":\"EntryPoint\",\"urlTemplate\":\"https:\/\/itc.foxdeveloper.org\/de\/?s={search_term_string}\"},\"query-input\":\"required name=search_term_string\"}],\"inLanguage\":\"de-DE\"}]}<\/script>\n<!-- \/ Yoast SEO plugin. -->","yoast_head_json":{"title":"Toskana - ITC","robots":{"index":"index","follow":"follow","max-snippet":"max-snippet:-1","max-image-preview":"max-image-preview:large","max-video-preview":"max-video-preview:-1"},"canonical":"https:\/\/itc.foxdeveloper.org\/de\/produkt\/toskanische\/","og_locale":"de_DE","og_type":"article","og_title":"Toskana - ITC","og_description":"Der Toscane ist ein handgewebtes Produkt aus 70% Pet und 30% Wolle. Toscane bietet eine einzigartige Kombination aus Langlebigkeit und Weichheit der Naturfasern. Aufgrund der Fleckenbest\u00e4ndigkeit, der Lichtechtheit und der einfachen Pflege ist Toscane eine praktische Wahl f\u00fcr stark frequentierte Bereiche. Der Zusatz von Wolle verleiht den Teppichen einen Hauch von Luxus, W\u00e4rme und nat\u00fcrlicher [&hellip;]","og_url":"https:\/\/itc.foxdeveloper.org\/de\/produkt\/toskanische\/","og_site_name":"ITC","article_modified_time":"2024-03-26T11:49:33+00:00","twitter_card":"summary_large_image","schema":{"@context":"https:\/\/schema.org","@graph":[{"@type":"WebPage","@id":"https:\/\/itc.foxdeveloper.org\/de\/produkt\/toskanische\/","url":"https:\/\/itc.foxdeveloper.org\/de\/produkt\/toskanische\/","name":"Toskana - ITC","isPartOf":{"@id":"https:\/\/itc.foxdeveloper.org\/de\/#website"},"datePublished":"2023-06-19T09:41:03+00:00","dateModified":"2024-03-26T11:49:33+00:00","breadcrumb":{"@id":"https:\/\/itc.foxdeveloper.org\/de\/produkt\/toskanische\/#breadcrumb"},"inLanguage":"de-DE","potentialAction":[{"@type":"ReadAction","target":["https:\/\/itc.foxdeveloper.org\/de\/produkt\/toskanische\/"]}]},{"@type":"BreadcrumbList","@id":"https:\/\/itc.foxdeveloper.org\/de\/produkt\/toskanische\/#breadcrumb","itemListElement":[{"@type":"ListItem","position":1,"name":"Home","item":"https:\/\/itc.foxdeveloper.org\/de\/"},{"@type":"ListItem","position":2,"name":"Alle Produkte","item":"https:\/\/itc.foxdeveloper.org\/de\/shop\/"},{"@type":"ListItem","position":3,"name":"Breitflor","item":"https:\/\/itc.foxdeveloper.org\/de\/produkt-kategorie\/breitflor\/"},{"@type":"ListItem","position":4,"name":"Toskana"}]},{"@type":"WebSite","@id":"https:\/\/itc.foxdeveloper.org\/de\/#website","url":"https:\/\/itc.foxdeveloper.org\/de\/","name":"ITC","description":"","potentialAction":[{"@type":"SearchAction","target":{"@type":"EntryPoint","urlTemplate":"https:\/\/itc.foxdeveloper.org\/de\/?s={search_term_string}"},"query-input":"required name=search_term_string"}],"inLanguage":"de-DE"}]}},"_links":{"self":[{"href":"https:\/\/itc.foxdeveloper.org\/de\/wp-json\/wp\/v2\/product\/2215"}],"collection":[{"href":"https:\/\/itc.foxdeveloper.org\/de\/wp-json\/wp\/v2\/product"}],"about":[{"href":"https:\/\/itc.foxdeveloper.org\/de\/wp-json\/wp\/v2\/types\/product"}],"wp:attachment":[{"href":"https:\/\/itc.foxdeveloper.org\/de\/wp-json\/wp\/v2\/media?parent=2215"}],"wp:term":[{"taxonomy":"product_cat","embeddable":true,"href":"https:\/\/itc.foxdeveloper.org\/de\/wp-json\/wp\/v2\/product_cat?post=2215"},{"taxonomy":"product_tag","embeddable":true,"href":"https:\/\/itc.foxdeveloper.org\/de\/wp-json\/wp\/v2\/product_tag?post=2215"}],"curies":[{"name":"wp","href":"https:\/\/api.w.org\/{rel}","templated":true}]}}