{"id":2109,"date":"2023-06-19T09:41:26","date_gmt":"2023-06-19T09:41:26","guid":{"rendered":"https:\/\/itc.foxdeveloper.org\/product\/habanna\/"},"modified":"2023-10-24T09:03:12","modified_gmt":"2023-10-24T09:03:12","slug":"habanna","status":"publish","type":"product","link":"https:\/\/itc.foxdeveloper.org\/de\/produkt\/habanna\/","title":{"rendered":"Habanna"},"content":{"rendered":"<p>Habanna wird aus Sisal hergestellt, einer umweltfreundlichen und nat\u00fcrlichen Faser. Sisal ist f\u00fcr seine Langlebigkeit und Verschlei\u00dffestigkeit bekannt und daher ideal f\u00fcr stark frequentierte Bereiche. Das Habanna-Sortiment hat hervorragende schalld\u00e4mpfende Eigenschaften und ist von Natur aus antistatisch. Mit ihrem erdigen und strukturierten Aussehen bringen Sisalteppiche einen Hauch von organischer Sch\u00f6nheit in jeden Raum und unterstreichen die nat\u00fcrliche \u00c4sthetik Ihres Hauses. Mit seinem Fischgr\u00e4tenmuster ist Habanna eine zeitlose und elegante Option, die zu vielen Stilen passt.<\/p>\n","protected":false},"excerpt":{"rendered":"<p>Habanna wird aus Sisal hergestellt, einer umweltfreundlichen und nat\u00fcrlichen Faser. Sisal ist f\u00fcr seine Langlebigkeit und Verschlei\u00dffestigkeit bekannt und daher ideal f\u00fcr stark frequentierte Bereiche. Das Habanna-Sortiment hat hervorragende schalld\u00e4mpfende Eigenschaften und ist von Natur aus antistatisch. Mit ihrem erdigen und strukturierten Aussehen bringen Sisalteppiche einen Hauch von organischer Sch\u00f6nheit in jeden Raum und unterstreichen [&hellip;]<\/p>\n","protected":false},"featured_media":0,"template":"","meta":{"_acf_changed":false},"product_cat":[238],"product_tag":[],"acf":[],"yoast_head":"<!-- This site is optimized with the Yoast SEO plugin v22.5 - https:\/\/yoast.com\/wordpress\/plugins\/seo\/ -->\n<title>Habanna - ITC<\/title>\n<meta name=\"robots\" content=\"index, follow, max-snippet:-1, max-image-preview:large, max-video-preview:-1\" \/>\n<link rel=\"canonical\" href=\"https:\/\/itc.foxdeveloper.org\/de\/produkt\/habanna\/\" \/>\n<meta property=\"og:locale\" content=\"de_DE\" \/>\n<meta property=\"og:type\" content=\"article\" \/>\n<meta property=\"og:title\" content=\"Habanna - ITC\" \/>\n<meta property=\"og:description\" content=\"Habanna wird aus Sisal hergestellt, einer umweltfreundlichen und nat\u00fcrlichen Faser. Sisal ist f\u00fcr seine Langlebigkeit und Verschlei\u00dffestigkeit bekannt und daher ideal f\u00fcr stark frequentierte Bereiche. Das Habanna-Sortiment hat hervorragende schalld\u00e4mpfende Eigenschaften und ist von Natur aus antistatisch. Mit ihrem erdigen und strukturierten Aussehen bringen Sisalteppiche einen Hauch von organischer Sch\u00f6nheit in jeden Raum und unterstreichen [&hellip;]\" \/>\n<meta property=\"og:url\" content=\"https:\/\/itc.foxdeveloper.org\/de\/produkt\/habanna\/\" \/>\n<meta property=\"og:site_name\" content=\"ITC\" \/>\n<meta property=\"article:modified_time\" content=\"2023-10-24T09:03:12+00:00\" \/>\n<meta name=\"twitter:card\" content=\"summary_large_image\" \/>\n<meta name=\"twitter:label1\" content=\"Est. reading time\" \/>\n\t<meta name=\"twitter:data1\" content=\"1 Minute\" \/>\n<script type=\"application\/ld+json\" class=\"yoast-schema-graph\">{\"@context\":\"https:\/\/schema.org\",\"@graph\":[{\"@type\":\"WebPage\",\"@id\":\"https:\/\/itc.foxdeveloper.org\/de\/produkt\/habanna\/\",\"url\":\"https:\/\/itc.foxdeveloper.org\/de\/produkt\/habanna\/\",\"name\":\"Habanna - ITC\",\"isPartOf\":{\"@id\":\"https:\/\/itc.foxdeveloper.org\/de\/#website\"},\"datePublished\":\"2023-06-19T09:41:26+00:00\",\"dateModified\":\"2023-10-24T09:03:12+00:00\",\"breadcrumb\":{\"@id\":\"https:\/\/itc.foxdeveloper.org\/de\/produkt\/habanna\/#breadcrumb\"},\"inLanguage\":\"de-DE\",\"potentialAction\":[{\"@type\":\"ReadAction\",\"target\":[\"https:\/\/itc.foxdeveloper.org\/de\/produkt\/habanna\/\"]}]},{\"@type\":\"BreadcrumbList\",\"@id\":\"https:\/\/itc.foxdeveloper.org\/de\/produkt\/habanna\/#breadcrumb\",\"itemListElement\":[{\"@type\":\"ListItem\",\"position\":1,\"name\":\"Home\",\"item\":\"https:\/\/itc.foxdeveloper.org\/de\/\"},{\"@type\":\"ListItem\",\"position\":2,\"name\":\"Alle Produkte\",\"item\":\"https:\/\/itc.foxdeveloper.org\/de\/shop\/\"},{\"@type\":\"ListItem\",\"position\":3,\"name\":\"Sisal\",\"item\":\"https:\/\/itc.foxdeveloper.org\/de\/produkt-kategorie\/sisal-de\/\"},{\"@type\":\"ListItem\",\"position\":4,\"name\":\"Habanna\"}]},{\"@type\":\"WebSite\",\"@id\":\"https:\/\/itc.foxdeveloper.org\/de\/#website\",\"url\":\"https:\/\/itc.foxdeveloper.org\/de\/\",\"name\":\"ITC\",\"description\":\"\",\"potentialAction\":[{\"@type\":\"SearchAction\",\"target\":{\"@type\":\"EntryPoint\",\"urlTemplate\":\"https:\/\/itc.foxdeveloper.org\/de\/?s={search_term_string}\"},\"query-input\":\"required name=search_term_string\"}],\"inLanguage\":\"de-DE\"}]}<\/script>\n<!-- \/ Yoast SEO plugin. -->","yoast_head_json":{"title":"Habanna - ITC","robots":{"index":"index","follow":"follow","max-snippet":"max-snippet:-1","max-image-preview":"max-image-preview:large","max-video-preview":"max-video-preview:-1"},"canonical":"https:\/\/itc.foxdeveloper.org\/de\/produkt\/habanna\/","og_locale":"de_DE","og_type":"article","og_title":"Habanna - ITC","og_description":"Habanna wird aus Sisal hergestellt, einer umweltfreundlichen und nat\u00fcrlichen Faser. Sisal ist f\u00fcr seine Langlebigkeit und Verschlei\u00dffestigkeit bekannt und daher ideal f\u00fcr stark frequentierte Bereiche. Das Habanna-Sortiment hat hervorragende schalld\u00e4mpfende Eigenschaften und ist von Natur aus antistatisch. Mit ihrem erdigen und strukturierten Aussehen bringen Sisalteppiche einen Hauch von organischer Sch\u00f6nheit in jeden Raum und unterstreichen [&hellip;]","og_url":"https:\/\/itc.foxdeveloper.org\/de\/produkt\/habanna\/","og_site_name":"ITC","article_modified_time":"2023-10-24T09:03:12+00:00","twitter_card":"summary_large_image","twitter_misc":{"Est. reading time":"1 Minute"},"schema":{"@context":"https:\/\/schema.org","@graph":[{"@type":"WebPage","@id":"https:\/\/itc.foxdeveloper.org\/de\/produkt\/habanna\/","url":"https:\/\/itc.foxdeveloper.org\/de\/produkt\/habanna\/","name":"Habanna - ITC","isPartOf":{"@id":"https:\/\/itc.foxdeveloper.org\/de\/#website"},"datePublished":"2023-06-19T09:41:26+00:00","dateModified":"2023-10-24T09:03:12+00:00","breadcrumb":{"@id":"https:\/\/itc.foxdeveloper.org\/de\/produkt\/habanna\/#breadcrumb"},"inLanguage":"de-DE","potentialAction":[{"@type":"ReadAction","target":["https:\/\/itc.foxdeveloper.org\/de\/produkt\/habanna\/"]}]},{"@type":"BreadcrumbList","@id":"https:\/\/itc.foxdeveloper.org\/de\/produkt\/habanna\/#breadcrumb","itemListElement":[{"@type":"ListItem","position":1,"name":"Home","item":"https:\/\/itc.foxdeveloper.org\/de\/"},{"@type":"ListItem","position":2,"name":"Alle Produkte","item":"https:\/\/itc.foxdeveloper.org\/de\/shop\/"},{"@type":"ListItem","position":3,"name":"Sisal","item":"https:\/\/itc.foxdeveloper.org\/de\/produkt-kategorie\/sisal-de\/"},{"@type":"ListItem","position":4,"name":"Habanna"}]},{"@type":"WebSite","@id":"https:\/\/itc.foxdeveloper.org\/de\/#website","url":"https:\/\/itc.foxdeveloper.org\/de\/","name":"ITC","description":"","potentialAction":[{"@type":"SearchAction","target":{"@type":"EntryPoint","urlTemplate":"https:\/\/itc.foxdeveloper.org\/de\/?s={search_term_string}"},"query-input":"required name=search_term_string"}],"inLanguage":"de-DE"}]}},"_links":{"self":[{"href":"https:\/\/itc.foxdeveloper.org\/de\/wp-json\/wp\/v2\/product\/2109"}],"collection":[{"href":"https:\/\/itc.foxdeveloper.org\/de\/wp-json\/wp\/v2\/product"}],"about":[{"href":"https:\/\/itc.foxdeveloper.org\/de\/wp-json\/wp\/v2\/types\/product"}],"wp:attachment":[{"href":"https:\/\/itc.foxdeveloper.org\/de\/wp-json\/wp\/v2\/media?parent=2109"}],"wp:term":[{"taxonomy":"product_cat","embeddable":true,"href":"https:\/\/itc.foxdeveloper.org\/de\/wp-json\/wp\/v2\/product_cat?post=2109"},{"taxonomy":"product_tag","embeddable":true,"href":"https:\/\/itc.foxdeveloper.org\/de\/wp-json\/wp\/v2\/product_tag?post=2109"}],"curies":[{"name":"wp","href":"https:\/\/api.w.org\/{rel}","templated":true}]}}