{"id":2108,"date":"2023-06-19T09:35:33","date_gmt":"2023-06-19T09:35:33","guid":{"rendered":"https:\/\/itc.foxdeveloper.org\/product\/delta\/"},"modified":"2024-01-30T10:29:50","modified_gmt":"2024-01-30T10:29:50","slug":"delta","status":"publish","type":"product","link":"https:\/\/itc.foxdeveloper.org\/de\/produkt\/delta\/","title":{"rendered":"Delta"},"content":{"rendered":"<p>Erleben Sie die fesselnde Sch\u00f6nheit von Delta, einem handgewebten Meisterwerk aus 91% PP und 9% Polyester. Mit seinem starken Erscheinungsbild und den eingearbeiteten Linien strahlt dieser schwere Hausteppich Eleganz aus. Delta ist in Standardgr\u00f6\u00dfen und als Ma\u00dfanfertigung bis zu einer maximalen Breite von 400 cm erh\u00e4ltlich und bietet somit eine gro\u00dfe Vielseitigkeit. Versch\u00f6nern Sie Ihre Treppe mit Deltas bezaubernder Ausstrahlung, denn sie ist auch f\u00fcr Treppenbel\u00e4ge erh\u00e4ltlich. Entfesseln Sie die zeitlose Anziehungskraft von Delta und verwandeln Sie Ihren Raum mit seiner fesselnden Pr\u00e4senz. Delta ist auch mit Gelbeschichtung erh\u00e4ltlich, die perfekt f\u00fcr den Au\u00dfenbereich geeignet ist.<\/p>\n","protected":false},"excerpt":{"rendered":"<p>Erleben Sie die fesselnde Sch\u00f6nheit von Delta, einem handgewebten Meisterwerk aus 91% PP und 9% Polyester. Mit seinem starken Erscheinungsbild und den eingearbeiteten Linien strahlt dieser schwere Hausteppich Eleganz aus. Delta ist in Standardgr\u00f6\u00dfen und als Ma\u00dfanfertigung bis zu einer maximalen Breite von 400 cm erh\u00e4ltlich und bietet somit eine gro\u00dfe Vielseitigkeit. Versch\u00f6nern Sie Ihre [&hellip;]<\/p>\n","protected":false},"featured_media":0,"template":"","meta":{"_acf_changed":false},"product_cat":[222],"product_tag":[],"acf":[],"yoast_head":"<!-- This site is optimized with the Yoast SEO plugin v22.5 - https:\/\/yoast.com\/wordpress\/plugins\/seo\/ -->\n<title>Delta - ITC<\/title>\n<meta name=\"robots\" content=\"index, follow, max-snippet:-1, max-image-preview:large, max-video-preview:-1\" \/>\n<link rel=\"canonical\" href=\"https:\/\/itc.foxdeveloper.org\/de\/produkt\/delta\/\" \/>\n<meta property=\"og:locale\" content=\"de_DE\" \/>\n<meta property=\"og:type\" content=\"article\" \/>\n<meta property=\"og:title\" content=\"Delta - ITC\" \/>\n<meta property=\"og:description\" content=\"Erleben Sie die fesselnde Sch\u00f6nheit von Delta, einem handgewebten Meisterwerk aus 91% PP und 9% Polyester. Mit seinem starken Erscheinungsbild und den eingearbeiteten Linien strahlt dieser schwere Hausteppich Eleganz aus. Delta ist in Standardgr\u00f6\u00dfen und als Ma\u00dfanfertigung bis zu einer maximalen Breite von 400 cm erh\u00e4ltlich und bietet somit eine gro\u00dfe Vielseitigkeit. Versch\u00f6nern Sie Ihre [&hellip;]\" \/>\n<meta property=\"og:url\" content=\"https:\/\/itc.foxdeveloper.org\/de\/produkt\/delta\/\" \/>\n<meta property=\"og:site_name\" content=\"ITC\" \/>\n<meta property=\"article:modified_time\" content=\"2024-01-30T10:29:50+00:00\" \/>\n<meta name=\"twitter:card\" content=\"summary_large_image\" \/>\n<meta name=\"twitter:label1\" content=\"Est. reading time\" \/>\n\t<meta name=\"twitter:data1\" content=\"1 Minute\" \/>\n<script type=\"application\/ld+json\" class=\"yoast-schema-graph\">{\"@context\":\"https:\/\/schema.org\",\"@graph\":[{\"@type\":\"WebPage\",\"@id\":\"https:\/\/itc.foxdeveloper.org\/de\/produkt\/delta\/\",\"url\":\"https:\/\/itc.foxdeveloper.org\/de\/produkt\/delta\/\",\"name\":\"Delta - ITC\",\"isPartOf\":{\"@id\":\"https:\/\/itc.foxdeveloper.org\/de\/#website\"},\"datePublished\":\"2023-06-19T09:35:33+00:00\",\"dateModified\":\"2024-01-30T10:29:50+00:00\",\"breadcrumb\":{\"@id\":\"https:\/\/itc.foxdeveloper.org\/de\/produkt\/delta\/#breadcrumb\"},\"inLanguage\":\"de-DE\",\"potentialAction\":[{\"@type\":\"ReadAction\",\"target\":[\"https:\/\/itc.foxdeveloper.org\/de\/produkt\/delta\/\"]}]},{\"@type\":\"BreadcrumbList\",\"@id\":\"https:\/\/itc.foxdeveloper.org\/de\/produkt\/delta\/#breadcrumb\",\"itemListElement\":[{\"@type\":\"ListItem\",\"position\":1,\"name\":\"Home\",\"item\":\"https:\/\/itc.foxdeveloper.org\/de\/\"},{\"@type\":\"ListItem\",\"position\":2,\"name\":\"Alle Produkte\",\"item\":\"https:\/\/itc.foxdeveloper.org\/de\/shop\/\"},{\"@type\":\"ListItem\",\"position\":3,\"name\":\"Breitflor\",\"item\":\"https:\/\/itc.foxdeveloper.org\/de\/produkt-kategorie\/breitflor\/\"},{\"@type\":\"ListItem\",\"position\":4,\"name\":\"Delta\"}]},{\"@type\":\"WebSite\",\"@id\":\"https:\/\/itc.foxdeveloper.org\/de\/#website\",\"url\":\"https:\/\/itc.foxdeveloper.org\/de\/\",\"name\":\"ITC\",\"description\":\"\",\"potentialAction\":[{\"@type\":\"SearchAction\",\"target\":{\"@type\":\"EntryPoint\",\"urlTemplate\":\"https:\/\/itc.foxdeveloper.org\/de\/?s={search_term_string}\"},\"query-input\":\"required name=search_term_string\"}],\"inLanguage\":\"de-DE\"}]}<\/script>\n<!-- \/ Yoast SEO plugin. -->","yoast_head_json":{"title":"Delta - ITC","robots":{"index":"index","follow":"follow","max-snippet":"max-snippet:-1","max-image-preview":"max-image-preview:large","max-video-preview":"max-video-preview:-1"},"canonical":"https:\/\/itc.foxdeveloper.org\/de\/produkt\/delta\/","og_locale":"de_DE","og_type":"article","og_title":"Delta - ITC","og_description":"Erleben Sie die fesselnde Sch\u00f6nheit von Delta, einem handgewebten Meisterwerk aus 91% PP und 9% Polyester. Mit seinem starken Erscheinungsbild und den eingearbeiteten Linien strahlt dieser schwere Hausteppich Eleganz aus. Delta ist in Standardgr\u00f6\u00dfen und als Ma\u00dfanfertigung bis zu einer maximalen Breite von 400 cm erh\u00e4ltlich und bietet somit eine gro\u00dfe Vielseitigkeit. Versch\u00f6nern Sie Ihre [&hellip;]","og_url":"https:\/\/itc.foxdeveloper.org\/de\/produkt\/delta\/","og_site_name":"ITC","article_modified_time":"2024-01-30T10:29:50+00:00","twitter_card":"summary_large_image","twitter_misc":{"Est. reading time":"1 Minute"},"schema":{"@context":"https:\/\/schema.org","@graph":[{"@type":"WebPage","@id":"https:\/\/itc.foxdeveloper.org\/de\/produkt\/delta\/","url":"https:\/\/itc.foxdeveloper.org\/de\/produkt\/delta\/","name":"Delta - ITC","isPartOf":{"@id":"https:\/\/itc.foxdeveloper.org\/de\/#website"},"datePublished":"2023-06-19T09:35:33+00:00","dateModified":"2024-01-30T10:29:50+00:00","breadcrumb":{"@id":"https:\/\/itc.foxdeveloper.org\/de\/produkt\/delta\/#breadcrumb"},"inLanguage":"de-DE","potentialAction":[{"@type":"ReadAction","target":["https:\/\/itc.foxdeveloper.org\/de\/produkt\/delta\/"]}]},{"@type":"BreadcrumbList","@id":"https:\/\/itc.foxdeveloper.org\/de\/produkt\/delta\/#breadcrumb","itemListElement":[{"@type":"ListItem","position":1,"name":"Home","item":"https:\/\/itc.foxdeveloper.org\/de\/"},{"@type":"ListItem","position":2,"name":"Alle Produkte","item":"https:\/\/itc.foxdeveloper.org\/de\/shop\/"},{"@type":"ListItem","position":3,"name":"Breitflor","item":"https:\/\/itc.foxdeveloper.org\/de\/produkt-kategorie\/breitflor\/"},{"@type":"ListItem","position":4,"name":"Delta"}]},{"@type":"WebSite","@id":"https:\/\/itc.foxdeveloper.org\/de\/#website","url":"https:\/\/itc.foxdeveloper.org\/de\/","name":"ITC","description":"","potentialAction":[{"@type":"SearchAction","target":{"@type":"EntryPoint","urlTemplate":"https:\/\/itc.foxdeveloper.org\/de\/?s={search_term_string}"},"query-input":"required name=search_term_string"}],"inLanguage":"de-DE"}]}},"_links":{"self":[{"href":"https:\/\/itc.foxdeveloper.org\/de\/wp-json\/wp\/v2\/product\/2108"}],"collection":[{"href":"https:\/\/itc.foxdeveloper.org\/de\/wp-json\/wp\/v2\/product"}],"about":[{"href":"https:\/\/itc.foxdeveloper.org\/de\/wp-json\/wp\/v2\/types\/product"}],"wp:attachment":[{"href":"https:\/\/itc.foxdeveloper.org\/de\/wp-json\/wp\/v2\/media?parent=2108"}],"wp:term":[{"taxonomy":"product_cat","embeddable":true,"href":"https:\/\/itc.foxdeveloper.org\/de\/wp-json\/wp\/v2\/product_cat?post=2108"},{"taxonomy":"product_tag","embeddable":true,"href":"https:\/\/itc.foxdeveloper.org\/de\/wp-json\/wp\/v2\/product_tag?post=2108"}],"curies":[{"name":"wp","href":"https:\/\/api.w.org\/{rel}","templated":true}]}}