{"id":2082,"date":"2023-06-28T09:19:27","date_gmt":"2023-06-28T09:19:27","guid":{"rendered":"https:\/\/itc.foxdeveloper.org\/product\/sambrossa\/"},"modified":"2023-10-24T09:07:42","modified_gmt":"2023-10-24T09:07:42","slug":"sambrossa","status":"publish","type":"product","link":"https:\/\/itc.foxdeveloper.org\/de\/produkt\/sambrossa\/","title":{"rendered":"Sambrossa"},"content":{"rendered":"<p>Entdecken Sie Sambrossa, unsere exquisite Kollektion von Sisalteppichen, die das breiteste Gewebe auf dem Markt aufweist. Mit seiner einzigartigen und unverwechselbaren Textur bringt Sambrossa einen Hauch von nat\u00fcrlicher Eleganz und rustikalem Charme in Ihre Wohnr\u00e4ume. Die aus feinsten Sisalfasern hergestellten Teppiche bieten eine au\u00dfergew\u00f6hnliche Strapazierf\u00e4higkeit und Festigkeit und sind daher ideal f\u00fcr stark frequentierte Bereiche. Das breite Geflecht von Sambrossa verleiht jedem Raum ein Gef\u00fchl von Offenheit und Gro\u00dfz\u00fcgigkeit und schafft eine visuell fesselnde Atmosph\u00e4re. Egal, ob Sie einen neutralen Ton oder einen kr\u00e4ftigen Farbton bevorzugen, Sambrossa bietet eine Reihe von Farboptionen, die Ihrem pers\u00f6nlichen Stil entsprechen und Ihre Inneneinrichtung erg\u00e4nzen. Werten Sie Ihren Raum mit der unvergleichlichen Sch\u00f6nheit und dauerhaften Qualit\u00e4t von Sambrossa auf.<\/p>\n","protected":false},"excerpt":{"rendered":"<p>Entdecken Sie Sambrossa, unsere exquisite Kollektion von Sisalteppichen, die das breiteste Gewebe auf dem Markt aufweist. Mit seiner einzigartigen und unverwechselbaren Textur bringt Sambrossa einen Hauch von nat\u00fcrlicher Eleganz und rustikalem Charme in Ihre Wohnr\u00e4ume. Die aus feinsten Sisalfasern hergestellten Teppiche bieten eine au\u00dfergew\u00f6hnliche Strapazierf\u00e4higkeit und Festigkeit und sind daher ideal f\u00fcr stark frequentierte Bereiche. [&hellip;]<\/p>\n","protected":false},"featured_media":0,"template":"","meta":{"_acf_changed":false},"product_cat":[238],"product_tag":[],"acf":[],"yoast_head":"<!-- This site is optimized with the Yoast SEO plugin v22.5 - https:\/\/yoast.com\/wordpress\/plugins\/seo\/ -->\n<title>Sambrossa - ITC<\/title>\n<meta name=\"robots\" content=\"index, follow, max-snippet:-1, max-image-preview:large, max-video-preview:-1\" \/>\n<link rel=\"canonical\" href=\"https:\/\/itc.foxdeveloper.org\/de\/produkt\/sambrossa\/\" \/>\n<meta property=\"og:locale\" content=\"de_DE\" \/>\n<meta property=\"og:type\" content=\"article\" \/>\n<meta property=\"og:title\" content=\"Sambrossa - ITC\" \/>\n<meta property=\"og:description\" content=\"Entdecken Sie Sambrossa, unsere exquisite Kollektion von Sisalteppichen, die das breiteste Gewebe auf dem Markt aufweist. Mit seiner einzigartigen und unverwechselbaren Textur bringt Sambrossa einen Hauch von nat\u00fcrlicher Eleganz und rustikalem Charme in Ihre Wohnr\u00e4ume. Die aus feinsten Sisalfasern hergestellten Teppiche bieten eine au\u00dfergew\u00f6hnliche Strapazierf\u00e4higkeit und Festigkeit und sind daher ideal f\u00fcr stark frequentierte Bereiche. [&hellip;]\" \/>\n<meta property=\"og:url\" content=\"https:\/\/itc.foxdeveloper.org\/de\/produkt\/sambrossa\/\" \/>\n<meta property=\"og:site_name\" content=\"ITC\" \/>\n<meta property=\"article:modified_time\" content=\"2023-10-24T09:07:42+00:00\" \/>\n<meta name=\"twitter:card\" content=\"summary_large_image\" \/>\n<meta name=\"twitter:label1\" content=\"Est. reading time\" \/>\n\t<meta name=\"twitter:data1\" content=\"1 Minute\" \/>\n<script type=\"application\/ld+json\" class=\"yoast-schema-graph\">{\"@context\":\"https:\/\/schema.org\",\"@graph\":[{\"@type\":\"WebPage\",\"@id\":\"https:\/\/itc.foxdeveloper.org\/de\/produkt\/sambrossa\/\",\"url\":\"https:\/\/itc.foxdeveloper.org\/de\/produkt\/sambrossa\/\",\"name\":\"Sambrossa - ITC\",\"isPartOf\":{\"@id\":\"https:\/\/itc.foxdeveloper.org\/de\/#website\"},\"datePublished\":\"2023-06-28T09:19:27+00:00\",\"dateModified\":\"2023-10-24T09:07:42+00:00\",\"breadcrumb\":{\"@id\":\"https:\/\/itc.foxdeveloper.org\/de\/produkt\/sambrossa\/#breadcrumb\"},\"inLanguage\":\"de-DE\",\"potentialAction\":[{\"@type\":\"ReadAction\",\"target\":[\"https:\/\/itc.foxdeveloper.org\/de\/produkt\/sambrossa\/\"]}]},{\"@type\":\"BreadcrumbList\",\"@id\":\"https:\/\/itc.foxdeveloper.org\/de\/produkt\/sambrossa\/#breadcrumb\",\"itemListElement\":[{\"@type\":\"ListItem\",\"position\":1,\"name\":\"Home\",\"item\":\"https:\/\/itc.foxdeveloper.org\/de\/\"},{\"@type\":\"ListItem\",\"position\":2,\"name\":\"Alle Produkte\",\"item\":\"https:\/\/itc.foxdeveloper.org\/de\/shop\/\"},{\"@type\":\"ListItem\",\"position\":3,\"name\":\"Sisal\",\"item\":\"https:\/\/itc.foxdeveloper.org\/de\/produkt-kategorie\/sisal-de\/\"},{\"@type\":\"ListItem\",\"position\":4,\"name\":\"Sambrossa\"}]},{\"@type\":\"WebSite\",\"@id\":\"https:\/\/itc.foxdeveloper.org\/de\/#website\",\"url\":\"https:\/\/itc.foxdeveloper.org\/de\/\",\"name\":\"ITC\",\"description\":\"\",\"potentialAction\":[{\"@type\":\"SearchAction\",\"target\":{\"@type\":\"EntryPoint\",\"urlTemplate\":\"https:\/\/itc.foxdeveloper.org\/de\/?s={search_term_string}\"},\"query-input\":\"required name=search_term_string\"}],\"inLanguage\":\"de-DE\"}]}<\/script>\n<!-- \/ Yoast SEO plugin. -->","yoast_head_json":{"title":"Sambrossa - ITC","robots":{"index":"index","follow":"follow","max-snippet":"max-snippet:-1","max-image-preview":"max-image-preview:large","max-video-preview":"max-video-preview:-1"},"canonical":"https:\/\/itc.foxdeveloper.org\/de\/produkt\/sambrossa\/","og_locale":"de_DE","og_type":"article","og_title":"Sambrossa - ITC","og_description":"Entdecken Sie Sambrossa, unsere exquisite Kollektion von Sisalteppichen, die das breiteste Gewebe auf dem Markt aufweist. Mit seiner einzigartigen und unverwechselbaren Textur bringt Sambrossa einen Hauch von nat\u00fcrlicher Eleganz und rustikalem Charme in Ihre Wohnr\u00e4ume. Die aus feinsten Sisalfasern hergestellten Teppiche bieten eine au\u00dfergew\u00f6hnliche Strapazierf\u00e4higkeit und Festigkeit und sind daher ideal f\u00fcr stark frequentierte Bereiche. [&hellip;]","og_url":"https:\/\/itc.foxdeveloper.org\/de\/produkt\/sambrossa\/","og_site_name":"ITC","article_modified_time":"2023-10-24T09:07:42+00:00","twitter_card":"summary_large_image","twitter_misc":{"Est. reading time":"1 Minute"},"schema":{"@context":"https:\/\/schema.org","@graph":[{"@type":"WebPage","@id":"https:\/\/itc.foxdeveloper.org\/de\/produkt\/sambrossa\/","url":"https:\/\/itc.foxdeveloper.org\/de\/produkt\/sambrossa\/","name":"Sambrossa - ITC","isPartOf":{"@id":"https:\/\/itc.foxdeveloper.org\/de\/#website"},"datePublished":"2023-06-28T09:19:27+00:00","dateModified":"2023-10-24T09:07:42+00:00","breadcrumb":{"@id":"https:\/\/itc.foxdeveloper.org\/de\/produkt\/sambrossa\/#breadcrumb"},"inLanguage":"de-DE","potentialAction":[{"@type":"ReadAction","target":["https:\/\/itc.foxdeveloper.org\/de\/produkt\/sambrossa\/"]}]},{"@type":"BreadcrumbList","@id":"https:\/\/itc.foxdeveloper.org\/de\/produkt\/sambrossa\/#breadcrumb","itemListElement":[{"@type":"ListItem","position":1,"name":"Home","item":"https:\/\/itc.foxdeveloper.org\/de\/"},{"@type":"ListItem","position":2,"name":"Alle Produkte","item":"https:\/\/itc.foxdeveloper.org\/de\/shop\/"},{"@type":"ListItem","position":3,"name":"Sisal","item":"https:\/\/itc.foxdeveloper.org\/de\/produkt-kategorie\/sisal-de\/"},{"@type":"ListItem","position":4,"name":"Sambrossa"}]},{"@type":"WebSite","@id":"https:\/\/itc.foxdeveloper.org\/de\/#website","url":"https:\/\/itc.foxdeveloper.org\/de\/","name":"ITC","description":"","potentialAction":[{"@type":"SearchAction","target":{"@type":"EntryPoint","urlTemplate":"https:\/\/itc.foxdeveloper.org\/de\/?s={search_term_string}"},"query-input":"required name=search_term_string"}],"inLanguage":"de-DE"}]}},"_links":{"self":[{"href":"https:\/\/itc.foxdeveloper.org\/de\/wp-json\/wp\/v2\/product\/2082"}],"collection":[{"href":"https:\/\/itc.foxdeveloper.org\/de\/wp-json\/wp\/v2\/product"}],"about":[{"href":"https:\/\/itc.foxdeveloper.org\/de\/wp-json\/wp\/v2\/types\/product"}],"wp:attachment":[{"href":"https:\/\/itc.foxdeveloper.org\/de\/wp-json\/wp\/v2\/media?parent=2082"}],"wp:term":[{"taxonomy":"product_cat","embeddable":true,"href":"https:\/\/itc.foxdeveloper.org\/de\/wp-json\/wp\/v2\/product_cat?post=2082"},{"taxonomy":"product_tag","embeddable":true,"href":"https:\/\/itc.foxdeveloper.org\/de\/wp-json\/wp\/v2\/product_tag?post=2082"}],"curies":[{"name":"wp","href":"https:\/\/api.w.org\/{rel}","templated":true}]}}