{"id":2069,"date":"2023-06-26T13:19:02","date_gmt":"2023-06-26T13:19:02","guid":{"rendered":"https:\/\/itc.foxdeveloper.org\/product\/100-bananenseide-samt\/"},"modified":"2023-10-24T08:58:15","modified_gmt":"2023-10-24T08:58:15","slug":"100-banane-seide-samt","status":"publish","type":"product","link":"https:\/\/itc.foxdeveloper.org\/de\/produkt\/100-banane-seide-samt\/","title":{"rendered":"100% Bananenseide Samt"},"content":{"rendered":"<p>Wir pr\u00e4sentieren Velvet, unsere exquisite Kollektion aus luxuri\u00f6ser Bananenseide &#8211; einer nachhaltigen Faser, die aus dem Fruchtfleisch der Bananenpflanze gewonnen wird. Diese f\u00fcr ihre Umweltfreundlichkeit bekannte Kollektion verbindet Umweltbewusstsein mit purem Luxus und tadellosem Aussehen. Erleben Sie die unvergleichliche Weichheit von Velvet, die das Gef\u00fchl des weichsten Samtes hervorruft und Ihren Raum in Eleganz und Komfort h\u00fcllt. Jeder Teppich dieser Kollektion wird in sorgf\u00e4ltiger Handarbeit hergestellt und bringt den nat\u00fcrlichen Glanz und die Textur der Bananenseide zur Geltung. Werten Sie Ihr Interieur mit der Opulenz und umweltfreundlichen Sch\u00f6nheit von Velvet auf und g\u00f6nnen Sie sich ein au\u00dfergew\u00f6hnliches sensorisches Erlebnis.<\/p>\n","protected":false},"excerpt":{"rendered":"<p>Wir pr\u00e4sentieren Velvet, unsere exquisite Kollektion aus luxuri\u00f6ser Bananenseide &#8211; einer nachhaltigen Faser, die aus dem Fruchtfleisch der Bananenpflanze gewonnen wird. Diese f\u00fcr ihre Umweltfreundlichkeit bekannte Kollektion verbindet Umweltbewusstsein mit purem Luxus und tadellosem Aussehen. Erleben Sie die unvergleichliche Weichheit von Velvet, die das Gef\u00fchl des weichsten Samtes hervorruft und Ihren Raum in Eleganz und [&hellip;]<\/p>\n","protected":false},"featured_media":0,"template":"","meta":{"_acf_changed":false},"product_cat":[266],"product_tag":[],"acf":[],"yoast_head":"<!-- This site is optimized with the Yoast SEO plugin v22.5 - https:\/\/yoast.com\/wordpress\/plugins\/seo\/ -->\n<title>100% Bananenseide Samt - ITC<\/title>\n<meta name=\"robots\" content=\"index, follow, max-snippet:-1, max-image-preview:large, max-video-preview:-1\" \/>\n<link rel=\"canonical\" href=\"https:\/\/itc.foxdeveloper.org\/de\/produkt\/100-banane-seide-samt\/\" \/>\n<meta property=\"og:locale\" content=\"de_DE\" \/>\n<meta property=\"og:type\" content=\"article\" \/>\n<meta property=\"og:title\" content=\"100% Bananenseide Samt - ITC\" \/>\n<meta property=\"og:description\" content=\"Wir pr\u00e4sentieren Velvet, unsere exquisite Kollektion aus luxuri\u00f6ser Bananenseide &#8211; einer nachhaltigen Faser, die aus dem Fruchtfleisch der Bananenpflanze gewonnen wird. Diese f\u00fcr ihre Umweltfreundlichkeit bekannte Kollektion verbindet Umweltbewusstsein mit purem Luxus und tadellosem Aussehen. Erleben Sie die unvergleichliche Weichheit von Velvet, die das Gef\u00fchl des weichsten Samtes hervorruft und Ihren Raum in Eleganz und [&hellip;]\" \/>\n<meta property=\"og:url\" content=\"https:\/\/itc.foxdeveloper.org\/de\/produkt\/100-banane-seide-samt\/\" \/>\n<meta property=\"og:site_name\" content=\"ITC\" \/>\n<meta property=\"article:modified_time\" content=\"2023-10-24T08:58:15+00:00\" \/>\n<meta name=\"twitter:card\" content=\"summary_large_image\" \/>\n<meta name=\"twitter:label1\" content=\"Est. reading time\" \/>\n\t<meta name=\"twitter:data1\" content=\"1 Minute\" \/>\n<script type=\"application\/ld+json\" class=\"yoast-schema-graph\">{\"@context\":\"https:\/\/schema.org\",\"@graph\":[{\"@type\":\"WebPage\",\"@id\":\"https:\/\/itc.foxdeveloper.org\/de\/produkt\/100-banane-seide-samt\/\",\"url\":\"https:\/\/itc.foxdeveloper.org\/de\/produkt\/100-banane-seide-samt\/\",\"name\":\"100% Bananenseide Samt - ITC\",\"isPartOf\":{\"@id\":\"https:\/\/itc.foxdeveloper.org\/de\/#website\"},\"datePublished\":\"2023-06-26T13:19:02+00:00\",\"dateModified\":\"2023-10-24T08:58:15+00:00\",\"breadcrumb\":{\"@id\":\"https:\/\/itc.foxdeveloper.org\/de\/produkt\/100-banane-seide-samt\/#breadcrumb\"},\"inLanguage\":\"de-DE\",\"potentialAction\":[{\"@type\":\"ReadAction\",\"target\":[\"https:\/\/itc.foxdeveloper.org\/de\/produkt\/100-banane-seide-samt\/\"]}]},{\"@type\":\"BreadcrumbList\",\"@id\":\"https:\/\/itc.foxdeveloper.org\/de\/produkt\/100-banane-seide-samt\/#breadcrumb\",\"itemListElement\":[{\"@type\":\"ListItem\",\"position\":1,\"name\":\"Home\",\"item\":\"https:\/\/itc.foxdeveloper.org\/de\/\"},{\"@type\":\"ListItem\",\"position\":2,\"name\":\"Alle Produkte\",\"item\":\"https:\/\/itc.foxdeveloper.org\/de\/shop\/\"},{\"@type\":\"ListItem\",\"position\":3,\"name\":\"Fl\u00e4chenteppiche\",\"item\":\"https:\/\/itc.foxdeveloper.org\/de\/produkt-kategorie\/flachenteppiche\/\"},{\"@type\":\"ListItem\",\"position\":4,\"name\":\"100% Bananenseide Samt\"}]},{\"@type\":\"WebSite\",\"@id\":\"https:\/\/itc.foxdeveloper.org\/de\/#website\",\"url\":\"https:\/\/itc.foxdeveloper.org\/de\/\",\"name\":\"ITC\",\"description\":\"\",\"potentialAction\":[{\"@type\":\"SearchAction\",\"target\":{\"@type\":\"EntryPoint\",\"urlTemplate\":\"https:\/\/itc.foxdeveloper.org\/de\/?s={search_term_string}\"},\"query-input\":\"required name=search_term_string\"}],\"inLanguage\":\"de-DE\"}]}<\/script>\n<!-- \/ Yoast SEO plugin. -->","yoast_head_json":{"title":"100% Bananenseide Samt - ITC","robots":{"index":"index","follow":"follow","max-snippet":"max-snippet:-1","max-image-preview":"max-image-preview:large","max-video-preview":"max-video-preview:-1"},"canonical":"https:\/\/itc.foxdeveloper.org\/de\/produkt\/100-banane-seide-samt\/","og_locale":"de_DE","og_type":"article","og_title":"100% Bananenseide Samt - ITC","og_description":"Wir pr\u00e4sentieren Velvet, unsere exquisite Kollektion aus luxuri\u00f6ser Bananenseide &#8211; einer nachhaltigen Faser, die aus dem Fruchtfleisch der Bananenpflanze gewonnen wird. Diese f\u00fcr ihre Umweltfreundlichkeit bekannte Kollektion verbindet Umweltbewusstsein mit purem Luxus und tadellosem Aussehen. Erleben Sie die unvergleichliche Weichheit von Velvet, die das Gef\u00fchl des weichsten Samtes hervorruft und Ihren Raum in Eleganz und [&hellip;]","og_url":"https:\/\/itc.foxdeveloper.org\/de\/produkt\/100-banane-seide-samt\/","og_site_name":"ITC","article_modified_time":"2023-10-24T08:58:15+00:00","twitter_card":"summary_large_image","twitter_misc":{"Est. reading time":"1 Minute"},"schema":{"@context":"https:\/\/schema.org","@graph":[{"@type":"WebPage","@id":"https:\/\/itc.foxdeveloper.org\/de\/produkt\/100-banane-seide-samt\/","url":"https:\/\/itc.foxdeveloper.org\/de\/produkt\/100-banane-seide-samt\/","name":"100% Bananenseide Samt - ITC","isPartOf":{"@id":"https:\/\/itc.foxdeveloper.org\/de\/#website"},"datePublished":"2023-06-26T13:19:02+00:00","dateModified":"2023-10-24T08:58:15+00:00","breadcrumb":{"@id":"https:\/\/itc.foxdeveloper.org\/de\/produkt\/100-banane-seide-samt\/#breadcrumb"},"inLanguage":"de-DE","potentialAction":[{"@type":"ReadAction","target":["https:\/\/itc.foxdeveloper.org\/de\/produkt\/100-banane-seide-samt\/"]}]},{"@type":"BreadcrumbList","@id":"https:\/\/itc.foxdeveloper.org\/de\/produkt\/100-banane-seide-samt\/#breadcrumb","itemListElement":[{"@type":"ListItem","position":1,"name":"Home","item":"https:\/\/itc.foxdeveloper.org\/de\/"},{"@type":"ListItem","position":2,"name":"Alle Produkte","item":"https:\/\/itc.foxdeveloper.org\/de\/shop\/"},{"@type":"ListItem","position":3,"name":"Fl\u00e4chenteppiche","item":"https:\/\/itc.foxdeveloper.org\/de\/produkt-kategorie\/flachenteppiche\/"},{"@type":"ListItem","position":4,"name":"100% Bananenseide Samt"}]},{"@type":"WebSite","@id":"https:\/\/itc.foxdeveloper.org\/de\/#website","url":"https:\/\/itc.foxdeveloper.org\/de\/","name":"ITC","description":"","potentialAction":[{"@type":"SearchAction","target":{"@type":"EntryPoint","urlTemplate":"https:\/\/itc.foxdeveloper.org\/de\/?s={search_term_string}"},"query-input":"required name=search_term_string"}],"inLanguage":"de-DE"}]}},"_links":{"self":[{"href":"https:\/\/itc.foxdeveloper.org\/de\/wp-json\/wp\/v2\/product\/2069"}],"collection":[{"href":"https:\/\/itc.foxdeveloper.org\/de\/wp-json\/wp\/v2\/product"}],"about":[{"href":"https:\/\/itc.foxdeveloper.org\/de\/wp-json\/wp\/v2\/types\/product"}],"wp:attachment":[{"href":"https:\/\/itc.foxdeveloper.org\/de\/wp-json\/wp\/v2\/media?parent=2069"}],"wp:term":[{"taxonomy":"product_cat","embeddable":true,"href":"https:\/\/itc.foxdeveloper.org\/de\/wp-json\/wp\/v2\/product_cat?post=2069"},{"taxonomy":"product_tag","embeddable":true,"href":"https:\/\/itc.foxdeveloper.org\/de\/wp-json\/wp\/v2\/product_tag?post=2069"}],"curies":[{"name":"wp","href":"https:\/\/api.w.org\/{rel}","templated":true}]}}