{"id":2050,"date":"2023-06-19T09:41:16","date_gmt":"2023-06-19T09:41:16","guid":{"rendered":"https:\/\/itc.foxdeveloper.org\/product\/kleiner-boule\/"},"modified":"2023-10-24T09:05:31","modified_gmt":"2023-10-24T09:05:31","slug":"kleiner-kreis","status":"publish","type":"product","link":"https:\/\/itc.foxdeveloper.org\/de\/produkt\/kleiner-kreis\/","title":{"rendered":"Kleiner Boule"},"content":{"rendered":"<p>Wir stellen Small Boucle vor, unsere atemberaubende Kollektion von Sisalteppichen, die eine fein gewebte, gerippte Qualit\u00e4t bieten. Mit seiner filigranen Struktur und dem subtilen Rippenmuster bringt Small Boucle Raffinesse und zeitlosen Reiz in Ihre R\u00e4ume. Diese aus hochwertigen Sisalfasern gefertigten Teppiche verbinden nat\u00fcrliche Sch\u00f6nheit mit au\u00dfergew\u00f6hnlicher Strapazierf\u00e4higkeit und sind daher ideal f\u00fcr stark frequentierte Bereiche und eine perfekte Wahl f\u00fcr Wohn- und Gesch\u00e4ftsr\u00e4ume. Das kleine Boucl\u00e9-Gewebe verleiht dem Teppich einen Hauch von Eleganz und visuellem Interesse und wertet die Gesamt\u00e4sthetik eines jeden Raumes auf. Small Boucle ist in einer Reihe von exquisiten Farben erh\u00e4ltlich und erm\u00f6glicht es Ihnen, eine harmonische und einladende Atmosph\u00e4re zu schaffen, die Ihren pers\u00f6nlichen Stil widerspiegelt. Werten Sie Ihren Raum mit dem raffinierten Charme und der dauerhaften Qualit\u00e4t der Small Boucle Sisalteppiche auf.<\/p>\n","protected":false},"excerpt":{"rendered":"<p>Wir stellen Small Boucle vor, unsere atemberaubende Kollektion von Sisalteppichen, die eine fein gewebte, gerippte Qualit\u00e4t bieten. Mit seiner filigranen Struktur und dem subtilen Rippenmuster bringt Small Boucle Raffinesse und zeitlosen Reiz in Ihre R\u00e4ume. Diese aus hochwertigen Sisalfasern gefertigten Teppiche verbinden nat\u00fcrliche Sch\u00f6nheit mit au\u00dfergew\u00f6hnlicher Strapazierf\u00e4higkeit und sind daher ideal f\u00fcr stark frequentierte Bereiche [&hellip;]<\/p>\n","protected":false},"featured_media":0,"template":"","meta":{"_acf_changed":false},"product_cat":[238],"product_tag":[],"acf":[],"yoast_head":"<!-- This site is optimized with the Yoast SEO plugin v22.5 - https:\/\/yoast.com\/wordpress\/plugins\/seo\/ -->\n<title>Kleiner Boule - ITC<\/title>\n<meta name=\"robots\" content=\"index, follow, max-snippet:-1, max-image-preview:large, max-video-preview:-1\" \/>\n<link rel=\"canonical\" href=\"https:\/\/itc.foxdeveloper.org\/de\/produkt\/kleiner-kreis\/\" \/>\n<meta property=\"og:locale\" content=\"de_DE\" \/>\n<meta property=\"og:type\" content=\"article\" \/>\n<meta property=\"og:title\" content=\"Kleiner Boule - ITC\" \/>\n<meta property=\"og:description\" content=\"Wir stellen Small Boucle vor, unsere atemberaubende Kollektion von Sisalteppichen, die eine fein gewebte, gerippte Qualit\u00e4t bieten. Mit seiner filigranen Struktur und dem subtilen Rippenmuster bringt Small Boucle Raffinesse und zeitlosen Reiz in Ihre R\u00e4ume. Diese aus hochwertigen Sisalfasern gefertigten Teppiche verbinden nat\u00fcrliche Sch\u00f6nheit mit au\u00dfergew\u00f6hnlicher Strapazierf\u00e4higkeit und sind daher ideal f\u00fcr stark frequentierte Bereiche [&hellip;]\" \/>\n<meta property=\"og:url\" content=\"https:\/\/itc.foxdeveloper.org\/de\/produkt\/kleiner-kreis\/\" \/>\n<meta property=\"og:site_name\" content=\"ITC\" \/>\n<meta property=\"article:modified_time\" content=\"2023-10-24T09:05:31+00:00\" \/>\n<meta name=\"twitter:card\" content=\"summary_large_image\" \/>\n<meta name=\"twitter:label1\" content=\"Est. reading time\" \/>\n\t<meta name=\"twitter:data1\" content=\"1 Minute\" \/>\n<script type=\"application\/ld+json\" class=\"yoast-schema-graph\">{\"@context\":\"https:\/\/schema.org\",\"@graph\":[{\"@type\":\"WebPage\",\"@id\":\"https:\/\/itc.foxdeveloper.org\/de\/produkt\/kleiner-kreis\/\",\"url\":\"https:\/\/itc.foxdeveloper.org\/de\/produkt\/kleiner-kreis\/\",\"name\":\"Kleiner Boule - ITC\",\"isPartOf\":{\"@id\":\"https:\/\/itc.foxdeveloper.org\/de\/#website\"},\"datePublished\":\"2023-06-19T09:41:16+00:00\",\"dateModified\":\"2023-10-24T09:05:31+00:00\",\"breadcrumb\":{\"@id\":\"https:\/\/itc.foxdeveloper.org\/de\/produkt\/kleiner-kreis\/#breadcrumb\"},\"inLanguage\":\"de-DE\",\"potentialAction\":[{\"@type\":\"ReadAction\",\"target\":[\"https:\/\/itc.foxdeveloper.org\/de\/produkt\/kleiner-kreis\/\"]}]},{\"@type\":\"BreadcrumbList\",\"@id\":\"https:\/\/itc.foxdeveloper.org\/de\/produkt\/kleiner-kreis\/#breadcrumb\",\"itemListElement\":[{\"@type\":\"ListItem\",\"position\":1,\"name\":\"Home\",\"item\":\"https:\/\/itc.foxdeveloper.org\/de\/\"},{\"@type\":\"ListItem\",\"position\":2,\"name\":\"Alle Produkte\",\"item\":\"https:\/\/itc.foxdeveloper.org\/de\/shop\/\"},{\"@type\":\"ListItem\",\"position\":3,\"name\":\"Sisal\",\"item\":\"https:\/\/itc.foxdeveloper.org\/de\/produkt-kategorie\/sisal-de\/\"},{\"@type\":\"ListItem\",\"position\":4,\"name\":\"Kleiner Boule\"}]},{\"@type\":\"WebSite\",\"@id\":\"https:\/\/itc.foxdeveloper.org\/de\/#website\",\"url\":\"https:\/\/itc.foxdeveloper.org\/de\/\",\"name\":\"ITC\",\"description\":\"\",\"potentialAction\":[{\"@type\":\"SearchAction\",\"target\":{\"@type\":\"EntryPoint\",\"urlTemplate\":\"https:\/\/itc.foxdeveloper.org\/de\/?s={search_term_string}\"},\"query-input\":\"required name=search_term_string\"}],\"inLanguage\":\"de-DE\"}]}<\/script>\n<!-- \/ Yoast SEO plugin. -->","yoast_head_json":{"title":"Kleiner Boule - ITC","robots":{"index":"index","follow":"follow","max-snippet":"max-snippet:-1","max-image-preview":"max-image-preview:large","max-video-preview":"max-video-preview:-1"},"canonical":"https:\/\/itc.foxdeveloper.org\/de\/produkt\/kleiner-kreis\/","og_locale":"de_DE","og_type":"article","og_title":"Kleiner Boule - ITC","og_description":"Wir stellen Small Boucle vor, unsere atemberaubende Kollektion von Sisalteppichen, die eine fein gewebte, gerippte Qualit\u00e4t bieten. Mit seiner filigranen Struktur und dem subtilen Rippenmuster bringt Small Boucle Raffinesse und zeitlosen Reiz in Ihre R\u00e4ume. Diese aus hochwertigen Sisalfasern gefertigten Teppiche verbinden nat\u00fcrliche Sch\u00f6nheit mit au\u00dfergew\u00f6hnlicher Strapazierf\u00e4higkeit und sind daher ideal f\u00fcr stark frequentierte Bereiche [&hellip;]","og_url":"https:\/\/itc.foxdeveloper.org\/de\/produkt\/kleiner-kreis\/","og_site_name":"ITC","article_modified_time":"2023-10-24T09:05:31+00:00","twitter_card":"summary_large_image","twitter_misc":{"Est. reading time":"1 Minute"},"schema":{"@context":"https:\/\/schema.org","@graph":[{"@type":"WebPage","@id":"https:\/\/itc.foxdeveloper.org\/de\/produkt\/kleiner-kreis\/","url":"https:\/\/itc.foxdeveloper.org\/de\/produkt\/kleiner-kreis\/","name":"Kleiner Boule - ITC","isPartOf":{"@id":"https:\/\/itc.foxdeveloper.org\/de\/#website"},"datePublished":"2023-06-19T09:41:16+00:00","dateModified":"2023-10-24T09:05:31+00:00","breadcrumb":{"@id":"https:\/\/itc.foxdeveloper.org\/de\/produkt\/kleiner-kreis\/#breadcrumb"},"inLanguage":"de-DE","potentialAction":[{"@type":"ReadAction","target":["https:\/\/itc.foxdeveloper.org\/de\/produkt\/kleiner-kreis\/"]}]},{"@type":"BreadcrumbList","@id":"https:\/\/itc.foxdeveloper.org\/de\/produkt\/kleiner-kreis\/#breadcrumb","itemListElement":[{"@type":"ListItem","position":1,"name":"Home","item":"https:\/\/itc.foxdeveloper.org\/de\/"},{"@type":"ListItem","position":2,"name":"Alle Produkte","item":"https:\/\/itc.foxdeveloper.org\/de\/shop\/"},{"@type":"ListItem","position":3,"name":"Sisal","item":"https:\/\/itc.foxdeveloper.org\/de\/produkt-kategorie\/sisal-de\/"},{"@type":"ListItem","position":4,"name":"Kleiner Boule"}]},{"@type":"WebSite","@id":"https:\/\/itc.foxdeveloper.org\/de\/#website","url":"https:\/\/itc.foxdeveloper.org\/de\/","name":"ITC","description":"","potentialAction":[{"@type":"SearchAction","target":{"@type":"EntryPoint","urlTemplate":"https:\/\/itc.foxdeveloper.org\/de\/?s={search_term_string}"},"query-input":"required name=search_term_string"}],"inLanguage":"de-DE"}]}},"_links":{"self":[{"href":"https:\/\/itc.foxdeveloper.org\/de\/wp-json\/wp\/v2\/product\/2050"}],"collection":[{"href":"https:\/\/itc.foxdeveloper.org\/de\/wp-json\/wp\/v2\/product"}],"about":[{"href":"https:\/\/itc.foxdeveloper.org\/de\/wp-json\/wp\/v2\/types\/product"}],"wp:attachment":[{"href":"https:\/\/itc.foxdeveloper.org\/de\/wp-json\/wp\/v2\/media?parent=2050"}],"wp:term":[{"taxonomy":"product_cat","embeddable":true,"href":"https:\/\/itc.foxdeveloper.org\/de\/wp-json\/wp\/v2\/product_cat?post=2050"},{"taxonomy":"product_tag","embeddable":true,"href":"https:\/\/itc.foxdeveloper.org\/de\/wp-json\/wp\/v2\/product_tag?post=2050"}],"curies":[{"name":"wp","href":"https:\/\/api.w.org\/{rel}","templated":true}]}}