{"id":2044,"date":"2023-06-19T09:35:11","date_gmt":"2023-06-19T09:35:11","guid":{"rendered":"https:\/\/itc.foxdeveloper.org\/product\/chamonix\/"},"modified":"2023-10-24T09:23:39","modified_gmt":"2023-10-24T09:23:39","slug":"chamonix","status":"publish","type":"product","link":"https:\/\/itc.foxdeveloper.org\/de\/produkt\/chamonix\/","title":{"rendered":"Chamonix"},"content":{"rendered":"<p>Erleben Sie den puren Luxus von Chamonix. Aus hochwertigem Nylon gefertigt, bietet dieser Teppich einen atemberaubenden irisierenden Schimmer und ein superweiches Gef\u00fchl unter den F\u00fc\u00dfen. Mit bemerkenswerter St\u00e4rke, nicht scheuernden Eigenschaften, au\u00dfergew\u00f6hnlicher Langlebigkeit und Fleckenbest\u00e4ndigkeit verbindet Chamonix Eleganz mit Zweckm\u00e4\u00dfigkeit. Er eignet sich f\u00fcr den Einsatz im gewerblichen und privaten Bereich und bringt Opulenz und un\u00fcbertroffene Leistung in jeden Raum.<\/p>\n","protected":false},"excerpt":{"rendered":"<p>Erleben Sie den puren Luxus von Chamonix. Aus hochwertigem Nylon gefertigt, bietet dieser Teppich einen atemberaubenden irisierenden Schimmer und ein superweiches Gef\u00fchl unter den F\u00fc\u00dfen. Mit bemerkenswerter St\u00e4rke, nicht scheuernden Eigenschaften, au\u00dfergew\u00f6hnlicher Langlebigkeit und Fleckenbest\u00e4ndigkeit verbindet Chamonix Eleganz mit Zweckm\u00e4\u00dfigkeit. Er eignet sich f\u00fcr den Einsatz im gewerblichen und privaten Bereich und bringt Opulenz und [&hellip;]<\/p>\n","protected":false},"featured_media":0,"template":"","meta":{"_acf_changed":false},"product_cat":[222],"product_tag":[],"acf":[],"yoast_head":"<!-- This site is optimized with the Yoast SEO plugin v22.5 - https:\/\/yoast.com\/wordpress\/plugins\/seo\/ -->\n<title>Chamonix - ITC<\/title>\n<meta name=\"robots\" content=\"index, follow, max-snippet:-1, max-image-preview:large, max-video-preview:-1\" \/>\n<link rel=\"canonical\" href=\"https:\/\/itc.foxdeveloper.org\/de\/produkt\/chamonix\/\" \/>\n<meta property=\"og:locale\" content=\"de_DE\" \/>\n<meta property=\"og:type\" content=\"article\" \/>\n<meta property=\"og:title\" content=\"Chamonix - ITC\" \/>\n<meta property=\"og:description\" content=\"Erleben Sie den puren Luxus von Chamonix. Aus hochwertigem Nylon gefertigt, bietet dieser Teppich einen atemberaubenden irisierenden Schimmer und ein superweiches Gef\u00fchl unter den F\u00fc\u00dfen. Mit bemerkenswerter St\u00e4rke, nicht scheuernden Eigenschaften, au\u00dfergew\u00f6hnlicher Langlebigkeit und Fleckenbest\u00e4ndigkeit verbindet Chamonix Eleganz mit Zweckm\u00e4\u00dfigkeit. Er eignet sich f\u00fcr den Einsatz im gewerblichen und privaten Bereich und bringt Opulenz und [&hellip;]\" \/>\n<meta property=\"og:url\" content=\"https:\/\/itc.foxdeveloper.org\/de\/produkt\/chamonix\/\" \/>\n<meta property=\"og:site_name\" content=\"ITC\" \/>\n<meta property=\"article:modified_time\" content=\"2023-10-24T09:23:39+00:00\" \/>\n<meta name=\"twitter:card\" content=\"summary_large_image\" \/>\n<script type=\"application\/ld+json\" class=\"yoast-schema-graph\">{\"@context\":\"https:\/\/schema.org\",\"@graph\":[{\"@type\":\"WebPage\",\"@id\":\"https:\/\/itc.foxdeveloper.org\/de\/produkt\/chamonix\/\",\"url\":\"https:\/\/itc.foxdeveloper.org\/de\/produkt\/chamonix\/\",\"name\":\"Chamonix - ITC\",\"isPartOf\":{\"@id\":\"https:\/\/itc.foxdeveloper.org\/de\/#website\"},\"datePublished\":\"2023-06-19T09:35:11+00:00\",\"dateModified\":\"2023-10-24T09:23:39+00:00\",\"breadcrumb\":{\"@id\":\"https:\/\/itc.foxdeveloper.org\/de\/produkt\/chamonix\/#breadcrumb\"},\"inLanguage\":\"de-DE\",\"potentialAction\":[{\"@type\":\"ReadAction\",\"target\":[\"https:\/\/itc.foxdeveloper.org\/de\/produkt\/chamonix\/\"]}]},{\"@type\":\"BreadcrumbList\",\"@id\":\"https:\/\/itc.foxdeveloper.org\/de\/produkt\/chamonix\/#breadcrumb\",\"itemListElement\":[{\"@type\":\"ListItem\",\"position\":1,\"name\":\"Home\",\"item\":\"https:\/\/itc.foxdeveloper.org\/de\/\"},{\"@type\":\"ListItem\",\"position\":2,\"name\":\"Alle Produkte\",\"item\":\"https:\/\/itc.foxdeveloper.org\/de\/shop\/\"},{\"@type\":\"ListItem\",\"position\":3,\"name\":\"Breitflor\",\"item\":\"https:\/\/itc.foxdeveloper.org\/de\/produkt-kategorie\/breitflor\/\"},{\"@type\":\"ListItem\",\"position\":4,\"name\":\"Chamonix\"}]},{\"@type\":\"WebSite\",\"@id\":\"https:\/\/itc.foxdeveloper.org\/de\/#website\",\"url\":\"https:\/\/itc.foxdeveloper.org\/de\/\",\"name\":\"ITC\",\"description\":\"\",\"potentialAction\":[{\"@type\":\"SearchAction\",\"target\":{\"@type\":\"EntryPoint\",\"urlTemplate\":\"https:\/\/itc.foxdeveloper.org\/de\/?s={search_term_string}\"},\"query-input\":\"required name=search_term_string\"}],\"inLanguage\":\"de-DE\"}]}<\/script>\n<!-- \/ Yoast SEO plugin. -->","yoast_head_json":{"title":"Chamonix - ITC","robots":{"index":"index","follow":"follow","max-snippet":"max-snippet:-1","max-image-preview":"max-image-preview:large","max-video-preview":"max-video-preview:-1"},"canonical":"https:\/\/itc.foxdeveloper.org\/de\/produkt\/chamonix\/","og_locale":"de_DE","og_type":"article","og_title":"Chamonix - ITC","og_description":"Erleben Sie den puren Luxus von Chamonix. Aus hochwertigem Nylon gefertigt, bietet dieser Teppich einen atemberaubenden irisierenden Schimmer und ein superweiches Gef\u00fchl unter den F\u00fc\u00dfen. Mit bemerkenswerter St\u00e4rke, nicht scheuernden Eigenschaften, au\u00dfergew\u00f6hnlicher Langlebigkeit und Fleckenbest\u00e4ndigkeit verbindet Chamonix Eleganz mit Zweckm\u00e4\u00dfigkeit. Er eignet sich f\u00fcr den Einsatz im gewerblichen und privaten Bereich und bringt Opulenz und [&hellip;]","og_url":"https:\/\/itc.foxdeveloper.org\/de\/produkt\/chamonix\/","og_site_name":"ITC","article_modified_time":"2023-10-24T09:23:39+00:00","twitter_card":"summary_large_image","schema":{"@context":"https:\/\/schema.org","@graph":[{"@type":"WebPage","@id":"https:\/\/itc.foxdeveloper.org\/de\/produkt\/chamonix\/","url":"https:\/\/itc.foxdeveloper.org\/de\/produkt\/chamonix\/","name":"Chamonix - ITC","isPartOf":{"@id":"https:\/\/itc.foxdeveloper.org\/de\/#website"},"datePublished":"2023-06-19T09:35:11+00:00","dateModified":"2023-10-24T09:23:39+00:00","breadcrumb":{"@id":"https:\/\/itc.foxdeveloper.org\/de\/produkt\/chamonix\/#breadcrumb"},"inLanguage":"de-DE","potentialAction":[{"@type":"ReadAction","target":["https:\/\/itc.foxdeveloper.org\/de\/produkt\/chamonix\/"]}]},{"@type":"BreadcrumbList","@id":"https:\/\/itc.foxdeveloper.org\/de\/produkt\/chamonix\/#breadcrumb","itemListElement":[{"@type":"ListItem","position":1,"name":"Home","item":"https:\/\/itc.foxdeveloper.org\/de\/"},{"@type":"ListItem","position":2,"name":"Alle Produkte","item":"https:\/\/itc.foxdeveloper.org\/de\/shop\/"},{"@type":"ListItem","position":3,"name":"Breitflor","item":"https:\/\/itc.foxdeveloper.org\/de\/produkt-kategorie\/breitflor\/"},{"@type":"ListItem","position":4,"name":"Chamonix"}]},{"@type":"WebSite","@id":"https:\/\/itc.foxdeveloper.org\/de\/#website","url":"https:\/\/itc.foxdeveloper.org\/de\/","name":"ITC","description":"","potentialAction":[{"@type":"SearchAction","target":{"@type":"EntryPoint","urlTemplate":"https:\/\/itc.foxdeveloper.org\/de\/?s={search_term_string}"},"query-input":"required name=search_term_string"}],"inLanguage":"de-DE"}]}},"_links":{"self":[{"href":"https:\/\/itc.foxdeveloper.org\/de\/wp-json\/wp\/v2\/product\/2044"}],"collection":[{"href":"https:\/\/itc.foxdeveloper.org\/de\/wp-json\/wp\/v2\/product"}],"about":[{"href":"https:\/\/itc.foxdeveloper.org\/de\/wp-json\/wp\/v2\/types\/product"}],"wp:attachment":[{"href":"https:\/\/itc.foxdeveloper.org\/de\/wp-json\/wp\/v2\/media?parent=2044"}],"wp:term":[{"taxonomy":"product_cat","embeddable":true,"href":"https:\/\/itc.foxdeveloper.org\/de\/wp-json\/wp\/v2\/product_cat?post=2044"},{"taxonomy":"product_tag","embeddable":true,"href":"https:\/\/itc.foxdeveloper.org\/de\/wp-json\/wp\/v2\/product_tag?post=2044"}],"curies":[{"name":"wp","href":"https:\/\/api.w.org\/{rel}","templated":true}]}}