{"id":2038,"date":"2023-06-26T13:17:54","date_gmt":"2023-06-26T13:17:54","guid":{"rendered":"https:\/\/itc.foxdeveloper.org\/product\/schatten\/"},"modified":"2023-10-24T09:01:51","modified_gmt":"2023-10-24T09:01:51","slug":"schatten","status":"publish","type":"product","link":"https:\/\/itc.foxdeveloper.org\/de\/produkt\/schatten\/","title":{"rendered":"Schatten"},"content":{"rendered":"<p>Entdecken Sie Shadow, unsere au\u00dfergew\u00f6hnliche Kollektion von Teppichen, die Sie in Staunen versetzen werden. Jeder Teppich der Shadow-Kollektion wurde sorgf\u00e4ltig und mit exquisiter Kunstfertigkeit hergestellt und zeichnet sich durch schattierte Designs mit abgestuften Farbt\u00f6nen aus, die Ihrem Raum einen fesselnden Touch verleihen. Aus einer luxuri\u00f6sen Mischung aus Viskose und Wolle gefertigt, bieten diese Teppiche eine perfekte Kombination aus Weichheit und Haltbarkeit. Mit ihrer atemberaubenden Handwerkskunst und ihrem einzigartigen Design bilden die Shadow-Teppiche einen bemerkenswerten Blickfang in jedem Raum, der Ihren tadellosen Geschmack und Stil unterstreicht. Werten Sie Ihr Interieur mit der unvergleichlichen Sch\u00f6nheit und Raffinesse der Shadow-Kollektion auf, und setzen Sie mit Ihren B\u00f6den ein markantes Zeichen.<\/p>\n","protected":false},"excerpt":{"rendered":"<p>Entdecken Sie Shadow, unsere au\u00dfergew\u00f6hnliche Kollektion von Teppichen, die Sie in Staunen versetzen werden. Jeder Teppich der Shadow-Kollektion wurde sorgf\u00e4ltig und mit exquisiter Kunstfertigkeit hergestellt und zeichnet sich durch schattierte Designs mit abgestuften Farbt\u00f6nen aus, die Ihrem Raum einen fesselnden Touch verleihen. Aus einer luxuri\u00f6sen Mischung aus Viskose und Wolle gefertigt, bieten diese Teppiche eine [&hellip;]<\/p>\n","protected":false},"featured_media":0,"template":"","meta":{"_acf_changed":false},"product_cat":[266],"product_tag":[],"acf":[],"yoast_head":"<!-- This site is optimized with the Yoast SEO plugin v22.5 - https:\/\/yoast.com\/wordpress\/plugins\/seo\/ -->\n<title>Schatten - ITC<\/title>\n<meta name=\"robots\" content=\"index, follow, max-snippet:-1, max-image-preview:large, max-video-preview:-1\" \/>\n<link rel=\"canonical\" href=\"https:\/\/itc.foxdeveloper.org\/de\/produkt\/schatten\/\" \/>\n<meta property=\"og:locale\" content=\"de_DE\" \/>\n<meta property=\"og:type\" content=\"article\" \/>\n<meta property=\"og:title\" content=\"Schatten - ITC\" \/>\n<meta property=\"og:description\" content=\"Entdecken Sie Shadow, unsere au\u00dfergew\u00f6hnliche Kollektion von Teppichen, die Sie in Staunen versetzen werden. Jeder Teppich der Shadow-Kollektion wurde sorgf\u00e4ltig und mit exquisiter Kunstfertigkeit hergestellt und zeichnet sich durch schattierte Designs mit abgestuften Farbt\u00f6nen aus, die Ihrem Raum einen fesselnden Touch verleihen. Aus einer luxuri\u00f6sen Mischung aus Viskose und Wolle gefertigt, bieten diese Teppiche eine [&hellip;]\" \/>\n<meta property=\"og:url\" content=\"https:\/\/itc.foxdeveloper.org\/de\/produkt\/schatten\/\" \/>\n<meta property=\"og:site_name\" content=\"ITC\" \/>\n<meta property=\"article:modified_time\" content=\"2023-10-24T09:01:51+00:00\" \/>\n<meta name=\"twitter:card\" content=\"summary_large_image\" \/>\n<meta name=\"twitter:label1\" content=\"Est. reading time\" \/>\n\t<meta name=\"twitter:data1\" content=\"1 Minute\" \/>\n<script type=\"application\/ld+json\" class=\"yoast-schema-graph\">{\"@context\":\"https:\/\/schema.org\",\"@graph\":[{\"@type\":\"WebPage\",\"@id\":\"https:\/\/itc.foxdeveloper.org\/de\/produkt\/schatten\/\",\"url\":\"https:\/\/itc.foxdeveloper.org\/de\/produkt\/schatten\/\",\"name\":\"Schatten - ITC\",\"isPartOf\":{\"@id\":\"https:\/\/itc.foxdeveloper.org\/de\/#website\"},\"datePublished\":\"2023-06-26T13:17:54+00:00\",\"dateModified\":\"2023-10-24T09:01:51+00:00\",\"breadcrumb\":{\"@id\":\"https:\/\/itc.foxdeveloper.org\/de\/produkt\/schatten\/#breadcrumb\"},\"inLanguage\":\"de-DE\",\"potentialAction\":[{\"@type\":\"ReadAction\",\"target\":[\"https:\/\/itc.foxdeveloper.org\/de\/produkt\/schatten\/\"]}]},{\"@type\":\"BreadcrumbList\",\"@id\":\"https:\/\/itc.foxdeveloper.org\/de\/produkt\/schatten\/#breadcrumb\",\"itemListElement\":[{\"@type\":\"ListItem\",\"position\":1,\"name\":\"Home\",\"item\":\"https:\/\/itc.foxdeveloper.org\/de\/\"},{\"@type\":\"ListItem\",\"position\":2,\"name\":\"Alle Produkte\",\"item\":\"https:\/\/itc.foxdeveloper.org\/de\/shop\/\"},{\"@type\":\"ListItem\",\"position\":3,\"name\":\"Fl\u00e4chenteppiche\",\"item\":\"https:\/\/itc.foxdeveloper.org\/de\/produkt-kategorie\/flachenteppiche\/\"},{\"@type\":\"ListItem\",\"position\":4,\"name\":\"Schatten\"}]},{\"@type\":\"WebSite\",\"@id\":\"https:\/\/itc.foxdeveloper.org\/de\/#website\",\"url\":\"https:\/\/itc.foxdeveloper.org\/de\/\",\"name\":\"ITC\",\"description\":\"\",\"potentialAction\":[{\"@type\":\"SearchAction\",\"target\":{\"@type\":\"EntryPoint\",\"urlTemplate\":\"https:\/\/itc.foxdeveloper.org\/de\/?s={search_term_string}\"},\"query-input\":\"required name=search_term_string\"}],\"inLanguage\":\"de-DE\"}]}<\/script>\n<!-- \/ Yoast SEO plugin. -->","yoast_head_json":{"title":"Schatten - ITC","robots":{"index":"index","follow":"follow","max-snippet":"max-snippet:-1","max-image-preview":"max-image-preview:large","max-video-preview":"max-video-preview:-1"},"canonical":"https:\/\/itc.foxdeveloper.org\/de\/produkt\/schatten\/","og_locale":"de_DE","og_type":"article","og_title":"Schatten - ITC","og_description":"Entdecken Sie Shadow, unsere au\u00dfergew\u00f6hnliche Kollektion von Teppichen, die Sie in Staunen versetzen werden. Jeder Teppich der Shadow-Kollektion wurde sorgf\u00e4ltig und mit exquisiter Kunstfertigkeit hergestellt und zeichnet sich durch schattierte Designs mit abgestuften Farbt\u00f6nen aus, die Ihrem Raum einen fesselnden Touch verleihen. Aus einer luxuri\u00f6sen Mischung aus Viskose und Wolle gefertigt, bieten diese Teppiche eine [&hellip;]","og_url":"https:\/\/itc.foxdeveloper.org\/de\/produkt\/schatten\/","og_site_name":"ITC","article_modified_time":"2023-10-24T09:01:51+00:00","twitter_card":"summary_large_image","twitter_misc":{"Est. reading time":"1 Minute"},"schema":{"@context":"https:\/\/schema.org","@graph":[{"@type":"WebPage","@id":"https:\/\/itc.foxdeveloper.org\/de\/produkt\/schatten\/","url":"https:\/\/itc.foxdeveloper.org\/de\/produkt\/schatten\/","name":"Schatten - ITC","isPartOf":{"@id":"https:\/\/itc.foxdeveloper.org\/de\/#website"},"datePublished":"2023-06-26T13:17:54+00:00","dateModified":"2023-10-24T09:01:51+00:00","breadcrumb":{"@id":"https:\/\/itc.foxdeveloper.org\/de\/produkt\/schatten\/#breadcrumb"},"inLanguage":"de-DE","potentialAction":[{"@type":"ReadAction","target":["https:\/\/itc.foxdeveloper.org\/de\/produkt\/schatten\/"]}]},{"@type":"BreadcrumbList","@id":"https:\/\/itc.foxdeveloper.org\/de\/produkt\/schatten\/#breadcrumb","itemListElement":[{"@type":"ListItem","position":1,"name":"Home","item":"https:\/\/itc.foxdeveloper.org\/de\/"},{"@type":"ListItem","position":2,"name":"Alle Produkte","item":"https:\/\/itc.foxdeveloper.org\/de\/shop\/"},{"@type":"ListItem","position":3,"name":"Fl\u00e4chenteppiche","item":"https:\/\/itc.foxdeveloper.org\/de\/produkt-kategorie\/flachenteppiche\/"},{"@type":"ListItem","position":4,"name":"Schatten"}]},{"@type":"WebSite","@id":"https:\/\/itc.foxdeveloper.org\/de\/#website","url":"https:\/\/itc.foxdeveloper.org\/de\/","name":"ITC","description":"","potentialAction":[{"@type":"SearchAction","target":{"@type":"EntryPoint","urlTemplate":"https:\/\/itc.foxdeveloper.org\/de\/?s={search_term_string}"},"query-input":"required name=search_term_string"}],"inLanguage":"de-DE"}]}},"_links":{"self":[{"href":"https:\/\/itc.foxdeveloper.org\/de\/wp-json\/wp\/v2\/product\/2038"}],"collection":[{"href":"https:\/\/itc.foxdeveloper.org\/de\/wp-json\/wp\/v2\/product"}],"about":[{"href":"https:\/\/itc.foxdeveloper.org\/de\/wp-json\/wp\/v2\/types\/product"}],"wp:attachment":[{"href":"https:\/\/itc.foxdeveloper.org\/de\/wp-json\/wp\/v2\/media?parent=2038"}],"wp:term":[{"taxonomy":"product_cat","embeddable":true,"href":"https:\/\/itc.foxdeveloper.org\/de\/wp-json\/wp\/v2\/product_cat?post=2038"},{"taxonomy":"product_tag","embeddable":true,"href":"https:\/\/itc.foxdeveloper.org\/de\/wp-json\/wp\/v2\/product_tag?post=2038"}],"curies":[{"name":"wp","href":"https:\/\/api.w.org\/{rel}","templated":true}]}}