{"id":2027,"date":"2023-06-28T09:13:15","date_gmt":"2023-06-28T09:13:15","guid":{"rendered":"https:\/\/itc.foxdeveloper.org\/product\/santana\/"},"modified":"2023-10-23T11:37:46","modified_gmt":"2023-10-23T11:37:46","slug":"santana","status":"publish","type":"product","link":"https:\/\/itc.foxdeveloper.org\/de\/produkt\/santana\/","title":{"rendered":"Santana"},"content":{"rendered":"<p>Santana ist eine exquisite Kollektion von Sisalteppichen, die einen feiner gewebten Teppich mit einer fesselnden diagonalen Webstruktur zeigt. Durch die Kombination von nat\u00fcrlicher Sch\u00f6nheit und raffinierter Handwerkskunst bringt Santana einen Hauch von Eleganz und Raffinesse in Ihr Interieur. Die aus hochwertigen Sisalfasern hergestellten Teppiche bieten eine au\u00dfergew\u00f6hnliche Haltbarkeit und Festigkeit und eignen sich daher sowohl f\u00fcr Wohn- als auch f\u00fcr Gesch\u00e4ftsr\u00e4ume. Die diagonale Webstruktur von Santana verleiht Ihren B\u00f6den ein dynamisches und visuell auff\u00e4lliges Element, das ein Gef\u00fchl von Bewegung und Tiefe vermittelt. Santana ist in einer Reihe von luxuri\u00f6sen Farben erh\u00e4ltlich und erm\u00f6glicht es Ihnen, Ihren Raum mit einem Hauch von zeitlosem Stil zu gestalten. Werten Sie Ihr Interieur mit der au\u00dfergew\u00f6hnlichen Sch\u00f6nheit und dauerhaften Qualit\u00e4t von Santana auf.<\/p>\n","protected":false},"excerpt":{"rendered":"<p>Santana ist eine exquisite Kollektion von Sisalteppichen, die einen feiner gewebten Teppich mit einer fesselnden diagonalen Webstruktur zeigt. Durch die Kombination von nat\u00fcrlicher Sch\u00f6nheit und raffinierter Handwerkskunst bringt Santana einen Hauch von Eleganz und Raffinesse in Ihr Interieur. Die aus hochwertigen Sisalfasern hergestellten Teppiche bieten eine au\u00dfergew\u00f6hnliche Haltbarkeit und Festigkeit und eignen sich daher sowohl [&hellip;]<\/p>\n","protected":false},"featured_media":0,"template":"","meta":{"_acf_changed":false},"product_cat":[238],"product_tag":[],"acf":[],"yoast_head":"<!-- This site is optimized with the Yoast SEO plugin v22.5 - https:\/\/yoast.com\/wordpress\/plugins\/seo\/ -->\n<title>Santana - ITC<\/title>\n<meta name=\"robots\" content=\"index, follow, max-snippet:-1, max-image-preview:large, max-video-preview:-1\" \/>\n<link rel=\"canonical\" href=\"https:\/\/itc.foxdeveloper.org\/de\/produkt\/santana\/\" \/>\n<meta property=\"og:locale\" content=\"de_DE\" \/>\n<meta property=\"og:type\" content=\"article\" \/>\n<meta property=\"og:title\" content=\"Santana - ITC\" \/>\n<meta property=\"og:description\" content=\"Santana ist eine exquisite Kollektion von Sisalteppichen, die einen feiner gewebten Teppich mit einer fesselnden diagonalen Webstruktur zeigt. Durch die Kombination von nat\u00fcrlicher Sch\u00f6nheit und raffinierter Handwerkskunst bringt Santana einen Hauch von Eleganz und Raffinesse in Ihr Interieur. Die aus hochwertigen Sisalfasern hergestellten Teppiche bieten eine au\u00dfergew\u00f6hnliche Haltbarkeit und Festigkeit und eignen sich daher sowohl [&hellip;]\" \/>\n<meta property=\"og:url\" content=\"https:\/\/itc.foxdeveloper.org\/de\/produkt\/santana\/\" \/>\n<meta property=\"og:site_name\" content=\"ITC\" \/>\n<meta property=\"article:modified_time\" content=\"2023-10-23T11:37:46+00:00\" \/>\n<meta name=\"twitter:card\" content=\"summary_large_image\" \/>\n<meta name=\"twitter:label1\" content=\"Est. reading time\" \/>\n\t<meta name=\"twitter:data1\" content=\"1 Minute\" \/>\n<script type=\"application\/ld+json\" class=\"yoast-schema-graph\">{\"@context\":\"https:\/\/schema.org\",\"@graph\":[{\"@type\":\"WebPage\",\"@id\":\"https:\/\/itc.foxdeveloper.org\/de\/produkt\/santana\/\",\"url\":\"https:\/\/itc.foxdeveloper.org\/de\/produkt\/santana\/\",\"name\":\"Santana - ITC\",\"isPartOf\":{\"@id\":\"https:\/\/itc.foxdeveloper.org\/de\/#website\"},\"datePublished\":\"2023-06-28T09:13:15+00:00\",\"dateModified\":\"2023-10-23T11:37:46+00:00\",\"breadcrumb\":{\"@id\":\"https:\/\/itc.foxdeveloper.org\/de\/produkt\/santana\/#breadcrumb\"},\"inLanguage\":\"de-DE\",\"potentialAction\":[{\"@type\":\"ReadAction\",\"target\":[\"https:\/\/itc.foxdeveloper.org\/de\/produkt\/santana\/\"]}]},{\"@type\":\"BreadcrumbList\",\"@id\":\"https:\/\/itc.foxdeveloper.org\/de\/produkt\/santana\/#breadcrumb\",\"itemListElement\":[{\"@type\":\"ListItem\",\"position\":1,\"name\":\"Home\",\"item\":\"https:\/\/itc.foxdeveloper.org\/de\/\"},{\"@type\":\"ListItem\",\"position\":2,\"name\":\"Alle Produkte\",\"item\":\"https:\/\/itc.foxdeveloper.org\/de\/shop\/\"},{\"@type\":\"ListItem\",\"position\":3,\"name\":\"Sisal\",\"item\":\"https:\/\/itc.foxdeveloper.org\/de\/produkt-kategorie\/sisal-de\/\"},{\"@type\":\"ListItem\",\"position\":4,\"name\":\"Santana\"}]},{\"@type\":\"WebSite\",\"@id\":\"https:\/\/itc.foxdeveloper.org\/de\/#website\",\"url\":\"https:\/\/itc.foxdeveloper.org\/de\/\",\"name\":\"ITC\",\"description\":\"\",\"potentialAction\":[{\"@type\":\"SearchAction\",\"target\":{\"@type\":\"EntryPoint\",\"urlTemplate\":\"https:\/\/itc.foxdeveloper.org\/de\/?s={search_term_string}\"},\"query-input\":\"required name=search_term_string\"}],\"inLanguage\":\"de-DE\"}]}<\/script>\n<!-- \/ Yoast SEO plugin. -->","yoast_head_json":{"title":"Santana - ITC","robots":{"index":"index","follow":"follow","max-snippet":"max-snippet:-1","max-image-preview":"max-image-preview:large","max-video-preview":"max-video-preview:-1"},"canonical":"https:\/\/itc.foxdeveloper.org\/de\/produkt\/santana\/","og_locale":"de_DE","og_type":"article","og_title":"Santana - ITC","og_description":"Santana ist eine exquisite Kollektion von Sisalteppichen, die einen feiner gewebten Teppich mit einer fesselnden diagonalen Webstruktur zeigt. Durch die Kombination von nat\u00fcrlicher Sch\u00f6nheit und raffinierter Handwerkskunst bringt Santana einen Hauch von Eleganz und Raffinesse in Ihr Interieur. Die aus hochwertigen Sisalfasern hergestellten Teppiche bieten eine au\u00dfergew\u00f6hnliche Haltbarkeit und Festigkeit und eignen sich daher sowohl [&hellip;]","og_url":"https:\/\/itc.foxdeveloper.org\/de\/produkt\/santana\/","og_site_name":"ITC","article_modified_time":"2023-10-23T11:37:46+00:00","twitter_card":"summary_large_image","twitter_misc":{"Est. reading time":"1 Minute"},"schema":{"@context":"https:\/\/schema.org","@graph":[{"@type":"WebPage","@id":"https:\/\/itc.foxdeveloper.org\/de\/produkt\/santana\/","url":"https:\/\/itc.foxdeveloper.org\/de\/produkt\/santana\/","name":"Santana - ITC","isPartOf":{"@id":"https:\/\/itc.foxdeveloper.org\/de\/#website"},"datePublished":"2023-06-28T09:13:15+00:00","dateModified":"2023-10-23T11:37:46+00:00","breadcrumb":{"@id":"https:\/\/itc.foxdeveloper.org\/de\/produkt\/santana\/#breadcrumb"},"inLanguage":"de-DE","potentialAction":[{"@type":"ReadAction","target":["https:\/\/itc.foxdeveloper.org\/de\/produkt\/santana\/"]}]},{"@type":"BreadcrumbList","@id":"https:\/\/itc.foxdeveloper.org\/de\/produkt\/santana\/#breadcrumb","itemListElement":[{"@type":"ListItem","position":1,"name":"Home","item":"https:\/\/itc.foxdeveloper.org\/de\/"},{"@type":"ListItem","position":2,"name":"Alle Produkte","item":"https:\/\/itc.foxdeveloper.org\/de\/shop\/"},{"@type":"ListItem","position":3,"name":"Sisal","item":"https:\/\/itc.foxdeveloper.org\/de\/produkt-kategorie\/sisal-de\/"},{"@type":"ListItem","position":4,"name":"Santana"}]},{"@type":"WebSite","@id":"https:\/\/itc.foxdeveloper.org\/de\/#website","url":"https:\/\/itc.foxdeveloper.org\/de\/","name":"ITC","description":"","potentialAction":[{"@type":"SearchAction","target":{"@type":"EntryPoint","urlTemplate":"https:\/\/itc.foxdeveloper.org\/de\/?s={search_term_string}"},"query-input":"required name=search_term_string"}],"inLanguage":"de-DE"}]}},"_links":{"self":[{"href":"https:\/\/itc.foxdeveloper.org\/de\/wp-json\/wp\/v2\/product\/2027"}],"collection":[{"href":"https:\/\/itc.foxdeveloper.org\/de\/wp-json\/wp\/v2\/product"}],"about":[{"href":"https:\/\/itc.foxdeveloper.org\/de\/wp-json\/wp\/v2\/types\/product"}],"wp:attachment":[{"href":"https:\/\/itc.foxdeveloper.org\/de\/wp-json\/wp\/v2\/media?parent=2027"}],"wp:term":[{"taxonomy":"product_cat","embeddable":true,"href":"https:\/\/itc.foxdeveloper.org\/de\/wp-json\/wp\/v2\/product_cat?post=2027"},{"taxonomy":"product_tag","embeddable":true,"href":"https:\/\/itc.foxdeveloper.org\/de\/wp-json\/wp\/v2\/product_tag?post=2027"}],"curies":[{"name":"wp","href":"https:\/\/api.w.org\/{rel}","templated":true}]}}