{"id":2018,"date":"2023-05-02T18:37:28","date_gmt":"2023-05-02T18:37:28","guid":{"rendered":"https:\/\/itc.foxdeveloper.org\/product\/cannes\/"},"modified":"2023-10-24T09:25:33","modified_gmt":"2023-10-24T09:25:33","slug":"cannes","status":"publish","type":"product","link":"https:\/\/itc.foxdeveloper.org\/de\/produkt\/cannes\/","title":{"rendered":"Cannes"},"content":{"rendered":"<p>Aus hochwertigem Nylon gefertigt, bietet dieser Teppich einen hohen Flor, der dem Aussehen und der Haptik von reiner Seide in nichts nachsteht. Aber das ist noch nicht alles. Mit bemerkenswerter St\u00e4rke, nicht scheuernden Eigenschaften, au\u00dfergew\u00f6hnlicher Langlebigkeit und Fleckenbest\u00e4ndigkeit verbindet Cannes Eleganz mit Zweckm\u00e4\u00dfigkeit. Seine Wasserbest\u00e4ndigkeit und das tadellose Aussehen der Fasern machen ihn zu einer au\u00dfergew\u00f6hnlichen Wahl sowohl f\u00fcr den gewerblichen als auch den privaten Bereich. Schwelgen Sie in Opulenz, ohne Kompromisse bei der Leistung einzugehen.<\/p>\n","protected":false},"excerpt":{"rendered":"<p>Aus hochwertigem Nylon gefertigt, bietet dieser Teppich einen hohen Flor, der dem Aussehen und der Haptik von reiner Seide in nichts nachsteht. Aber das ist noch nicht alles. Mit bemerkenswerter St\u00e4rke, nicht scheuernden Eigenschaften, au\u00dfergew\u00f6hnlicher Langlebigkeit und Fleckenbest\u00e4ndigkeit verbindet Cannes Eleganz mit Zweckm\u00e4\u00dfigkeit. Seine Wasserbest\u00e4ndigkeit und das tadellose Aussehen der Fasern machen ihn zu einer [&hellip;]<\/p>\n","protected":false},"featured_media":0,"template":"","meta":{"_acf_changed":false},"product_cat":[222],"product_tag":[],"acf":[],"yoast_head":"<!-- This site is optimized with the Yoast SEO plugin v22.5 - https:\/\/yoast.com\/wordpress\/plugins\/seo\/ -->\n<title>Cannes - ITC<\/title>\n<meta name=\"robots\" content=\"index, follow, max-snippet:-1, max-image-preview:large, max-video-preview:-1\" \/>\n<link rel=\"canonical\" href=\"https:\/\/itc.foxdeveloper.org\/de\/produkt\/cannes\/\" \/>\n<meta property=\"og:locale\" content=\"de_DE\" \/>\n<meta property=\"og:type\" content=\"article\" \/>\n<meta property=\"og:title\" content=\"Cannes - ITC\" \/>\n<meta property=\"og:description\" content=\"Aus hochwertigem Nylon gefertigt, bietet dieser Teppich einen hohen Flor, der dem Aussehen und der Haptik von reiner Seide in nichts nachsteht. Aber das ist noch nicht alles. Mit bemerkenswerter St\u00e4rke, nicht scheuernden Eigenschaften, au\u00dfergew\u00f6hnlicher Langlebigkeit und Fleckenbest\u00e4ndigkeit verbindet Cannes Eleganz mit Zweckm\u00e4\u00dfigkeit. Seine Wasserbest\u00e4ndigkeit und das tadellose Aussehen der Fasern machen ihn zu einer [&hellip;]\" \/>\n<meta property=\"og:url\" content=\"https:\/\/itc.foxdeveloper.org\/de\/produkt\/cannes\/\" \/>\n<meta property=\"og:site_name\" content=\"ITC\" \/>\n<meta property=\"article:modified_time\" content=\"2023-10-24T09:25:33+00:00\" \/>\n<meta name=\"twitter:card\" content=\"summary_large_image\" \/>\n<script type=\"application\/ld+json\" class=\"yoast-schema-graph\">{\"@context\":\"https:\/\/schema.org\",\"@graph\":[{\"@type\":\"WebPage\",\"@id\":\"https:\/\/itc.foxdeveloper.org\/de\/produkt\/cannes\/\",\"url\":\"https:\/\/itc.foxdeveloper.org\/de\/produkt\/cannes\/\",\"name\":\"Cannes - ITC\",\"isPartOf\":{\"@id\":\"https:\/\/itc.foxdeveloper.org\/de\/#website\"},\"datePublished\":\"2023-05-02T18:37:28+00:00\",\"dateModified\":\"2023-10-24T09:25:33+00:00\",\"breadcrumb\":{\"@id\":\"https:\/\/itc.foxdeveloper.org\/de\/produkt\/cannes\/#breadcrumb\"},\"inLanguage\":\"de-DE\",\"potentialAction\":[{\"@type\":\"ReadAction\",\"target\":[\"https:\/\/itc.foxdeveloper.org\/de\/produkt\/cannes\/\"]}]},{\"@type\":\"BreadcrumbList\",\"@id\":\"https:\/\/itc.foxdeveloper.org\/de\/produkt\/cannes\/#breadcrumb\",\"itemListElement\":[{\"@type\":\"ListItem\",\"position\":1,\"name\":\"Home\",\"item\":\"https:\/\/itc.foxdeveloper.org\/de\/\"},{\"@type\":\"ListItem\",\"position\":2,\"name\":\"Alle Produkte\",\"item\":\"https:\/\/itc.foxdeveloper.org\/de\/shop\/\"},{\"@type\":\"ListItem\",\"position\":3,\"name\":\"Breitflor\",\"item\":\"https:\/\/itc.foxdeveloper.org\/de\/produkt-kategorie\/breitflor\/\"},{\"@type\":\"ListItem\",\"position\":4,\"name\":\"Cannes\"}]},{\"@type\":\"WebSite\",\"@id\":\"https:\/\/itc.foxdeveloper.org\/de\/#website\",\"url\":\"https:\/\/itc.foxdeveloper.org\/de\/\",\"name\":\"ITC\",\"description\":\"\",\"potentialAction\":[{\"@type\":\"SearchAction\",\"target\":{\"@type\":\"EntryPoint\",\"urlTemplate\":\"https:\/\/itc.foxdeveloper.org\/de\/?s={search_term_string}\"},\"query-input\":\"required name=search_term_string\"}],\"inLanguage\":\"de-DE\"}]}<\/script>\n<!-- \/ Yoast SEO plugin. -->","yoast_head_json":{"title":"Cannes - ITC","robots":{"index":"index","follow":"follow","max-snippet":"max-snippet:-1","max-image-preview":"max-image-preview:large","max-video-preview":"max-video-preview:-1"},"canonical":"https:\/\/itc.foxdeveloper.org\/de\/produkt\/cannes\/","og_locale":"de_DE","og_type":"article","og_title":"Cannes - ITC","og_description":"Aus hochwertigem Nylon gefertigt, bietet dieser Teppich einen hohen Flor, der dem Aussehen und der Haptik von reiner Seide in nichts nachsteht. Aber das ist noch nicht alles. Mit bemerkenswerter St\u00e4rke, nicht scheuernden Eigenschaften, au\u00dfergew\u00f6hnlicher Langlebigkeit und Fleckenbest\u00e4ndigkeit verbindet Cannes Eleganz mit Zweckm\u00e4\u00dfigkeit. Seine Wasserbest\u00e4ndigkeit und das tadellose Aussehen der Fasern machen ihn zu einer [&hellip;]","og_url":"https:\/\/itc.foxdeveloper.org\/de\/produkt\/cannes\/","og_site_name":"ITC","article_modified_time":"2023-10-24T09:25:33+00:00","twitter_card":"summary_large_image","schema":{"@context":"https:\/\/schema.org","@graph":[{"@type":"WebPage","@id":"https:\/\/itc.foxdeveloper.org\/de\/produkt\/cannes\/","url":"https:\/\/itc.foxdeveloper.org\/de\/produkt\/cannes\/","name":"Cannes - ITC","isPartOf":{"@id":"https:\/\/itc.foxdeveloper.org\/de\/#website"},"datePublished":"2023-05-02T18:37:28+00:00","dateModified":"2023-10-24T09:25:33+00:00","breadcrumb":{"@id":"https:\/\/itc.foxdeveloper.org\/de\/produkt\/cannes\/#breadcrumb"},"inLanguage":"de-DE","potentialAction":[{"@type":"ReadAction","target":["https:\/\/itc.foxdeveloper.org\/de\/produkt\/cannes\/"]}]},{"@type":"BreadcrumbList","@id":"https:\/\/itc.foxdeveloper.org\/de\/produkt\/cannes\/#breadcrumb","itemListElement":[{"@type":"ListItem","position":1,"name":"Home","item":"https:\/\/itc.foxdeveloper.org\/de\/"},{"@type":"ListItem","position":2,"name":"Alle Produkte","item":"https:\/\/itc.foxdeveloper.org\/de\/shop\/"},{"@type":"ListItem","position":3,"name":"Breitflor","item":"https:\/\/itc.foxdeveloper.org\/de\/produkt-kategorie\/breitflor\/"},{"@type":"ListItem","position":4,"name":"Cannes"}]},{"@type":"WebSite","@id":"https:\/\/itc.foxdeveloper.org\/de\/#website","url":"https:\/\/itc.foxdeveloper.org\/de\/","name":"ITC","description":"","potentialAction":[{"@type":"SearchAction","target":{"@type":"EntryPoint","urlTemplate":"https:\/\/itc.foxdeveloper.org\/de\/?s={search_term_string}"},"query-input":"required name=search_term_string"}],"inLanguage":"de-DE"}]}},"_links":{"self":[{"href":"https:\/\/itc.foxdeveloper.org\/de\/wp-json\/wp\/v2\/product\/2018"}],"collection":[{"href":"https:\/\/itc.foxdeveloper.org\/de\/wp-json\/wp\/v2\/product"}],"about":[{"href":"https:\/\/itc.foxdeveloper.org\/de\/wp-json\/wp\/v2\/types\/product"}],"wp:attachment":[{"href":"https:\/\/itc.foxdeveloper.org\/de\/wp-json\/wp\/v2\/media?parent=2018"}],"wp:term":[{"taxonomy":"product_cat","embeddable":true,"href":"https:\/\/itc.foxdeveloper.org\/de\/wp-json\/wp\/v2\/product_cat?post=2018"},{"taxonomy":"product_tag","embeddable":true,"href":"https:\/\/itc.foxdeveloper.org\/de\/wp-json\/wp\/v2\/product_tag?post=2018"}],"curies":[{"name":"wp","href":"https:\/\/api.w.org\/{rel}","templated":true}]}}