{"id":2011,"date":"2023-06-19T09:40:06","date_gmt":"2023-06-19T09:40:06","guid":{"rendered":"https:\/\/itc.foxdeveloper.org\/product\/essenz\/"},"modified":"2023-10-24T09:22:29","modified_gmt":"2023-10-24T09:22:29","slug":"essenz","status":"publish","type":"product","link":"https:\/\/itc.foxdeveloper.org\/de\/produkt\/essenz\/","title":{"rendered":"Essenz"},"content":{"rendered":"<p>Entdecken Sie die fesselnde Anziehungskraft von Essence, dieser superfeinen, handgewebten, zuf\u00e4llig geschorenen 100%igen Viskosekonstruktion, die einen atemberaubenden, schimmernden Effekt erzeugt, bei dem die Oberfl\u00e4che das Licht aus (m)einem beliebigen Winkel reflektiert. Das einzigartige antike Aussehen wurde durch zuf\u00e4lliges Scheren des Flors von Hand erreicht. Essence verleiht jedem Raum einen stilvollen und luxuri\u00f6sen Touch. Essence eignet sich f\u00fcr den allgemeinen Hausgebrauch und ist als Teppich in 3 Standardgr\u00f6\u00dfen erh\u00e4ltlich. Ma\u00dfgefertigte Teppiche k\u00f6nnen in jeder Gr\u00f6\u00dfe bis zu einer maximalen Breite von 400 cm bestellt werden.<\/p>\n","protected":false},"excerpt":{"rendered":"<p>Entdecken Sie die fesselnde Anziehungskraft von Essence, dieser superfeinen, handgewebten, zuf\u00e4llig geschorenen 100%igen Viskosekonstruktion, die einen atemberaubenden, schimmernden Effekt erzeugt, bei dem die Oberfl\u00e4che das Licht aus (m)einem beliebigen Winkel reflektiert. Das einzigartige antike Aussehen wurde durch zuf\u00e4lliges Scheren des Flors von Hand erreicht. Essence verleiht jedem Raum einen stilvollen und luxuri\u00f6sen Touch. Essence eignet [&hellip;]<\/p>\n","protected":false},"featured_media":0,"template":"","meta":{"_acf_changed":false},"product_cat":[222],"product_tag":[],"acf":[],"yoast_head":"<!-- This site is optimized with the Yoast SEO plugin v22.5 - https:\/\/yoast.com\/wordpress\/plugins\/seo\/ -->\n<title>Essenz - ITC<\/title>\n<meta name=\"robots\" content=\"index, follow, max-snippet:-1, max-image-preview:large, max-video-preview:-1\" \/>\n<link rel=\"canonical\" href=\"https:\/\/itc.foxdeveloper.org\/de\/produkt\/essenz\/\" \/>\n<meta property=\"og:locale\" content=\"de_DE\" \/>\n<meta property=\"og:type\" content=\"article\" \/>\n<meta property=\"og:title\" content=\"Essenz - ITC\" \/>\n<meta property=\"og:description\" content=\"Entdecken Sie die fesselnde Anziehungskraft von Essence, dieser superfeinen, handgewebten, zuf\u00e4llig geschorenen 100%igen Viskosekonstruktion, die einen atemberaubenden, schimmernden Effekt erzeugt, bei dem die Oberfl\u00e4che das Licht aus (m)einem beliebigen Winkel reflektiert. Das einzigartige antike Aussehen wurde durch zuf\u00e4lliges Scheren des Flors von Hand erreicht. Essence verleiht jedem Raum einen stilvollen und luxuri\u00f6sen Touch. Essence eignet [&hellip;]\" \/>\n<meta property=\"og:url\" content=\"https:\/\/itc.foxdeveloper.org\/de\/produkt\/essenz\/\" \/>\n<meta property=\"og:site_name\" content=\"ITC\" \/>\n<meta property=\"article:modified_time\" content=\"2023-10-24T09:22:29+00:00\" \/>\n<meta name=\"twitter:card\" content=\"summary_large_image\" \/>\n<script type=\"application\/ld+json\" class=\"yoast-schema-graph\">{\"@context\":\"https:\/\/schema.org\",\"@graph\":[{\"@type\":\"WebPage\",\"@id\":\"https:\/\/itc.foxdeveloper.org\/de\/produkt\/essenz\/\",\"url\":\"https:\/\/itc.foxdeveloper.org\/de\/produkt\/essenz\/\",\"name\":\"Essenz - ITC\",\"isPartOf\":{\"@id\":\"https:\/\/itc.foxdeveloper.org\/de\/#website\"},\"datePublished\":\"2023-06-19T09:40:06+00:00\",\"dateModified\":\"2023-10-24T09:22:29+00:00\",\"breadcrumb\":{\"@id\":\"https:\/\/itc.foxdeveloper.org\/de\/produkt\/essenz\/#breadcrumb\"},\"inLanguage\":\"de-DE\",\"potentialAction\":[{\"@type\":\"ReadAction\",\"target\":[\"https:\/\/itc.foxdeveloper.org\/de\/produkt\/essenz\/\"]}]},{\"@type\":\"BreadcrumbList\",\"@id\":\"https:\/\/itc.foxdeveloper.org\/de\/produkt\/essenz\/#breadcrumb\",\"itemListElement\":[{\"@type\":\"ListItem\",\"position\":1,\"name\":\"Home\",\"item\":\"https:\/\/itc.foxdeveloper.org\/de\/\"},{\"@type\":\"ListItem\",\"position\":2,\"name\":\"Alle Produkte\",\"item\":\"https:\/\/itc.foxdeveloper.org\/de\/shop\/\"},{\"@type\":\"ListItem\",\"position\":3,\"name\":\"Breitflor\",\"item\":\"https:\/\/itc.foxdeveloper.org\/de\/produkt-kategorie\/breitflor\/\"},{\"@type\":\"ListItem\",\"position\":4,\"name\":\"Essenz\"}]},{\"@type\":\"WebSite\",\"@id\":\"https:\/\/itc.foxdeveloper.org\/de\/#website\",\"url\":\"https:\/\/itc.foxdeveloper.org\/de\/\",\"name\":\"ITC\",\"description\":\"\",\"potentialAction\":[{\"@type\":\"SearchAction\",\"target\":{\"@type\":\"EntryPoint\",\"urlTemplate\":\"https:\/\/itc.foxdeveloper.org\/de\/?s={search_term_string}\"},\"query-input\":\"required name=search_term_string\"}],\"inLanguage\":\"de-DE\"}]}<\/script>\n<!-- \/ Yoast SEO plugin. -->","yoast_head_json":{"title":"Essenz - ITC","robots":{"index":"index","follow":"follow","max-snippet":"max-snippet:-1","max-image-preview":"max-image-preview:large","max-video-preview":"max-video-preview:-1"},"canonical":"https:\/\/itc.foxdeveloper.org\/de\/produkt\/essenz\/","og_locale":"de_DE","og_type":"article","og_title":"Essenz - ITC","og_description":"Entdecken Sie die fesselnde Anziehungskraft von Essence, dieser superfeinen, handgewebten, zuf\u00e4llig geschorenen 100%igen Viskosekonstruktion, die einen atemberaubenden, schimmernden Effekt erzeugt, bei dem die Oberfl\u00e4che das Licht aus (m)einem beliebigen Winkel reflektiert. Das einzigartige antike Aussehen wurde durch zuf\u00e4lliges Scheren des Flors von Hand erreicht. Essence verleiht jedem Raum einen stilvollen und luxuri\u00f6sen Touch. Essence eignet [&hellip;]","og_url":"https:\/\/itc.foxdeveloper.org\/de\/produkt\/essenz\/","og_site_name":"ITC","article_modified_time":"2023-10-24T09:22:29+00:00","twitter_card":"summary_large_image","schema":{"@context":"https:\/\/schema.org","@graph":[{"@type":"WebPage","@id":"https:\/\/itc.foxdeveloper.org\/de\/produkt\/essenz\/","url":"https:\/\/itc.foxdeveloper.org\/de\/produkt\/essenz\/","name":"Essenz - ITC","isPartOf":{"@id":"https:\/\/itc.foxdeveloper.org\/de\/#website"},"datePublished":"2023-06-19T09:40:06+00:00","dateModified":"2023-10-24T09:22:29+00:00","breadcrumb":{"@id":"https:\/\/itc.foxdeveloper.org\/de\/produkt\/essenz\/#breadcrumb"},"inLanguage":"de-DE","potentialAction":[{"@type":"ReadAction","target":["https:\/\/itc.foxdeveloper.org\/de\/produkt\/essenz\/"]}]},{"@type":"BreadcrumbList","@id":"https:\/\/itc.foxdeveloper.org\/de\/produkt\/essenz\/#breadcrumb","itemListElement":[{"@type":"ListItem","position":1,"name":"Home","item":"https:\/\/itc.foxdeveloper.org\/de\/"},{"@type":"ListItem","position":2,"name":"Alle Produkte","item":"https:\/\/itc.foxdeveloper.org\/de\/shop\/"},{"@type":"ListItem","position":3,"name":"Breitflor","item":"https:\/\/itc.foxdeveloper.org\/de\/produkt-kategorie\/breitflor\/"},{"@type":"ListItem","position":4,"name":"Essenz"}]},{"@type":"WebSite","@id":"https:\/\/itc.foxdeveloper.org\/de\/#website","url":"https:\/\/itc.foxdeveloper.org\/de\/","name":"ITC","description":"","potentialAction":[{"@type":"SearchAction","target":{"@type":"EntryPoint","urlTemplate":"https:\/\/itc.foxdeveloper.org\/de\/?s={search_term_string}"},"query-input":"required name=search_term_string"}],"inLanguage":"de-DE"}]}},"_links":{"self":[{"href":"https:\/\/itc.foxdeveloper.org\/de\/wp-json\/wp\/v2\/product\/2011"}],"collection":[{"href":"https:\/\/itc.foxdeveloper.org\/de\/wp-json\/wp\/v2\/product"}],"about":[{"href":"https:\/\/itc.foxdeveloper.org\/de\/wp-json\/wp\/v2\/types\/product"}],"wp:attachment":[{"href":"https:\/\/itc.foxdeveloper.org\/de\/wp-json\/wp\/v2\/media?parent=2011"}],"wp:term":[{"taxonomy":"product_cat","embeddable":true,"href":"https:\/\/itc.foxdeveloper.org\/de\/wp-json\/wp\/v2\/product_cat?post=2011"},{"taxonomy":"product_tag","embeddable":true,"href":"https:\/\/itc.foxdeveloper.org\/de\/wp-json\/wp\/v2\/product_tag?post=2011"}],"curies":[{"name":"wp","href":"https:\/\/api.w.org\/{rel}","templated":true}]}}