{"id":1999,"date":"2023-06-19T09:34:48","date_gmt":"2023-06-19T09:34:48","guid":{"rendered":"https:\/\/itc.foxdeveloper.org\/product\/chablis\/"},"modified":"2023-10-24T09:23:45","modified_gmt":"2023-10-24T09:23:45","slug":"chablis","status":"publish","type":"product","link":"https:\/\/itc.foxdeveloper.org\/de\/produkt\/chablis\/","title":{"rendered":"Chablis"},"content":{"rendered":"<p>Betreten Sie das Reich der Raffinesse mit unserem luxuri\u00f6sen und modernen Nylonteppich. Mit seinem eleganten Glanz, der an Seide erinnert, verk\u00f6rpert dieser Teppich eine modische \u00c4sthetik, bei der Stil, Design und Zweckm\u00e4\u00dfigkeit zusammenkommen. Mit seiner schweren Einstufung f\u00fcr den privaten und gewerblichen Bereich eignet er sich nahtlos f\u00fcr eine Vielzahl von Standorten. Werten Sie Ihren Raum mit einem Teppich auf, der m\u00fchelos modernes Flair mit dauerhafter Funktionalit\u00e4t verbindet.<\/p>\n","protected":false},"excerpt":{"rendered":"<p>Betreten Sie das Reich der Raffinesse mit unserem luxuri\u00f6sen und modernen Nylonteppich. Mit seinem eleganten Glanz, der an Seide erinnert, verk\u00f6rpert dieser Teppich eine modische \u00c4sthetik, bei der Stil, Design und Zweckm\u00e4\u00dfigkeit zusammenkommen. Mit seiner schweren Einstufung f\u00fcr den privaten und gewerblichen Bereich eignet er sich nahtlos f\u00fcr eine Vielzahl von Standorten. Werten Sie Ihren [&hellip;]<\/p>\n","protected":false},"featured_media":0,"template":"","meta":{"_acf_changed":false},"product_cat":[222],"product_tag":[],"acf":[],"yoast_head":"<!-- This site is optimized with the Yoast SEO plugin v22.5 - https:\/\/yoast.com\/wordpress\/plugins\/seo\/ -->\n<title>Chablis - ITC<\/title>\n<meta name=\"robots\" content=\"index, follow, max-snippet:-1, max-image-preview:large, max-video-preview:-1\" \/>\n<link rel=\"canonical\" href=\"https:\/\/itc.foxdeveloper.org\/de\/produkt\/chablis\/\" \/>\n<meta property=\"og:locale\" content=\"de_DE\" \/>\n<meta property=\"og:type\" content=\"article\" \/>\n<meta property=\"og:title\" content=\"Chablis - ITC\" \/>\n<meta property=\"og:description\" content=\"Betreten Sie das Reich der Raffinesse mit unserem luxuri\u00f6sen und modernen Nylonteppich. Mit seinem eleganten Glanz, der an Seide erinnert, verk\u00f6rpert dieser Teppich eine modische \u00c4sthetik, bei der Stil, Design und Zweckm\u00e4\u00dfigkeit zusammenkommen. Mit seiner schweren Einstufung f\u00fcr den privaten und gewerblichen Bereich eignet er sich nahtlos f\u00fcr eine Vielzahl von Standorten. Werten Sie Ihren [&hellip;]\" \/>\n<meta property=\"og:url\" content=\"https:\/\/itc.foxdeveloper.org\/de\/produkt\/chablis\/\" \/>\n<meta property=\"og:site_name\" content=\"ITC\" \/>\n<meta property=\"article:modified_time\" content=\"2023-10-24T09:23:45+00:00\" \/>\n<meta name=\"twitter:card\" content=\"summary_large_image\" \/>\n<script type=\"application\/ld+json\" class=\"yoast-schema-graph\">{\"@context\":\"https:\/\/schema.org\",\"@graph\":[{\"@type\":\"WebPage\",\"@id\":\"https:\/\/itc.foxdeveloper.org\/de\/produkt\/chablis\/\",\"url\":\"https:\/\/itc.foxdeveloper.org\/de\/produkt\/chablis\/\",\"name\":\"Chablis - ITC\",\"isPartOf\":{\"@id\":\"https:\/\/itc.foxdeveloper.org\/de\/#website\"},\"datePublished\":\"2023-06-19T09:34:48+00:00\",\"dateModified\":\"2023-10-24T09:23:45+00:00\",\"breadcrumb\":{\"@id\":\"https:\/\/itc.foxdeveloper.org\/de\/produkt\/chablis\/#breadcrumb\"},\"inLanguage\":\"de-DE\",\"potentialAction\":[{\"@type\":\"ReadAction\",\"target\":[\"https:\/\/itc.foxdeveloper.org\/de\/produkt\/chablis\/\"]}]},{\"@type\":\"BreadcrumbList\",\"@id\":\"https:\/\/itc.foxdeveloper.org\/de\/produkt\/chablis\/#breadcrumb\",\"itemListElement\":[{\"@type\":\"ListItem\",\"position\":1,\"name\":\"Home\",\"item\":\"https:\/\/itc.foxdeveloper.org\/de\/\"},{\"@type\":\"ListItem\",\"position\":2,\"name\":\"Alle Produkte\",\"item\":\"https:\/\/itc.foxdeveloper.org\/de\/shop\/\"},{\"@type\":\"ListItem\",\"position\":3,\"name\":\"Breitflor\",\"item\":\"https:\/\/itc.foxdeveloper.org\/de\/produkt-kategorie\/breitflor\/\"},{\"@type\":\"ListItem\",\"position\":4,\"name\":\"Chablis\"}]},{\"@type\":\"WebSite\",\"@id\":\"https:\/\/itc.foxdeveloper.org\/de\/#website\",\"url\":\"https:\/\/itc.foxdeveloper.org\/de\/\",\"name\":\"ITC\",\"description\":\"\",\"potentialAction\":[{\"@type\":\"SearchAction\",\"target\":{\"@type\":\"EntryPoint\",\"urlTemplate\":\"https:\/\/itc.foxdeveloper.org\/de\/?s={search_term_string}\"},\"query-input\":\"required name=search_term_string\"}],\"inLanguage\":\"de-DE\"}]}<\/script>\n<!-- \/ Yoast SEO plugin. -->","yoast_head_json":{"title":"Chablis - ITC","robots":{"index":"index","follow":"follow","max-snippet":"max-snippet:-1","max-image-preview":"max-image-preview:large","max-video-preview":"max-video-preview:-1"},"canonical":"https:\/\/itc.foxdeveloper.org\/de\/produkt\/chablis\/","og_locale":"de_DE","og_type":"article","og_title":"Chablis - ITC","og_description":"Betreten Sie das Reich der Raffinesse mit unserem luxuri\u00f6sen und modernen Nylonteppich. Mit seinem eleganten Glanz, der an Seide erinnert, verk\u00f6rpert dieser Teppich eine modische \u00c4sthetik, bei der Stil, Design und Zweckm\u00e4\u00dfigkeit zusammenkommen. Mit seiner schweren Einstufung f\u00fcr den privaten und gewerblichen Bereich eignet er sich nahtlos f\u00fcr eine Vielzahl von Standorten. Werten Sie Ihren [&hellip;]","og_url":"https:\/\/itc.foxdeveloper.org\/de\/produkt\/chablis\/","og_site_name":"ITC","article_modified_time":"2023-10-24T09:23:45+00:00","twitter_card":"summary_large_image","schema":{"@context":"https:\/\/schema.org","@graph":[{"@type":"WebPage","@id":"https:\/\/itc.foxdeveloper.org\/de\/produkt\/chablis\/","url":"https:\/\/itc.foxdeveloper.org\/de\/produkt\/chablis\/","name":"Chablis - ITC","isPartOf":{"@id":"https:\/\/itc.foxdeveloper.org\/de\/#website"},"datePublished":"2023-06-19T09:34:48+00:00","dateModified":"2023-10-24T09:23:45+00:00","breadcrumb":{"@id":"https:\/\/itc.foxdeveloper.org\/de\/produkt\/chablis\/#breadcrumb"},"inLanguage":"de-DE","potentialAction":[{"@type":"ReadAction","target":["https:\/\/itc.foxdeveloper.org\/de\/produkt\/chablis\/"]}]},{"@type":"BreadcrumbList","@id":"https:\/\/itc.foxdeveloper.org\/de\/produkt\/chablis\/#breadcrumb","itemListElement":[{"@type":"ListItem","position":1,"name":"Home","item":"https:\/\/itc.foxdeveloper.org\/de\/"},{"@type":"ListItem","position":2,"name":"Alle Produkte","item":"https:\/\/itc.foxdeveloper.org\/de\/shop\/"},{"@type":"ListItem","position":3,"name":"Breitflor","item":"https:\/\/itc.foxdeveloper.org\/de\/produkt-kategorie\/breitflor\/"},{"@type":"ListItem","position":4,"name":"Chablis"}]},{"@type":"WebSite","@id":"https:\/\/itc.foxdeveloper.org\/de\/#website","url":"https:\/\/itc.foxdeveloper.org\/de\/","name":"ITC","description":"","potentialAction":[{"@type":"SearchAction","target":{"@type":"EntryPoint","urlTemplate":"https:\/\/itc.foxdeveloper.org\/de\/?s={search_term_string}"},"query-input":"required name=search_term_string"}],"inLanguage":"de-DE"}]}},"_links":{"self":[{"href":"https:\/\/itc.foxdeveloper.org\/de\/wp-json\/wp\/v2\/product\/1999"}],"collection":[{"href":"https:\/\/itc.foxdeveloper.org\/de\/wp-json\/wp\/v2\/product"}],"about":[{"href":"https:\/\/itc.foxdeveloper.org\/de\/wp-json\/wp\/v2\/types\/product"}],"wp:attachment":[{"href":"https:\/\/itc.foxdeveloper.org\/de\/wp-json\/wp\/v2\/media?parent=1999"}],"wp:term":[{"taxonomy":"product_cat","embeddable":true,"href":"https:\/\/itc.foxdeveloper.org\/de\/wp-json\/wp\/v2\/product_cat?post=1999"},{"taxonomy":"product_tag","embeddable":true,"href":"https:\/\/itc.foxdeveloper.org\/de\/wp-json\/wp\/v2\/product_tag?post=1999"}],"curies":[{"name":"wp","href":"https:\/\/api.w.org\/{rel}","templated":true}]}}