{"id":1962,"date":"2023-06-19T09:39:54","date_gmt":"2023-06-19T09:39:54","guid":{"rendered":"https:\/\/itc.foxdeveloper.org\/product\/eleganz\/"},"modified":"2024-03-26T11:36:07","modified_gmt":"2024-03-26T11:36:07","slug":"eleganz","status":"publish","type":"product","link":"https:\/\/itc.foxdeveloper.org\/de\/produkt\/eleganz\/","title":{"rendered":"Eleganz"},"content":{"rendered":"<p>G\u00f6nnen Sie sich den Inbegriff von Luxus mit Elegance, einem handgewebten Teppich aus 100% Viskose. Mit seinen antistatischen Eigenschaften und seiner samtigen Textur bietet dieser luxuri\u00f6se Wohnteppich ein luxuri\u00f6ses Erlebnis unter den F\u00fc\u00dfen. Erh\u00e4ltlich in ma\u00dfgeschneiderten Teppichen und Gr\u00f6\u00dfen bis 400 cm Breite. Elegance bringt ma\u00dfgeschneiderte Eleganz in Ihren Raum. Erh\u00f6hen Sie Ihr Treppenhaus mit seiner bezaubernden Ausstrahlung, denn Elegance eignet sich auch f\u00fcr Treppenbel\u00e4ge. G\u00f6nnen Sie sich den unvergleichlichen Luxus und die Raffinesse von Elegance.<\/p>\n","protected":false},"excerpt":{"rendered":"<p>G\u00f6nnen Sie sich den Inbegriff von Luxus mit Elegance, einem handgewebten Teppich aus 100% Viskose. Mit seinen antistatischen Eigenschaften und seiner samtigen Textur bietet dieser luxuri\u00f6se Wohnteppich ein luxuri\u00f6ses Erlebnis unter den F\u00fc\u00dfen. Erh\u00e4ltlich in ma\u00dfgeschneiderten Teppichen und Gr\u00f6\u00dfen bis 400 cm Breite. Elegance bringt ma\u00dfgeschneiderte Eleganz in Ihren Raum. Erh\u00f6hen Sie Ihr Treppenhaus mit [&hellip;]<\/p>\n","protected":false},"featured_media":0,"template":"","meta":{"_acf_changed":false},"product_cat":[222],"product_tag":[],"acf":[],"yoast_head":"<!-- This site is optimized with the Yoast SEO plugin v22.5 - https:\/\/yoast.com\/wordpress\/plugins\/seo\/ -->\n<title>Eleganz - ITC<\/title>\n<meta name=\"robots\" content=\"index, follow, max-snippet:-1, max-image-preview:large, max-video-preview:-1\" \/>\n<link rel=\"canonical\" href=\"https:\/\/itc.foxdeveloper.org\/de\/produkt\/eleganz\/\" \/>\n<meta property=\"og:locale\" content=\"de_DE\" \/>\n<meta property=\"og:type\" content=\"article\" \/>\n<meta property=\"og:title\" content=\"Eleganz - ITC\" \/>\n<meta property=\"og:description\" content=\"G\u00f6nnen Sie sich den Inbegriff von Luxus mit Elegance, einem handgewebten Teppich aus 100% Viskose. Mit seinen antistatischen Eigenschaften und seiner samtigen Textur bietet dieser luxuri\u00f6se Wohnteppich ein luxuri\u00f6ses Erlebnis unter den F\u00fc\u00dfen. Erh\u00e4ltlich in ma\u00dfgeschneiderten Teppichen und Gr\u00f6\u00dfen bis 400 cm Breite. Elegance bringt ma\u00dfgeschneiderte Eleganz in Ihren Raum. Erh\u00f6hen Sie Ihr Treppenhaus mit [&hellip;]\" \/>\n<meta property=\"og:url\" content=\"https:\/\/itc.foxdeveloper.org\/de\/produkt\/eleganz\/\" \/>\n<meta property=\"og:site_name\" content=\"ITC\" \/>\n<meta property=\"article:modified_time\" content=\"2024-03-26T11:36:07+00:00\" \/>\n<meta name=\"twitter:card\" content=\"summary_large_image\" \/>\n<script type=\"application\/ld+json\" class=\"yoast-schema-graph\">{\"@context\":\"https:\/\/schema.org\",\"@graph\":[{\"@type\":\"WebPage\",\"@id\":\"https:\/\/itc.foxdeveloper.org\/de\/produkt\/eleganz\/\",\"url\":\"https:\/\/itc.foxdeveloper.org\/de\/produkt\/eleganz\/\",\"name\":\"Eleganz - ITC\",\"isPartOf\":{\"@id\":\"https:\/\/itc.foxdeveloper.org\/de\/#website\"},\"datePublished\":\"2023-06-19T09:39:54+00:00\",\"dateModified\":\"2024-03-26T11:36:07+00:00\",\"breadcrumb\":{\"@id\":\"https:\/\/itc.foxdeveloper.org\/de\/produkt\/eleganz\/#breadcrumb\"},\"inLanguage\":\"de-DE\",\"potentialAction\":[{\"@type\":\"ReadAction\",\"target\":[\"https:\/\/itc.foxdeveloper.org\/de\/produkt\/eleganz\/\"]}]},{\"@type\":\"BreadcrumbList\",\"@id\":\"https:\/\/itc.foxdeveloper.org\/de\/produkt\/eleganz\/#breadcrumb\",\"itemListElement\":[{\"@type\":\"ListItem\",\"position\":1,\"name\":\"Home\",\"item\":\"https:\/\/itc.foxdeveloper.org\/de\/\"},{\"@type\":\"ListItem\",\"position\":2,\"name\":\"Alle Produkte\",\"item\":\"https:\/\/itc.foxdeveloper.org\/de\/shop\/\"},{\"@type\":\"ListItem\",\"position\":3,\"name\":\"Breitflor\",\"item\":\"https:\/\/itc.foxdeveloper.org\/de\/produkt-kategorie\/breitflor\/\"},{\"@type\":\"ListItem\",\"position\":4,\"name\":\"Eleganz\"}]},{\"@type\":\"WebSite\",\"@id\":\"https:\/\/itc.foxdeveloper.org\/de\/#website\",\"url\":\"https:\/\/itc.foxdeveloper.org\/de\/\",\"name\":\"ITC\",\"description\":\"\",\"potentialAction\":[{\"@type\":\"SearchAction\",\"target\":{\"@type\":\"EntryPoint\",\"urlTemplate\":\"https:\/\/itc.foxdeveloper.org\/de\/?s={search_term_string}\"},\"query-input\":\"required name=search_term_string\"}],\"inLanguage\":\"de-DE\"}]}<\/script>\n<!-- \/ Yoast SEO plugin. -->","yoast_head_json":{"title":"Eleganz - ITC","robots":{"index":"index","follow":"follow","max-snippet":"max-snippet:-1","max-image-preview":"max-image-preview:large","max-video-preview":"max-video-preview:-1"},"canonical":"https:\/\/itc.foxdeveloper.org\/de\/produkt\/eleganz\/","og_locale":"de_DE","og_type":"article","og_title":"Eleganz - ITC","og_description":"G\u00f6nnen Sie sich den Inbegriff von Luxus mit Elegance, einem handgewebten Teppich aus 100% Viskose. Mit seinen antistatischen Eigenschaften und seiner samtigen Textur bietet dieser luxuri\u00f6se Wohnteppich ein luxuri\u00f6ses Erlebnis unter den F\u00fc\u00dfen. Erh\u00e4ltlich in ma\u00dfgeschneiderten Teppichen und Gr\u00f6\u00dfen bis 400 cm Breite. Elegance bringt ma\u00dfgeschneiderte Eleganz in Ihren Raum. Erh\u00f6hen Sie Ihr Treppenhaus mit [&hellip;]","og_url":"https:\/\/itc.foxdeveloper.org\/de\/produkt\/eleganz\/","og_site_name":"ITC","article_modified_time":"2024-03-26T11:36:07+00:00","twitter_card":"summary_large_image","schema":{"@context":"https:\/\/schema.org","@graph":[{"@type":"WebPage","@id":"https:\/\/itc.foxdeveloper.org\/de\/produkt\/eleganz\/","url":"https:\/\/itc.foxdeveloper.org\/de\/produkt\/eleganz\/","name":"Eleganz - ITC","isPartOf":{"@id":"https:\/\/itc.foxdeveloper.org\/de\/#website"},"datePublished":"2023-06-19T09:39:54+00:00","dateModified":"2024-03-26T11:36:07+00:00","breadcrumb":{"@id":"https:\/\/itc.foxdeveloper.org\/de\/produkt\/eleganz\/#breadcrumb"},"inLanguage":"de-DE","potentialAction":[{"@type":"ReadAction","target":["https:\/\/itc.foxdeveloper.org\/de\/produkt\/eleganz\/"]}]},{"@type":"BreadcrumbList","@id":"https:\/\/itc.foxdeveloper.org\/de\/produkt\/eleganz\/#breadcrumb","itemListElement":[{"@type":"ListItem","position":1,"name":"Home","item":"https:\/\/itc.foxdeveloper.org\/de\/"},{"@type":"ListItem","position":2,"name":"Alle Produkte","item":"https:\/\/itc.foxdeveloper.org\/de\/shop\/"},{"@type":"ListItem","position":3,"name":"Breitflor","item":"https:\/\/itc.foxdeveloper.org\/de\/produkt-kategorie\/breitflor\/"},{"@type":"ListItem","position":4,"name":"Eleganz"}]},{"@type":"WebSite","@id":"https:\/\/itc.foxdeveloper.org\/de\/#website","url":"https:\/\/itc.foxdeveloper.org\/de\/","name":"ITC","description":"","potentialAction":[{"@type":"SearchAction","target":{"@type":"EntryPoint","urlTemplate":"https:\/\/itc.foxdeveloper.org\/de\/?s={search_term_string}"},"query-input":"required name=search_term_string"}],"inLanguage":"de-DE"}]}},"_links":{"self":[{"href":"https:\/\/itc.foxdeveloper.org\/de\/wp-json\/wp\/v2\/product\/1962"}],"collection":[{"href":"https:\/\/itc.foxdeveloper.org\/de\/wp-json\/wp\/v2\/product"}],"about":[{"href":"https:\/\/itc.foxdeveloper.org\/de\/wp-json\/wp\/v2\/types\/product"}],"wp:attachment":[{"href":"https:\/\/itc.foxdeveloper.org\/de\/wp-json\/wp\/v2\/media?parent=1962"}],"wp:term":[{"taxonomy":"product_cat","embeddable":true,"href":"https:\/\/itc.foxdeveloper.org\/de\/wp-json\/wp\/v2\/product_cat?post=1962"},{"taxonomy":"product_tag","embeddable":true,"href":"https:\/\/itc.foxdeveloper.org\/de\/wp-json\/wp\/v2\/product_tag?post=1962"}],"curies":[{"name":"wp","href":"https:\/\/api.w.org\/{rel}","templated":true}]}}