{"id":1956,"date":"2023-06-26T13:24:11","date_gmt":"2023-06-26T13:24:11","guid":{"rendered":"https:\/\/itc.foxdeveloper.org\/product\/singapur-teppich\/"},"modified":"2023-10-12T19:44:49","modified_gmt":"2023-10-12T19:44:49","slug":"singapur-rug","status":"publish","type":"product","link":"https:\/\/itc.foxdeveloper.org\/de\/produkt\/singapur-rug\/","title":{"rendered":"Singapur-Teppich"},"content":{"rendered":"<p>Ein einzigartig strukturierter Polyesterteppich, der Luxus und hervorragenden Komfort unter den F\u00fc\u00dfen vereint. Gloss ist pflegeleicht und eine elegante Alternative zu Viskose und eignet sich perfekt f\u00fcr den Einsatz im gewerblichen und privaten Bereich. Mit Pr\u00e4zision handgewebt, bietet Singapore Langlebigkeit ohne Kompromisse beim Komfort. Genie\u00dfen Sie die antistatischen Eigenschaften und den Baumwolltuchr\u00fccken, der als Teppich in 3 Standardgr\u00f6\u00dfen erh\u00e4ltlich ist. Ma\u00dfgefertigte Teppiche sind in jeder Gr\u00f6\u00dfe von 400 cm Breite erh\u00e4ltlich.<\/p>\n","protected":false},"excerpt":{"rendered":"<p>Ein einzigartig strukturierter Polyesterteppich, der Luxus und hervorragenden Komfort unter den F\u00fc\u00dfen vereint. Gloss ist pflegeleicht und eine elegante Alternative zu Viskose und eignet sich perfekt f\u00fcr den Einsatz im gewerblichen und privaten Bereich. Mit Pr\u00e4zision handgewebt, bietet Singapore Langlebigkeit ohne Kompromisse beim Komfort. Genie\u00dfen Sie die antistatischen Eigenschaften und den Baumwolltuchr\u00fccken, der als Teppich [&hellip;]<\/p>\n","protected":false},"featured_media":0,"template":"","meta":{"_acf_changed":false},"product_cat":[266],"product_tag":[],"acf":[],"yoast_head":"<!-- This site is optimized with the Yoast SEO plugin v22.5 - https:\/\/yoast.com\/wordpress\/plugins\/seo\/ -->\n<title>Singapur-Teppich - ITC<\/title>\n<meta name=\"robots\" content=\"index, follow, max-snippet:-1, max-image-preview:large, max-video-preview:-1\" \/>\n<link rel=\"canonical\" href=\"https:\/\/itc.foxdeveloper.org\/de\/produkt\/singapur-rug\/\" \/>\n<meta property=\"og:locale\" content=\"de_DE\" \/>\n<meta property=\"og:type\" content=\"article\" \/>\n<meta property=\"og:title\" content=\"Singapur-Teppich - ITC\" \/>\n<meta property=\"og:description\" content=\"Ein einzigartig strukturierter Polyesterteppich, der Luxus und hervorragenden Komfort unter den F\u00fc\u00dfen vereint. Gloss ist pflegeleicht und eine elegante Alternative zu Viskose und eignet sich perfekt f\u00fcr den Einsatz im gewerblichen und privaten Bereich. Mit Pr\u00e4zision handgewebt, bietet Singapore Langlebigkeit ohne Kompromisse beim Komfort. Genie\u00dfen Sie die antistatischen Eigenschaften und den Baumwolltuchr\u00fccken, der als Teppich [&hellip;]\" \/>\n<meta property=\"og:url\" content=\"https:\/\/itc.foxdeveloper.org\/de\/produkt\/singapur-rug\/\" \/>\n<meta property=\"og:site_name\" content=\"ITC\" \/>\n<meta property=\"article:modified_time\" content=\"2023-10-12T19:44:49+00:00\" \/>\n<meta name=\"twitter:card\" content=\"summary_large_image\" \/>\n<script type=\"application\/ld+json\" class=\"yoast-schema-graph\">{\"@context\":\"https:\/\/schema.org\",\"@graph\":[{\"@type\":\"WebPage\",\"@id\":\"https:\/\/itc.foxdeveloper.org\/de\/produkt\/singapur-rug\/\",\"url\":\"https:\/\/itc.foxdeveloper.org\/de\/produkt\/singapur-rug\/\",\"name\":\"Singapur-Teppich - ITC\",\"isPartOf\":{\"@id\":\"https:\/\/itc.foxdeveloper.org\/de\/#website\"},\"datePublished\":\"2023-06-26T13:24:11+00:00\",\"dateModified\":\"2023-10-12T19:44:49+00:00\",\"breadcrumb\":{\"@id\":\"https:\/\/itc.foxdeveloper.org\/de\/produkt\/singapur-rug\/#breadcrumb\"},\"inLanguage\":\"de-DE\",\"potentialAction\":[{\"@type\":\"ReadAction\",\"target\":[\"https:\/\/itc.foxdeveloper.org\/de\/produkt\/singapur-rug\/\"]}]},{\"@type\":\"BreadcrumbList\",\"@id\":\"https:\/\/itc.foxdeveloper.org\/de\/produkt\/singapur-rug\/#breadcrumb\",\"itemListElement\":[{\"@type\":\"ListItem\",\"position\":1,\"name\":\"Home\",\"item\":\"https:\/\/itc.foxdeveloper.org\/de\/\"},{\"@type\":\"ListItem\",\"position\":2,\"name\":\"Alle Produkte\",\"item\":\"https:\/\/itc.foxdeveloper.org\/de\/shop\/\"},{\"@type\":\"ListItem\",\"position\":3,\"name\":\"Fl\u00e4chenteppiche\",\"item\":\"https:\/\/itc.foxdeveloper.org\/de\/produkt-kategorie\/flachenteppiche\/\"},{\"@type\":\"ListItem\",\"position\":4,\"name\":\"Singapur-Teppich\"}]},{\"@type\":\"WebSite\",\"@id\":\"https:\/\/itc.foxdeveloper.org\/de\/#website\",\"url\":\"https:\/\/itc.foxdeveloper.org\/de\/\",\"name\":\"ITC\",\"description\":\"\",\"potentialAction\":[{\"@type\":\"SearchAction\",\"target\":{\"@type\":\"EntryPoint\",\"urlTemplate\":\"https:\/\/itc.foxdeveloper.org\/de\/?s={search_term_string}\"},\"query-input\":\"required name=search_term_string\"}],\"inLanguage\":\"de-DE\"}]}<\/script>\n<!-- \/ Yoast SEO plugin. -->","yoast_head_json":{"title":"Singapur-Teppich - ITC","robots":{"index":"index","follow":"follow","max-snippet":"max-snippet:-1","max-image-preview":"max-image-preview:large","max-video-preview":"max-video-preview:-1"},"canonical":"https:\/\/itc.foxdeveloper.org\/de\/produkt\/singapur-rug\/","og_locale":"de_DE","og_type":"article","og_title":"Singapur-Teppich - ITC","og_description":"Ein einzigartig strukturierter Polyesterteppich, der Luxus und hervorragenden Komfort unter den F\u00fc\u00dfen vereint. Gloss ist pflegeleicht und eine elegante Alternative zu Viskose und eignet sich perfekt f\u00fcr den Einsatz im gewerblichen und privaten Bereich. Mit Pr\u00e4zision handgewebt, bietet Singapore Langlebigkeit ohne Kompromisse beim Komfort. Genie\u00dfen Sie die antistatischen Eigenschaften und den Baumwolltuchr\u00fccken, der als Teppich [&hellip;]","og_url":"https:\/\/itc.foxdeveloper.org\/de\/produkt\/singapur-rug\/","og_site_name":"ITC","article_modified_time":"2023-10-12T19:44:49+00:00","twitter_card":"summary_large_image","schema":{"@context":"https:\/\/schema.org","@graph":[{"@type":"WebPage","@id":"https:\/\/itc.foxdeveloper.org\/de\/produkt\/singapur-rug\/","url":"https:\/\/itc.foxdeveloper.org\/de\/produkt\/singapur-rug\/","name":"Singapur-Teppich - ITC","isPartOf":{"@id":"https:\/\/itc.foxdeveloper.org\/de\/#website"},"datePublished":"2023-06-26T13:24:11+00:00","dateModified":"2023-10-12T19:44:49+00:00","breadcrumb":{"@id":"https:\/\/itc.foxdeveloper.org\/de\/produkt\/singapur-rug\/#breadcrumb"},"inLanguage":"de-DE","potentialAction":[{"@type":"ReadAction","target":["https:\/\/itc.foxdeveloper.org\/de\/produkt\/singapur-rug\/"]}]},{"@type":"BreadcrumbList","@id":"https:\/\/itc.foxdeveloper.org\/de\/produkt\/singapur-rug\/#breadcrumb","itemListElement":[{"@type":"ListItem","position":1,"name":"Home","item":"https:\/\/itc.foxdeveloper.org\/de\/"},{"@type":"ListItem","position":2,"name":"Alle Produkte","item":"https:\/\/itc.foxdeveloper.org\/de\/shop\/"},{"@type":"ListItem","position":3,"name":"Fl\u00e4chenteppiche","item":"https:\/\/itc.foxdeveloper.org\/de\/produkt-kategorie\/flachenteppiche\/"},{"@type":"ListItem","position":4,"name":"Singapur-Teppich"}]},{"@type":"WebSite","@id":"https:\/\/itc.foxdeveloper.org\/de\/#website","url":"https:\/\/itc.foxdeveloper.org\/de\/","name":"ITC","description":"","potentialAction":[{"@type":"SearchAction","target":{"@type":"EntryPoint","urlTemplate":"https:\/\/itc.foxdeveloper.org\/de\/?s={search_term_string}"},"query-input":"required name=search_term_string"}],"inLanguage":"de-DE"}]}},"_links":{"self":[{"href":"https:\/\/itc.foxdeveloper.org\/de\/wp-json\/wp\/v2\/product\/1956"}],"collection":[{"href":"https:\/\/itc.foxdeveloper.org\/de\/wp-json\/wp\/v2\/product"}],"about":[{"href":"https:\/\/itc.foxdeveloper.org\/de\/wp-json\/wp\/v2\/types\/product"}],"wp:attachment":[{"href":"https:\/\/itc.foxdeveloper.org\/de\/wp-json\/wp\/v2\/media?parent=1956"}],"wp:term":[{"taxonomy":"product_cat","embeddable":true,"href":"https:\/\/itc.foxdeveloper.org\/de\/wp-json\/wp\/v2\/product_cat?post=1956"},{"taxonomy":"product_tag","embeddable":true,"href":"https:\/\/itc.foxdeveloper.org\/de\/wp-json\/wp\/v2\/product_tag?post=1956"}],"curies":[{"name":"wp","href":"https:\/\/api.w.org\/{rel}","templated":true}]}}