{"id":1925,"date":"2023-06-19T09:34:35","date_gmt":"2023-06-19T09:34:35","guid":{"rendered":"https:\/\/itc.foxdeveloper.org\/product\/cabernet\/"},"modified":"2023-10-12T19:44:43","modified_gmt":"2023-10-12T19:44:43","slug":"cabernet","status":"publish","type":"product","link":"https:\/\/itc.foxdeveloper.org\/de\/produkt\/cabernet\/","title":{"rendered":"Cabernet"},"content":{"rendered":"<p>Erleben Sie die luxuri\u00f6se Sch\u00f6nheit von Cabernet, einem Teppich aus 100% Nylon. Mit seiner dicken und weichen Haptik ist dieser luxuri\u00f6se Wohnteppich in Gr\u00f6\u00dfen von 400 cm oder 500 cm Breite erh\u00e4ltlich. Er ist au\u00dferdem antistatisch und kann als Treppenbelag verwendet werden, was Ihrem Zuhause einen Hauch von Raffinesse verleiht. Werten Sie Ihren Raum mit der zeitlosen Eleganz von Cabernet auf.<\/p>\n","protected":false},"excerpt":{"rendered":"<p>Erleben Sie die luxuri\u00f6se Sch\u00f6nheit von Cabernet, einem Teppich aus 100% Nylon. Mit seiner dicken und weichen Haptik ist dieser luxuri\u00f6se Wohnteppich in Gr\u00f6\u00dfen von 400 cm oder 500 cm Breite erh\u00e4ltlich. Er ist au\u00dferdem antistatisch und kann als Treppenbelag verwendet werden, was Ihrem Zuhause einen Hauch von Raffinesse verleiht. Werten Sie Ihren Raum mit [&hellip;]<\/p>\n","protected":false},"featured_media":0,"template":"","meta":{"_acf_changed":false},"product_cat":[222],"product_tag":[],"acf":[],"yoast_head":"<!-- This site is optimized with the Yoast SEO plugin v22.5 - https:\/\/yoast.com\/wordpress\/plugins\/seo\/ -->\n<title>Cabernet - ITC<\/title>\n<meta name=\"robots\" content=\"index, follow, max-snippet:-1, max-image-preview:large, max-video-preview:-1\" \/>\n<link rel=\"canonical\" href=\"https:\/\/itc.foxdeveloper.org\/de\/produkt\/cabernet\/\" \/>\n<meta property=\"og:locale\" content=\"de_DE\" \/>\n<meta property=\"og:type\" content=\"article\" \/>\n<meta property=\"og:title\" content=\"Cabernet - ITC\" \/>\n<meta property=\"og:description\" content=\"Erleben Sie die luxuri\u00f6se Sch\u00f6nheit von Cabernet, einem Teppich aus 100% Nylon. Mit seiner dicken und weichen Haptik ist dieser luxuri\u00f6se Wohnteppich in Gr\u00f6\u00dfen von 400 cm oder 500 cm Breite erh\u00e4ltlich. Er ist au\u00dferdem antistatisch und kann als Treppenbelag verwendet werden, was Ihrem Zuhause einen Hauch von Raffinesse verleiht. Werten Sie Ihren Raum mit [&hellip;]\" \/>\n<meta property=\"og:url\" content=\"https:\/\/itc.foxdeveloper.org\/de\/produkt\/cabernet\/\" \/>\n<meta property=\"og:site_name\" content=\"ITC\" \/>\n<meta property=\"article:modified_time\" content=\"2023-10-12T19:44:43+00:00\" \/>\n<meta name=\"twitter:card\" content=\"summary_large_image\" \/>\n<script type=\"application\/ld+json\" class=\"yoast-schema-graph\">{\"@context\":\"https:\/\/schema.org\",\"@graph\":[{\"@type\":\"WebPage\",\"@id\":\"https:\/\/itc.foxdeveloper.org\/de\/produkt\/cabernet\/\",\"url\":\"https:\/\/itc.foxdeveloper.org\/de\/produkt\/cabernet\/\",\"name\":\"Cabernet - ITC\",\"isPartOf\":{\"@id\":\"https:\/\/itc.foxdeveloper.org\/de\/#website\"},\"datePublished\":\"2023-06-19T09:34:35+00:00\",\"dateModified\":\"2023-10-12T19:44:43+00:00\",\"breadcrumb\":{\"@id\":\"https:\/\/itc.foxdeveloper.org\/de\/produkt\/cabernet\/#breadcrumb\"},\"inLanguage\":\"de-DE\",\"potentialAction\":[{\"@type\":\"ReadAction\",\"target\":[\"https:\/\/itc.foxdeveloper.org\/de\/produkt\/cabernet\/\"]}]},{\"@type\":\"BreadcrumbList\",\"@id\":\"https:\/\/itc.foxdeveloper.org\/de\/produkt\/cabernet\/#breadcrumb\",\"itemListElement\":[{\"@type\":\"ListItem\",\"position\":1,\"name\":\"Home\",\"item\":\"https:\/\/itc.foxdeveloper.org\/de\/\"},{\"@type\":\"ListItem\",\"position\":2,\"name\":\"Alle Produkte\",\"item\":\"https:\/\/itc.foxdeveloper.org\/de\/shop\/\"},{\"@type\":\"ListItem\",\"position\":3,\"name\":\"Breitflor\",\"item\":\"https:\/\/itc.foxdeveloper.org\/de\/produkt-kategorie\/breitflor\/\"},{\"@type\":\"ListItem\",\"position\":4,\"name\":\"Cabernet\"}]},{\"@type\":\"WebSite\",\"@id\":\"https:\/\/itc.foxdeveloper.org\/de\/#website\",\"url\":\"https:\/\/itc.foxdeveloper.org\/de\/\",\"name\":\"ITC\",\"description\":\"\",\"potentialAction\":[{\"@type\":\"SearchAction\",\"target\":{\"@type\":\"EntryPoint\",\"urlTemplate\":\"https:\/\/itc.foxdeveloper.org\/de\/?s={search_term_string}\"},\"query-input\":\"required name=search_term_string\"}],\"inLanguage\":\"de-DE\"}]}<\/script>\n<!-- \/ Yoast SEO plugin. -->","yoast_head_json":{"title":"Cabernet - ITC","robots":{"index":"index","follow":"follow","max-snippet":"max-snippet:-1","max-image-preview":"max-image-preview:large","max-video-preview":"max-video-preview:-1"},"canonical":"https:\/\/itc.foxdeveloper.org\/de\/produkt\/cabernet\/","og_locale":"de_DE","og_type":"article","og_title":"Cabernet - ITC","og_description":"Erleben Sie die luxuri\u00f6se Sch\u00f6nheit von Cabernet, einem Teppich aus 100% Nylon. Mit seiner dicken und weichen Haptik ist dieser luxuri\u00f6se Wohnteppich in Gr\u00f6\u00dfen von 400 cm oder 500 cm Breite erh\u00e4ltlich. Er ist au\u00dferdem antistatisch und kann als Treppenbelag verwendet werden, was Ihrem Zuhause einen Hauch von Raffinesse verleiht. Werten Sie Ihren Raum mit [&hellip;]","og_url":"https:\/\/itc.foxdeveloper.org\/de\/produkt\/cabernet\/","og_site_name":"ITC","article_modified_time":"2023-10-12T19:44:43+00:00","twitter_card":"summary_large_image","schema":{"@context":"https:\/\/schema.org","@graph":[{"@type":"WebPage","@id":"https:\/\/itc.foxdeveloper.org\/de\/produkt\/cabernet\/","url":"https:\/\/itc.foxdeveloper.org\/de\/produkt\/cabernet\/","name":"Cabernet - ITC","isPartOf":{"@id":"https:\/\/itc.foxdeveloper.org\/de\/#website"},"datePublished":"2023-06-19T09:34:35+00:00","dateModified":"2023-10-12T19:44:43+00:00","breadcrumb":{"@id":"https:\/\/itc.foxdeveloper.org\/de\/produkt\/cabernet\/#breadcrumb"},"inLanguage":"de-DE","potentialAction":[{"@type":"ReadAction","target":["https:\/\/itc.foxdeveloper.org\/de\/produkt\/cabernet\/"]}]},{"@type":"BreadcrumbList","@id":"https:\/\/itc.foxdeveloper.org\/de\/produkt\/cabernet\/#breadcrumb","itemListElement":[{"@type":"ListItem","position":1,"name":"Home","item":"https:\/\/itc.foxdeveloper.org\/de\/"},{"@type":"ListItem","position":2,"name":"Alle Produkte","item":"https:\/\/itc.foxdeveloper.org\/de\/shop\/"},{"@type":"ListItem","position":3,"name":"Breitflor","item":"https:\/\/itc.foxdeveloper.org\/de\/produkt-kategorie\/breitflor\/"},{"@type":"ListItem","position":4,"name":"Cabernet"}]},{"@type":"WebSite","@id":"https:\/\/itc.foxdeveloper.org\/de\/#website","url":"https:\/\/itc.foxdeveloper.org\/de\/","name":"ITC","description":"","potentialAction":[{"@type":"SearchAction","target":{"@type":"EntryPoint","urlTemplate":"https:\/\/itc.foxdeveloper.org\/de\/?s={search_term_string}"},"query-input":"required name=search_term_string"}],"inLanguage":"de-DE"}]}},"_links":{"self":[{"href":"https:\/\/itc.foxdeveloper.org\/de\/wp-json\/wp\/v2\/product\/1925"}],"collection":[{"href":"https:\/\/itc.foxdeveloper.org\/de\/wp-json\/wp\/v2\/product"}],"about":[{"href":"https:\/\/itc.foxdeveloper.org\/de\/wp-json\/wp\/v2\/types\/product"}],"wp:attachment":[{"href":"https:\/\/itc.foxdeveloper.org\/de\/wp-json\/wp\/v2\/media?parent=1925"}],"wp:term":[{"taxonomy":"product_cat","embeddable":true,"href":"https:\/\/itc.foxdeveloper.org\/de\/wp-json\/wp\/v2\/product_cat?post=1925"},{"taxonomy":"product_tag","embeddable":true,"href":"https:\/\/itc.foxdeveloper.org\/de\/wp-json\/wp\/v2\/product_tag?post=1925"}],"curies":[{"name":"wp","href":"https:\/\/api.w.org\/{rel}","templated":true}]}}