{"id":1918,"date":"2023-06-26T12:50:28","date_gmt":"2023-06-26T12:50:28","guid":{"rendered":"https:\/\/itc.foxdeveloper.org\/product\/essenz-teppich\/"},"modified":"2023-10-24T08:59:26","modified_gmt":"2023-10-24T08:59:26","slug":"essenz-teppich","status":"publish","type":"product","link":"https:\/\/itc.foxdeveloper.org\/de\/produkt\/essenz-teppich\/","title":{"rendered":"Essenz-Teppich"},"content":{"rendered":"<p>Entdecken Sie die fesselnde Anziehungskraft von Essence, dieser superfeinen handgewebten, geschnittenen und geschlungenen Konstruktion aus 100% Viskose, die einen atemberaubenden, schimmernden Effekt erzeugt, bei dem die Oberfl\u00e4che das Licht aus (m)einem beliebigen Winkel reflektiert. Das einzigartige antike Aussehen wurde durch zuf\u00e4lliges Scheren des Flors von Hand erreicht. Essence verleiht jedem Raum einen stilvollen und luxuri\u00f6sen Touch. Essence eignet sich f\u00fcr den allgemeinen Hausgebrauch und ist als Teppich in 3 Standardgr\u00f6\u00dfen erh\u00e4ltlich. Ma\u00dfgefertigte Teppiche k\u00f6nnen in jeder Gr\u00f6\u00dfe bis zu einer maximalen Breite von 400 cm bestellt werden.<\/p>\n","protected":false},"excerpt":{"rendered":"<p>Entdecken Sie die fesselnde Anziehungskraft von Essence, dieser superfeinen handgewebten, geschnittenen und geschlungenen Konstruktion aus 100% Viskose, die einen atemberaubenden, schimmernden Effekt erzeugt, bei dem die Oberfl\u00e4che das Licht aus (m)einem beliebigen Winkel reflektiert. Das einzigartige antike Aussehen wurde durch zuf\u00e4lliges Scheren des Flors von Hand erreicht. Essence verleiht jedem Raum einen stilvollen und luxuri\u00f6sen [&hellip;]<\/p>\n","protected":false},"featured_media":0,"template":"","meta":{"_acf_changed":false},"product_cat":[266],"product_tag":[],"acf":[],"yoast_head":"<!-- This site is optimized with the Yoast SEO plugin v22.5 - https:\/\/yoast.com\/wordpress\/plugins\/seo\/ -->\n<title>Essenz-Teppich - ITC<\/title>\n<meta name=\"robots\" content=\"index, follow, max-snippet:-1, max-image-preview:large, max-video-preview:-1\" \/>\n<link rel=\"canonical\" href=\"https:\/\/itc.foxdeveloper.org\/de\/produkt\/essenz-teppich\/\" \/>\n<meta property=\"og:locale\" content=\"de_DE\" \/>\n<meta property=\"og:type\" content=\"article\" \/>\n<meta property=\"og:title\" content=\"Essenz-Teppich - ITC\" \/>\n<meta property=\"og:description\" content=\"Entdecken Sie die fesselnde Anziehungskraft von Essence, dieser superfeinen handgewebten, geschnittenen und geschlungenen Konstruktion aus 100% Viskose, die einen atemberaubenden, schimmernden Effekt erzeugt, bei dem die Oberfl\u00e4che das Licht aus (m)einem beliebigen Winkel reflektiert. Das einzigartige antike Aussehen wurde durch zuf\u00e4lliges Scheren des Flors von Hand erreicht. Essence verleiht jedem Raum einen stilvollen und luxuri\u00f6sen [&hellip;]\" \/>\n<meta property=\"og:url\" content=\"https:\/\/itc.foxdeveloper.org\/de\/produkt\/essenz-teppich\/\" \/>\n<meta property=\"og:site_name\" content=\"ITC\" \/>\n<meta property=\"article:modified_time\" content=\"2023-10-24T08:59:26+00:00\" \/>\n<meta name=\"twitter:card\" content=\"summary_large_image\" \/>\n<meta name=\"twitter:label1\" content=\"Est. reading time\" \/>\n\t<meta name=\"twitter:data1\" content=\"1 Minute\" \/>\n<script type=\"application\/ld+json\" class=\"yoast-schema-graph\">{\"@context\":\"https:\/\/schema.org\",\"@graph\":[{\"@type\":\"WebPage\",\"@id\":\"https:\/\/itc.foxdeveloper.org\/de\/produkt\/essenz-teppich\/\",\"url\":\"https:\/\/itc.foxdeveloper.org\/de\/produkt\/essenz-teppich\/\",\"name\":\"Essenz-Teppich - ITC\",\"isPartOf\":{\"@id\":\"https:\/\/itc.foxdeveloper.org\/de\/#website\"},\"datePublished\":\"2023-06-26T12:50:28+00:00\",\"dateModified\":\"2023-10-24T08:59:26+00:00\",\"breadcrumb\":{\"@id\":\"https:\/\/itc.foxdeveloper.org\/de\/produkt\/essenz-teppich\/#breadcrumb\"},\"inLanguage\":\"de-DE\",\"potentialAction\":[{\"@type\":\"ReadAction\",\"target\":[\"https:\/\/itc.foxdeveloper.org\/de\/produkt\/essenz-teppich\/\"]}]},{\"@type\":\"BreadcrumbList\",\"@id\":\"https:\/\/itc.foxdeveloper.org\/de\/produkt\/essenz-teppich\/#breadcrumb\",\"itemListElement\":[{\"@type\":\"ListItem\",\"position\":1,\"name\":\"Home\",\"item\":\"https:\/\/itc.foxdeveloper.org\/de\/\"},{\"@type\":\"ListItem\",\"position\":2,\"name\":\"Alle Produkte\",\"item\":\"https:\/\/itc.foxdeveloper.org\/de\/shop\/\"},{\"@type\":\"ListItem\",\"position\":3,\"name\":\"Fl\u00e4chenteppiche\",\"item\":\"https:\/\/itc.foxdeveloper.org\/de\/produkt-kategorie\/flachenteppiche\/\"},{\"@type\":\"ListItem\",\"position\":4,\"name\":\"Essenz-Teppich\"}]},{\"@type\":\"WebSite\",\"@id\":\"https:\/\/itc.foxdeveloper.org\/de\/#website\",\"url\":\"https:\/\/itc.foxdeveloper.org\/de\/\",\"name\":\"ITC\",\"description\":\"\",\"potentialAction\":[{\"@type\":\"SearchAction\",\"target\":{\"@type\":\"EntryPoint\",\"urlTemplate\":\"https:\/\/itc.foxdeveloper.org\/de\/?s={search_term_string}\"},\"query-input\":\"required name=search_term_string\"}],\"inLanguage\":\"de-DE\"}]}<\/script>\n<!-- \/ Yoast SEO plugin. -->","yoast_head_json":{"title":"Essenz-Teppich - ITC","robots":{"index":"index","follow":"follow","max-snippet":"max-snippet:-1","max-image-preview":"max-image-preview:large","max-video-preview":"max-video-preview:-1"},"canonical":"https:\/\/itc.foxdeveloper.org\/de\/produkt\/essenz-teppich\/","og_locale":"de_DE","og_type":"article","og_title":"Essenz-Teppich - ITC","og_description":"Entdecken Sie die fesselnde Anziehungskraft von Essence, dieser superfeinen handgewebten, geschnittenen und geschlungenen Konstruktion aus 100% Viskose, die einen atemberaubenden, schimmernden Effekt erzeugt, bei dem die Oberfl\u00e4che das Licht aus (m)einem beliebigen Winkel reflektiert. Das einzigartige antike Aussehen wurde durch zuf\u00e4lliges Scheren des Flors von Hand erreicht. Essence verleiht jedem Raum einen stilvollen und luxuri\u00f6sen [&hellip;]","og_url":"https:\/\/itc.foxdeveloper.org\/de\/produkt\/essenz-teppich\/","og_site_name":"ITC","article_modified_time":"2023-10-24T08:59:26+00:00","twitter_card":"summary_large_image","twitter_misc":{"Est. reading time":"1 Minute"},"schema":{"@context":"https:\/\/schema.org","@graph":[{"@type":"WebPage","@id":"https:\/\/itc.foxdeveloper.org\/de\/produkt\/essenz-teppich\/","url":"https:\/\/itc.foxdeveloper.org\/de\/produkt\/essenz-teppich\/","name":"Essenz-Teppich - ITC","isPartOf":{"@id":"https:\/\/itc.foxdeveloper.org\/de\/#website"},"datePublished":"2023-06-26T12:50:28+00:00","dateModified":"2023-10-24T08:59:26+00:00","breadcrumb":{"@id":"https:\/\/itc.foxdeveloper.org\/de\/produkt\/essenz-teppich\/#breadcrumb"},"inLanguage":"de-DE","potentialAction":[{"@type":"ReadAction","target":["https:\/\/itc.foxdeveloper.org\/de\/produkt\/essenz-teppich\/"]}]},{"@type":"BreadcrumbList","@id":"https:\/\/itc.foxdeveloper.org\/de\/produkt\/essenz-teppich\/#breadcrumb","itemListElement":[{"@type":"ListItem","position":1,"name":"Home","item":"https:\/\/itc.foxdeveloper.org\/de\/"},{"@type":"ListItem","position":2,"name":"Alle Produkte","item":"https:\/\/itc.foxdeveloper.org\/de\/shop\/"},{"@type":"ListItem","position":3,"name":"Fl\u00e4chenteppiche","item":"https:\/\/itc.foxdeveloper.org\/de\/produkt-kategorie\/flachenteppiche\/"},{"@type":"ListItem","position":4,"name":"Essenz-Teppich"}]},{"@type":"WebSite","@id":"https:\/\/itc.foxdeveloper.org\/de\/#website","url":"https:\/\/itc.foxdeveloper.org\/de\/","name":"ITC","description":"","potentialAction":[{"@type":"SearchAction","target":{"@type":"EntryPoint","urlTemplate":"https:\/\/itc.foxdeveloper.org\/de\/?s={search_term_string}"},"query-input":"required name=search_term_string"}],"inLanguage":"de-DE"}]}},"_links":{"self":[{"href":"https:\/\/itc.foxdeveloper.org\/de\/wp-json\/wp\/v2\/product\/1918"}],"collection":[{"href":"https:\/\/itc.foxdeveloper.org\/de\/wp-json\/wp\/v2\/product"}],"about":[{"href":"https:\/\/itc.foxdeveloper.org\/de\/wp-json\/wp\/v2\/types\/product"}],"wp:attachment":[{"href":"https:\/\/itc.foxdeveloper.org\/de\/wp-json\/wp\/v2\/media?parent=1918"}],"wp:term":[{"taxonomy":"product_cat","embeddable":true,"href":"https:\/\/itc.foxdeveloper.org\/de\/wp-json\/wp\/v2\/product_cat?post=1918"},{"taxonomy":"product_tag","embeddable":true,"href":"https:\/\/itc.foxdeveloper.org\/de\/wp-json\/wp\/v2\/product_tag?post=1918"}],"curies":[{"name":"wp","href":"https:\/\/api.w.org\/{rel}","templated":true}]}}