{"id":1916,"date":"2023-06-19T09:40:37","date_gmt":"2023-06-19T09:40:37","guid":{"rendered":"https:\/\/itc.foxdeveloper.org\/product\/lima\/"},"modified":"2023-10-24T09:13:59","modified_gmt":"2023-10-24T09:13:59","slug":"lima","status":"publish","type":"product","link":"https:\/\/itc.foxdeveloper.org\/de\/produkt\/lima\/","title":{"rendered":"Lima"},"content":{"rendered":"<p>Lima ist praktisch und stilvoll und hat eine koordinierte Bandoberfl\u00e4che. Lima besteht aus einem gewebten Flachgewebe aus 100 % Jutevelours und hat eine niedrige Florh\u00f6he von ca. 2 mm und eine Gesamtdicke von ca. 4 mm. Lima ist sowohl f\u00fcr den privaten als auch f\u00fcr den gewerblichen Bereich geeignet und zeichnet sich durch Langlebigkeit und Leistung aus. Genie\u00dfen Sie die antistatischen Eigenschaften und die Filzunterlage von Lima, die f\u00fcr Treppen geeignet ist und an Ihre Bed\u00fcrfnisse angepasst werden kann.<\/p>\n","protected":false},"excerpt":{"rendered":"<p>Lima ist praktisch und stilvoll und hat eine koordinierte Bandoberfl\u00e4che. Lima besteht aus einem gewebten Flachgewebe aus 100 % Jutevelours und hat eine niedrige Florh\u00f6he von ca. 2 mm und eine Gesamtdicke von ca. 4 mm. Lima ist sowohl f\u00fcr den privaten als auch f\u00fcr den gewerblichen Bereich geeignet und zeichnet sich durch Langlebigkeit und [&hellip;]<\/p>\n","protected":false},"featured_media":0,"template":"","meta":{"_acf_changed":false},"product_cat":[222],"product_tag":[],"acf":[],"yoast_head":"<!-- This site is optimized with the Yoast SEO plugin v22.5 - https:\/\/yoast.com\/wordpress\/plugins\/seo\/ -->\n<title>Lima - ITC<\/title>\n<meta name=\"robots\" content=\"index, follow, max-snippet:-1, max-image-preview:large, max-video-preview:-1\" \/>\n<link rel=\"canonical\" href=\"https:\/\/itc.foxdeveloper.org\/de\/produkt\/lima\/\" \/>\n<meta property=\"og:locale\" content=\"de_DE\" \/>\n<meta property=\"og:type\" content=\"article\" \/>\n<meta property=\"og:title\" content=\"Lima - ITC\" \/>\n<meta property=\"og:description\" content=\"Lima ist praktisch und stilvoll und hat eine koordinierte Bandoberfl\u00e4che. Lima besteht aus einem gewebten Flachgewebe aus 100 % Jutevelours und hat eine niedrige Florh\u00f6he von ca. 2 mm und eine Gesamtdicke von ca. 4 mm. Lima ist sowohl f\u00fcr den privaten als auch f\u00fcr den gewerblichen Bereich geeignet und zeichnet sich durch Langlebigkeit und [&hellip;]\" \/>\n<meta property=\"og:url\" content=\"https:\/\/itc.foxdeveloper.org\/de\/produkt\/lima\/\" \/>\n<meta property=\"og:site_name\" content=\"ITC\" \/>\n<meta property=\"article:modified_time\" content=\"2023-10-24T09:13:59+00:00\" \/>\n<meta name=\"twitter:card\" content=\"summary_large_image\" \/>\n<script type=\"application\/ld+json\" class=\"yoast-schema-graph\">{\"@context\":\"https:\/\/schema.org\",\"@graph\":[{\"@type\":\"WebPage\",\"@id\":\"https:\/\/itc.foxdeveloper.org\/de\/produkt\/lima\/\",\"url\":\"https:\/\/itc.foxdeveloper.org\/de\/produkt\/lima\/\",\"name\":\"Lima - ITC\",\"isPartOf\":{\"@id\":\"https:\/\/itc.foxdeveloper.org\/de\/#website\"},\"datePublished\":\"2023-06-19T09:40:37+00:00\",\"dateModified\":\"2023-10-24T09:13:59+00:00\",\"breadcrumb\":{\"@id\":\"https:\/\/itc.foxdeveloper.org\/de\/produkt\/lima\/#breadcrumb\"},\"inLanguage\":\"de-DE\",\"potentialAction\":[{\"@type\":\"ReadAction\",\"target\":[\"https:\/\/itc.foxdeveloper.org\/de\/produkt\/lima\/\"]}]},{\"@type\":\"BreadcrumbList\",\"@id\":\"https:\/\/itc.foxdeveloper.org\/de\/produkt\/lima\/#breadcrumb\",\"itemListElement\":[{\"@type\":\"ListItem\",\"position\":1,\"name\":\"Home\",\"item\":\"https:\/\/itc.foxdeveloper.org\/de\/\"},{\"@type\":\"ListItem\",\"position\":2,\"name\":\"Alle Produkte\",\"item\":\"https:\/\/itc.foxdeveloper.org\/de\/shop\/\"},{\"@type\":\"ListItem\",\"position\":3,\"name\":\"Breitflor\",\"item\":\"https:\/\/itc.foxdeveloper.org\/de\/produkt-kategorie\/breitflor\/\"},{\"@type\":\"ListItem\",\"position\":4,\"name\":\"Lima\"}]},{\"@type\":\"WebSite\",\"@id\":\"https:\/\/itc.foxdeveloper.org\/de\/#website\",\"url\":\"https:\/\/itc.foxdeveloper.org\/de\/\",\"name\":\"ITC\",\"description\":\"\",\"potentialAction\":[{\"@type\":\"SearchAction\",\"target\":{\"@type\":\"EntryPoint\",\"urlTemplate\":\"https:\/\/itc.foxdeveloper.org\/de\/?s={search_term_string}\"},\"query-input\":\"required name=search_term_string\"}],\"inLanguage\":\"de-DE\"}]}<\/script>\n<!-- \/ Yoast SEO plugin. -->","yoast_head_json":{"title":"Lima - ITC","robots":{"index":"index","follow":"follow","max-snippet":"max-snippet:-1","max-image-preview":"max-image-preview:large","max-video-preview":"max-video-preview:-1"},"canonical":"https:\/\/itc.foxdeveloper.org\/de\/produkt\/lima\/","og_locale":"de_DE","og_type":"article","og_title":"Lima - ITC","og_description":"Lima ist praktisch und stilvoll und hat eine koordinierte Bandoberfl\u00e4che. Lima besteht aus einem gewebten Flachgewebe aus 100 % Jutevelours und hat eine niedrige Florh\u00f6he von ca. 2 mm und eine Gesamtdicke von ca. 4 mm. Lima ist sowohl f\u00fcr den privaten als auch f\u00fcr den gewerblichen Bereich geeignet und zeichnet sich durch Langlebigkeit und [&hellip;]","og_url":"https:\/\/itc.foxdeveloper.org\/de\/produkt\/lima\/","og_site_name":"ITC","article_modified_time":"2023-10-24T09:13:59+00:00","twitter_card":"summary_large_image","schema":{"@context":"https:\/\/schema.org","@graph":[{"@type":"WebPage","@id":"https:\/\/itc.foxdeveloper.org\/de\/produkt\/lima\/","url":"https:\/\/itc.foxdeveloper.org\/de\/produkt\/lima\/","name":"Lima - ITC","isPartOf":{"@id":"https:\/\/itc.foxdeveloper.org\/de\/#website"},"datePublished":"2023-06-19T09:40:37+00:00","dateModified":"2023-10-24T09:13:59+00:00","breadcrumb":{"@id":"https:\/\/itc.foxdeveloper.org\/de\/produkt\/lima\/#breadcrumb"},"inLanguage":"de-DE","potentialAction":[{"@type":"ReadAction","target":["https:\/\/itc.foxdeveloper.org\/de\/produkt\/lima\/"]}]},{"@type":"BreadcrumbList","@id":"https:\/\/itc.foxdeveloper.org\/de\/produkt\/lima\/#breadcrumb","itemListElement":[{"@type":"ListItem","position":1,"name":"Home","item":"https:\/\/itc.foxdeveloper.org\/de\/"},{"@type":"ListItem","position":2,"name":"Alle Produkte","item":"https:\/\/itc.foxdeveloper.org\/de\/shop\/"},{"@type":"ListItem","position":3,"name":"Breitflor","item":"https:\/\/itc.foxdeveloper.org\/de\/produkt-kategorie\/breitflor\/"},{"@type":"ListItem","position":4,"name":"Lima"}]},{"@type":"WebSite","@id":"https:\/\/itc.foxdeveloper.org\/de\/#website","url":"https:\/\/itc.foxdeveloper.org\/de\/","name":"ITC","description":"","potentialAction":[{"@type":"SearchAction","target":{"@type":"EntryPoint","urlTemplate":"https:\/\/itc.foxdeveloper.org\/de\/?s={search_term_string}"},"query-input":"required name=search_term_string"}],"inLanguage":"de-DE"}]}},"_links":{"self":[{"href":"https:\/\/itc.foxdeveloper.org\/de\/wp-json\/wp\/v2\/product\/1916"}],"collection":[{"href":"https:\/\/itc.foxdeveloper.org\/de\/wp-json\/wp\/v2\/product"}],"about":[{"href":"https:\/\/itc.foxdeveloper.org\/de\/wp-json\/wp\/v2\/types\/product"}],"wp:attachment":[{"href":"https:\/\/itc.foxdeveloper.org\/de\/wp-json\/wp\/v2\/media?parent=1916"}],"wp:term":[{"taxonomy":"product_cat","embeddable":true,"href":"https:\/\/itc.foxdeveloper.org\/de\/wp-json\/wp\/v2\/product_cat?post=1916"},{"taxonomy":"product_tag","embeddable":true,"href":"https:\/\/itc.foxdeveloper.org\/de\/wp-json\/wp\/v2\/product_tag?post=1916"}],"curies":[{"name":"wp","href":"https:\/\/api.w.org\/{rel}","templated":true}]}}