{"id":1915,"date":"2023-06-19T09:39:43","date_gmt":"2023-06-19T09:39:43","guid":{"rendered":"https:\/\/itc.foxdeveloper.org\/product\/elba\/"},"modified":"2023-10-24T09:23:10","modified_gmt":"2023-10-24T09:23:10","slug":"elba","status":"publish","type":"product","link":"https:\/\/itc.foxdeveloper.org\/de\/produkt\/elba\/","title":{"rendered":"Elba"},"content":{"rendered":"<p>Tauchen Sie ein in die fesselnde Sch\u00f6nheit von Elba, einem handgewebten Meisterwerk aus 100 % Wolle. Mit seinen antistatischen Eigenschaften, seinen einzigartigen Mustern und seinem zeitlosen Aussehen verleiht dieser schwere Hausteppich jedem Raum eine k\u00fcnstlerische Note. Elba ist in jeder Gr\u00f6\u00dfe mit einer Breite von 500 cm erh\u00e4ltlich und eignet sich perfekt f\u00fcr Ma\u00dfanfertigungen. Versch\u00f6nern Sie Ihre Treppe mit der bezaubernden Ausstrahlung von Elba, die auch f\u00fcr Treppenbel\u00e4ge erh\u00e4ltlich ist. Verwandeln Sie Ihren Raum mit der unvergleichlichen Sch\u00f6nheit von Elba.<\/p>\n","protected":false},"excerpt":{"rendered":"<p>Tauchen Sie ein in die fesselnde Sch\u00f6nheit von Elba, einem handgewebten Meisterwerk aus 100 % Wolle. Mit seinen antistatischen Eigenschaften, seinen einzigartigen Mustern und seinem zeitlosen Aussehen verleiht dieser schwere Hausteppich jedem Raum eine k\u00fcnstlerische Note. Elba ist in jeder Gr\u00f6\u00dfe mit einer Breite von 500 cm erh\u00e4ltlich und eignet sich perfekt f\u00fcr Ma\u00dfanfertigungen. Versch\u00f6nern [&hellip;]<\/p>\n","protected":false},"featured_media":0,"template":"","meta":{"_acf_changed":false},"product_cat":[222],"product_tag":[],"acf":[],"yoast_head":"<!-- This site is optimized with the Yoast SEO plugin v22.5 - https:\/\/yoast.com\/wordpress\/plugins\/seo\/ -->\n<title>Elba - ITC<\/title>\n<meta name=\"robots\" content=\"index, follow, max-snippet:-1, max-image-preview:large, max-video-preview:-1\" \/>\n<link rel=\"canonical\" href=\"https:\/\/itc.foxdeveloper.org\/de\/produkt\/elba\/\" \/>\n<meta property=\"og:locale\" content=\"de_DE\" \/>\n<meta property=\"og:type\" content=\"article\" \/>\n<meta property=\"og:title\" content=\"Elba - ITC\" \/>\n<meta property=\"og:description\" content=\"Tauchen Sie ein in die fesselnde Sch\u00f6nheit von Elba, einem handgewebten Meisterwerk aus 100 % Wolle. Mit seinen antistatischen Eigenschaften, seinen einzigartigen Mustern und seinem zeitlosen Aussehen verleiht dieser schwere Hausteppich jedem Raum eine k\u00fcnstlerische Note. Elba ist in jeder Gr\u00f6\u00dfe mit einer Breite von 500 cm erh\u00e4ltlich und eignet sich perfekt f\u00fcr Ma\u00dfanfertigungen. Versch\u00f6nern [&hellip;]\" \/>\n<meta property=\"og:url\" content=\"https:\/\/itc.foxdeveloper.org\/de\/produkt\/elba\/\" \/>\n<meta property=\"og:site_name\" content=\"ITC\" \/>\n<meta property=\"article:modified_time\" content=\"2023-10-24T09:23:10+00:00\" \/>\n<meta name=\"twitter:card\" content=\"summary_large_image\" \/>\n<script type=\"application\/ld+json\" class=\"yoast-schema-graph\">{\"@context\":\"https:\/\/schema.org\",\"@graph\":[{\"@type\":\"WebPage\",\"@id\":\"https:\/\/itc.foxdeveloper.org\/de\/produkt\/elba\/\",\"url\":\"https:\/\/itc.foxdeveloper.org\/de\/produkt\/elba\/\",\"name\":\"Elba - ITC\",\"isPartOf\":{\"@id\":\"https:\/\/itc.foxdeveloper.org\/de\/#website\"},\"datePublished\":\"2023-06-19T09:39:43+00:00\",\"dateModified\":\"2023-10-24T09:23:10+00:00\",\"breadcrumb\":{\"@id\":\"https:\/\/itc.foxdeveloper.org\/de\/produkt\/elba\/#breadcrumb\"},\"inLanguage\":\"de-DE\",\"potentialAction\":[{\"@type\":\"ReadAction\",\"target\":[\"https:\/\/itc.foxdeveloper.org\/de\/produkt\/elba\/\"]}]},{\"@type\":\"BreadcrumbList\",\"@id\":\"https:\/\/itc.foxdeveloper.org\/de\/produkt\/elba\/#breadcrumb\",\"itemListElement\":[{\"@type\":\"ListItem\",\"position\":1,\"name\":\"Home\",\"item\":\"https:\/\/itc.foxdeveloper.org\/de\/\"},{\"@type\":\"ListItem\",\"position\":2,\"name\":\"Alle Produkte\",\"item\":\"https:\/\/itc.foxdeveloper.org\/de\/shop\/\"},{\"@type\":\"ListItem\",\"position\":3,\"name\":\"Breitflor\",\"item\":\"https:\/\/itc.foxdeveloper.org\/de\/produkt-kategorie\/breitflor\/\"},{\"@type\":\"ListItem\",\"position\":4,\"name\":\"Elba\"}]},{\"@type\":\"WebSite\",\"@id\":\"https:\/\/itc.foxdeveloper.org\/de\/#website\",\"url\":\"https:\/\/itc.foxdeveloper.org\/de\/\",\"name\":\"ITC\",\"description\":\"\",\"potentialAction\":[{\"@type\":\"SearchAction\",\"target\":{\"@type\":\"EntryPoint\",\"urlTemplate\":\"https:\/\/itc.foxdeveloper.org\/de\/?s={search_term_string}\"},\"query-input\":\"required name=search_term_string\"}],\"inLanguage\":\"de-DE\"}]}<\/script>\n<!-- \/ Yoast SEO plugin. -->","yoast_head_json":{"title":"Elba - ITC","robots":{"index":"index","follow":"follow","max-snippet":"max-snippet:-1","max-image-preview":"max-image-preview:large","max-video-preview":"max-video-preview:-1"},"canonical":"https:\/\/itc.foxdeveloper.org\/de\/produkt\/elba\/","og_locale":"de_DE","og_type":"article","og_title":"Elba - ITC","og_description":"Tauchen Sie ein in die fesselnde Sch\u00f6nheit von Elba, einem handgewebten Meisterwerk aus 100 % Wolle. Mit seinen antistatischen Eigenschaften, seinen einzigartigen Mustern und seinem zeitlosen Aussehen verleiht dieser schwere Hausteppich jedem Raum eine k\u00fcnstlerische Note. Elba ist in jeder Gr\u00f6\u00dfe mit einer Breite von 500 cm erh\u00e4ltlich und eignet sich perfekt f\u00fcr Ma\u00dfanfertigungen. Versch\u00f6nern [&hellip;]","og_url":"https:\/\/itc.foxdeveloper.org\/de\/produkt\/elba\/","og_site_name":"ITC","article_modified_time":"2023-10-24T09:23:10+00:00","twitter_card":"summary_large_image","schema":{"@context":"https:\/\/schema.org","@graph":[{"@type":"WebPage","@id":"https:\/\/itc.foxdeveloper.org\/de\/produkt\/elba\/","url":"https:\/\/itc.foxdeveloper.org\/de\/produkt\/elba\/","name":"Elba - ITC","isPartOf":{"@id":"https:\/\/itc.foxdeveloper.org\/de\/#website"},"datePublished":"2023-06-19T09:39:43+00:00","dateModified":"2023-10-24T09:23:10+00:00","breadcrumb":{"@id":"https:\/\/itc.foxdeveloper.org\/de\/produkt\/elba\/#breadcrumb"},"inLanguage":"de-DE","potentialAction":[{"@type":"ReadAction","target":["https:\/\/itc.foxdeveloper.org\/de\/produkt\/elba\/"]}]},{"@type":"BreadcrumbList","@id":"https:\/\/itc.foxdeveloper.org\/de\/produkt\/elba\/#breadcrumb","itemListElement":[{"@type":"ListItem","position":1,"name":"Home","item":"https:\/\/itc.foxdeveloper.org\/de\/"},{"@type":"ListItem","position":2,"name":"Alle Produkte","item":"https:\/\/itc.foxdeveloper.org\/de\/shop\/"},{"@type":"ListItem","position":3,"name":"Breitflor","item":"https:\/\/itc.foxdeveloper.org\/de\/produkt-kategorie\/breitflor\/"},{"@type":"ListItem","position":4,"name":"Elba"}]},{"@type":"WebSite","@id":"https:\/\/itc.foxdeveloper.org\/de\/#website","url":"https:\/\/itc.foxdeveloper.org\/de\/","name":"ITC","description":"","potentialAction":[{"@type":"SearchAction","target":{"@type":"EntryPoint","urlTemplate":"https:\/\/itc.foxdeveloper.org\/de\/?s={search_term_string}"},"query-input":"required name=search_term_string"}],"inLanguage":"de-DE"}]}},"_links":{"self":[{"href":"https:\/\/itc.foxdeveloper.org\/de\/wp-json\/wp\/v2\/product\/1915"}],"collection":[{"href":"https:\/\/itc.foxdeveloper.org\/de\/wp-json\/wp\/v2\/product"}],"about":[{"href":"https:\/\/itc.foxdeveloper.org\/de\/wp-json\/wp\/v2\/types\/product"}],"wp:attachment":[{"href":"https:\/\/itc.foxdeveloper.org\/de\/wp-json\/wp\/v2\/media?parent=1915"}],"wp:term":[{"taxonomy":"product_cat","embeddable":true,"href":"https:\/\/itc.foxdeveloper.org\/de\/wp-json\/wp\/v2\/product_cat?post=1915"},{"taxonomy":"product_tag","embeddable":true,"href":"https:\/\/itc.foxdeveloper.org\/de\/wp-json\/wp\/v2\/product_tag?post=1915"}],"curies":[{"name":"wp","href":"https:\/\/api.w.org\/{rel}","templated":true}]}}