{"id":1877,"date":"2023-06-19T09:41:36","date_gmt":"2023-06-19T09:41:36","guid":{"rendered":"https:\/\/itc.foxdeveloper.org\/product\/tigra\/"},"modified":"2023-10-24T09:09:53","modified_gmt":"2023-10-24T09:09:53","slug":"tigra","status":"publish","type":"product","link":"https:\/\/itc.foxdeveloper.org\/de\/produkt\/tigra\/","title":{"rendered":"Tigra"},"content":{"rendered":"<p>Wir stellen Ihnen Tigra vor, unsere au\u00dfergew\u00f6hnliche Kollektion von Sisalteppichen, die mit ihrer einzigartigen Weichheit Komfort neu definiert, obwohl sie aus nat\u00fcrlichen Sisalfasern hergestellt wird. Tigra vereint das Beste aus beiden Welten: Es bietet die Strapazierf\u00e4higkeit und die nat\u00fcrliche Ausstrahlung von Sisal, w\u00e4hrend es gleichzeitig ein bemerkenswert weiches und luxuri\u00f6ses Gef\u00fchl unter den F\u00fc\u00dfen vermittelt. Mit seiner innovativen Konstruktion sorgt Tigra f\u00fcr eine sanfte Ber\u00fchrung und ein gem\u00fctliches Ambiente in Ihrem Raum. Die Sisalfasern werden sorgf\u00e4ltig gewebt, um eine harmonische Mischung aus Strapazierf\u00e4higkeit und Komfort zu schaffen. Damit ist Tigra die ideale Wahl f\u00fcr alle, die ein weicheres Sisalerlebnis suchen. Tigra ist in einer Reihe von eleganten Farben und Texturen erh\u00e4ltlich und erm\u00f6glicht es Ihnen, Ihr Interieur mit einem Hauch von nat\u00fcrlicher Sch\u00f6nheit zu versch\u00f6nern, ohne auf Komfort verzichten zu m\u00fcssen.<\/p>\n","protected":false},"excerpt":{"rendered":"<p>Wir stellen Ihnen Tigra vor, unsere au\u00dfergew\u00f6hnliche Kollektion von Sisalteppichen, die mit ihrer einzigartigen Weichheit Komfort neu definiert, obwohl sie aus nat\u00fcrlichen Sisalfasern hergestellt wird. Tigra vereint das Beste aus beiden Welten: Es bietet die Strapazierf\u00e4higkeit und die nat\u00fcrliche Ausstrahlung von Sisal, w\u00e4hrend es gleichzeitig ein bemerkenswert weiches und luxuri\u00f6ses Gef\u00fchl unter den F\u00fc\u00dfen vermittelt. [&hellip;]<\/p>\n","protected":false},"featured_media":0,"template":"","meta":{"_acf_changed":false},"product_cat":[238],"product_tag":[],"acf":[],"yoast_head":"<!-- This site is optimized with the Yoast SEO plugin v22.5 - https:\/\/yoast.com\/wordpress\/plugins\/seo\/ -->\n<title>Tigra - ITC<\/title>\n<meta name=\"robots\" content=\"index, follow, max-snippet:-1, max-image-preview:large, max-video-preview:-1\" \/>\n<link rel=\"canonical\" href=\"https:\/\/itc.foxdeveloper.org\/de\/produkt\/tigra\/\" \/>\n<meta property=\"og:locale\" content=\"de_DE\" \/>\n<meta property=\"og:type\" content=\"article\" \/>\n<meta property=\"og:title\" content=\"Tigra - ITC\" \/>\n<meta property=\"og:description\" content=\"Wir stellen Ihnen Tigra vor, unsere au\u00dfergew\u00f6hnliche Kollektion von Sisalteppichen, die mit ihrer einzigartigen Weichheit Komfort neu definiert, obwohl sie aus nat\u00fcrlichen Sisalfasern hergestellt wird. Tigra vereint das Beste aus beiden Welten: Es bietet die Strapazierf\u00e4higkeit und die nat\u00fcrliche Ausstrahlung von Sisal, w\u00e4hrend es gleichzeitig ein bemerkenswert weiches und luxuri\u00f6ses Gef\u00fchl unter den F\u00fc\u00dfen vermittelt. [&hellip;]\" \/>\n<meta property=\"og:url\" content=\"https:\/\/itc.foxdeveloper.org\/de\/produkt\/tigra\/\" \/>\n<meta property=\"og:site_name\" content=\"ITC\" \/>\n<meta property=\"article:modified_time\" content=\"2023-10-24T09:09:53+00:00\" \/>\n<meta name=\"twitter:card\" content=\"summary_large_image\" \/>\n<meta name=\"twitter:label1\" content=\"Est. reading time\" \/>\n\t<meta name=\"twitter:data1\" content=\"1 Minute\" \/>\n<script type=\"application\/ld+json\" class=\"yoast-schema-graph\">{\"@context\":\"https:\/\/schema.org\",\"@graph\":[{\"@type\":\"WebPage\",\"@id\":\"https:\/\/itc.foxdeveloper.org\/de\/produkt\/tigra\/\",\"url\":\"https:\/\/itc.foxdeveloper.org\/de\/produkt\/tigra\/\",\"name\":\"Tigra - ITC\",\"isPartOf\":{\"@id\":\"https:\/\/itc.foxdeveloper.org\/de\/#website\"},\"datePublished\":\"2023-06-19T09:41:36+00:00\",\"dateModified\":\"2023-10-24T09:09:53+00:00\",\"breadcrumb\":{\"@id\":\"https:\/\/itc.foxdeveloper.org\/de\/produkt\/tigra\/#breadcrumb\"},\"inLanguage\":\"de-DE\",\"potentialAction\":[{\"@type\":\"ReadAction\",\"target\":[\"https:\/\/itc.foxdeveloper.org\/de\/produkt\/tigra\/\"]}]},{\"@type\":\"BreadcrumbList\",\"@id\":\"https:\/\/itc.foxdeveloper.org\/de\/produkt\/tigra\/#breadcrumb\",\"itemListElement\":[{\"@type\":\"ListItem\",\"position\":1,\"name\":\"Home\",\"item\":\"https:\/\/itc.foxdeveloper.org\/de\/\"},{\"@type\":\"ListItem\",\"position\":2,\"name\":\"Alle Produkte\",\"item\":\"https:\/\/itc.foxdeveloper.org\/de\/shop\/\"},{\"@type\":\"ListItem\",\"position\":3,\"name\":\"Sisal\",\"item\":\"https:\/\/itc.foxdeveloper.org\/de\/produkt-kategorie\/sisal-de\/\"},{\"@type\":\"ListItem\",\"position\":4,\"name\":\"Tigra\"}]},{\"@type\":\"WebSite\",\"@id\":\"https:\/\/itc.foxdeveloper.org\/de\/#website\",\"url\":\"https:\/\/itc.foxdeveloper.org\/de\/\",\"name\":\"ITC\",\"description\":\"\",\"potentialAction\":[{\"@type\":\"SearchAction\",\"target\":{\"@type\":\"EntryPoint\",\"urlTemplate\":\"https:\/\/itc.foxdeveloper.org\/de\/?s={search_term_string}\"},\"query-input\":\"required name=search_term_string\"}],\"inLanguage\":\"de-DE\"}]}<\/script>\n<!-- \/ Yoast SEO plugin. -->","yoast_head_json":{"title":"Tigra - ITC","robots":{"index":"index","follow":"follow","max-snippet":"max-snippet:-1","max-image-preview":"max-image-preview:large","max-video-preview":"max-video-preview:-1"},"canonical":"https:\/\/itc.foxdeveloper.org\/de\/produkt\/tigra\/","og_locale":"de_DE","og_type":"article","og_title":"Tigra - ITC","og_description":"Wir stellen Ihnen Tigra vor, unsere au\u00dfergew\u00f6hnliche Kollektion von Sisalteppichen, die mit ihrer einzigartigen Weichheit Komfort neu definiert, obwohl sie aus nat\u00fcrlichen Sisalfasern hergestellt wird. Tigra vereint das Beste aus beiden Welten: Es bietet die Strapazierf\u00e4higkeit und die nat\u00fcrliche Ausstrahlung von Sisal, w\u00e4hrend es gleichzeitig ein bemerkenswert weiches und luxuri\u00f6ses Gef\u00fchl unter den F\u00fc\u00dfen vermittelt. [&hellip;]","og_url":"https:\/\/itc.foxdeveloper.org\/de\/produkt\/tigra\/","og_site_name":"ITC","article_modified_time":"2023-10-24T09:09:53+00:00","twitter_card":"summary_large_image","twitter_misc":{"Est. reading time":"1 Minute"},"schema":{"@context":"https:\/\/schema.org","@graph":[{"@type":"WebPage","@id":"https:\/\/itc.foxdeveloper.org\/de\/produkt\/tigra\/","url":"https:\/\/itc.foxdeveloper.org\/de\/produkt\/tigra\/","name":"Tigra - ITC","isPartOf":{"@id":"https:\/\/itc.foxdeveloper.org\/de\/#website"},"datePublished":"2023-06-19T09:41:36+00:00","dateModified":"2023-10-24T09:09:53+00:00","breadcrumb":{"@id":"https:\/\/itc.foxdeveloper.org\/de\/produkt\/tigra\/#breadcrumb"},"inLanguage":"de-DE","potentialAction":[{"@type":"ReadAction","target":["https:\/\/itc.foxdeveloper.org\/de\/produkt\/tigra\/"]}]},{"@type":"BreadcrumbList","@id":"https:\/\/itc.foxdeveloper.org\/de\/produkt\/tigra\/#breadcrumb","itemListElement":[{"@type":"ListItem","position":1,"name":"Home","item":"https:\/\/itc.foxdeveloper.org\/de\/"},{"@type":"ListItem","position":2,"name":"Alle Produkte","item":"https:\/\/itc.foxdeveloper.org\/de\/shop\/"},{"@type":"ListItem","position":3,"name":"Sisal","item":"https:\/\/itc.foxdeveloper.org\/de\/produkt-kategorie\/sisal-de\/"},{"@type":"ListItem","position":4,"name":"Tigra"}]},{"@type":"WebSite","@id":"https:\/\/itc.foxdeveloper.org\/de\/#website","url":"https:\/\/itc.foxdeveloper.org\/de\/","name":"ITC","description":"","potentialAction":[{"@type":"SearchAction","target":{"@type":"EntryPoint","urlTemplate":"https:\/\/itc.foxdeveloper.org\/de\/?s={search_term_string}"},"query-input":"required name=search_term_string"}],"inLanguage":"de-DE"}]}},"_links":{"self":[{"href":"https:\/\/itc.foxdeveloper.org\/de\/wp-json\/wp\/v2\/product\/1877"}],"collection":[{"href":"https:\/\/itc.foxdeveloper.org\/de\/wp-json\/wp\/v2\/product"}],"about":[{"href":"https:\/\/itc.foxdeveloper.org\/de\/wp-json\/wp\/v2\/types\/product"}],"wp:attachment":[{"href":"https:\/\/itc.foxdeveloper.org\/de\/wp-json\/wp\/v2\/media?parent=1877"}],"wp:term":[{"taxonomy":"product_cat","embeddable":true,"href":"https:\/\/itc.foxdeveloper.org\/de\/wp-json\/wp\/v2\/product_cat?post=1877"},{"taxonomy":"product_tag","embeddable":true,"href":"https:\/\/itc.foxdeveloper.org\/de\/wp-json\/wp\/v2\/product_tag?post=1877"}],"curies":[{"name":"wp","href":"https:\/\/api.w.org\/{rel}","templated":true}]}}