{"id":1873,"date":"2023-06-19T09:39:34","date_gmt":"2023-06-19T09:39:34","guid":{"rendered":"https:\/\/itc.foxdeveloper.org\/product\/oeko-samt\/"},"modified":"2023-10-24T09:23:11","modified_gmt":"2023-10-24T09:23:11","slug":"oko-samt","status":"publish","type":"product","link":"https:\/\/itc.foxdeveloper.org\/de\/produkt\/oko-samt\/","title":{"rendered":"\u00d6ko-Samt"},"content":{"rendered":"<p>Entdecken Sie die luxuri\u00f6se Anziehungskraft von Eco-Velvet, einem handgewebten Samtteppich aus 100% nat\u00fcrlicher, ungef\u00e4rbter neuseel\u00e4ndischer Wolle. Es eignet sich sowohl f\u00fcr den privaten als auch f\u00fcr den gewerblichen Einsatz und bietet eine weiche, glatte und dauerhafte Oberfl\u00e4che, die ein stilvolles und raffiniertes Aussehen erzeugt. Mit ma\u00dfgefertigten Teppichen in individuellen Gr\u00f6\u00dfen bis zu einer maximalen Breite von 500 cm bietet Eco-Velvet grenzenlose M\u00f6glichkeiten, Ihren Raum mit zeitloser Sch\u00f6nheit zu versch\u00f6nern.<\/p>\n","protected":false},"excerpt":{"rendered":"<p>Entdecken Sie die luxuri\u00f6se Anziehungskraft von Eco-Velvet, einem handgewebten Samtteppich aus 100% nat\u00fcrlicher, ungef\u00e4rbter neuseel\u00e4ndischer Wolle. Es eignet sich sowohl f\u00fcr den privaten als auch f\u00fcr den gewerblichen Einsatz und bietet eine weiche, glatte und dauerhafte Oberfl\u00e4che, die ein stilvolles und raffiniertes Aussehen erzeugt. Mit ma\u00dfgefertigten Teppichen in individuellen Gr\u00f6\u00dfen bis zu einer maximalen Breite [&hellip;]<\/p>\n","protected":false},"featured_media":0,"template":"","meta":{"_acf_changed":false},"product_cat":[222],"product_tag":[],"acf":[],"yoast_head":"<!-- This site is optimized with the Yoast SEO plugin v22.5 - https:\/\/yoast.com\/wordpress\/plugins\/seo\/ -->\n<title>\u00d6ko-Samt - ITC<\/title>\n<meta name=\"robots\" content=\"index, follow, max-snippet:-1, max-image-preview:large, max-video-preview:-1\" \/>\n<link rel=\"canonical\" href=\"https:\/\/itc.foxdeveloper.org\/de\/produkt\/oko-samt\/\" \/>\n<meta property=\"og:locale\" content=\"de_DE\" \/>\n<meta property=\"og:type\" content=\"article\" \/>\n<meta property=\"og:title\" content=\"\u00d6ko-Samt - ITC\" \/>\n<meta property=\"og:description\" content=\"Entdecken Sie die luxuri\u00f6se Anziehungskraft von Eco-Velvet, einem handgewebten Samtteppich aus 100% nat\u00fcrlicher, ungef\u00e4rbter neuseel\u00e4ndischer Wolle. Es eignet sich sowohl f\u00fcr den privaten als auch f\u00fcr den gewerblichen Einsatz und bietet eine weiche, glatte und dauerhafte Oberfl\u00e4che, die ein stilvolles und raffiniertes Aussehen erzeugt. Mit ma\u00dfgefertigten Teppichen in individuellen Gr\u00f6\u00dfen bis zu einer maximalen Breite [&hellip;]\" \/>\n<meta property=\"og:url\" content=\"https:\/\/itc.foxdeveloper.org\/de\/produkt\/oko-samt\/\" \/>\n<meta property=\"og:site_name\" content=\"ITC\" \/>\n<meta property=\"article:modified_time\" content=\"2023-10-24T09:23:11+00:00\" \/>\n<meta name=\"twitter:card\" content=\"summary_large_image\" \/>\n<script type=\"application\/ld+json\" class=\"yoast-schema-graph\">{\"@context\":\"https:\/\/schema.org\",\"@graph\":[{\"@type\":\"WebPage\",\"@id\":\"https:\/\/itc.foxdeveloper.org\/de\/produkt\/oko-samt\/\",\"url\":\"https:\/\/itc.foxdeveloper.org\/de\/produkt\/oko-samt\/\",\"name\":\"\u00d6ko-Samt - ITC\",\"isPartOf\":{\"@id\":\"https:\/\/itc.foxdeveloper.org\/de\/#website\"},\"datePublished\":\"2023-06-19T09:39:34+00:00\",\"dateModified\":\"2023-10-24T09:23:11+00:00\",\"breadcrumb\":{\"@id\":\"https:\/\/itc.foxdeveloper.org\/de\/produkt\/oko-samt\/#breadcrumb\"},\"inLanguage\":\"de-DE\",\"potentialAction\":[{\"@type\":\"ReadAction\",\"target\":[\"https:\/\/itc.foxdeveloper.org\/de\/produkt\/oko-samt\/\"]}]},{\"@type\":\"BreadcrumbList\",\"@id\":\"https:\/\/itc.foxdeveloper.org\/de\/produkt\/oko-samt\/#breadcrumb\",\"itemListElement\":[{\"@type\":\"ListItem\",\"position\":1,\"name\":\"Home\",\"item\":\"https:\/\/itc.foxdeveloper.org\/de\/\"},{\"@type\":\"ListItem\",\"position\":2,\"name\":\"Alle Produkte\",\"item\":\"https:\/\/itc.foxdeveloper.org\/de\/shop\/\"},{\"@type\":\"ListItem\",\"position\":3,\"name\":\"Breitflor\",\"item\":\"https:\/\/itc.foxdeveloper.org\/de\/produkt-kategorie\/breitflor\/\"},{\"@type\":\"ListItem\",\"position\":4,\"name\":\"\u00d6ko-Samt\"}]},{\"@type\":\"WebSite\",\"@id\":\"https:\/\/itc.foxdeveloper.org\/de\/#website\",\"url\":\"https:\/\/itc.foxdeveloper.org\/de\/\",\"name\":\"ITC\",\"description\":\"\",\"potentialAction\":[{\"@type\":\"SearchAction\",\"target\":{\"@type\":\"EntryPoint\",\"urlTemplate\":\"https:\/\/itc.foxdeveloper.org\/de\/?s={search_term_string}\"},\"query-input\":\"required name=search_term_string\"}],\"inLanguage\":\"de-DE\"}]}<\/script>\n<!-- \/ Yoast SEO plugin. -->","yoast_head_json":{"title":"\u00d6ko-Samt - ITC","robots":{"index":"index","follow":"follow","max-snippet":"max-snippet:-1","max-image-preview":"max-image-preview:large","max-video-preview":"max-video-preview:-1"},"canonical":"https:\/\/itc.foxdeveloper.org\/de\/produkt\/oko-samt\/","og_locale":"de_DE","og_type":"article","og_title":"\u00d6ko-Samt - ITC","og_description":"Entdecken Sie die luxuri\u00f6se Anziehungskraft von Eco-Velvet, einem handgewebten Samtteppich aus 100% nat\u00fcrlicher, ungef\u00e4rbter neuseel\u00e4ndischer Wolle. Es eignet sich sowohl f\u00fcr den privaten als auch f\u00fcr den gewerblichen Einsatz und bietet eine weiche, glatte und dauerhafte Oberfl\u00e4che, die ein stilvolles und raffiniertes Aussehen erzeugt. Mit ma\u00dfgefertigten Teppichen in individuellen Gr\u00f6\u00dfen bis zu einer maximalen Breite [&hellip;]","og_url":"https:\/\/itc.foxdeveloper.org\/de\/produkt\/oko-samt\/","og_site_name":"ITC","article_modified_time":"2023-10-24T09:23:11+00:00","twitter_card":"summary_large_image","schema":{"@context":"https:\/\/schema.org","@graph":[{"@type":"WebPage","@id":"https:\/\/itc.foxdeveloper.org\/de\/produkt\/oko-samt\/","url":"https:\/\/itc.foxdeveloper.org\/de\/produkt\/oko-samt\/","name":"\u00d6ko-Samt - ITC","isPartOf":{"@id":"https:\/\/itc.foxdeveloper.org\/de\/#website"},"datePublished":"2023-06-19T09:39:34+00:00","dateModified":"2023-10-24T09:23:11+00:00","breadcrumb":{"@id":"https:\/\/itc.foxdeveloper.org\/de\/produkt\/oko-samt\/#breadcrumb"},"inLanguage":"de-DE","potentialAction":[{"@type":"ReadAction","target":["https:\/\/itc.foxdeveloper.org\/de\/produkt\/oko-samt\/"]}]},{"@type":"BreadcrumbList","@id":"https:\/\/itc.foxdeveloper.org\/de\/produkt\/oko-samt\/#breadcrumb","itemListElement":[{"@type":"ListItem","position":1,"name":"Home","item":"https:\/\/itc.foxdeveloper.org\/de\/"},{"@type":"ListItem","position":2,"name":"Alle Produkte","item":"https:\/\/itc.foxdeveloper.org\/de\/shop\/"},{"@type":"ListItem","position":3,"name":"Breitflor","item":"https:\/\/itc.foxdeveloper.org\/de\/produkt-kategorie\/breitflor\/"},{"@type":"ListItem","position":4,"name":"\u00d6ko-Samt"}]},{"@type":"WebSite","@id":"https:\/\/itc.foxdeveloper.org\/de\/#website","url":"https:\/\/itc.foxdeveloper.org\/de\/","name":"ITC","description":"","potentialAction":[{"@type":"SearchAction","target":{"@type":"EntryPoint","urlTemplate":"https:\/\/itc.foxdeveloper.org\/de\/?s={search_term_string}"},"query-input":"required name=search_term_string"}],"inLanguage":"de-DE"}]}},"_links":{"self":[{"href":"https:\/\/itc.foxdeveloper.org\/de\/wp-json\/wp\/v2\/product\/1873"}],"collection":[{"href":"https:\/\/itc.foxdeveloper.org\/de\/wp-json\/wp\/v2\/product"}],"about":[{"href":"https:\/\/itc.foxdeveloper.org\/de\/wp-json\/wp\/v2\/types\/product"}],"wp:attachment":[{"href":"https:\/\/itc.foxdeveloper.org\/de\/wp-json\/wp\/v2\/media?parent=1873"}],"wp:term":[{"taxonomy":"product_cat","embeddable":true,"href":"https:\/\/itc.foxdeveloper.org\/de\/wp-json\/wp\/v2\/product_cat?post=1873"},{"taxonomy":"product_tag","embeddable":true,"href":"https:\/\/itc.foxdeveloper.org\/de\/wp-json\/wp\/v2\/product_tag?post=1873"}],"curies":[{"name":"wp","href":"https:\/\/api.w.org\/{rel}","templated":true}]}}