{"id":1872,"date":"2023-06-19T09:34:20","date_gmt":"2023-06-19T09:34:20","guid":{"rendered":"https:\/\/itc.foxdeveloper.org\/product\/bellagio\/"},"modified":"2023-11-14T08:30:41","modified_gmt":"2023-11-14T08:30:41","slug":"bellagio","status":"publish","type":"product","link":"https:\/\/itc.foxdeveloper.org\/de\/produkt\/bellagio\/","title":{"rendered":"Bellagio"},"content":{"rendered":"<p>Erleben Sie puren Luxus mit dem Bellagio, einem getufteten Teppich aus 100% Micro Fibre. Sein klares Aussehen und seine weiche Textur machen ihn zu einer sch\u00f6nen Wahl f\u00fcr jeden Raum. Der Bellagio ist in den Gr\u00f6\u00dfen 400 cm oder 500 cm Breite erh\u00e4ltlich und eignet sich perfekt f\u00fcr Ma\u00dfanfertigungen. Er eignet sich auch f\u00fcr Treppenbel\u00e4ge und verleiht jeder Stufe Eleganz. Werten Sie Ihren Raum mit dem Bellagio auf und g\u00f6nnen Sie sich den Inbegriff von Komfort und Stil.<\/p>\n","protected":false},"excerpt":{"rendered":"<p>Erleben Sie puren Luxus mit dem Bellagio, einem getufteten Teppich aus 100% Micro Fibre. Sein klares Aussehen und seine weiche Textur machen ihn zu einer sch\u00f6nen Wahl f\u00fcr jeden Raum. Der Bellagio ist in den Gr\u00f6\u00dfen 400 cm oder 500 cm Breite erh\u00e4ltlich und eignet sich perfekt f\u00fcr Ma\u00dfanfertigungen. Er eignet sich auch f\u00fcr Treppenbel\u00e4ge [&hellip;]<\/p>\n","protected":false},"featured_media":0,"template":"","meta":{"_acf_changed":false},"product_cat":[222],"product_tag":[],"acf":[],"yoast_head":"<!-- This site is optimized with the Yoast SEO plugin v22.5 - https:\/\/yoast.com\/wordpress\/plugins\/seo\/ -->\n<title>Bellagio - ITC<\/title>\n<meta name=\"robots\" content=\"index, follow, max-snippet:-1, max-image-preview:large, max-video-preview:-1\" \/>\n<link rel=\"canonical\" href=\"https:\/\/itc.foxdeveloper.org\/de\/produkt\/bellagio\/\" \/>\n<meta property=\"og:locale\" content=\"de_DE\" \/>\n<meta property=\"og:type\" content=\"article\" \/>\n<meta property=\"og:title\" content=\"Bellagio - ITC\" \/>\n<meta property=\"og:description\" content=\"Erleben Sie puren Luxus mit dem Bellagio, einem getufteten Teppich aus 100% Micro Fibre. Sein klares Aussehen und seine weiche Textur machen ihn zu einer sch\u00f6nen Wahl f\u00fcr jeden Raum. Der Bellagio ist in den Gr\u00f6\u00dfen 400 cm oder 500 cm Breite erh\u00e4ltlich und eignet sich perfekt f\u00fcr Ma\u00dfanfertigungen. Er eignet sich auch f\u00fcr Treppenbel\u00e4ge [&hellip;]\" \/>\n<meta property=\"og:url\" content=\"https:\/\/itc.foxdeveloper.org\/de\/produkt\/bellagio\/\" \/>\n<meta property=\"og:site_name\" content=\"ITC\" \/>\n<meta property=\"article:modified_time\" content=\"2023-11-14T08:30:41+00:00\" \/>\n<meta name=\"twitter:card\" content=\"summary_large_image\" \/>\n<script type=\"application\/ld+json\" class=\"yoast-schema-graph\">{\"@context\":\"https:\/\/schema.org\",\"@graph\":[{\"@type\":\"WebPage\",\"@id\":\"https:\/\/itc.foxdeveloper.org\/de\/produkt\/bellagio\/\",\"url\":\"https:\/\/itc.foxdeveloper.org\/de\/produkt\/bellagio\/\",\"name\":\"Bellagio - ITC\",\"isPartOf\":{\"@id\":\"https:\/\/itc.foxdeveloper.org\/de\/#website\"},\"datePublished\":\"2023-06-19T09:34:20+00:00\",\"dateModified\":\"2023-11-14T08:30:41+00:00\",\"breadcrumb\":{\"@id\":\"https:\/\/itc.foxdeveloper.org\/de\/produkt\/bellagio\/#breadcrumb\"},\"inLanguage\":\"de-DE\",\"potentialAction\":[{\"@type\":\"ReadAction\",\"target\":[\"https:\/\/itc.foxdeveloper.org\/de\/produkt\/bellagio\/\"]}]},{\"@type\":\"BreadcrumbList\",\"@id\":\"https:\/\/itc.foxdeveloper.org\/de\/produkt\/bellagio\/#breadcrumb\",\"itemListElement\":[{\"@type\":\"ListItem\",\"position\":1,\"name\":\"Home\",\"item\":\"https:\/\/itc.foxdeveloper.org\/de\/\"},{\"@type\":\"ListItem\",\"position\":2,\"name\":\"Alle Produkte\",\"item\":\"https:\/\/itc.foxdeveloper.org\/de\/shop\/\"},{\"@type\":\"ListItem\",\"position\":3,\"name\":\"Breitflor\",\"item\":\"https:\/\/itc.foxdeveloper.org\/de\/produkt-kategorie\/breitflor\/\"},{\"@type\":\"ListItem\",\"position\":4,\"name\":\"Bellagio\"}]},{\"@type\":\"WebSite\",\"@id\":\"https:\/\/itc.foxdeveloper.org\/de\/#website\",\"url\":\"https:\/\/itc.foxdeveloper.org\/de\/\",\"name\":\"ITC\",\"description\":\"\",\"potentialAction\":[{\"@type\":\"SearchAction\",\"target\":{\"@type\":\"EntryPoint\",\"urlTemplate\":\"https:\/\/itc.foxdeveloper.org\/de\/?s={search_term_string}\"},\"query-input\":\"required name=search_term_string\"}],\"inLanguage\":\"de-DE\"}]}<\/script>\n<!-- \/ Yoast SEO plugin. -->","yoast_head_json":{"title":"Bellagio - ITC","robots":{"index":"index","follow":"follow","max-snippet":"max-snippet:-1","max-image-preview":"max-image-preview:large","max-video-preview":"max-video-preview:-1"},"canonical":"https:\/\/itc.foxdeveloper.org\/de\/produkt\/bellagio\/","og_locale":"de_DE","og_type":"article","og_title":"Bellagio - ITC","og_description":"Erleben Sie puren Luxus mit dem Bellagio, einem getufteten Teppich aus 100% Micro Fibre. Sein klares Aussehen und seine weiche Textur machen ihn zu einer sch\u00f6nen Wahl f\u00fcr jeden Raum. Der Bellagio ist in den Gr\u00f6\u00dfen 400 cm oder 500 cm Breite erh\u00e4ltlich und eignet sich perfekt f\u00fcr Ma\u00dfanfertigungen. Er eignet sich auch f\u00fcr Treppenbel\u00e4ge [&hellip;]","og_url":"https:\/\/itc.foxdeveloper.org\/de\/produkt\/bellagio\/","og_site_name":"ITC","article_modified_time":"2023-11-14T08:30:41+00:00","twitter_card":"summary_large_image","schema":{"@context":"https:\/\/schema.org","@graph":[{"@type":"WebPage","@id":"https:\/\/itc.foxdeveloper.org\/de\/produkt\/bellagio\/","url":"https:\/\/itc.foxdeveloper.org\/de\/produkt\/bellagio\/","name":"Bellagio - ITC","isPartOf":{"@id":"https:\/\/itc.foxdeveloper.org\/de\/#website"},"datePublished":"2023-06-19T09:34:20+00:00","dateModified":"2023-11-14T08:30:41+00:00","breadcrumb":{"@id":"https:\/\/itc.foxdeveloper.org\/de\/produkt\/bellagio\/#breadcrumb"},"inLanguage":"de-DE","potentialAction":[{"@type":"ReadAction","target":["https:\/\/itc.foxdeveloper.org\/de\/produkt\/bellagio\/"]}]},{"@type":"BreadcrumbList","@id":"https:\/\/itc.foxdeveloper.org\/de\/produkt\/bellagio\/#breadcrumb","itemListElement":[{"@type":"ListItem","position":1,"name":"Home","item":"https:\/\/itc.foxdeveloper.org\/de\/"},{"@type":"ListItem","position":2,"name":"Alle Produkte","item":"https:\/\/itc.foxdeveloper.org\/de\/shop\/"},{"@type":"ListItem","position":3,"name":"Breitflor","item":"https:\/\/itc.foxdeveloper.org\/de\/produkt-kategorie\/breitflor\/"},{"@type":"ListItem","position":4,"name":"Bellagio"}]},{"@type":"WebSite","@id":"https:\/\/itc.foxdeveloper.org\/de\/#website","url":"https:\/\/itc.foxdeveloper.org\/de\/","name":"ITC","description":"","potentialAction":[{"@type":"SearchAction","target":{"@type":"EntryPoint","urlTemplate":"https:\/\/itc.foxdeveloper.org\/de\/?s={search_term_string}"},"query-input":"required name=search_term_string"}],"inLanguage":"de-DE"}]}},"_links":{"self":[{"href":"https:\/\/itc.foxdeveloper.org\/de\/wp-json\/wp\/v2\/product\/1872"}],"collection":[{"href":"https:\/\/itc.foxdeveloper.org\/de\/wp-json\/wp\/v2\/product"}],"about":[{"href":"https:\/\/itc.foxdeveloper.org\/de\/wp-json\/wp\/v2\/types\/product"}],"wp:attachment":[{"href":"https:\/\/itc.foxdeveloper.org\/de\/wp-json\/wp\/v2\/media?parent=1872"}],"wp:term":[{"taxonomy":"product_cat","embeddable":true,"href":"https:\/\/itc.foxdeveloper.org\/de\/wp-json\/wp\/v2\/product_cat?post=1872"},{"taxonomy":"product_tag","embeddable":true,"href":"https:\/\/itc.foxdeveloper.org\/de\/wp-json\/wp\/v2\/product_tag?post=1872"}],"curies":[{"name":"wp","href":"https:\/\/api.w.org\/{rel}","templated":true}]}}