{"id":1871,"date":"2023-06-19T09:40:27","date_gmt":"2023-06-19T09:40:27","guid":{"rendered":"https:\/\/itc.foxdeveloper.org\/product\/glanz\/"},"modified":"2023-11-01T09:50:58","modified_gmt":"2023-11-01T09:50:58","slug":"glanz","status":"publish","type":"product","link":"https:\/\/itc.foxdeveloper.org\/de\/produkt\/glanz\/","title":{"rendered":"Monza"},"content":{"rendered":"<p>Wir pr\u00e4sentieren Monza, einen einzigartig strukturierten Polyesterteppich, der Luxus und hervorragenden Komfort unter den F\u00fc\u00dfen vereint. Monza ist pflegeleicht und eine elegante Alternative zu Viskose und eignet sich perfekt f\u00fcr den Einsatz im gewerblichen und privaten Bereich. Der mit Pr\u00e4zision handgewebte Monza hat eine \u00fcppige Florh\u00f6he von ca. 13 mm, die f\u00fcr Langlebigkeit sorgt, ohne den Komfort zu beeintr\u00e4chtigen. Genie\u00dfen Sie die antistatischen Eigenschaften und den Baumwolltuchr\u00fccken von Monza, der in verschiedenen Farben f\u00fcr nahtlose Installationen erh\u00e4ltlich ist. Erh\u00f6hen Sie Ihren Raum mit der Eleganz und Vielseitigkeit von Monza.<\/p>\n","protected":false},"excerpt":{"rendered":"<p>Wir pr\u00e4sentieren Monza, einen einzigartig strukturierten Polyesterteppich, der Luxus und hervorragenden Komfort unter den F\u00fc\u00dfen vereint. Monza ist pflegeleicht und eine elegante Alternative zu Viskose und eignet sich perfekt f\u00fcr den Einsatz im gewerblichen und privaten Bereich. Der mit Pr\u00e4zision handgewebte Monza hat eine \u00fcppige Florh\u00f6he von ca. 13 mm, die f\u00fcr Langlebigkeit sorgt, ohne [&hellip;]<\/p>\n","protected":false},"featured_media":0,"template":"","meta":{"_acf_changed":false},"product_cat":[222],"product_tag":[],"acf":[],"yoast_head":"<!-- This site is optimized with the Yoast SEO plugin v22.5 - https:\/\/yoast.com\/wordpress\/plugins\/seo\/ -->\n<title>Monza - ITC<\/title>\n<meta name=\"robots\" content=\"index, follow, max-snippet:-1, max-image-preview:large, max-video-preview:-1\" \/>\n<link rel=\"canonical\" href=\"https:\/\/itc.foxdeveloper.org\/de\/produkt\/glanz\/\" \/>\n<meta property=\"og:locale\" content=\"de_DE\" \/>\n<meta property=\"og:type\" content=\"article\" \/>\n<meta property=\"og:title\" content=\"Monza - ITC\" \/>\n<meta property=\"og:description\" content=\"Wir pr\u00e4sentieren Monza, einen einzigartig strukturierten Polyesterteppich, der Luxus und hervorragenden Komfort unter den F\u00fc\u00dfen vereint. Monza ist pflegeleicht und eine elegante Alternative zu Viskose und eignet sich perfekt f\u00fcr den Einsatz im gewerblichen und privaten Bereich. Der mit Pr\u00e4zision handgewebte Monza hat eine \u00fcppige Florh\u00f6he von ca. 13 mm, die f\u00fcr Langlebigkeit sorgt, ohne [&hellip;]\" \/>\n<meta property=\"og:url\" content=\"https:\/\/itc.foxdeveloper.org\/de\/produkt\/glanz\/\" \/>\n<meta property=\"og:site_name\" content=\"ITC\" \/>\n<meta property=\"article:modified_time\" content=\"2023-11-01T09:50:58+00:00\" \/>\n<meta name=\"twitter:card\" content=\"summary_large_image\" \/>\n<meta name=\"twitter:label1\" content=\"Est. reading time\" \/>\n\t<meta name=\"twitter:data1\" content=\"1 Minute\" \/>\n<script type=\"application\/ld+json\" class=\"yoast-schema-graph\">{\"@context\":\"https:\/\/schema.org\",\"@graph\":[{\"@type\":\"WebPage\",\"@id\":\"https:\/\/itc.foxdeveloper.org\/de\/produkt\/glanz\/\",\"url\":\"https:\/\/itc.foxdeveloper.org\/de\/produkt\/glanz\/\",\"name\":\"Monza - ITC\",\"isPartOf\":{\"@id\":\"https:\/\/itc.foxdeveloper.org\/de\/#website\"},\"datePublished\":\"2023-06-19T09:40:27+00:00\",\"dateModified\":\"2023-11-01T09:50:58+00:00\",\"breadcrumb\":{\"@id\":\"https:\/\/itc.foxdeveloper.org\/de\/produkt\/glanz\/#breadcrumb\"},\"inLanguage\":\"de-DE\",\"potentialAction\":[{\"@type\":\"ReadAction\",\"target\":[\"https:\/\/itc.foxdeveloper.org\/de\/produkt\/glanz\/\"]}]},{\"@type\":\"BreadcrumbList\",\"@id\":\"https:\/\/itc.foxdeveloper.org\/de\/produkt\/glanz\/#breadcrumb\",\"itemListElement\":[{\"@type\":\"ListItem\",\"position\":1,\"name\":\"Home\",\"item\":\"https:\/\/itc.foxdeveloper.org\/de\/\"},{\"@type\":\"ListItem\",\"position\":2,\"name\":\"Alle Produkte\",\"item\":\"https:\/\/itc.foxdeveloper.org\/de\/shop\/\"},{\"@type\":\"ListItem\",\"position\":3,\"name\":\"Breitflor\",\"item\":\"https:\/\/itc.foxdeveloper.org\/de\/produkt-kategorie\/breitflor\/\"},{\"@type\":\"ListItem\",\"position\":4,\"name\":\"Monza\"}]},{\"@type\":\"WebSite\",\"@id\":\"https:\/\/itc.foxdeveloper.org\/de\/#website\",\"url\":\"https:\/\/itc.foxdeveloper.org\/de\/\",\"name\":\"ITC\",\"description\":\"\",\"potentialAction\":[{\"@type\":\"SearchAction\",\"target\":{\"@type\":\"EntryPoint\",\"urlTemplate\":\"https:\/\/itc.foxdeveloper.org\/de\/?s={search_term_string}\"},\"query-input\":\"required name=search_term_string\"}],\"inLanguage\":\"de-DE\"}]}<\/script>\n<!-- \/ Yoast SEO plugin. -->","yoast_head_json":{"title":"Monza - ITC","robots":{"index":"index","follow":"follow","max-snippet":"max-snippet:-1","max-image-preview":"max-image-preview:large","max-video-preview":"max-video-preview:-1"},"canonical":"https:\/\/itc.foxdeveloper.org\/de\/produkt\/glanz\/","og_locale":"de_DE","og_type":"article","og_title":"Monza - ITC","og_description":"Wir pr\u00e4sentieren Monza, einen einzigartig strukturierten Polyesterteppich, der Luxus und hervorragenden Komfort unter den F\u00fc\u00dfen vereint. Monza ist pflegeleicht und eine elegante Alternative zu Viskose und eignet sich perfekt f\u00fcr den Einsatz im gewerblichen und privaten Bereich. Der mit Pr\u00e4zision handgewebte Monza hat eine \u00fcppige Florh\u00f6he von ca. 13 mm, die f\u00fcr Langlebigkeit sorgt, ohne [&hellip;]","og_url":"https:\/\/itc.foxdeveloper.org\/de\/produkt\/glanz\/","og_site_name":"ITC","article_modified_time":"2023-11-01T09:50:58+00:00","twitter_card":"summary_large_image","twitter_misc":{"Est. reading time":"1 Minute"},"schema":{"@context":"https:\/\/schema.org","@graph":[{"@type":"WebPage","@id":"https:\/\/itc.foxdeveloper.org\/de\/produkt\/glanz\/","url":"https:\/\/itc.foxdeveloper.org\/de\/produkt\/glanz\/","name":"Monza - ITC","isPartOf":{"@id":"https:\/\/itc.foxdeveloper.org\/de\/#website"},"datePublished":"2023-06-19T09:40:27+00:00","dateModified":"2023-11-01T09:50:58+00:00","breadcrumb":{"@id":"https:\/\/itc.foxdeveloper.org\/de\/produkt\/glanz\/#breadcrumb"},"inLanguage":"de-DE","potentialAction":[{"@type":"ReadAction","target":["https:\/\/itc.foxdeveloper.org\/de\/produkt\/glanz\/"]}]},{"@type":"BreadcrumbList","@id":"https:\/\/itc.foxdeveloper.org\/de\/produkt\/glanz\/#breadcrumb","itemListElement":[{"@type":"ListItem","position":1,"name":"Home","item":"https:\/\/itc.foxdeveloper.org\/de\/"},{"@type":"ListItem","position":2,"name":"Alle Produkte","item":"https:\/\/itc.foxdeveloper.org\/de\/shop\/"},{"@type":"ListItem","position":3,"name":"Breitflor","item":"https:\/\/itc.foxdeveloper.org\/de\/produkt-kategorie\/breitflor\/"},{"@type":"ListItem","position":4,"name":"Monza"}]},{"@type":"WebSite","@id":"https:\/\/itc.foxdeveloper.org\/de\/#website","url":"https:\/\/itc.foxdeveloper.org\/de\/","name":"ITC","description":"","potentialAction":[{"@type":"SearchAction","target":{"@type":"EntryPoint","urlTemplate":"https:\/\/itc.foxdeveloper.org\/de\/?s={search_term_string}"},"query-input":"required name=search_term_string"}],"inLanguage":"de-DE"}]}},"_links":{"self":[{"href":"https:\/\/itc.foxdeveloper.org\/de\/wp-json\/wp\/v2\/product\/1871"}],"collection":[{"href":"https:\/\/itc.foxdeveloper.org\/de\/wp-json\/wp\/v2\/product"}],"about":[{"href":"https:\/\/itc.foxdeveloper.org\/de\/wp-json\/wp\/v2\/types\/product"}],"wp:attachment":[{"href":"https:\/\/itc.foxdeveloper.org\/de\/wp-json\/wp\/v2\/media?parent=1871"}],"wp:term":[{"taxonomy":"product_cat","embeddable":true,"href":"https:\/\/itc.foxdeveloper.org\/de\/wp-json\/wp\/v2\/product_cat?post=1871"},{"taxonomy":"product_tag","embeddable":true,"href":"https:\/\/itc.foxdeveloper.org\/de\/wp-json\/wp\/v2\/product_tag?post=1871"}],"curies":[{"name":"wp","href":"https:\/\/api.w.org\/{rel}","templated":true}]}}