{"id":2043,"date":"2023-06-05T13:52:05","date_gmt":"2023-06-05T13:52:05","guid":{"rendered":"https:\/\/itc.foxdeveloper.org\/ueber\/"},"modified":"2024-02-08T07:42:27","modified_gmt":"2024-02-08T07:42:27","slug":"ueber","status":"publish","type":"page","link":"https:\/\/itc.foxdeveloper.org\/de\/ueber\/","title":{"rendered":"\u00dcber"},"content":{"rendered":"\t\t<div data-elementor-type=\"wp-page\" data-elementor-id=\"2043\" class=\"elementor elementor-2043 elementor-452\" data-elementor-post-type=\"page\">\n\t\t\t\t<div data-dce-background-image-url=\"https:\/\/itc.foxdeveloper.org\/wp-content\/uploads\/2023\/05\/itc_product_-16.jpg\" class=\"elementor-element elementor-element-9c00702 e-flex e-con-boxed e-con e-parent\" data-id=\"9c00702\" data-element_type=\"container\" data-settings=\"{&quot;background_background&quot;:&quot;classic&quot;}\">\n\t\t\t\t\t<div class=\"e-con-inner\">\n\t\t\t\t\t<\/div>\n\t\t\t\t<\/div>\n\t\t<div class=\"elementor-element elementor-element-3f6ed986 e-flex e-con-boxed e-con e-parent\" data-id=\"3f6ed986\" data-element_type=\"container\">\n\t\t\t\t\t<div class=\"e-con-inner\">\n\t\t<div class=\"elementor-element elementor-element-7f4d560c e-con-full e-flex e-con e-parent\" data-id=\"7f4d560c\" data-element_type=\"container\">\n\t\t\t\t<div class=\"elementor-element elementor-element-2e11a61 elementor-widget__width-inherit elementor-widget elementor-widget-heading\" data-id=\"2e11a61\" data-element_type=\"widget\" data-widget_type=\"heading.default\">\n\t\t\t\t<div class=\"elementor-widget-container\">\n\t\t\t<h2 class=\"elementor-heading-title elementor-size-default\">\u00dcber<\/h2>\t\t<\/div>\n\t\t\t\t<\/div>\n\t\t\t\t<div class=\"elementor-element elementor-element-5f1c4cb5 elementor-widget elementor-widget-text-editor\" data-id=\"5f1c4cb5\" data-element_type=\"widget\" data-widget_type=\"text-editor.default\">\n\t\t\t\t<div class=\"elementor-widget-container\">\n\t\t\t\t\t\t\t<p>Seit \u00fcber f\u00fcnf Jahrzehnten haben wir es uns zur Aufgabe gemacht, Menschen auf der ganzen Welt Zugang zu wunderbar gefertigten, gewebten und gestalteten Teppichb\u00f6den zu verschaffen. Ob es sich um ein Unternehmen, ein Haus oder einen \u00f6ffentlichen Raum handelt, ITC bietet luxuri\u00f6se Produkte f\u00fcr alle Bereiche.<\/p>\n<\/p>\n<p>Wir wurden 1968 gegr\u00fcndet und haben uns schnell zu einem f\u00fchrenden Unternehmen auf dem Markt f\u00fcr Luxusteppiche entwickelt. Dieser Erfolg erm\u00f6glichte es uns, mit einer Vielzahl von Einzelpersonen, Unternehmen und Organisationen zusammenzuarbeiten und unser Fachwissen zu nutzen, um Kreativit\u00e4t, \u00c4sthetik und Innovation in den Bodenbelag zu bringen. Unsere Produkte werden von Innenarchitekten, Architekten und Bauunternehmern bevorzugt, wenn sie ihre Projekte in Angriff nehmen.<\/p>\n<\/p>\n<p>Wir bieten eine breite Palette von Bodenbel\u00e4gen an und wissen, dass jeder Kunde seinen eigenen Stil und seine eigenen Vorlieben hat. Von Sisal- und Kokosfasern bis hin zu neuseel\u00e4ndischer Wolle, Seide, Viskose, Banane und Bambus &#8211; unsere nat\u00fcrlich gewebten Teppiche und Teppichb\u00f6den werden Sie begeistern. Entdecken Sie unsere beeindruckende Produktpalette und finden Sie die perfekte Bodenbelagsl\u00f6sung f\u00fcr Ihr Projekt.<\/p>\n\t\t\t\t\t\t<\/div>\n\t\t\t\t<\/div>\n\t\t\t\t<\/div>\n\t\t<div class=\"elementor-element elementor-element-430db04a e-con-full e-flex e-con e-parent\" data-id=\"430db04a\" data-element_type=\"container\">\n\t\t\t\t<div class=\"elementor-element elementor-element-407b9207 dce_masking-none elementor-widget elementor-widget-image\" data-id=\"407b9207\" data-element_type=\"widget\" data-widget_type=\"image.default\">\n\t\t\t\t<div class=\"elementor-widget-container\">\n\t\t\t\t\t\t\t\t\t\t\t\t\t<img fetchpriority=\"high\" decoding=\"async\" width=\"1072\" height=\"1145\" src=\"https:\/\/itc.foxdeveloper.org\/wp-content\/uploads\/2023\/05\/image2x.jpg\" class=\"attachment-full size-full wp-image-114\" alt=\"\" srcset=\"https:\/\/itc.foxdeveloper.org\/wp-content\/uploads\/2023\/05\/image2x.jpg 1072w, https:\/\/itc.foxdeveloper.org\/wp-content\/uploads\/2023\/05\/image2x-281x300.jpg 281w, https:\/\/itc.foxdeveloper.org\/wp-content\/uploads\/2023\/05\/image2x-959x1024.jpg 959w, https:\/\/itc.foxdeveloper.org\/wp-content\/uploads\/2023\/05\/image2x-768x820.jpg 768w, https:\/\/itc.foxdeveloper.org\/wp-content\/uploads\/2023\/05\/image2x-600x641.jpg 600w\" sizes=\"(max-width: 1072px) 100vw, 1072px\" \/>\t\t\t\t\t\t\t\t\t\t\t\t\t<\/div>\n\t\t\t\t<\/div>\n\t\t\t\t<\/div>\n\t\t\t\t\t<\/div>\n\t\t\t\t<\/div>\n\t\t\t\t<\/div>\n\t\t","protected":false},"excerpt":{"rendered":"<p>\u00dcber Seit \u00fcber f\u00fcnf Jahrzehnten haben wir es uns zur Aufgabe gemacht, Menschen auf der ganzen Welt Zugang zu wunderbar gefertigten, gewebten und gestalteten Teppichb\u00f6den zu verschaffen. Ob es sich um ein Unternehmen, ein Haus oder einen \u00f6ffentlichen Raum handelt, ITC bietet luxuri\u00f6se Produkte f\u00fcr alle Bereiche. Wir wurden 1968 gegr\u00fcndet und haben uns schnell [&hellip;]<\/p>\n","protected":false},"author":1,"featured_media":0,"parent":0,"menu_order":0,"comment_status":"closed","ping_status":"closed","template":"elementor_header_footer","meta":{"_acf_changed":false,"footnotes":""},"acf":[],"yoast_head":"<!-- This site is optimized with the Yoast SEO plugin v22.5 - https:\/\/yoast.com\/wordpress\/plugins\/seo\/ -->\n<title>\u00dcber - ITC<\/title>\n<meta name=\"robots\" content=\"index, follow, max-snippet:-1, max-image-preview:large, max-video-preview:-1\" \/>\n<link rel=\"canonical\" href=\"https:\/\/itc.foxdeveloper.org\/de\/ueber\/\" \/>\n<meta property=\"og:locale\" content=\"de_DE\" \/>\n<meta property=\"og:type\" content=\"article\" \/>\n<meta property=\"og:title\" content=\"\u00dcber - ITC\" \/>\n<meta property=\"og:description\" content=\"\u00dcber Seit \u00fcber f\u00fcnf Jahrzehnten haben wir es uns zur Aufgabe gemacht, Menschen auf der ganzen Welt Zugang zu wunderbar gefertigten, gewebten und gestalteten Teppichb\u00f6den zu verschaffen. Ob es sich um ein Unternehmen, ein Haus oder einen \u00f6ffentlichen Raum handelt, ITC bietet luxuri\u00f6se Produkte f\u00fcr alle Bereiche. Wir wurden 1968 gegr\u00fcndet und haben uns schnell [&hellip;]\" \/>\n<meta property=\"og:url\" content=\"https:\/\/itc.foxdeveloper.org\/de\/ueber\/\" \/>\n<meta property=\"og:site_name\" content=\"ITC\" \/>\n<meta property=\"article:modified_time\" content=\"2024-02-08T07:42:27+00:00\" \/>\n<meta property=\"og:image\" content=\"https:\/\/itc.foxdeveloper.org\/wp-content\/uploads\/2023\/05\/image2x.jpg\" \/>\n<meta name=\"twitter:card\" content=\"summary_large_image\" \/>\n<meta name=\"twitter:label1\" content=\"Est. reading time\" \/>\n\t<meta name=\"twitter:data1\" content=\"1 Minute\" \/>\n<script type=\"application\/ld+json\" class=\"yoast-schema-graph\">{\"@context\":\"https:\/\/schema.org\",\"@graph\":[{\"@type\":\"WebPage\",\"@id\":\"https:\/\/itc.foxdeveloper.org\/de\/ueber\/\",\"url\":\"https:\/\/itc.foxdeveloper.org\/de\/ueber\/\",\"name\":\"\u00dcber - ITC\",\"isPartOf\":{\"@id\":\"https:\/\/itc.foxdeveloper.org\/de\/#website\"},\"primaryImageOfPage\":{\"@id\":\"https:\/\/itc.foxdeveloper.org\/de\/ueber\/#primaryimage\"},\"image\":{\"@id\":\"https:\/\/itc.foxdeveloper.org\/de\/ueber\/#primaryimage\"},\"thumbnailUrl\":\"https:\/\/itc.foxdeveloper.org\/wp-content\/uploads\/2023\/05\/image2x.jpg\",\"datePublished\":\"2023-06-05T13:52:05+00:00\",\"dateModified\":\"2024-02-08T07:42:27+00:00\",\"breadcrumb\":{\"@id\":\"https:\/\/itc.foxdeveloper.org\/de\/ueber\/#breadcrumb\"},\"inLanguage\":\"de-DE\",\"potentialAction\":[{\"@type\":\"ReadAction\",\"target\":[\"https:\/\/itc.foxdeveloper.org\/de\/ueber\/\"]}]},{\"@type\":\"ImageObject\",\"inLanguage\":\"de-DE\",\"@id\":\"https:\/\/itc.foxdeveloper.org\/de\/ueber\/#primaryimage\",\"url\":\"https:\/\/itc.foxdeveloper.org\/wp-content\/uploads\/2023\/05\/image2x.jpg\",\"contentUrl\":\"https:\/\/itc.foxdeveloper.org\/wp-content\/uploads\/2023\/05\/image2x.jpg\"},{\"@type\":\"BreadcrumbList\",\"@id\":\"https:\/\/itc.foxdeveloper.org\/de\/ueber\/#breadcrumb\",\"itemListElement\":[{\"@type\":\"ListItem\",\"position\":1,\"name\":\"Home\",\"item\":\"https:\/\/itc.foxdeveloper.org\/de\/\"},{\"@type\":\"ListItem\",\"position\":2,\"name\":\"\u00dcber\"}]},{\"@type\":\"WebSite\",\"@id\":\"https:\/\/itc.foxdeveloper.org\/de\/#website\",\"url\":\"https:\/\/itc.foxdeveloper.org\/de\/\",\"name\":\"ITC\",\"description\":\"\",\"potentialAction\":[{\"@type\":\"SearchAction\",\"target\":{\"@type\":\"EntryPoint\",\"urlTemplate\":\"https:\/\/itc.foxdeveloper.org\/de\/?s={search_term_string}\"},\"query-input\":\"required name=search_term_string\"}],\"inLanguage\":\"de-DE\"}]}<\/script>\n<!-- \/ Yoast SEO plugin. -->","yoast_head_json":{"title":"\u00dcber - ITC","robots":{"index":"index","follow":"follow","max-snippet":"max-snippet:-1","max-image-preview":"max-image-preview:large","max-video-preview":"max-video-preview:-1"},"canonical":"https:\/\/itc.foxdeveloper.org\/de\/ueber\/","og_locale":"de_DE","og_type":"article","og_title":"\u00dcber - ITC","og_description":"\u00dcber Seit \u00fcber f\u00fcnf Jahrzehnten haben wir es uns zur Aufgabe gemacht, Menschen auf der ganzen Welt Zugang zu wunderbar gefertigten, gewebten und gestalteten Teppichb\u00f6den zu verschaffen. Ob es sich um ein Unternehmen, ein Haus oder einen \u00f6ffentlichen Raum handelt, ITC bietet luxuri\u00f6se Produkte f\u00fcr alle Bereiche. Wir wurden 1968 gegr\u00fcndet und haben uns schnell [&hellip;]","og_url":"https:\/\/itc.foxdeveloper.org\/de\/ueber\/","og_site_name":"ITC","article_modified_time":"2024-02-08T07:42:27+00:00","og_image":[{"url":"https:\/\/itc.foxdeveloper.org\/wp-content\/uploads\/2023\/05\/image2x.jpg"}],"twitter_card":"summary_large_image","twitter_misc":{"Est. reading time":"1 Minute"},"schema":{"@context":"https:\/\/schema.org","@graph":[{"@type":"WebPage","@id":"https:\/\/itc.foxdeveloper.org\/de\/ueber\/","url":"https:\/\/itc.foxdeveloper.org\/de\/ueber\/","name":"\u00dcber - ITC","isPartOf":{"@id":"https:\/\/itc.foxdeveloper.org\/de\/#website"},"primaryImageOfPage":{"@id":"https:\/\/itc.foxdeveloper.org\/de\/ueber\/#primaryimage"},"image":{"@id":"https:\/\/itc.foxdeveloper.org\/de\/ueber\/#primaryimage"},"thumbnailUrl":"https:\/\/itc.foxdeveloper.org\/wp-content\/uploads\/2023\/05\/image2x.jpg","datePublished":"2023-06-05T13:52:05+00:00","dateModified":"2024-02-08T07:42:27+00:00","breadcrumb":{"@id":"https:\/\/itc.foxdeveloper.org\/de\/ueber\/#breadcrumb"},"inLanguage":"de-DE","potentialAction":[{"@type":"ReadAction","target":["https:\/\/itc.foxdeveloper.org\/de\/ueber\/"]}]},{"@type":"ImageObject","inLanguage":"de-DE","@id":"https:\/\/itc.foxdeveloper.org\/de\/ueber\/#primaryimage","url":"https:\/\/itc.foxdeveloper.org\/wp-content\/uploads\/2023\/05\/image2x.jpg","contentUrl":"https:\/\/itc.foxdeveloper.org\/wp-content\/uploads\/2023\/05\/image2x.jpg"},{"@type":"BreadcrumbList","@id":"https:\/\/itc.foxdeveloper.org\/de\/ueber\/#breadcrumb","itemListElement":[{"@type":"ListItem","position":1,"name":"Home","item":"https:\/\/itc.foxdeveloper.org\/de\/"},{"@type":"ListItem","position":2,"name":"\u00dcber"}]},{"@type":"WebSite","@id":"https:\/\/itc.foxdeveloper.org\/de\/#website","url":"https:\/\/itc.foxdeveloper.org\/de\/","name":"ITC","description":"","potentialAction":[{"@type":"SearchAction","target":{"@type":"EntryPoint","urlTemplate":"https:\/\/itc.foxdeveloper.org\/de\/?s={search_term_string}"},"query-input":"required name=search_term_string"}],"inLanguage":"de-DE"}]}},"_links":{"self":[{"href":"https:\/\/itc.foxdeveloper.org\/de\/wp-json\/wp\/v2\/pages\/2043"}],"collection":[{"href":"https:\/\/itc.foxdeveloper.org\/de\/wp-json\/wp\/v2\/pages"}],"about":[{"href":"https:\/\/itc.foxdeveloper.org\/de\/wp-json\/wp\/v2\/types\/page"}],"author":[{"embeddable":true,"href":"https:\/\/itc.foxdeveloper.org\/de\/wp-json\/wp\/v2\/users\/1"}],"replies":[{"embeddable":true,"href":"https:\/\/itc.foxdeveloper.org\/de\/wp-json\/wp\/v2\/comments?post=2043"}],"version-history":[{"count":1,"href":"https:\/\/itc.foxdeveloper.org\/de\/wp-json\/wp\/v2\/pages\/2043\/revisions"}],"predecessor-version":[{"id":2072,"href":"https:\/\/itc.foxdeveloper.org\/de\/wp-json\/wp\/v2\/pages\/2043\/revisions\/2072"}],"wp:attachment":[{"href":"https:\/\/itc.foxdeveloper.org\/de\/wp-json\/wp\/v2\/media?parent=2043"}],"curies":[{"name":"wp","href":"https:\/\/api.w.org\/{rel}","templated":true}]}}