{"id":1950,"date":"2023-05-24T19:42:24","date_gmt":"2023-05-24T19:42:24","guid":{"rendered":"https:\/\/itc.foxdeveloper.org\/sammlung\/"},"modified":"2024-02-08T07:42:27","modified_gmt":"2024-02-08T07:42:27","slug":"sammlung","status":"publish","type":"page","link":"https:\/\/itc.foxdeveloper.org\/de\/sammlung\/","title":{"rendered":"Sammlung"},"content":{"rendered":"\t\t<div data-elementor-type=\"wp-page\" data-elementor-id=\"1950\" class=\"elementor elementor-1950 elementor-243\" data-elementor-post-type=\"page\">\n\t\t\t\t<div data-dce-background-image-url=\"https:\/\/itc.foxdeveloper.org\/wp-content\/uploads\/2023\/05\/itc_product_-16.jpg\" class=\"elementor-element elementor-element-937ba57 e-flex e-con-boxed e-con e-parent\" data-id=\"937ba57\" data-element_type=\"container\" data-settings=\"{&quot;background_background&quot;:&quot;classic&quot;}\">\n\t\t\t\t\t<div class=\"e-con-inner\">\n\t\t\t\t<div class=\"elementor-element elementor-element-56f240b elementor-widget elementor-widget-breadcrumbs\" data-id=\"56f240b\" data-element_type=\"widget\" data-widget_type=\"breadcrumbs.default\">\n\t\t\t\t<div class=\"elementor-widget-container\">\n\t\t\t<p id=\"breadcrumbs\"><span><span><a href=\"https:\/\/itc.foxdeveloper.org\/de\/\">Home<\/a><\/span><\/span><\/p>\t\t<\/div>\n\t\t\t\t<\/div>\n\t\t\t\t\t<\/div>\n\t\t\t\t<\/div>\n\t\t<div class=\"elementor-element elementor-element-f287b98 e-flex e-con-boxed e-con e-parent\" data-id=\"f287b98\" data-element_type=\"container\">\n\t\t\t\t\t<div class=\"e-con-inner\">\n\t\t\t\t<div class=\"elementor-element elementor-element-68f856d elementor-widget elementor-widget-heading\" data-id=\"68f856d\" data-element_type=\"widget\" data-widget_type=\"heading.default\">\n\t\t\t\t<div class=\"elementor-widget-container\">\n\t\t\t<h2 class=\"elementor-heading-title elementor-size-default\">Beleben Sie jeden Raum<\/h2>\t\t<\/div>\n\t\t\t\t<\/div>\n\t\t\t\t<div class=\"elementor-element elementor-element-e854f50 elementor-widget elementor-widget-text-editor\" data-id=\"e854f50\" data-element_type=\"widget\" data-widget_type=\"text-editor.default\">\n\t\t\t\t<div class=\"elementor-widget-container\">\n\t\t\t\t\t\t\t<p>Unser Angebot an nat\u00fcrlich gewebten Produkten besteht aus einer Vielzahl von Fasern, darunter auch Sisal,<br \/>Teppiche aus 100% neuseel\u00e4ndischer Wolle, Viskose und Bananenfasern. Alle unsere Naturteppiche und -teppichb\u00f6den werden in sorgf\u00e4ltiger Handarbeit hergestellt und zeichnen sich durch au\u00dfergew\u00f6hnliche Qualit\u00e4t und Stil aus. Ganz gleich, ob Sie ein schickes B\u00fcro, ein luxuri\u00f6ses Hotel, eine schnittige Superyacht oder ein atemberaubendes Zuhause einrichten wollen &#8211; unsere Kollektion bietet die perfekte L\u00f6sung f\u00fcr ein luxuri\u00f6ses und auff\u00e4lliges Erscheinungsbild.<\/p>\n\t\t\t\t\t\t<\/div>\n\t\t\t\t<\/div>\n\t\t\t\t\t<\/div>\n\t\t\t\t<\/div>\n\t\t<div class=\"elementor-element elementor-element-4d47cb0 e-flex e-con-boxed e-con e-parent\" data-id=\"4d47cb0\" data-element_type=\"container\">\n\t\t\t\t\t<div class=\"e-con-inner\">\n\t\t<div data-dce-background-image-url=\"https:\/\/itc.foxdeveloper.org\/wp-content\/uploads\/2023\/05\/scroll-group-2.jpg\" class=\"elementor-element elementor-element-b2bb79a e-con-full e-flex e-con e-child\" data-id=\"b2bb79a\" data-element_type=\"container\" data-settings=\"{&quot;background_background&quot;:&quot;classic&quot;}\">\n\t\t\t\t<div class=\"elementor-element elementor-element-335bb35 elementor-widget elementor-widget-heading\" data-id=\"335bb35\" data-element_type=\"widget\" data-widget_type=\"heading.default\">\n\t\t\t\t<div class=\"elementor-widget-container\">\n\t\t\t<h2 class=\"elementor-heading-title elementor-size-default\">Breitflor<\/h2>\t\t<\/div>\n\t\t\t\t<\/div>\n\t\t\t\t<div class=\"elementor-element elementor-element-7786efe elementor-align-center elementor-widget elementor-widget-button\" data-id=\"7786efe\" data-element_type=\"widget\" data-widget_type=\"button.default\">\n\t\t\t\t<div class=\"elementor-widget-container\">\n\t\t\t\t\t<div class=\"elementor-button-wrapper\">\n\t\t\t<a class=\"elementor-button elementor-button-link elementor-size-sm\" href=\"https:\/\/itc.foxdeveloper.org\/de\/produkt-kategorie\/breitflor\/\">\n\t\t\t\t\t\t<span class=\"elementor-button-content-wrapper\">\n\t\t\t\t\t\t\t\t\t<span class=\"elementor-button-text\">Siehe Sammlung<\/span>\n\t\t\t\t\t<\/span>\n\t\t\t\t\t<\/a>\n\t\t<\/div>\n\t\t\t\t<\/div>\n\t\t\t\t<\/div>\n\t\t\t\t<div class=\"elementor-element elementor-element-dbab8d3 elementor-absolute elementor-view-default elementor-widget elementor-widget-icon\" data-id=\"dbab8d3\" data-element_type=\"widget\" data-settings=\"{&quot;_position&quot;:&quot;absolute&quot;}\" data-widget_type=\"icon.default\">\n\t\t\t\t<div class=\"elementor-widget-container\">\n\t\t\t\t\t<div class=\"elementor-icon-wrapper\">\n\t\t\t<div class=\"elementor-icon\">\n\t\t\t\t\t\t<\/div>\n\t\t<\/div>\n\t\t\t\t<\/div>\n\t\t\t\t<\/div>\n\t\t\t\t<\/div>\n\t\t<div data-dce-background-image-url=\"https:\/\/itc.foxdeveloper.org\/wp-content\/uploads\/2023\/05\/itc_product_-26.jpg\" class=\"elementor-element elementor-element-29a3e64 e-con-full e-flex e-con e-child\" data-id=\"29a3e64\" data-element_type=\"container\" data-settings=\"{&quot;background_background&quot;:&quot;classic&quot;}\">\n\t\t\t\t<div class=\"elementor-element elementor-element-960d63d elementor-widget elementor-widget-heading\" data-id=\"960d63d\" data-element_type=\"widget\" data-widget_type=\"heading.default\">\n\t\t\t\t<div class=\"elementor-widget-container\">\n\t\t\t<h2 class=\"elementor-heading-title elementor-size-default\">Fl\u00e4chenteppiche<\/h2>\t\t<\/div>\n\t\t\t\t<\/div>\n\t\t\t\t<div class=\"elementor-element elementor-element-04bdb28 elementor-align-center elementor-widget elementor-widget-button\" data-id=\"04bdb28\" data-element_type=\"widget\" data-widget_type=\"button.default\">\n\t\t\t\t<div class=\"elementor-widget-container\">\n\t\t\t\t\t<div class=\"elementor-button-wrapper\">\n\t\t\t<a class=\"elementor-button elementor-button-link elementor-size-sm\" href=\"https:\/\/itc.foxdeveloper.org\/de\/produkt-kategorie\/flachenteppiche\/\">\n\t\t\t\t\t\t<span class=\"elementor-button-content-wrapper\">\n\t\t\t\t\t\t\t\t\t<span class=\"elementor-button-text\">Siehe Sammlung<\/span>\n\t\t\t\t\t<\/span>\n\t\t\t\t\t<\/a>\n\t\t<\/div>\n\t\t\t\t<\/div>\n\t\t\t\t<\/div>\n\t\t\t\t<div class=\"elementor-element elementor-element-fc928d6 elementor-absolute elementor-view-default elementor-widget elementor-widget-icon\" data-id=\"fc928d6\" data-element_type=\"widget\" data-settings=\"{&quot;_position&quot;:&quot;absolute&quot;}\" data-widget_type=\"icon.default\">\n\t\t\t\t<div class=\"elementor-widget-container\">\n\t\t\t\t\t<div class=\"elementor-icon-wrapper\">\n\t\t\t<div class=\"elementor-icon\">\n\t\t\t\t\t\t<\/div>\n\t\t<\/div>\n\t\t\t\t<\/div>\n\t\t\t\t<\/div>\n\t\t\t\t<\/div>\n\t\t<div data-dce-background-image-url=\"https:\/\/itc.foxdeveloper.org\/wp-content\/uploads\/2023\/06\/14-scaled.jpg\" class=\"elementor-element elementor-element-a135978 e-con-full e-flex e-con e-child\" data-id=\"a135978\" data-element_type=\"container\" data-settings=\"{&quot;background_background&quot;:&quot;classic&quot;}\">\n\t\t\t\t<div class=\"elementor-element elementor-element-c518274 elementor-widget elementor-widget-heading\" data-id=\"c518274\" data-element_type=\"widget\" data-widget_type=\"heading.default\">\n\t\t\t\t<div class=\"elementor-widget-container\">\n\t\t\t<h2 class=\"elementor-heading-title elementor-size-default\">Sisal<\/h2>\t\t<\/div>\n\t\t\t\t<\/div>\n\t\t\t\t<div class=\"elementor-element elementor-element-6103820 elementor-align-center elementor-widget elementor-widget-button\" data-id=\"6103820\" data-element_type=\"widget\" data-widget_type=\"button.default\">\n\t\t\t\t<div class=\"elementor-widget-container\">\n\t\t\t\t\t<div class=\"elementor-button-wrapper\">\n\t\t\t<a class=\"elementor-button elementor-button-link elementor-size-sm\" href=\"https:\/\/itc.foxdeveloper.org\/de\/produkt-kategorie\/sisal-de\/\">\n\t\t\t\t\t\t<span class=\"elementor-button-content-wrapper\">\n\t\t\t\t\t\t\t\t\t<span class=\"elementor-button-text\">Siehe Sammlung<\/span>\n\t\t\t\t\t<\/span>\n\t\t\t\t\t<\/a>\n\t\t<\/div>\n\t\t\t\t<\/div>\n\t\t\t\t<\/div>\n\t\t\t\t<div class=\"elementor-element elementor-element-40eb4bc elementor-absolute elementor-view-default elementor-widget elementor-widget-icon\" data-id=\"40eb4bc\" data-element_type=\"widget\" data-settings=\"{&quot;_position&quot;:&quot;absolute&quot;}\" data-widget_type=\"icon.default\">\n\t\t\t\t<div class=\"elementor-widget-container\">\n\t\t\t\t\t<div class=\"elementor-icon-wrapper\">\n\t\t\t<div class=\"elementor-icon\">\n\t\t\t\t\t\t<\/div>\n\t\t<\/div>\n\t\t\t\t<\/div>\n\t\t\t\t<\/div>\n\t\t\t\t<\/div>\n\t\t\t\t\t<\/div>\n\t\t\t\t<\/div>\n\t\t\t\t<\/div>\n\t\t","protected":false},"excerpt":{"rendered":"<p>Beleben Sie jeden Raum Unser Angebot an nat\u00fcrlich gewebten Produkten besteht aus einer Vielzahl von Fasern, darunter auch Sisal,Teppiche aus 100% neuseel\u00e4ndischer Wolle, Viskose und Bananenfasern. Alle unsere Naturteppiche und -teppichb\u00f6den werden in sorgf\u00e4ltiger Handarbeit hergestellt und zeichnen sich durch au\u00dfergew\u00f6hnliche Qualit\u00e4t und Stil aus. Ganz gleich, ob Sie ein schickes B\u00fcro, ein luxuri\u00f6ses Hotel, [&hellip;]<\/p>\n","protected":false},"author":1,"featured_media":0,"parent":0,"menu_order":0,"comment_status":"closed","ping_status":"closed","template":"elementor_header_footer","meta":{"_acf_changed":false,"footnotes":""},"acf":[],"yoast_head":"<!-- This site is optimized with the Yoast SEO plugin v22.5 - https:\/\/yoast.com\/wordpress\/plugins\/seo\/ -->\n<title>Sammlung - ITC<\/title>\n<meta name=\"robots\" content=\"index, follow, max-snippet:-1, max-image-preview:large, max-video-preview:-1\" \/>\n<link rel=\"canonical\" href=\"https:\/\/itc.foxdeveloper.org\/de\/sammlung\/\" \/>\n<meta property=\"og:locale\" content=\"de_DE\" \/>\n<meta property=\"og:type\" content=\"article\" \/>\n<meta property=\"og:title\" content=\"Sammlung - ITC\" \/>\n<meta property=\"og:description\" content=\"Beleben Sie jeden Raum Unser Angebot an nat\u00fcrlich gewebten Produkten besteht aus einer Vielzahl von Fasern, darunter auch Sisal,Teppiche aus 100% neuseel\u00e4ndischer Wolle, Viskose und Bananenfasern. Alle unsere Naturteppiche und -teppichb\u00f6den werden in sorgf\u00e4ltiger Handarbeit hergestellt und zeichnen sich durch au\u00dfergew\u00f6hnliche Qualit\u00e4t und Stil aus. Ganz gleich, ob Sie ein schickes B\u00fcro, ein luxuri\u00f6ses Hotel, [&hellip;]\" \/>\n<meta property=\"og:url\" content=\"https:\/\/itc.foxdeveloper.org\/de\/sammlung\/\" \/>\n<meta property=\"og:site_name\" content=\"ITC\" \/>\n<meta property=\"article:modified_time\" content=\"2024-02-08T07:42:27+00:00\" \/>\n<meta name=\"twitter:card\" content=\"summary_large_image\" \/>\n<meta name=\"twitter:label1\" content=\"Est. reading time\" \/>\n\t<meta name=\"twitter:data1\" content=\"1 Minute\" \/>\n<script type=\"application\/ld+json\" class=\"yoast-schema-graph\">{\"@context\":\"https:\/\/schema.org\",\"@graph\":[{\"@type\":\"WebPage\",\"@id\":\"https:\/\/itc.foxdeveloper.org\/de\/sammlung\/\",\"url\":\"https:\/\/itc.foxdeveloper.org\/de\/sammlung\/\",\"name\":\"Sammlung - ITC\",\"isPartOf\":{\"@id\":\"https:\/\/itc.foxdeveloper.org\/de\/#website\"},\"datePublished\":\"2023-05-24T19:42:24+00:00\",\"dateModified\":\"2024-02-08T07:42:27+00:00\",\"breadcrumb\":{\"@id\":\"https:\/\/itc.foxdeveloper.org\/de\/sammlung\/#breadcrumb\"},\"inLanguage\":\"de-DE\",\"potentialAction\":[{\"@type\":\"ReadAction\",\"target\":[\"https:\/\/itc.foxdeveloper.org\/de\/sammlung\/\"]}]},{\"@type\":\"BreadcrumbList\",\"@id\":\"https:\/\/itc.foxdeveloper.org\/de\/sammlung\/#breadcrumb\",\"itemListElement\":[{\"@type\":\"ListItem\",\"position\":1,\"name\":\"Home\",\"item\":\"https:\/\/itc.foxdeveloper.org\/de\/\"},{\"@type\":\"ListItem\",\"position\":2,\"name\":\"Sammlung\"}]},{\"@type\":\"WebSite\",\"@id\":\"https:\/\/itc.foxdeveloper.org\/de\/#website\",\"url\":\"https:\/\/itc.foxdeveloper.org\/de\/\",\"name\":\"ITC\",\"description\":\"\",\"potentialAction\":[{\"@type\":\"SearchAction\",\"target\":{\"@type\":\"EntryPoint\",\"urlTemplate\":\"https:\/\/itc.foxdeveloper.org\/de\/?s={search_term_string}\"},\"query-input\":\"required name=search_term_string\"}],\"inLanguage\":\"de-DE\"}]}<\/script>\n<!-- \/ Yoast SEO plugin. -->","yoast_head_json":{"title":"Sammlung - ITC","robots":{"index":"index","follow":"follow","max-snippet":"max-snippet:-1","max-image-preview":"max-image-preview:large","max-video-preview":"max-video-preview:-1"},"canonical":"https:\/\/itc.foxdeveloper.org\/de\/sammlung\/","og_locale":"de_DE","og_type":"article","og_title":"Sammlung - ITC","og_description":"Beleben Sie jeden Raum Unser Angebot an nat\u00fcrlich gewebten Produkten besteht aus einer Vielzahl von Fasern, darunter auch Sisal,Teppiche aus 100% neuseel\u00e4ndischer Wolle, Viskose und Bananenfasern. Alle unsere Naturteppiche und -teppichb\u00f6den werden in sorgf\u00e4ltiger Handarbeit hergestellt und zeichnen sich durch au\u00dfergew\u00f6hnliche Qualit\u00e4t und Stil aus. Ganz gleich, ob Sie ein schickes B\u00fcro, ein luxuri\u00f6ses Hotel, [&hellip;]","og_url":"https:\/\/itc.foxdeveloper.org\/de\/sammlung\/","og_site_name":"ITC","article_modified_time":"2024-02-08T07:42:27+00:00","twitter_card":"summary_large_image","twitter_misc":{"Est. reading time":"1 Minute"},"schema":{"@context":"https:\/\/schema.org","@graph":[{"@type":"WebPage","@id":"https:\/\/itc.foxdeveloper.org\/de\/sammlung\/","url":"https:\/\/itc.foxdeveloper.org\/de\/sammlung\/","name":"Sammlung - ITC","isPartOf":{"@id":"https:\/\/itc.foxdeveloper.org\/de\/#website"},"datePublished":"2023-05-24T19:42:24+00:00","dateModified":"2024-02-08T07:42:27+00:00","breadcrumb":{"@id":"https:\/\/itc.foxdeveloper.org\/de\/sammlung\/#breadcrumb"},"inLanguage":"de-DE","potentialAction":[{"@type":"ReadAction","target":["https:\/\/itc.foxdeveloper.org\/de\/sammlung\/"]}]},{"@type":"BreadcrumbList","@id":"https:\/\/itc.foxdeveloper.org\/de\/sammlung\/#breadcrumb","itemListElement":[{"@type":"ListItem","position":1,"name":"Home","item":"https:\/\/itc.foxdeveloper.org\/de\/"},{"@type":"ListItem","position":2,"name":"Sammlung"}]},{"@type":"WebSite","@id":"https:\/\/itc.foxdeveloper.org\/de\/#website","url":"https:\/\/itc.foxdeveloper.org\/de\/","name":"ITC","description":"","potentialAction":[{"@type":"SearchAction","target":{"@type":"EntryPoint","urlTemplate":"https:\/\/itc.foxdeveloper.org\/de\/?s={search_term_string}"},"query-input":"required name=search_term_string"}],"inLanguage":"de-DE"}]}},"_links":{"self":[{"href":"https:\/\/itc.foxdeveloper.org\/de\/wp-json\/wp\/v2\/pages\/1950"}],"collection":[{"href":"https:\/\/itc.foxdeveloper.org\/de\/wp-json\/wp\/v2\/pages"}],"about":[{"href":"https:\/\/itc.foxdeveloper.org\/de\/wp-json\/wp\/v2\/types\/page"}],"author":[{"embeddable":true,"href":"https:\/\/itc.foxdeveloper.org\/de\/wp-json\/wp\/v2\/users\/1"}],"replies":[{"embeddable":true,"href":"https:\/\/itc.foxdeveloper.org\/de\/wp-json\/wp\/v2\/comments?post=1950"}],"version-history":[{"count":12,"href":"https:\/\/itc.foxdeveloper.org\/de\/wp-json\/wp\/v2\/pages\/1950\/revisions"}],"predecessor-version":[{"id":2282,"href":"https:\/\/itc.foxdeveloper.org\/de\/wp-json\/wp\/v2\/pages\/1950\/revisions\/2282"}],"wp:attachment":[{"href":"https:\/\/itc.foxdeveloper.org\/de\/wp-json\/wp\/v2\/media?parent=1950"}],"curies":[{"name":"wp","href":"https:\/\/api.w.org\/{rel}","templated":true}]}}